{"id":61545,"date":"2026-01-06T18:19:03","date_gmt":"2026-01-06T18:19:03","guid":{"rendered":"https:\/\/shoponlinedz.com\/product\/serviettes-de-bain-compressees-epaisses-en-coton-non-tisse-pour-voyages-ou-deplacement\/"},"modified":"2026-02-16T16:40:23","modified_gmt":"2026-02-16T15:40:23","slug":"serviettes-de-bain-compressees-epaisses-en-coton-non-tisse-pour-voyages-ou-deplacement","status":"publish","type":"product","link":"https:\/\/shoponlinedz.com\/en\/product\/serviettes-de-bain-compressees-epaisses-en-coton-non-tisse-pour-voyages-ou-deplacement\/","title":{"rendered":"Serviettes de bain compress\u00e9es \u00e9paisses en coton non tiss\u00e9 Pour voyages ou d\u00e9placement"},"content":{"rendered":"<figure class=\"attachment attachment--preview\" data-trix-attachment=\"{&quot;contentType&quot;:&quot;image&quot;,&quot;height&quot;:1024,&quot;url&quot;:&quot;https:\/\/sawaqli.fra1.cdn.digitaloceanspaces.com\/12329\/a0267a29-57d6-4fe8-b0de-5fca67614bbe.jpg&quot;,&quot;width&quot;:1024}\" data-trix-content-type=\"image\"><img decoding=\"async\" class=\"aligncenter\" src=\"https:\/\/sawaqli.fra1.cdn.digitaloceanspaces.com\/12329\/a0267a29-57d6-4fe8-b0de-5fca67614bbe.jpg\" width=\"1024\" height=\"1024\" \/><figcaption class=\"attachment__caption\"><\/figcaption><\/figure>\n<figure class=\"attachment attachment--preview\" data-trix-attachment=\"{&quot;contentType&quot;:&quot;image&quot;,&quot;height&quot;:1024,&quot;url&quot;:&quot;https:\/\/sawaqli.fra1.cdn.digitaloceanspaces.com\/12332\/f7589f57-d1da-4158-abfb-454f2e3c6e05.jpg&quot;,&quot;width&quot;:1024}\" data-trix-content-type=\"image\"><img decoding=\"async\" class=\"aligncenter\" src=\"https:\/\/sawaqli.fra1.cdn.digitaloceanspaces.com\/12332\/f7589f57-d1da-4158-abfb-454f2e3c6e05.jpg\" width=\"1024\" height=\"1024\" \/><figcaption class=\"attachment__caption\"><\/figcaption><\/figure>\n<figure class=\"attachment attachment--preview\" data-trix-attachment=\"{&quot;contentType&quot;:&quot;image&quot;,&quot;height&quot;:1024,&quot;url&quot;:&quot;https:\/\/sawaqli.fra1.cdn.digitaloceanspaces.com\/12333\/da89dd57-185a-45b3-8266-b9b04c63fc0d.jpg&quot;,&quot;width&quot;:1024}\" data-trix-content-type=\"image\"><img decoding=\"async\" class=\"aligncenter\" src=\"https:\/\/sawaqli.fra1.cdn.digitaloceanspaces.com\/12333\/da89dd57-185a-45b3-8266-b9b04c63fc0d.jpg\" width=\"1024\" height=\"1024\" \/><figcaption class=\"attachment__caption\"><\/figcaption><\/figure>\n<figure class=\"attachment attachment--preview\" data-trix-attachment=\"{&quot;contentType&quot;:&quot;image&quot;,&quot;height&quot;:1024,&quot;url&quot;:&quot;https:\/\/sawaqli.fra1.cdn.digitaloceanspaces.com\/12334\/22ee4aca-16f8-4e0a-8735-f30ec1389d75.jpg&quot;,&quot;width&quot;:1024}\" data-trix-content-type=\"image\"><img decoding=\"async\" class=\"aligncenter\" src=\"https:\/\/sawaqli.fra1.cdn.digitaloceanspaces.com\/12334\/22ee4aca-16f8-4e0a-8735-f30ec1389d75.jpg\" width=\"1024\" height=\"1024\" \/><figcaption class=\"attachment__caption\"><\/figcaption><\/figure>\n<figure class=\"attachment attachment--preview\" data-trix-attachment=\"{&quot;contentType&quot;:&quot;image&quot;,&quot;height&quot;:1024,&quot;url&quot;:&quot;https:\/\/sawaqli.fra1.cdn.digitaloceanspaces.com\/12335\/fb7ebaeb-0cac-4050-9dcd-3584420e38d4.jpg&quot;,&quot;width&quot;:1024}\" data-trix-content-type=\"image\"><img decoding=\"async\" class=\"aligncenter\" src=\"https:\/\/sawaqli.fra1.cdn.digitaloceanspaces.com\/12335\/fb7ebaeb-0cac-4050-9dcd-3584420e38d4.jpg\" width=\"1024\" height=\"1024\" \/><figcaption class=\"attachment__caption\"><\/figcaption><\/figure>\n<p style=\"text-align: center;\">","protected":false},"excerpt":{"rendered":"<p>\u0645\u0646\u0634\u0641\u0629 \u062d\u0645\u0627\u0645 \u0645\u0636\u063a\u0648\u0637\u0629 \u0639\u0627\u0644\u064a\u0629 \u0627\u0644\u0627\u0645\u062a\u0635\u0627\u0635\u062e\u0627\u0645\u0629 \u0646\u0628\u0627\u062a\u064a\u0629 \u0637\u0628\u064a\u0639\u064a\u0629: \u0642\u0637\u0646 \u0648\u0623\u0642\u0645\u0634\u0629 \u063a\u064a\u0631 \u0645\u0646\u0633\u0648\u062c\u0629 \u0646\u0627\u0639\u0645\u0629 \u0639\u0644\u0649 \u0627\u0644\u0628\u0634\u0631\u0629 \u0648\u0642\u0627\u0628\u0644\u0629 \u0644\u0644\u062a\u062d\u0644\u0644.\u0627\u0645\u062a\u0635\u0627\u0635 \u0642\u0648\u064a \u0644\u0644\u0645\u0627\u0621: \u0645\u062b\u0627\u0644\u064a\u0629 \u0644\u0644\u0627\u0633\u062a\u062d\u0645\u0627\u0645 \u0648\u0625\u0632\u0627\u0644\u0629 \u0627\u0644\u0645\u0643\u064a\u0627\u062c \u0648\u0627\u0644\u062a\u0646\u0638\u064a\u0641 \u0627\u0644\u0639\u0645\u064a\u0642.\u0639\u0645\u0644\u064a\u0629 \u0648\u0645\u062d\u0645\u0648\u0644\u0629: \u062d\u062c\u0645 \u0645\u062f\u0645\u062c\u060c \u062e\u0627\u0644\u064a\u0629 \u0645\u0646 \u0627\u0644\u0645\u0648\u0627\u062f \u0627\u0644\u0641\u0644\u0648\u0631\u064a\u0629 \u0627\u0644\u0636\u0627\u0631\u0629.\u062a\u0635\u0645\u064a\u0645 \u0645\u062a\u0639\u062f\u062f \u0627\u0644\u062e\u064a\u0627\u0631\u0627\u062a: \u0645\u062a\u0648\u0641\u0631\u0629 \u0628\u0623\u062d\u062c\u0627\u0645 \u0645\u062e\u062a\u0644\u0641\u0629 \u0648\u0623\u0634\u0643\u0627\u0644 \u062a\u063a\u0644\u064a\u0641 (\u0623\u0646\u0628\u0648\u0628 \u2013 \u0643\u064a\u0633 \u2013 \u0639\u0644\u0628\u0629).\u0627\u0644\u0645\u0648\u0627\u0635\u0641\u0627\u062a: \u0627\u0644\u062d\u062c\u0645 \u0628\u0639\u062f \u0627\u0644\u0641\u0643 70\u00d7140 \u0633\u0645. \u0627\u0644\u0645\u062c\u0645\u0648\u0639\u0629 \u062a\u0634\u0645\u0644: \u0645\u0646\u0634\u0641\u0629 \u062d\u0645\u0627\u0645 \u0645\u0636\u063a\u0648\u0637\u0629 \u0648\u0627\u062d\u062f\u0629.<\/p>","protected":false},"featured_media":61544,"comment_status":"open","ping_status":"closed","template":"","meta":[],"product_brand":[],"product_cat":[2455],"product_tag":[],"class_list":{"0":"post-61545","1":"product","2":"type-product","3":"status-publish","4":"has-post-thumbnail","6":"product_cat-maison","8":"first","9":"instock","10":"taxable","11":"shipping-taxable","12":"purchasable","13":"product-type-simple"},"jetpack_sharing_enabled":true,"_links":{"self":[{"href":"https:\/\/shoponlinedz.com\/en\/wp-json\/wp\/v2\/product\/61545","targetHints":{"allow":["GET"]}}],"collection":[{"href":"https:\/\/shoponlinedz.com\/en\/wp-json\/wp\/v2\/product"}],"about":[{"href":"https:\/\/shoponlinedz.com\/en\/wp-json\/wp\/v2\/types\/product"}],"replies":[{"embeddable":true,"href":"https:\/\/shoponlinedz.com\/en\/wp-json\/wp\/v2\/comments?post=61545"}],"version-history":[{"count":0,"href":"https:\/\/shoponlinedz.com\/en\/wp-json\/wp\/v2\/product\/61545\/revisions"}],"wp:featuredmedia":[{"embeddable":true,"href":"https:\/\/shoponlinedz.com\/en\/wp-json\/wp\/v2\/media\/61544"}],"wp:attachment":[{"href":"https:\/\/shoponlinedz.com\/en\/wp-json\/wp\/v2\/media?parent=61545"}],"wp:term":[{"taxonomy":"product_brand","embeddable":true,"href":"https:\/\/shoponlinedz.com\/en\/wp-json\/wp\/v2\/product_brand?post=61545"},{"taxonomy":"product_cat","embeddable":true,"href":"https:\/\/shoponlinedz.com\/en\/wp-json\/wp\/v2\/product_cat?post=61545"},{"taxonomy":"product_tag","embeddable":true,"href":"https:\/\/shoponlinedz.com\/en\/wp-json\/wp\/v2\/product_tag?post=61545"}],"curies":[{"name":"wp","href":"https:\/\/api.w.org\/{rel}","templated":true}]}}