{"id":61498,"date":"2026-01-06T18:16:14","date_gmt":"2026-01-06T18:16:14","guid":{"rendered":"https:\/\/shoponlinedz.com\/product\/lampe-en-cristal-avec-humidificateur-dair-diffuseur-darome-usb-900ml\/"},"modified":"2026-02-16T16:40:28","modified_gmt":"2026-02-16T15:40:28","slug":"lampe-en-cristal-avec-humidificateur-dair-diffuseur-darome-usb-900ml","status":"publish","type":"product","link":"https:\/\/shoponlinedz.com\/en\/product\/lampe-en-cristal-avec-humidificateur-dair-diffuseur-darome-usb-900ml\/","title":{"rendered":"Lampe en cristal avec humidificateur d\u2019air, diffuseur d\u2019ar\u00f4me, USB 900ml"},"content":{"rendered":"<figure class=\"attachment attachment--preview\" data-trix-attachment=\"{&quot;contentType&quot;:&quot;image&quot;,&quot;height&quot;:1024,&quot;url&quot;:&quot;https:\/\/sawaqli.fra1.cdn.digitaloceanspaces.com\/12356\/Diffuseur-d-huiles-essentielles-et-d-ar-me-pour-lampe-de-Table-en-cristal-humidificateur-d-600x600-(1).png&quot;,&quot;width&quot;:1024}\" data-trix-content-type=\"image\"><img decoding=\"async\" class=\"aligncenter\" src=\"https:\/\/sawaqli.fra1.cdn.digitaloceanspaces.com\/12356\/Diffuseur-d-huiles-essentielles-et-d-ar-me-pour-lampe-de-Table-en-cristal-humidificateur-d-600x600-(1).png\" width=\"1024\" height=\"1024\" \/><figcaption class=\"attachment__caption\"><\/figcaption><\/figure>\n<figure class=\"attachment attachment--preview\" data-trix-attachment=\"{&quot;contentType&quot;:&quot;image&quot;,&quot;height&quot;:1024,&quot;url&quot;:&quot;https:\/\/sawaqli.fra1.cdn.digitaloceanspaces.com\/12357\/Lampe-en-cristal-avec-humidificateur-dair1234567.jpg&quot;,&quot;width&quot;:1024}\" data-trix-content-type=\"image\"><img decoding=\"async\" class=\"aligncenter\" src=\"https:\/\/sawaqli.fra1.cdn.digitaloceanspaces.com\/12357\/Lampe-en-cristal-avec-humidificateur-dair1234567.jpg\" width=\"1024\" height=\"1024\" \/><figcaption class=\"attachment__caption\"><\/figcaption><\/figure>\n<figure class=\"attachment attachment--preview\" data-trix-attachment=\"{&quot;contentType&quot;:&quot;image&quot;,&quot;height&quot;:1024,&quot;url&quot;:&quot;https:\/\/sawaqli.fra1.cdn.digitaloceanspaces.com\/12358\/Lampe-en-cristal-avec-humidificateur-dair123456789dcwdf.jpg&quot;,&quot;width&quot;:1024}\" data-trix-content-type=\"image\"><img decoding=\"async\" class=\"aligncenter\" src=\"https:\/\/sawaqli.fra1.cdn.digitaloceanspaces.com\/12358\/Lampe-en-cristal-avec-humidificateur-dair123456789dcwdf.jpg\" width=\"1024\" height=\"1024\" \/><figcaption class=\"attachment__caption\"><\/figcaption><\/figure>\n<figure class=\"attachment attachment--preview\" data-trix-attachment=\"{&quot;contentType&quot;:&quot;image&quot;,&quot;height&quot;:1024,&quot;url&quot;:&quot;https:\/\/sawaqli.fra1.cdn.digitaloceanspaces.com\/12359\/Lampe-en-cristal-avec-humidificateur-dair1234567wxcwx8wxc9dc.jpg&quot;,&quot;width&quot;:1024}\" data-trix-content-type=\"image\"><img decoding=\"async\" class=\"aligncenter\" src=\"https:\/\/sawaqli.fra1.cdn.digitaloceanspaces.com\/12359\/Lampe-en-cristal-avec-humidificateur-dair1234567wxcwx8wxc9dc.jpg\" width=\"1024\" height=\"1024\" \/><figcaption class=\"attachment__caption\"><\/figcaption><\/figure>\n<figure class=\"attachment attachment--preview\" data-trix-attachment=\"{&quot;contentType&quot;:&quot;image&quot;,&quot;height&quot;:1024,&quot;url&quot;:&quot;https:\/\/sawaqli.fra1.cdn.digitaloceanspaces.com\/12360\/Lampe-en-cristal-avec-humidificateur-dair12345678.jpg&quot;,&quot;width&quot;:1024}\" data-trix-content-type=\"image\"><img decoding=\"async\" class=\"aligncenter\" src=\"https:\/\/sawaqli.fra1.cdn.digitaloceanspaces.com\/12360\/Lampe-en-cristal-avec-humidificateur-dair12345678.jpg\" width=\"1024\" height=\"1024\" \/><figcaption class=\"attachment__caption\"><\/figcaption><\/figure>\n<p style=\"text-align: center;\">","protected":false},"excerpt":{"rendered":"<p>Sp\u00e9cificationNom du produit: humidificateur cristalNum\u00e9ro de mod\u00e8le: LF-103Mat\u00e9riau: ABS\/PP\/PS525\/composant \u00e9lectroniqueCapacit\u00e9 du r\u00e9servoir d\u2019eau: 900mlQuantit\u00e9 de pulv\u00e9risation: 30-40 ml\/hPuissance: 5wTension: DC5VTaille du produit: 90*90*235mmPoids du produit: 461g\/551gCouleur: blanc transparentLe paquet comprend1 * humidificateur1 * c\u00e2ble usb1 * manuel1 * filtre<\/p>","protected":false},"featured_media":61497,"comment_status":"open","ping_status":"closed","template":"","meta":[],"product_brand":[],"product_cat":[2460],"product_tag":[],"class_list":{"0":"post-61498","1":"product","2":"type-product","3":"status-publish","4":"has-post-thumbnail","6":"product_cat-decoration","8":"first","9":"instock","10":"taxable","11":"shipping-taxable","12":"purchasable","13":"product-type-simple"},"jetpack_sharing_enabled":true,"_links":{"self":[{"href":"https:\/\/shoponlinedz.com\/en\/wp-json\/wp\/v2\/product\/61498","targetHints":{"allow":["GET"]}}],"collection":[{"href":"https:\/\/shoponlinedz.com\/en\/wp-json\/wp\/v2\/product"}],"about":[{"href":"https:\/\/shoponlinedz.com\/en\/wp-json\/wp\/v2\/types\/product"}],"replies":[{"embeddable":true,"href":"https:\/\/shoponlinedz.com\/en\/wp-json\/wp\/v2\/comments?post=61498"}],"version-history":[{"count":0,"href":"https:\/\/shoponlinedz.com\/en\/wp-json\/wp\/v2\/product\/61498\/revisions"}],"wp:featuredmedia":[{"embeddable":true,"href":"https:\/\/shoponlinedz.com\/en\/wp-json\/wp\/v2\/media\/61497"}],"wp:attachment":[{"href":"https:\/\/shoponlinedz.com\/en\/wp-json\/wp\/v2\/media?parent=61498"}],"wp:term":[{"taxonomy":"product_brand","embeddable":true,"href":"https:\/\/shoponlinedz.com\/en\/wp-json\/wp\/v2\/product_brand?post=61498"},{"taxonomy":"product_cat","embeddable":true,"href":"https:\/\/shoponlinedz.com\/en\/wp-json\/wp\/v2\/product_cat?post=61498"},{"taxonomy":"product_tag","embeddable":true,"href":"https:\/\/shoponlinedz.com\/en\/wp-json\/wp\/v2\/product_tag?post=61498"}],"curies":[{"name":"wp","href":"https:\/\/api.w.org\/{rel}","templated":true}]}}