{"id":61493,"date":"2026-01-06T18:15:56","date_gmt":"2026-01-06T18:15:56","guid":{"rendered":"https:\/\/shoponlinedz.com\/product\/mini-instrument-de-musique-retro-oud-boite-a-musique-decoration\/"},"modified":"2026-02-16T16:40:32","modified_gmt":"2026-02-16T15:40:32","slug":"mini-instrument-de-musique-retro-oud-boite-a-musique-decoration","status":"publish","type":"product","link":"https:\/\/shoponlinedz.com\/en\/product\/mini-instrument-de-musique-retro-oud-boite-a-musique-decoration\/","title":{"rendered":"Mini instrument de musique r\u00e9tro OUD, bo\u00eete \u00e0 musique D\u00e9coration"},"content":{"rendered":"<figure class=\"attachment attachment--preview\" data-trix-attachment=\"{&quot;contentType&quot;:&quot;image&quot;,&quot;height&quot;:1024,&quot;url&quot;:&quot;https:\/\/sawaqli.fra1.cdn.digitaloceanspaces.com\/12507\/03a34d13-d2e4-4aa3-92a0-4a2900921df4.jpg&quot;,&quot;width&quot;:1024}\" data-trix-content-type=\"image\"><img decoding=\"async\" class=\"aligncenter\" src=\"https:\/\/sawaqli.fra1.cdn.digitaloceanspaces.com\/12507\/03a34d13-d2e4-4aa3-92a0-4a2900921df4.jpg\" width=\"1024\" height=\"1024\" \/><figcaption class=\"attachment__caption\"><\/figcaption><\/figure>\n<figure class=\"attachment attachment--preview\" data-trix-attachment=\"{&quot;contentType&quot;:&quot;image&quot;,&quot;height&quot;:1024,&quot;url&quot;:&quot;https:\/\/sawaqli.fra1.cdn.digitaloceanspaces.com\/12508\/212ab2b0-66de-4190-ab08-28bcf28af83a.jpg&quot;,&quot;width&quot;:1024}\" data-trix-content-type=\"image\"><img decoding=\"async\" class=\"aligncenter\" src=\"https:\/\/sawaqli.fra1.cdn.digitaloceanspaces.com\/12508\/212ab2b0-66de-4190-ab08-28bcf28af83a.jpg\" width=\"1024\" height=\"1024\" \/><figcaption class=\"attachment__caption\"><\/figcaption><\/figure>\n<figure class=\"attachment attachment--preview\" data-trix-attachment=\"{&quot;contentType&quot;:&quot;image&quot;,&quot;height&quot;:1024,&quot;url&quot;:&quot;https:\/\/sawaqli.fra1.cdn.digitaloceanspaces.com\/12509\/4c23af18-8ed0-4000-b84a-3de16dd22712.jpg&quot;,&quot;width&quot;:1024}\" data-trix-content-type=\"image\"><img decoding=\"async\" class=\"aligncenter\" src=\"https:\/\/sawaqli.fra1.cdn.digitaloceanspaces.com\/12509\/4c23af18-8ed0-4000-b84a-3de16dd22712.jpg\" width=\"1024\" height=\"1024\" \/><figcaption class=\"attachment__caption\"><\/figcaption><\/figure>\n<figure class=\"attachment attachment--preview\" data-trix-attachment=\"{&quot;contentType&quot;:&quot;image&quot;,&quot;height&quot;:1024,&quot;url&quot;:&quot;https:\/\/sawaqli.fra1.cdn.digitaloceanspaces.com\/12510\/photo_2023-12-28_10-25-33.jpg&quot;,&quot;width&quot;:1024}\" data-trix-content-type=\"image\"><img decoding=\"async\" class=\"aligncenter\" src=\"https:\/\/sawaqli.fra1.cdn.digitaloceanspaces.com\/12510\/photo_2023-12-28_10-25-33.jpg\" width=\"1024\" height=\"1024\" \/><figcaption class=\"attachment__caption\"><\/figcaption><\/figure>\n<p style=\"text-align: center;\">","protected":false},"excerpt":{"rendered":"<p>\ud83c\udfb8 \u062a\u0632\u064a\u064a\u0646 \u0631\u0627\u0626\u0639: OUD \u0635\u063a\u064a\u0631 \u0635\u0646\u062f\u0648\u0642 \u0645\u0648\u0633\u064a\u0642\u064a \ud83c\udfb6\u0623\u0636\u0641 \u0644\u0645\u0633\u0629 \u0645\u0648\u0633\u064a\u0642\u064a\u0629 \u0648\u0623\u0646\u064a\u0642\u0629 \u0625\u0644\u0649 \u0645\u0633\u0627\u062d\u062a\u0643 \u0645\u0639 OUD \u0627\u0644\u0635\u063a\u064a\u0631 \u0635\u0646\u062f\u0648\u0642 \u0627\u0644\u0645\u0648\u0633\u064a\u0642\u0649! \u0628\u062a\u0634\u0637\u064a\u0628 \u0644\u0627 \u0645\u062b\u064a\u0644 \u0644\u0647\u060c \u062a\u0628\u0644\u063a \u0647\u0630\u0647 \u0627\u0644\u0642\u0637\u0639\u0629 \u0627\u0644\u0641\u0646\u064a\u0629 22 \u0633\u0645 \u0641\u064a \u0627\u0644\u0627\u0631\u062a\u0641\u0627\u0639 \u06489.5 \u0633\u0645 \u0641\u064a \u0627\u0644\u0639\u0631\u0636 \u0648\u0627\u0644\u0633\u0645\u0643\u060c \u0645\u062b\u0627\u0644\u064a\u0629 \u0644\u062a\u0632\u064a\u064a\u0646 \u0631\u0641\u0648\u0641\u0643\u0645\u060c \u0645\u0643\u0627\u062a\u0628\u0643\u0645 \u0623\u0648 \u0645\u0633\u0627\u062d\u0627\u062a \u0627\u0644\u0639\u064a\u0634.\u0627\u062f\u0631 \u0627\u0644\u0631\u064a\u0634\u0629\u060c \u0648\u062f\u0639\u0648\u0627 \u0623\u0646\u0641\u0633\u0643\u0645 \u062a\u062a\u0623\u0645\u0644\u0648\u0646 \u0641\u064a \u0627\u0644\u0644\u062d\u0646 \u0627\u0644\u0644\u0637\u064a\u0641 \u0627\u0644\u0630\u064a \u064a\u062a\u062f\u0641\u0642 \u0645\u0646 \u0647\u0630\u0627 \u0627\u0644\u062c\u0648\u0647\u0631 \u0627\u0644\u0635\u063a\u064a\u0631. \u0642\u0637\u0639\u0629 \u0632\u062e\u0631\u0641\u064a\u0629 \u0633\u0627\u062d\u0631\u0629 \u0644\u0639\u0634\u0627\u0642 \u0627\u0644\u0645\u0648\u0633\u064a\u0642\u0649 \u0648\u0627\u0644\u062a\u0635\u0645\u064a\u0645\u060c \u064a\u0639\u0632\u0632 \u0647\u0630\u0627 OUD \u0627\u0644\u0635\u063a\u064a\u0631 \u0627\u0644\u0623\u062c\u0648\u0627\u0621 \u0628\u0634\u0643\u0644 \u0645\u062a\u0646\u0627\u063a\u0645 \u0641\u064a \u0645\u062d\u064a\u0637\u0643\u0645.\u0647\u062f\u064a\u0629 \u0645\u062b\u0627\u0644\u064a\u0629 \u0644\u0639\u0634\u0627\u0642 \u0627\u0644\u0645\u0648\u0633\u064a\u0642\u0649 \u0623\u0648 \u0628\u0628\u0633\u0627\u0637\u0629 \u0644\u0625\u0636\u0627\u0641\u0629 \u0644\u0645\u0633\u0629 \u0641\u0646\u064a\u0629 \u0625\u0644\u0649 \u062f\u0627\u062e\u0644\u0643\u0645. \u062d\u0648\u0644\u0648\u0627 \u0645\u0633\u0627\u062d\u062a\u0643\u0645 \u0625\u0644\u0649 \u0645\u0643\u0627\u0646 \u062d\u064a\u062b \u064a\u0644\u062a\u0642\u064a \u0627\u0644\u0635\u0648\u062a \u0628\u0627\u0644\u0641\u0646 \u0645\u0639 \u0647\u0630\u0627 OUD \u0627\u0644\u0635\u063a\u064a\u0631 \u0635\u0646\u062f\u0648\u0642 \u0627\u0644\u0645\u0648\u0633\u064a\u0642\u0649!Descriptions:Un m\u00e9lange parfait de beaut\u00e9 et de m\u00e9lodies harmonieuses.Chaque bo\u00eete \u00e0 musique pr\u00e9sente une image vivante de violon qui capture l&#8217;essence des airs classiques paisibles.Avec ses d\u00e9tails complexes et son savoir-faire, c&#8217;est un cadeau pour vos proches.Sp\u00e9cifications:Mat\u00e9riau: ABSTaille: 21*9.5*9.5cm\/8.27&#215;3.74&#215;3.74in<\/p>","protected":false},"featured_media":61492,"comment_status":"open","ping_status":"closed","template":"","meta":[],"product_brand":[],"product_cat":[2460],"product_tag":[],"class_list":{"0":"post-61493","1":"product","2":"type-product","3":"status-publish","4":"has-post-thumbnail","6":"product_cat-decoration","8":"first","9":"instock","10":"taxable","11":"shipping-taxable","12":"purchasable","13":"product-type-simple"},"jetpack_sharing_enabled":true,"_links":{"self":[{"href":"https:\/\/shoponlinedz.com\/en\/wp-json\/wp\/v2\/product\/61493","targetHints":{"allow":["GET"]}}],"collection":[{"href":"https:\/\/shoponlinedz.com\/en\/wp-json\/wp\/v2\/product"}],"about":[{"href":"https:\/\/shoponlinedz.com\/en\/wp-json\/wp\/v2\/types\/product"}],"replies":[{"embeddable":true,"href":"https:\/\/shoponlinedz.com\/en\/wp-json\/wp\/v2\/comments?post=61493"}],"version-history":[{"count":0,"href":"https:\/\/shoponlinedz.com\/en\/wp-json\/wp\/v2\/product\/61493\/revisions"}],"wp:featuredmedia":[{"embeddable":true,"href":"https:\/\/shoponlinedz.com\/en\/wp-json\/wp\/v2\/media\/61492"}],"wp:attachment":[{"href":"https:\/\/shoponlinedz.com\/en\/wp-json\/wp\/v2\/media?parent=61493"}],"wp:term":[{"taxonomy":"product_brand","embeddable":true,"href":"https:\/\/shoponlinedz.com\/en\/wp-json\/wp\/v2\/product_brand?post=61493"},{"taxonomy":"product_cat","embeddable":true,"href":"https:\/\/shoponlinedz.com\/en\/wp-json\/wp\/v2\/product_cat?post=61493"},{"taxonomy":"product_tag","embeddable":true,"href":"https:\/\/shoponlinedz.com\/en\/wp-json\/wp\/v2\/product_tag?post=61493"}],"curies":[{"name":"wp","href":"https:\/\/api.w.org\/{rel}","templated":true}]}}