{"id":61470,"date":"2026-01-06T18:15:00","date_gmt":"2026-01-06T18:15:00","guid":{"rendered":"https:\/\/shoponlinedz.com\/product\/mini-instrument-de-musique-retro-guitare-boite-a-musique-decoration\/"},"modified":"2026-02-16T16:40:37","modified_gmt":"2026-02-16T15:40:37","slug":"mini-instrument-de-musique-retro-guitare-boite-a-musique-decoration","status":"publish","type":"product","link":"https:\/\/shoponlinedz.com\/en\/product\/mini-instrument-de-musique-retro-guitare-boite-a-musique-decoration\/","title":{"rendered":"Mini instrument de musique r\u00e9tro GUITARE, bo\u00eete \u00e0 musique D\u00e9coration"},"content":{"rendered":"<figure class=\"attachment attachment--preview\" data-trix-attachment=\"{&quot;contentType&quot;:&quot;image&quot;,&quot;height&quot;:1024,&quot;url&quot;:&quot;https:\/\/sawaqli.fra1.cdn.digitaloceanspaces.com\/12472\/bcae43a1-f1cc-41a0-ad5e-929080402c42.jpg&quot;,&quot;width&quot;:1024}\" data-trix-content-type=\"image\"><img decoding=\"async\" class=\"aligncenter\" src=\"https:\/\/sawaqli.fra1.cdn.digitaloceanspaces.com\/12472\/bcae43a1-f1cc-41a0-ad5e-929080402c42.jpg\" width=\"1024\" height=\"1024\" \/><figcaption class=\"attachment__caption\"><\/figcaption><\/figure>\n<figure class=\"attachment attachment--preview\" data-trix-attachment=\"{&quot;contentType&quot;:&quot;image&quot;,&quot;height&quot;:1024,&quot;url&quot;:&quot;https:\/\/sawaqli.fra1.cdn.digitaloceanspaces.com\/12484\/4d6c1c22-40a0-4b50-b72c-0884ddf4cbbd.jpg&quot;,&quot;width&quot;:1024}\" data-trix-content-type=\"image\"><img decoding=\"async\" class=\"aligncenter\" src=\"https:\/\/sawaqli.fra1.cdn.digitaloceanspaces.com\/12484\/4d6c1c22-40a0-4b50-b72c-0884ddf4cbbd.jpg\" width=\"1024\" height=\"1024\" \/><figcaption class=\"attachment__caption\"><\/figcaption><\/figure>\n<figure class=\"attachment attachment--preview\" data-trix-attachment=\"{&quot;contentType&quot;:&quot;image&quot;,&quot;height&quot;:1024,&quot;url&quot;:&quot;https:\/\/sawaqli.fra1.cdn.digitaloceanspaces.com\/12473\/a73e29f5-7132-47ba-b0ea-d6d0434dfda7.jpg&quot;,&quot;width&quot;:1024}\" data-trix-content-type=\"image\"><img decoding=\"async\" class=\"aligncenter\" src=\"https:\/\/sawaqli.fra1.cdn.digitaloceanspaces.com\/12473\/a73e29f5-7132-47ba-b0ea-d6d0434dfda7.jpg\" width=\"1024\" height=\"1024\" \/><figcaption class=\"attachment__caption\"><\/figcaption><\/figure>\n<figure class=\"attachment attachment--preview\" data-trix-attachment=\"{&quot;contentType&quot;:&quot;image&quot;,&quot;height&quot;:1024,&quot;url&quot;:&quot;https:\/\/sawaqli.fra1.cdn.digitaloceanspaces.com\/12481\/FOMIYES-Guitar-Music-Box-Household-Kids-Room-Bedroom-Decoration-Adornment-Music-Box-for-Home-and-Office-8.jpg&quot;,&quot;width&quot;:1024}\" data-trix-content-type=\"image\"><img decoding=\"async\" class=\"aligncenter\" src=\"https:\/\/sawaqli.fra1.cdn.digitaloceanspaces.com\/12481\/FOMIYES-Guitar-Music-Box-Household-Kids-Room-Bedroom-Decoration-Adornment-Music-Box-for-Home-and-Office-8.jpg\" width=\"1024\" height=\"1024\" \/><figcaption class=\"attachment__caption\"><\/figcaption><\/figure>\n<figure class=\"attachment attachment--preview\" data-trix-attachment=\"{&quot;contentType&quot;:&quot;image&quot;,&quot;height&quot;:1024,&quot;url&quot;:&quot;https:\/\/sawaqli.fra1.cdn.digitaloceanspaces.com\/12474\/7c49264c-10dc-4d33-9e21-0ea519279fee.jpg&quot;,&quot;width&quot;:1024}\" data-trix-content-type=\"image\"><img decoding=\"async\" class=\"aligncenter\" src=\"https:\/\/sawaqli.fra1.cdn.digitaloceanspaces.com\/12474\/7c49264c-10dc-4d33-9e21-0ea519279fee.jpg\" width=\"1024\" height=\"1024\" \/><figcaption class=\"attachment__caption\"><\/figcaption><\/figure>\n<p style=\"text-align: center;\">","protected":false},"excerpt":{"rendered":"<p>\ud83c\udfb8 \u062a\u0632\u064a\u064a\u0646 \u0631\u0627\u0626\u0639: \u062c\u064a\u062a\u0627\u0631 \u0635\u063a\u064a\u0631 \u0635\u0646\u062f\u0648\u0642 \u0645\u0648\u0633\u064a\u0642\u064a \ud83c\udfb6\u0623\u0636\u0641 \u0644\u0645\u0633\u0629 \u0645\u0648\u0633\u064a\u0642\u064a\u0629 \u0648\u0623\u0646\u064a\u0642\u0629 \u0625\u0644\u0649 \u0645\u0633\u0627\u062d\u062a\u0643 \u0645\u0639 \u062c\u064a\u062a\u0627\u0631\u0646\u0627 \u0627\u0644\u0635\u063a\u064a\u0631 \u0635\u0646\u062f\u0648\u0642 \u0627\u0644\u0645\u0648\u0633\u064a\u0642\u0649! \u0628\u062a\u0634\u0637\u064a\u0628 \u0644\u0627 \u0645\u062b\u064a\u0644 \u0644\u0647\u060c \u062a\u0628\u0644\u063a \u0647\u0630\u0647 \u0627\u0644\u0642\u0637\u0639\u0629 \u0627\u0644\u0641\u0646\u064a\u0629 22 \u0633\u0645 \u0641\u064a \u0627\u0644\u0627\u0631\u062a\u0641\u0627\u0639 \u06489.5 \u0633\u0645 \u0641\u064a \u0627\u0644\u0639\u0631\u0636 \u0648\u0627\u0644\u0633\u0645\u0643\u060c \u0645\u062b\u0627\u0644\u064a\u0629 \u0644\u062a\u0632\u064a\u064a\u0646 \u0631\u0641\u0648\u0641\u0643\u0645\u060c \u0645\u0643\u0627\u062a\u0628\u0643\u0645 \u0623\u0648 \u0645\u0633\u0627\u062d\u0627\u062a \u0627\u0644\u0639\u064a\u0634.\u0627\u062f\u0631 \u0627\u0644\u0631\u064a\u0634\u0629\u060c \u0648\u062f\u0639\u0648\u0627 \u0623\u0646\u0641\u0633\u0643\u0645 \u062a\u062a\u0623\u0645\u0644\u0648\u0646 \u0641\u064a \u0627\u0644\u0644\u062d\u0646 \u0627\u0644\u0644\u0637\u064a\u0641 \u0627\u0644\u0630\u064a \u064a\u062a\u062f\u0641\u0642 \u0645\u0646 \u0647\u0630\u0627 \u0627\u0644\u062c\u0648\u0647\u0631 \u0627\u0644\u0635\u063a\u064a\u0631. \u0642\u0637\u0639\u0629 \u0632\u062e\u0631\u0641\u064a\u0629 \u0633\u0627\u062d\u0631\u0629 \u0644\u0639\u0634\u0627\u0642 \u0627\u0644\u0645\u0648\u0633\u064a\u0642\u0649 \u0648\u0627\u0644\u062a\u0635\u0645\u064a\u0645\u060c \u064a\u0639\u0632\u0632 \u0647\u0630\u0627 \u0627\u0644\u062c\u064a\u062a\u0627\u0631 \u0627\u0644\u0635\u063a\u064a\u0631 \u0627\u0644\u0623\u062c\u0648\u0627\u0621 \u0628\u0634\u0643\u0644 \u0645\u062a\u0646\u0627\u063a\u0645 \u0641\u064a \u0645\u062d\u064a\u0637\u0643\u0645.\u0647\u062f\u064a\u0629 \u0645\u062b\u0627\u0644\u064a\u0629 \u0644\u0639\u0634\u0627\u0642 \u0627\u0644\u0645\u0648\u0633\u064a\u0642\u0649 \u0623\u0648 \u0628\u0628\u0633\u0627\u0637\u0629 \u0644\u0625\u0636\u0627\u0641\u0629 \u0644\u0645\u0633\u0629 \u0641\u0646\u064a\u0629 \u0625\u0644\u0649 \u062f\u0627\u062e\u0644\u0643\u0645. \u062d\u0648\u0644\u0648\u0627 \u0645\u0633\u0627\u062d\u062a\u0643\u0645 \u0625\u0644\u0649 \u0645\u0643\u0627\u0646 \u062d\u064a\u062b \u064a\u0644\u062a\u0642\u064a \u0627\u0644\u0635\u0648\u062a \u0628\u0627\u0644\u0641\u0646 \u0645\u0639 \u0647\u0630\u0627 \u0627\u0644\u062c\u064a\u062a\u0627\u0631 \u0627\u0644\u0635\u063a\u064a\u0631 \u0635\u0646\u062f\u0648\u0642 \u0627\u0644\u0645\u0648\u0633\u064a\u0642\u0649!Descriptions:Un m\u00e9lange parfait de beaut\u00e9 et de m\u00e9lodies harmonieuses.Chaque bo\u00eete \u00e0 musique pr\u00e9sente une image vivante de violon qui capture l&#8217;essence des airs classiques paisibles.Avec ses d\u00e9tails complexes et son savoir-faire, c&#8217;est un cadeau pour vos proches.Sp\u00e9cifications:Mat\u00e9riau: ABSTaille: 21*9.5*9.5cm\/8.27&#215;3.74&#215;3.74in<\/p>","protected":false},"featured_media":61469,"comment_status":"open","ping_status":"closed","template":"","meta":[],"product_brand":[],"product_cat":[2460],"product_tag":[],"class_list":{"0":"post-61470","1":"product","2":"type-product","3":"status-publish","4":"has-post-thumbnail","6":"product_cat-decoration","8":"first","9":"instock","10":"taxable","11":"shipping-taxable","12":"purchasable","13":"product-type-simple"},"jetpack_sharing_enabled":true,"_links":{"self":[{"href":"https:\/\/shoponlinedz.com\/en\/wp-json\/wp\/v2\/product\/61470","targetHints":{"allow":["GET"]}}],"collection":[{"href":"https:\/\/shoponlinedz.com\/en\/wp-json\/wp\/v2\/product"}],"about":[{"href":"https:\/\/shoponlinedz.com\/en\/wp-json\/wp\/v2\/types\/product"}],"replies":[{"embeddable":true,"href":"https:\/\/shoponlinedz.com\/en\/wp-json\/wp\/v2\/comments?post=61470"}],"version-history":[{"count":0,"href":"https:\/\/shoponlinedz.com\/en\/wp-json\/wp\/v2\/product\/61470\/revisions"}],"wp:featuredmedia":[{"embeddable":true,"href":"https:\/\/shoponlinedz.com\/en\/wp-json\/wp\/v2\/media\/61469"}],"wp:attachment":[{"href":"https:\/\/shoponlinedz.com\/en\/wp-json\/wp\/v2\/media?parent=61470"}],"wp:term":[{"taxonomy":"product_brand","embeddable":true,"href":"https:\/\/shoponlinedz.com\/en\/wp-json\/wp\/v2\/product_brand?post=61470"},{"taxonomy":"product_cat","embeddable":true,"href":"https:\/\/shoponlinedz.com\/en\/wp-json\/wp\/v2\/product_cat?post=61470"},{"taxonomy":"product_tag","embeddable":true,"href":"https:\/\/shoponlinedz.com\/en\/wp-json\/wp\/v2\/product_tag?post=61470"}],"curies":[{"name":"wp","href":"https:\/\/api.w.org\/{rel}","templated":true}]}}