{"id":61399,"date":"2026-01-06T18:11:55","date_gmt":"2026-01-06T18:11:55","guid":{"rendered":"https:\/\/shoponlinedz.com\/product\/sacs-a-bandouliere-pied-de-poule-vintage-pour-femmes-grande-capacite\/"},"modified":"2026-02-16T16:40:45","modified_gmt":"2026-02-16T15:40:45","slug":"sacs-a-bandouliere-pied-de-poule-vintage-pour-femmes-grande-capacite","status":"publish","type":"product","link":"https:\/\/shoponlinedz.com\/en\/product\/sacs-a-bandouliere-pied-de-poule-vintage-pour-femmes-grande-capacite\/","title":{"rendered":"Sacs \u00e0 bandouli\u00e8re pied-de-poule Vintage pour femmes grande capacit\u00e9"},"content":{"rendered":"<figure class=\"attachment attachment--preview\" data-trix-attachment=\"{&quot;contentType&quot;:&quot;image&quot;,&quot;height&quot;:1024,&quot;url&quot;:&quot;https:\/\/sawaqli.fra1.cdn.digitaloceanspaces.com\/12697\/photo_5800754908851453507_x.jpg&quot;,&quot;width&quot;:1024}\" data-trix-content-type=\"image\"><img decoding=\"async\" class=\"aligncenter\" src=\"https:\/\/sawaqli.fra1.cdn.digitaloceanspaces.com\/12697\/photo_5800754908851453507_x.jpg\" width=\"1024\" height=\"1024\" \/><figcaption class=\"attachment__caption\"><\/figcaption><\/figure>\n<figure class=\"attachment attachment--preview\" data-trix-attachment=\"{&quot;contentType&quot;:&quot;image&quot;,&quot;height&quot;:1024,&quot;url&quot;:&quot;https:\/\/sawaqli.fra1.cdn.digitaloceanspaces.com\/12698\/photo_5800754908851453505_x-1.jpg&quot;,&quot;width&quot;:1024}\" data-trix-content-type=\"image\"><img decoding=\"async\" class=\"aligncenter\" src=\"https:\/\/sawaqli.fra1.cdn.digitaloceanspaces.com\/12698\/photo_5800754908851453505_x-1.jpg\" width=\"1024\" height=\"1024\" \/><figcaption class=\"attachment__caption\"><\/figcaption><\/figure>\n<figure class=\"attachment attachment--preview\" data-trix-attachment=\"{&quot;contentType&quot;:&quot;image&quot;,&quot;height&quot;:1024,&quot;url&quot;:&quot;https:\/\/sawaqli.fra1.cdn.digitaloceanspaces.com\/12699\/sac-a-main-type-cabas-a-motif-vintage-pour-femme.png&quot;,&quot;width&quot;:1024}\" data-trix-content-type=\"image\"><img decoding=\"async\" class=\"aligncenter\" src=\"https:\/\/sawaqli.fra1.cdn.digitaloceanspaces.com\/12699\/sac-a-main-type-cabas-a-motif-vintage-pour-femme.png\" width=\"1024\" height=\"1024\" \/><figcaption class=\"attachment__caption\"><\/figcaption><\/figure>\n<figure class=\"attachment attachment--preview\" data-trix-attachment=\"{&quot;contentType&quot;:&quot;image&quot;,&quot;height&quot;:1024,&quot;url&quot;:&quot;https:\/\/sawaqli.fra1.cdn.digitaloceanspaces.com\/12700\/sac-a-main-type-cabas-a-motif-vintage-pour-femme-3.jpg&quot;,&quot;width&quot;:1024}\" data-trix-content-type=\"image\"><img decoding=\"async\" class=\"aligncenter\" src=\"https:\/\/sawaqli.fra1.cdn.digitaloceanspaces.com\/12700\/sac-a-main-type-cabas-a-motif-vintage-pour-femme-3.jpg\" width=\"1024\" height=\"1024\" \/><figcaption class=\"attachment__caption\"><\/figcaption><\/figure>\n<figure class=\"attachment attachment--preview\" data-trix-attachment=\"{&quot;contentType&quot;:&quot;image&quot;,&quot;height&quot;:1024,&quot;url&quot;:&quot;https:\/\/sawaqli.fra1.cdn.digitaloceanspaces.com\/12701\/photo_5800754908851453504_x.jpg&quot;,&quot;width&quot;:1024}\" data-trix-content-type=\"image\"><img decoding=\"async\" class=\"aligncenter\" src=\"https:\/\/sawaqli.fra1.cdn.digitaloceanspaces.com\/12701\/photo_5800754908851453504_x.jpg\" width=\"1024\" height=\"1024\" \/><figcaption class=\"attachment__caption\"><\/figcaption><\/figure>\n<p style=\"text-align: center;\">","protected":false},"excerpt":{"rendered":"<p>\u062a\u0641\u0627\u0635\u064a\u0644 \u0627\u0644\u0645\u0646\u062a\u062c \u062d\u0642\u064a\u0628\u0629 \u0643\u062a\u0641 \u0645\u0628\u0637\u0646\u0629 \u0645\u0646 \u0627\u0644\u0646\u0627\u064a\u0644\u0648\u0646 \u0648\u0627\u0644\u0642\u0637\u0646 \u0644\u0644\u0646\u0633\u0627\u0621\u060c \u062a\u0635\u0645\u064a\u0645 \u0628\u0644\u0648\u0646 \u0648\u0627\u062d\u062f \u0648\u062e\u0637\u0648\u0637 \u0634\u0628\u0643\u064a\u0629\u060c \u0645\u0646\u0627\u0633\u0628\u0629 \u0644\u0644\u062e\u0631\u064a\u0641 \u0648\u0627\u0644\u0634\u062a\u0627\u0621.\u0627\u0644\u0645\u0645\u064a\u0632\u0627\u062a:\u062d\u0642\u064a\u0628\u0629 \u0643\u062a\u0641 \u0646\u0633\u0627\u0626\u064a\u0629 \u0623\u0646\u064a\u0642\u0629.\u062e\u0627\u0645\u0629 \u0646\u0627\u064a\u0644\u0648\u0646 \u0645\u062a\u064a\u0646\u0629 \u0645\u0639 \u062d\u0634\u0648\u0629 \u0642\u0637\u0646\u064a\u0629 \u0628\u062a\u0635\u0645\u064a\u0645 \u0628\u0644\u0648\u0646 \u0645\u0648\u062d\u062f.\u0639\u0645\u0644\u064a\u0629\u060c \u0639\u0635\u0631\u064a\u0629\u060c \u0648\u0645\u062a\u064a\u0646\u0629.\u0627\u0644\u0645\u0648\u0627\u0635\u0641\u0627\u062a:\u0627\u0644\u062d\u062c\u0645: 32 \u00d7 30 \u00d7 11 \u0633\u0645 (12.59 \u00d7 11.81 \u00d7 4.33 \u0628\u0648\u0635\u0629)\u0627\u0644\u0648\u0632\u0646: 160 \u063a\u0631\u0627\u0645\u0627\u0644\u062e\u0627\u0645\u0629: \u0646\u0627\u064a\u0644\u0648\u0646\u0627\u0644\u0648\u0638\u064a\u0641\u0629: \u062d\u0642\u064a\u0628\u0629 \u0643\u062a\u0641 \u0623\u0648 \u062d\u0642\u064a\u0628\u0629 \u062c\u0627\u0646\u0628\u064a\u0629\u0627\u0644\u0633\u0639\u0629: \u062a\u062a\u0633\u0639 \u0644\u0644\u0647\u0627\u062a\u0641\u060c \u0623\u062d\u0645\u0631 \u0627\u0644\u0634\u0641\u0627\u0647\u060c \u0648\u0627\u0644\u0645\u062d\u0641\u0638\u0629 \u0627\u0644\u0635\u063a\u064a\u0631\u0629.\u0627\u0644\u0627\u0633\u062a\u062e\u062f\u0627\u0645: \u0645\u062b\u0627\u0644\u064a\u0629 \u0644\u0644\u062a\u0633\u0648\u0642\u060c \u0627\u0644\u0633\u0641\u0631\u060c \u0627\u0644\u062d\u0641\u0644\u0627\u062a \u0648\u063a\u064a\u0631\u0647\u0627.\u0627\u0644\u0645\u062d\u062a\u0648\u064a\u0627\u062a: 1 \u00d7 \u062d\u0642\u064a\u0628\u0629 \u0643\u062a\u0641 \u062a\u0641\u0627\u0635\u064a\u0644 \u0625\u0636\u0627\u0641\u064a\u0629:\u062a\u0635\u0645\u064a\u0645 \u0628\u0645\u0631\u0628\u0639\u0627\u062a \u0648\u0645\u0642\u0628\u0636 \u0639\u0644\u0648\u064a \u0644\u0644\u062d\u0645\u0644.\u062e\u0627\u0645\u0629 \u062c\u0644\u062f PU \u0623\u0646\u064a\u0642\u0629 \u0648\u0645\u062d\u0645\u0648\u0644\u0629.\u0647\u062f\u064a\u0629 \u0645\u062b\u0627\u0644\u064a\u0629 \u0644\u0644\u0623\u0645 \u0623\u0648 \u0627\u0644\u0623\u0635\u062f\u0642\u0627\u0621 \u0623\u0648 \u0627\u0644\u0632\u0645\u0644\u0627\u0621 \u0641\u064a \u0639\u064a\u062f \u0627\u0644\u0623\u0645 \u0623\u0648 \u0639\u064a\u062f \u0627\u0644\u0645\u064a\u0644\u0627\u062f \u0623\u0648 \u0627\u0644\u0645\u0646\u0627\u0633\u0628\u0627\u062a \u0627\u0644\u062e\u0627\u0635\u0629.\u062a\u0635\u0645\u064a\u0645 \u0623\u0646\u064a\u0642 \u0648\u0639\u0635\u0631\u064a \u0628\u0633\u0639\u0629 \u0643\u0628\u064a\u0631\u0629\u060c \u0645\u0646\u0627\u0633\u0628 \u0644\u0644\u0639\u0645\u0644\u060c \u0627\u0644\u062d\u0641\u0644\u0627\u062a\u060c \u0627\u0644\u0645\u062f\u0631\u0633\u0629\u060c \u0627\u0644\u0633\u0641\u0631\u060c \u0627\u0644\u0645\u0648\u0627\u0639\u064a\u062f \u0623\u0648 \u0627\u0644\u0627\u0633\u062a\u062e\u062f\u0627\u0645 \u0627\u0644\u064a\u0648\u0645\u064a.<\/p>","protected":false},"featured_media":61398,"comment_status":"open","ping_status":"closed","template":"","meta":[],"product_brand":[],"product_cat":[2474],"product_tag":[],"class_list":{"0":"post-61399","1":"product","2":"type-product","3":"status-publish","4":"has-post-thumbnail","6":"product_cat-sac-a-dos-et-mode","8":"first","9":"instock","10":"taxable","11":"shipping-taxable","12":"purchasable","13":"product-type-simple"},"jetpack_sharing_enabled":true,"_links":{"self":[{"href":"https:\/\/shoponlinedz.com\/en\/wp-json\/wp\/v2\/product\/61399","targetHints":{"allow":["GET"]}}],"collection":[{"href":"https:\/\/shoponlinedz.com\/en\/wp-json\/wp\/v2\/product"}],"about":[{"href":"https:\/\/shoponlinedz.com\/en\/wp-json\/wp\/v2\/types\/product"}],"replies":[{"embeddable":true,"href":"https:\/\/shoponlinedz.com\/en\/wp-json\/wp\/v2\/comments?post=61399"}],"version-history":[{"count":0,"href":"https:\/\/shoponlinedz.com\/en\/wp-json\/wp\/v2\/product\/61399\/revisions"}],"wp:featuredmedia":[{"embeddable":true,"href":"https:\/\/shoponlinedz.com\/en\/wp-json\/wp\/v2\/media\/61398"}],"wp:attachment":[{"href":"https:\/\/shoponlinedz.com\/en\/wp-json\/wp\/v2\/media?parent=61399"}],"wp:term":[{"taxonomy":"product_brand","embeddable":true,"href":"https:\/\/shoponlinedz.com\/en\/wp-json\/wp\/v2\/product_brand?post=61399"},{"taxonomy":"product_cat","embeddable":true,"href":"https:\/\/shoponlinedz.com\/en\/wp-json\/wp\/v2\/product_cat?post=61399"},{"taxonomy":"product_tag","embeddable":true,"href":"https:\/\/shoponlinedz.com\/en\/wp-json\/wp\/v2\/product_tag?post=61399"}],"curies":[{"name":"wp","href":"https:\/\/api.w.org\/{rel}","templated":true}]}}