{"id":61252,"date":"2026-01-06T18:04:36","date_gmt":"2026-01-06T18:04:36","guid":{"rendered":"https:\/\/shoponlinedz.com\/product\/prise-stabilisateur-contre-les-basses-et-hautes-tensions-dans-le-reseau-electrique-30-a-jl-vpdb2000\/"},"modified":"2026-02-16T16:40:49","modified_gmt":"2026-02-16T15:40:49","slug":"prise-stabilisateur-contre-les-basses-et-hautes-tensions-dans-le-reseau-electrique-30-a-jl-vpdb2000","status":"publish","type":"product","link":"https:\/\/shoponlinedz.com\/en\/product\/prise-stabilisateur-contre-les-basses-et-hautes-tensions-dans-le-reseau-electrique-30-a-jl-vpdb2000\/","title":{"rendered":"Prise Stabilisateur contre les basses et hautes tensions dans le r\u00e9seau \u00e9lectrique 30 A &#8211; JL-VPDB2000 &#8211;"},"content":{"rendered":"<figure class=\"attachment attachment--preview\" data-trix-attachment=\"{&quot;contentType&quot;:&quot;image&quot;,&quot;height&quot;:1024,&quot;url&quot;:&quot;https:\/\/sawaqli.fra1.cdn.digitaloceanspaces.com\/13451\/Power-saver1.jpg&quot;,&quot;width&quot;:1024}\" data-trix-content-type=\"image\"><img decoding=\"async\" class=\"aligncenter\" src=\"https:\/\/sawaqli.fra1.cdn.digitaloceanspaces.com\/13451\/Power-saver1.jpg\" width=\"1024\" height=\"1024\" \/><figcaption class=\"attachment__caption\"><\/figcaption><\/figure>\n<figure class=\"attachment attachment--preview\" data-trix-attachment=\"{&quot;contentType&quot;:&quot;image&quot;,&quot;height&quot;:1024,&quot;url&quot;:&quot;https:\/\/sawaqli.fra1.cdn.digitaloceanspaces.com\/13452\/power-saving-3.jpg&quot;,&quot;width&quot;:1024}\" data-trix-content-type=\"image\"><img decoding=\"async\" class=\"aligncenter\" src=\"https:\/\/sawaqli.fra1.cdn.digitaloceanspaces.com\/13452\/power-saving-3.jpg\" width=\"1024\" height=\"1024\" \/><figcaption class=\"attachment__caption\"><\/figcaption><\/figure>\n<figure class=\"attachment attachment--preview\" data-trix-attachment=\"{&quot;contentType&quot;:&quot;image&quot;,&quot;height&quot;:1024,&quot;url&quot;:&quot;https:\/\/sawaqli.fra1.cdn.digitaloceanspaces.com\/13453\/Power-saver2.jpg&quot;,&quot;width&quot;:1024}\" data-trix-content-type=\"image\"><img decoding=\"async\" class=\"aligncenter\" src=\"https:\/\/sawaqli.fra1.cdn.digitaloceanspaces.com\/13453\/Power-saver2.jpg\" width=\"1024\" height=\"1024\" \/><figcaption class=\"attachment__caption\"><\/figcaption><\/figure>\n<figure class=\"attachment attachment--preview\" data-trix-attachment=\"{&quot;contentType&quot;:&quot;image&quot;,&quot;height&quot;:1024,&quot;url&quot;:&quot;https:\/\/sawaqli.fra1.cdn.digitaloceanspaces.com\/13454\/HTB1P3RmADlYBeNjSszcq6zwhFXam-1.jpg&quot;,&quot;width&quot;:1024}\" data-trix-content-type=\"image\"><img decoding=\"async\" class=\"aligncenter\" src=\"https:\/\/sawaqli.fra1.cdn.digitaloceanspaces.com\/13454\/HTB1P3RmADlYBeNjSszcq6zwhFXam-1.jpg\" width=\"1024\" height=\"1024\" \/><figcaption class=\"attachment__caption\"><\/figcaption><\/figure>\n<p style=\"text-align: center;\">","protected":false},"excerpt":{"rendered":"<p>\u062c\u0647\u0627\u0632 \u062d\u0645\u0627\u064a\u0629 \u0648\u062a\u0646\u0638\u064a\u0645 \u0627\u0644\u062c\u0647\u062f \u0627\u0644\u0643\u0647\u0631\u0628\u0627\u0626\u064a\u062c\u0647\u062f \u0627\u0644\u062a\u0634\u063a\u064a\u0644: 220 \u0641\u0648\u0644\u062a \u062a\u064a\u0627\u0631 \u0645\u062a\u0631\u062f\u062f \u2013 50 \u0647\u0631\u062a\u0632\u0627\u0644\u062a\u064a\u0627\u0631 \u0627\u0644\u0623\u0642\u0635\u0649: 15 \u0623\u0645\u0628\u064a\u0631\u0645\u062f\u0629 \u0627\u0644\u062a\u0623\u062e\u064a\u0631: \u0645\u0646 5 \u062d\u062a\u0649 999 \u062b\u0627\u0646\u064a\u0629\u062d\u062f \u0627\u0644\u062c\u0647\u062f \u0627\u0644\u0623\u062f\u0646\u0649: 140 ~ 210 \u0641\u0648\u0644\u062a\u062d\u062f \u0627\u0644\u062c\u0647\u062f \u0627\u0644\u0623\u0639\u0644\u0649: 230 ~ 260 \u0641\u0648\u0644\u062a.Relais de protection contre les basses et hautes tensions dans le r\u00e9seau \u00e9lectrique avec temporisation d&#8217;allumage de la charge avec seuils de r\u00e9ponse r\u00e9glablesProtecteur de tension &#8211; dispositif de protection contre la tension avec affichage LED.Protection automatique contre les surtensions pour les appareils \u00e9lectrom\u00e9nagers 220 V , tels que r\u00e9frig\u00e9rateur, TV, DVD, vid\u00e9o, ordinateur, cong\u00e9lateur, etc.Ce relais de tension prot\u00e8ge vos appareils \u00e9lectrom\u00e9nagers des surtensions et des surtensions. Il l&#8217;\u00e9teint si des fluctuations inacceptables se produisent et le rallume automatiquement une fois la tension admissible dans le r\u00e9seau r\u00e9tablie. Vous pouvez d\u00e9finir la plage de tension manuellement en fonction de nos besoins. Le relais de tension de prise prot\u00e8ge et prolonge la dur\u00e9e de vie des \u00e9quipements \u00e9lectriques connect\u00e9s (TV, r\u00e9frig\u00e9rateur, t\u00e9l\u00e9phone&#8230;). Lorsque la tension est sup\u00e9rieure ou inf\u00e9rieure \u00e0 la plage de tension, le relais \u00e9teint l&#8217;\u00e9quipement pour le prot\u00e9ger.Instructions de configurationApr\u00e8s avoir fini d&#8217;afficher le logo de l&#8217;entreprise. Appuyez sur le bouton \u00ab SET \u00bb pendant 3 secondes, puis entrez dans le mode de r\u00e9glage. 1. R\u00e9glez la tension de coupure haute : appuyez sur le bouton \u00ab SET \u00bb, le symbole \u00ab H \u00bb clignotera, puis appuyez sur \u00ab \u22c0 \u00bb ou \u00ab \u22c1 \u00bb pour r\u00e9gler la haute tension requise, le syst\u00e8me fonctionnera sous le nouveau r\u00e9glage. 2. R\u00e9glez la basse tension de coupure : appuyez sur le bouton \u00ab SET \u00bb, le symbole \u00ab L \u00bb clignotera, puis appuyez sur \u00ab \u22c0 \u00bb ou \u00ab \u22c1 \u00bb pour r\u00e9gler la basse tension requise, le syst\u00e8me fonctionnera sous le nouveau r\u00e9glage. 3. R\u00e9glez le temps de retard : appuyez sur le bouton \u00ab SET \u00bb, le symbole \u00ab d \u00bb clignotera, puis appuyez sur \u00ab \u22c0 \u00bb ou \u00ab \u22c1 \u00bb pour r\u00e9gler le temps de retard requis, plage de r\u00e9glage du temps de retard : 5-999 s. 4. Apr\u00e8s avoir d\u00e9fini tous les param\u00e8tres, attendez 6 secondes, l&#8217;appareil enregistrera automatiquement vos param\u00e8tres. 5. Param\u00e8tre par d\u00e9faut : appuyez sur le bouton \u00ab RES \u00bb pendant 3 secondes, le syst\u00e8me reviendra \u00e0 l&#8217;\u00e9tat de r\u00e9glage par d\u00e9faut.relais temporis\u00e9 avec retard d&#8217;arr\u00eat;relais de tension minimale ;relais de surtension ;relais temporis\u00e9 avec retard d&#8217;allumage.<\/p>","protected":false},"featured_media":61251,"comment_status":"open","ping_status":"closed","template":"","meta":[],"product_brand":[],"product_cat":[2466],"product_tag":[],"class_list":{"0":"post-61252","1":"product","2":"type-product","3":"status-publish","4":"has-post-thumbnail","6":"product_cat-outillage-et-bricolage","8":"first","9":"instock","10":"taxable","11":"shipping-taxable","12":"purchasable","13":"product-type-simple"},"jetpack_sharing_enabled":true,"_links":{"self":[{"href":"https:\/\/shoponlinedz.com\/en\/wp-json\/wp\/v2\/product\/61252","targetHints":{"allow":["GET"]}}],"collection":[{"href":"https:\/\/shoponlinedz.com\/en\/wp-json\/wp\/v2\/product"}],"about":[{"href":"https:\/\/shoponlinedz.com\/en\/wp-json\/wp\/v2\/types\/product"}],"replies":[{"embeddable":true,"href":"https:\/\/shoponlinedz.com\/en\/wp-json\/wp\/v2\/comments?post=61252"}],"version-history":[{"count":0,"href":"https:\/\/shoponlinedz.com\/en\/wp-json\/wp\/v2\/product\/61252\/revisions"}],"wp:featuredmedia":[{"embeddable":true,"href":"https:\/\/shoponlinedz.com\/en\/wp-json\/wp\/v2\/media\/61251"}],"wp:attachment":[{"href":"https:\/\/shoponlinedz.com\/en\/wp-json\/wp\/v2\/media?parent=61252"}],"wp:term":[{"taxonomy":"product_brand","embeddable":true,"href":"https:\/\/shoponlinedz.com\/en\/wp-json\/wp\/v2\/product_brand?post=61252"},{"taxonomy":"product_cat","embeddable":true,"href":"https:\/\/shoponlinedz.com\/en\/wp-json\/wp\/v2\/product_cat?post=61252"},{"taxonomy":"product_tag","embeddable":true,"href":"https:\/\/shoponlinedz.com\/en\/wp-json\/wp\/v2\/product_tag?post=61252"}],"curies":[{"name":"wp","href":"https:\/\/api.w.org\/{rel}","templated":true}]}}