{"id":61191,"date":"2026-01-06T18:02:01","date_gmt":"2026-01-06T18:02:01","guid":{"rendered":"https:\/\/shoponlinedz.com\/product\/app-smart-bande-lumineuse-neon-rgb-de-chassis-avec-capteur-de-son-underglow-pour-voiture-12v\/"},"modified":"2026-02-16T16:40:50","modified_gmt":"2026-02-16T15:40:50","slug":"app-smart-bande-lumineuse-neon-rgb-de-chassis-avec-capteur-de-son-underglow-pour-voiture-12v","status":"publish","type":"product","link":"https:\/\/shoponlinedz.com\/en\/product\/app-smart-bande-lumineuse-neon-rgb-de-chassis-avec-capteur-de-son-underglow-pour-voiture-12v\/","title":{"rendered":"App Smart Bande lumineuse Neon RGB de chassis avec capteur de son Underglow pour voiture 12V"},"content":{"rendered":"<figure class=\"attachment attachment--preview\" data-trix-attachment=\"{&quot;contentType&quot;:&quot;image&quot;,&quot;height&quot;:1024,&quot;url&quot;:&quot;https:\/\/sawaqli.fra1.cdn.digitaloceanspaces.com\/13556\/Bande-Lumineuse-LED-Decorative-pour-Dessous-de-Carrosserie-de-Voiture1.jpg&quot;,&quot;width&quot;:1024}\" data-trix-content-type=\"image\"><img decoding=\"async\" class=\"aligncenter\" src=\"https:\/\/sawaqli.fra1.cdn.digitaloceanspaces.com\/13556\/Bande-Lumineuse-LED-Decorative-pour-Dessous-de-Carrosserie-de-Voiture1.jpg\" width=\"1024\" height=\"1024\" \/><figcaption class=\"attachment__caption\"><\/figcaption><\/figure>\n<figure class=\"attachment attachment--preview\" data-trix-attachment=\"{&quot;contentType&quot;:&quot;image&quot;,&quot;height&quot;:1024,&quot;url&quot;:&quot;https:\/\/sawaqli.fra1.cdn.digitaloceanspaces.com\/13557\/Bande-Lumineuse-LED-Decorative-pour-Dessous-de-Carrosserie-de-Voiture15.jpg&quot;,&quot;width&quot;:1024}\" data-trix-content-type=\"image\"><img decoding=\"async\" class=\"aligncenter\" src=\"https:\/\/sawaqli.fra1.cdn.digitaloceanspaces.com\/13557\/Bande-Lumineuse-LED-Decorative-pour-Dessous-de-Carrosserie-de-Voiture15.jpg\" width=\"1024\" height=\"1024\" \/><figcaption class=\"attachment__caption\"><\/figcaption><\/figure>\n<figure class=\"attachment attachment--preview\" data-trix-attachment=\"{&quot;contentType&quot;:&quot;image&quot;,&quot;height&quot;:1024,&quot;url&quot;:&quot;https:\/\/sawaqli.fra1.cdn.digitaloceanspaces.com\/13558\/Bande-Lumineuse-LED-Decorative-pour-Dessous-de-Carrosserie-de-Voiture13.jpg&quot;,&quot;width&quot;:1024}\" data-trix-content-type=\"image\"><img decoding=\"async\" class=\"aligncenter\" src=\"https:\/\/sawaqli.fra1.cdn.digitaloceanspaces.com\/13558\/Bande-Lumineuse-LED-Decorative-pour-Dessous-de-Carrosserie-de-Voiture13.jpg\" width=\"1024\" height=\"1024\" \/><figcaption class=\"attachment__caption\"><\/figcaption><\/figure>\n<figure class=\"attachment attachment--preview\" data-trix-attachment=\"{&quot;contentType&quot;:&quot;image&quot;,&quot;height&quot;:1024,&quot;url&quot;:&quot;https:\/\/sawaqli.fra1.cdn.digitaloceanspaces.com\/13559\/Sc936d90a1a8947df946a59da6f8c8f11K.png&quot;,&quot;width&quot;:1024}\" data-trix-content-type=\"image\"><img decoding=\"async\" class=\"aligncenter\" src=\"https:\/\/sawaqli.fra1.cdn.digitaloceanspaces.com\/13559\/Sc936d90a1a8947df946a59da6f8c8f11K.png\" width=\"1024\" height=\"1024\" \/><figcaption class=\"attachment__caption\"><\/figcaption><\/figure>\n<figure class=\"attachment attachment--preview\" data-trix-attachment=\"{&quot;contentType&quot;:&quot;image&quot;,&quot;height&quot;:1024,&quot;url&quot;:&quot;https:\/\/sawaqli.fra1.cdn.digitaloceanspaces.com\/13560\/S993abb6db05d46f69d8179c08fc48709T.png&quot;,&quot;width&quot;:1024}\" data-trix-content-type=\"image\"><img decoding=\"async\" class=\"aligncenter\" src=\"https:\/\/sawaqli.fra1.cdn.digitaloceanspaces.com\/13560\/S993abb6db05d46f69d8179c08fc48709T.png\" width=\"1024\" height=\"1024\" \/><figcaption class=\"attachment__caption\"><\/figcaption><\/figure>\n<p style=\"text-align: center\">","protected":false},"excerpt":{"rendered":"<p>Sp\u00e9cification:Tension: 12VPuissance de sortie: 10WCouleur: couleurs de r\u00eave RVBTaille: 60cm x 90cm, 90cm x 120cm, 120cm x 150cmNombre de bandes: 4Mat\u00e9riel: PVCDur\u00e9e de vie: 100,000 heuresCaract\u00e9ristiques:SOUND ACTIVE-La LED sous le syst\u00e8me de lueur de voiture est \u00e9quip\u00e9e de capteurs sonores qui permettent aux lumi\u00e8res LED de se synchroniser avec le rythme de la musique. La bande lumineuse de musique \u00e0 LED suit le rythme et ajuste le clignotement pour s\u2019adapter \u00e0 la force du son.D\u00c9CORATION MUSIQUE-Le kit con\u00e7u pour \u00eatre simple, tout en offrant de l\u2019\u00e9l\u00e9gance \u00e0 l\u2019int\u00e9rieur de la voiture lorsque vous conduisez la nuit ou que vous \u00e9coutez de la musique. Et parce qu\u2019il a un capteur de son, le syst\u00e8me de lueur sous la voiture se synchronise avec le rythme de la musique.QUALIT\u00c9 PREMIUM-Il peut \u00eatre pli\u00e9, pli\u00e9, enroul\u00e9 et fix\u00e9 en place facilement, parfait pour les passages de roue sous, autour de la calandre, sous les pieds, dans le coffre, le long du tableau de bord, etc.COULEURS MULTI-La LED sous le syst\u00e8me de lueur de voiture produit les couleurs multi qui sont bleu, vert, pourpre, rouge, sarcelle, blanc, et jaune. Le syst\u00e8me de lueur sous la voiture a \u00e9galement de nombreux modes de clignotement de couleur, parfait pour la synchronisation avec le rythme de la musique.COULEUR LUMINEUSE-La LED sous le syst\u00e8me de lueur de voiture allume des couleurs color\u00e9es pour donner un look \u00e9l\u00e9gant aux zones que vous voudrez peut-\u00eatre les mettre. M\u00eame s\u2019ils sont tr\u00e8s brillants, ils sont d\u2019excellents \u00e9conomiseurs d\u2019\u00e9nergie pour que vous n\u2019ayez pas \u00e0 vous soucier de la consommation d\u2019\u00e9nergie.Taille optinal:LUMI\u00c8RE DE BANDE DE 60cmX2 + 90cmx2 LEDLumi\u00e8re de bande de 90cmX2 + 120cmx2 LED120cmX2 + 150cmx2 LED BANDE LUMI\u00c8RE<\/p>","protected":false},"featured_media":61190,"comment_status":"open","ping_status":"closed","template":"","meta":[],"product_brand":[],"product_cat":[2458],"product_tag":[],"class_list":{"0":"post-61191","1":"product","2":"type-product","3":"status-publish","4":"has-post-thumbnail","6":"product_cat-accessoires-auto-moto","8":"first","9":"outofstock","10":"taxable","11":"shipping-taxable","12":"purchasable","13":"product-type-simple"},"jetpack_sharing_enabled":true,"_links":{"self":[{"href":"https:\/\/shoponlinedz.com\/en\/wp-json\/wp\/v2\/product\/61191","targetHints":{"allow":["GET"]}}],"collection":[{"href":"https:\/\/shoponlinedz.com\/en\/wp-json\/wp\/v2\/product"}],"about":[{"href":"https:\/\/shoponlinedz.com\/en\/wp-json\/wp\/v2\/types\/product"}],"replies":[{"embeddable":true,"href":"https:\/\/shoponlinedz.com\/en\/wp-json\/wp\/v2\/comments?post=61191"}],"version-history":[{"count":0,"href":"https:\/\/shoponlinedz.com\/en\/wp-json\/wp\/v2\/product\/61191\/revisions"}],"wp:featuredmedia":[{"embeddable":true,"href":"https:\/\/shoponlinedz.com\/en\/wp-json\/wp\/v2\/media\/61190"}],"wp:attachment":[{"href":"https:\/\/shoponlinedz.com\/en\/wp-json\/wp\/v2\/media?parent=61191"}],"wp:term":[{"taxonomy":"product_brand","embeddable":true,"href":"https:\/\/shoponlinedz.com\/en\/wp-json\/wp\/v2\/product_brand?post=61191"},{"taxonomy":"product_cat","embeddable":true,"href":"https:\/\/shoponlinedz.com\/en\/wp-json\/wp\/v2\/product_cat?post=61191"},{"taxonomy":"product_tag","embeddable":true,"href":"https:\/\/shoponlinedz.com\/en\/wp-json\/wp\/v2\/product_tag?post=61191"}],"curies":[{"name":"wp","href":"https:\/\/api.w.org\/{rel}","templated":true}]}}