{"id":61148,"date":"2026-01-06T18:00:29","date_gmt":"2026-01-06T18:00:29","guid":{"rendered":"https:\/\/shoponlinedz.com\/product\/brosse-double-face-pour-enlever-les-poils-danimaux-la-poussiere-et-les-peluches-vetements-meubles-canape-tapis-%d9%81%d8%b1%d8%b4%d8%a7%d8%a9-%d9%84%d8%a5%d8%b2%d8%a7%d9%84\/"},"modified":"2026-02-16T16:40:51","modified_gmt":"2026-02-16T15:40:51","slug":"brosse-double-face-pour-enlever-les-poils-danimaux-la-poussiere-et-les-peluches-vetements-meubles-canape-tapis-%d9%81%d8%b1%d8%b4%d8%a7%d8%a9-%d9%84%d8%a5%d8%b2%d8%a7%d9%84","status":"publish","type":"product","link":"https:\/\/shoponlinedz.com\/en\/product\/brosse-double-face-pour-enlever-les-poils-danimaux-la-poussiere-et-les-peluches-vetements-meubles-canape-tapis-%d9%81%d8%b1%d8%b4%d8%a7%d8%a9-%d9%84%d8%a5%d8%b2%d8%a7%d9%84\/","title":{"rendered":"Brosse double face pour enlever les poils d\u2019animaux, la poussi\u00e8re et les peluches, v\u00eatements, meubles, canap\u00e9, tapis \u2013 \u0641\u0631\u0634\u0627\u0629 \u0644\u0625\u0632\u0627\u0644\u0629 \u0634\u0639\u0631 \u0627\u0644\u062d\u064a\u0648\u0627\u0646\u0627\u062a \u0627\u0644\u0623\u0644\u064a\u0641\u0629 \u0648\u0627\u0644\u063a\u0628\u0627\u0631 \u0648\u0627\u0644\u0648\u0628\u0631"},"content":{"rendered":"<figure class=\"attachment attachment--preview\" data-trix-attachment=\"{&quot;contentType&quot;:&quot;image&quot;,&quot;height&quot;:1024,&quot;url&quot;:&quot;https:\/\/sawaqli.fra1.cdn.digitaloceanspaces.com\/13742\/71Hs4LQfuQL.jpg&quot;,&quot;width&quot;:1024}\" data-trix-content-type=\"image\"><img decoding=\"async\" class=\"aligncenter\" src=\"https:\/\/sawaqli.fra1.cdn.digitaloceanspaces.com\/13742\/71Hs4LQfuQL.jpg\" width=\"1024\" height=\"1024\" \/><figcaption class=\"attachment__caption\"><\/figcaption><\/figure>\n<figure class=\"attachment attachment--preview\" data-trix-attachment=\"{&quot;contentType&quot;:&quot;image&quot;,&quot;height&quot;:1024,&quot;url&quot;:&quot;https:\/\/sawaqli.fra1.cdn.digitaloceanspaces.com\/13743\/61cUAQVhtS._AC_SL1500_.jpg&quot;,&quot;width&quot;:1024}\" data-trix-content-type=\"image\"><img decoding=\"async\" class=\"aligncenter\" src=\"https:\/\/sawaqli.fra1.cdn.digitaloceanspaces.com\/13743\/61cUAQVhtS._AC_SL1500_.jpg\" width=\"1024\" height=\"1024\" \/><figcaption class=\"attachment__caption\"><\/figcaption><\/figure>\n<figure class=\"attachment attachment--preview\" data-trix-attachment=\"{&quot;contentType&quot;:&quot;image&quot;,&quot;height&quot;:1024,&quot;url&quot;:&quot;https:\/\/sawaqli.fra1.cdn.digitaloceanspaces.com\/13744\/61FKZrnWgL._SL1100_.jpg&quot;,&quot;width&quot;:1024}\" data-trix-content-type=\"image\"><img decoding=\"async\" class=\"aligncenter\" src=\"https:\/\/sawaqli.fra1.cdn.digitaloceanspaces.com\/13744\/61FKZrnWgL._SL1100_.jpg\" width=\"1024\" height=\"1024\" \/><figcaption class=\"attachment__caption\"><\/figcaption><\/figure>\n<figure class=\"attachment attachment--preview\" data-trix-attachment=\"{&quot;contentType&quot;:&quot;image&quot;,&quot;height&quot;:1024,&quot;url&quot;:&quot;https:\/\/sawaqli.fra1.cdn.digitaloceanspaces.com\/13745\/61gIukig3S._AC_SL1080_.jpg&quot;,&quot;width&quot;:1024}\" data-trix-content-type=\"image\"><img decoding=\"async\" class=\"aligncenter\" src=\"https:\/\/sawaqli.fra1.cdn.digitaloceanspaces.com\/13745\/61gIukig3S._AC_SL1080_.jpg\" width=\"1024\" height=\"1024\" \/><figcaption class=\"attachment__caption\"><\/figcaption><\/figure>\n<figure class=\"attachment attachment--preview\" data-trix-attachment=\"{&quot;contentType&quot;:&quot;image&quot;,&quot;height&quot;:1024,&quot;url&quot;:&quot;https:\/\/sawaqli.fra1.cdn.digitaloceanspaces.com\/13746\/61K882U8C5L._SL1100_.jpg&quot;,&quot;width&quot;:1024}\" data-trix-content-type=\"image\"><img decoding=\"async\" class=\"aligncenter\" src=\"https:\/\/sawaqli.fra1.cdn.digitaloceanspaces.com\/13746\/61K882U8C5L._SL1100_.jpg\" width=\"1024\" height=\"1024\" \/><figcaption class=\"attachment__caption\"><\/figcaption><\/figure>\n<p style=\"text-align: center;\">","protected":false},"excerpt":{"rendered":"<p>\u0641\u0631\u0634\u0627\u0629 \u0625\u0632\u0627\u0644\u0629 \u0634\u0639\u0631 \u0627\u0644\u062d\u064a\u0648\u0627\u0646\u0627\u062a \u0627\u0644\u0623\u0644\u064a\u0641\u0629 \u0645\u0639 \u0642\u0627\u0639\u062f\u0629 \u062a\u0646\u0638\u064a\u0641 \u0630\u0627\u062a\u064a\u0629\u0641\u0631\u0634\u0627\u0629 \u0645\u0632\u062f\u0648\u062c\u0629 \u0627\u0644\u0648\u062c\u0647 \u0639\u0631\u064a\u0636\u0629 \u062a\u0632\u064a\u0644 \u0627\u0644\u0634\u0639\u0631 \u0648\u0627\u0644\u0648\u0628\u0631 \u0628\u0633\u0631\u0639\u0629 \u0645\u0636\u0627\u0639\u0641\u0629 \u0645\u0642\u0627\u0631\u0646\u0629 \u0628\u0627\u0644\u0641\u0631\u0634 \u0627\u0644\u062a\u0642\u0644\u064a\u062f\u064a\u0629.\u0642\u0627\u0639\u062f\u0629 \u062a\u0646\u0638\u064a\u0641 \u0630\u0627\u062a\u064a\u0629 \u062a\u0632\u064a\u0644 \u0627\u0644\u0634\u0639\u0631 \u0645\u0646 \u0627\u0644\u0641\u0631\u0634\u0627\u0629 \u0628\u0633\u0647\u0648\u0644\u0629.\u0644\u0627 \u062d\u0627\u062c\u0629 \u0644\u0625\u0639\u0627\u062f\u0629 \u0627\u0644\u062a\u0639\u0628\u0626\u0629\u060c \u0648\u0644\u0627 \u062a\u0648\u062c\u062f \u0628\u0642\u0627\u064a\u0627 \u0644\u0627\u0635\u0642\u0629 \u0623\u0648 \u0641\u0648\u0636\u0649.\u0642\u0627\u0639\u062f\u0629 \u0648\u0641\u0631\u0634\u0627\u0629 \u0635\u063a\u064a\u0631\u0629 \u0645\u0631\u0641\u0642\u0629 \u0644\u0644\u0627\u0633\u062a\u062e\u062f\u0627\u0645 \u0623\u062b\u0646\u0627\u0621 \u0627\u0644\u0633\u0641\u0631.\u0645\u0646\u0627\u0633\u0628\u0629 \u0644\u062a\u0646\u0638\u064a\u0641 \u0627\u0644\u0623\u0631\u0627\u0626\u0643 \u0648\u0627\u0644\u0623\u062b\u0627\u062b \u0627\u0644\u0645\u0646\u0632\u0644\u064a \u0645\u0646 \u0634\u0639\u0631 \u0627\u0644\u062d\u064a\u0648\u0627\u0646\u0627\u062a \u0627\u0644\u0623\u0644\u064a\u0641\u0629.<\/p>","protected":false},"featured_media":61147,"comment_status":"open","ping_status":"closed","template":"","meta":[],"product_brand":[],"product_cat":[2461],"product_tag":[],"class_list":{"0":"post-61148","1":"product","2":"type-product","3":"status-publish","4":"has-post-thumbnail","6":"product_cat-divers","8":"first","9":"instock","10":"taxable","11":"shipping-taxable","12":"purchasable","13":"product-type-simple"},"jetpack_sharing_enabled":true,"_links":{"self":[{"href":"https:\/\/shoponlinedz.com\/en\/wp-json\/wp\/v2\/product\/61148","targetHints":{"allow":["GET"]}}],"collection":[{"href":"https:\/\/shoponlinedz.com\/en\/wp-json\/wp\/v2\/product"}],"about":[{"href":"https:\/\/shoponlinedz.com\/en\/wp-json\/wp\/v2\/types\/product"}],"replies":[{"embeddable":true,"href":"https:\/\/shoponlinedz.com\/en\/wp-json\/wp\/v2\/comments?post=61148"}],"version-history":[{"count":0,"href":"https:\/\/shoponlinedz.com\/en\/wp-json\/wp\/v2\/product\/61148\/revisions"}],"wp:featuredmedia":[{"embeddable":true,"href":"https:\/\/shoponlinedz.com\/en\/wp-json\/wp\/v2\/media\/61147"}],"wp:attachment":[{"href":"https:\/\/shoponlinedz.com\/en\/wp-json\/wp\/v2\/media?parent=61148"}],"wp:term":[{"taxonomy":"product_brand","embeddable":true,"href":"https:\/\/shoponlinedz.com\/en\/wp-json\/wp\/v2\/product_brand?post=61148"},{"taxonomy":"product_cat","embeddable":true,"href":"https:\/\/shoponlinedz.com\/en\/wp-json\/wp\/v2\/product_cat?post=61148"},{"taxonomy":"product_tag","embeddable":true,"href":"https:\/\/shoponlinedz.com\/en\/wp-json\/wp\/v2\/product_tag?post=61148"}],"curies":[{"name":"wp","href":"https:\/\/api.w.org\/{rel}","templated":true}]}}