{"id":61040,"date":"2026-01-06T17:56:07","date_gmt":"2026-01-06T17:56:07","guid":{"rendered":"https:\/\/shoponlinedz.com\/product\/tire-lait-electrique-integre-mains-libres-pour-allaitement-4-modes-et-12-reglables-faible-bruit-my-374\/"},"modified":"2026-02-16T16:40:52","modified_gmt":"2026-02-16T15:40:52","slug":"tire-lait-electrique-integre-mains-libres-pour-allaitement-4-modes-et-12-reglables-faible-bruit-my-374","status":"publish","type":"product","link":"https:\/\/shoponlinedz.com\/en\/product\/tire-lait-electrique-integre-mains-libres-pour-allaitement-4-modes-et-12-reglables-faible-bruit-my-374\/","title":{"rendered":"Tire-lait \u00c9lectrique Int\u00e9gr\u00e9 Mains Libres pour Allaitement, 4 Modes et 12 R\u00e9glables, Faible Bruit MY-374"},"content":{"rendered":"<figure class=\"attachment attachment--preview\" data-trix-attachment=\"{&quot;contentType&quot;:&quot;image&quot;,&quot;height&quot;:1024,&quot;url&quot;:&quot;https:\/\/sawaqli.fra1.cdn.digitaloceanspaces.com\/14180\/MY-374-8745.jpg&quot;,&quot;width&quot;:1024}\" data-trix-content-type=\"image\"><img decoding=\"async\" class=\"aligncenter\" src=\"https:\/\/sawaqli.fra1.cdn.digitaloceanspaces.com\/14180\/MY-374-8745.jpg\" width=\"1024\" height=\"1024\" \/><figcaption class=\"attachment__caption\"><\/figcaption><\/figure>\n<figure class=\"attachment attachment--preview\" data-trix-attachment=\"{&quot;contentType&quot;:&quot;image&quot;,&quot;height&quot;:1024,&quot;url&quot;:&quot;https:\/\/sawaqli.fra1.cdn.digitaloceanspaces.com\/14181\/MY-374-Tire-lait-Electrique4.jpg&quot;,&quot;width&quot;:1024}\" data-trix-content-type=\"image\"><img decoding=\"async\" class=\"aligncenter\" src=\"https:\/\/sawaqli.fra1.cdn.digitaloceanspaces.com\/14181\/MY-374-Tire-lait-Electrique4.jpg\" width=\"1024\" height=\"1024\" \/><figcaption class=\"attachment__caption\"><\/figcaption><\/figure>\n<figure class=\"attachment attachment--preview\" data-trix-attachment=\"{&quot;contentType&quot;:&quot;image&quot;,&quot;height&quot;:1024,&quot;url&quot;:&quot;https:\/\/sawaqli.fra1.cdn.digitaloceanspaces.com\/14182\/MY-374-Tire-lait-Electrique8.jpg&quot;,&quot;width&quot;:1024}\" data-trix-content-type=\"image\"><img decoding=\"async\" class=\"aligncenter\" src=\"https:\/\/sawaqli.fra1.cdn.digitaloceanspaces.com\/14182\/MY-374-Tire-lait-Electrique8.jpg\" width=\"1024\" height=\"1024\" \/><figcaption class=\"attachment__caption\"><\/figcaption><\/figure>\n<figure class=\"attachment attachment--preview\" data-trix-attachment=\"{&quot;contentType&quot;:&quot;image&quot;,&quot;height&quot;:1024,&quot;url&quot;:&quot;https:\/\/sawaqli.fra1.cdn.digitaloceanspaces.com\/14183\/MY-374-Tire-lait-Electrique3.jpg&quot;,&quot;width&quot;:1024}\" data-trix-content-type=\"image\"><img decoding=\"async\" class=\"aligncenter\" src=\"https:\/\/sawaqli.fra1.cdn.digitaloceanspaces.com\/14183\/MY-374-Tire-lait-Electrique3.jpg\" width=\"1024\" height=\"1024\" \/><figcaption class=\"attachment__caption\"><\/figcaption><\/figure>\n<figure class=\"attachment attachment--preview\" data-trix-attachment=\"{&quot;contentType&quot;:&quot;image&quot;,&quot;height&quot;:1024,&quot;url&quot;:&quot;https:\/\/sawaqli.fra1.cdn.digitaloceanspaces.com\/14184\/MY-374-Tire-lait-Electrique2.jpg&quot;,&quot;width&quot;:1024}\" data-trix-content-type=\"image\"><img decoding=\"async\" class=\"aligncenter\" src=\"https:\/\/sawaqli.fra1.cdn.digitaloceanspaces.com\/14184\/MY-374-Tire-lait-Electrique2.jpg\" width=\"1024\" height=\"1024\" \/><figcaption class=\"attachment__caption\"><\/figcaption><\/figure>\n<p style=\"text-align: center;\">","protected":false},"excerpt":{"rendered":"<p>\u0634\u0641\u0627\u0637 \u062d\u0644\u064a\u0628 \u0643\u0647\u0631\u0628\u0627\u0626\u064a \u0645\u062f\u0645\u062c \u2013 \u062a\u0635\u0645\u064a\u0645 \u0639\u0645\u0644\u064a \u0644\u0644\u0623\u0645\u0647\u0627\u062a4 \u0623\u0648\u0636\u0627\u0639 \u064812 \u0645\u0633\u062a\u0648\u0649 \u0634\u0641\u0637: \u0645\u062d\u0627\u0643\u0627\u0629 \u0637\u0628\u064a\u0639\u064a\u0629 \u0644\u0631\u0636\u0627\u0639\u0629 \u0627\u0644\u0637\u0641\u0644.\u062a\u0635\u0645\u064a\u0645 \u0645\u0627\u0646\u0639 \u0644\u0644\u0627\u0631\u062a\u062c\u0627\u0639: \u064a\u0645\u0646\u0639 \u062a\u0644\u0648\u062b \u0627\u0644\u062d\u0644\u064a\u0628 \u0648\u064a\u062d\u0645\u064a \u0627\u0644\u0645\u062d\u0631\u0643.\u0645\u0648\u0627\u062f \u0639\u0627\u0644\u064a\u0629 \u0627\u0644\u062c\u0648\u062f\u0629: PP + \u0633\u064a\u0644\u064a\u0643\u0648\u0646\u060c \u0628\u062f\u0648\u0646 BPA\u060c \u0645\u0642\u0627\u0648\u0645\u0629 \u0644\u0644\u062d\u0631\u0627\u0631\u0629.\u0628\u0637\u0627\u0631\u064a\u0629 \u0645\u062f\u0645\u062c\u0629 + \u0634\u062d\u0646 USB: \u0647\u0627\u062f\u0626 \u0648\u0644\u0627 \u064a\u0632\u0639\u062c \u0627\u0644\u0637\u0641\u0644.\u0627\u0644\u0645\u0648\u0627\u0635\u0641\u0627\u062a:\u0627\u0644\u0633\u0639\u0629: \u200e150ml\u200e | \u0627\u0644\u0628\u0637\u0627\u0631\u064a\u0629: \u200e1100mAh\u200e\u0627\u0644\u062c\u0647\u062f: \u200e5V\u200e | \u062f\u0631\u062c\u0629 \u0627\u0644\u062a\u0634\u063a\u064a\u0644: \u200e5-30\u00b0C\u200e\u0645\u062d\u062a\u0648\u064a\u0627\u062a \u0627\u0644\u0639\u0628\u0648\u0629: \u0634\u0641\u0627\u0637 + \u0642\u0627\u0639\u062f\u0629 + \u0632\u062c\u0627\u062c\u0629 + \u0645\u0644\u062d\u0642\u0627\u062a \u0643\u0627\u0645\u0644\u0629 \u0644\u0644\u0634\u062d\u0646 \u0648\u0627\u0644\u0627\u0633\u062a\u062e\u062f\u0627\u0645.<\/p>","protected":false},"featured_media":61039,"comment_status":"open","ping_status":"closed","template":"","meta":[],"product_brand":[],"product_cat":[2467],"product_tag":[],"class_list":{"0":"post-61040","1":"product","2":"type-product","3":"status-publish","4":"has-post-thumbnail","6":"product_cat-maternite","8":"first","9":"instock","10":"taxable","11":"shipping-taxable","12":"purchasable","13":"product-type-simple"},"jetpack_sharing_enabled":true,"_links":{"self":[{"href":"https:\/\/shoponlinedz.com\/en\/wp-json\/wp\/v2\/product\/61040","targetHints":{"allow":["GET"]}}],"collection":[{"href":"https:\/\/shoponlinedz.com\/en\/wp-json\/wp\/v2\/product"}],"about":[{"href":"https:\/\/shoponlinedz.com\/en\/wp-json\/wp\/v2\/types\/product"}],"replies":[{"embeddable":true,"href":"https:\/\/shoponlinedz.com\/en\/wp-json\/wp\/v2\/comments?post=61040"}],"version-history":[{"count":0,"href":"https:\/\/shoponlinedz.com\/en\/wp-json\/wp\/v2\/product\/61040\/revisions"}],"wp:featuredmedia":[{"embeddable":true,"href":"https:\/\/shoponlinedz.com\/en\/wp-json\/wp\/v2\/media\/61039"}],"wp:attachment":[{"href":"https:\/\/shoponlinedz.com\/en\/wp-json\/wp\/v2\/media?parent=61040"}],"wp:term":[{"taxonomy":"product_brand","embeddable":true,"href":"https:\/\/shoponlinedz.com\/en\/wp-json\/wp\/v2\/product_brand?post=61040"},{"taxonomy":"product_cat","embeddable":true,"href":"https:\/\/shoponlinedz.com\/en\/wp-json\/wp\/v2\/product_cat?post=61040"},{"taxonomy":"product_tag","embeddable":true,"href":"https:\/\/shoponlinedz.com\/en\/wp-json\/wp\/v2\/product_tag?post=61040"}],"curies":[{"name":"wp","href":"https:\/\/api.w.org\/{rel}","templated":true}]}}