{"id":61032,"date":"2026-01-06T17:55:45","date_gmt":"2026-01-06T17:55:45","guid":{"rendered":"https:\/\/shoponlinedz.com\/product\/loupe-frontale-avec-4-lentilles-detachables-pour-la-lecture-et-la-reparation-electronique-%d9%86%d8%b8%d8%a7%d8%b1%d8%a7%d8%aa-%d8%aa%d9%83%d8%a8%d9%8a%d8%b1-%d9%85%d8%b9-4-%d8%b9%d8%af\/"},"modified":"2026-02-16T16:40:52","modified_gmt":"2026-02-16T15:40:52","slug":"loupe-frontale-avec-4-lentilles-detachables-pour-la-lecture-et-la-reparation-electronique-%d9%86%d8%b8%d8%a7%d8%b1%d8%a7%d8%aa-%d8%aa%d9%83%d8%a8%d9%8a%d8%b1-%d9%85%d8%b9-4-%d8%b9%d8%af","status":"publish","type":"product","link":"https:\/\/shoponlinedz.com\/en\/product\/loupe-frontale-avec-4-lentilles-detachables-pour-la-lecture-et-la-reparation-electronique-%d9%86%d8%b8%d8%a7%d8%b1%d8%a7%d8%aa-%d8%aa%d9%83%d8%a8%d9%8a%d8%b1-%d9%85%d8%b9-4-%d8%b9%d8%af\/","title":{"rendered":"Loupe frontale avec 4 lentilles d\u00e9tachables pour la lecture et la r\u00e9paration \u00e9lectronique \u2013 \u0646\u0638\u0627\u0631\u0627\u062a \u062a\u0643\u0628\u064a\u0631 \u0645\u0639 4 \u0639\u062f\u0633\u0627\u062a \u0642\u0627\u0628\u0644\u0629 \u0644\u0644\u0641\u0635\u0644"},"content":{"rendered":"<figure class=\"attachment attachment--preview\" data-trix-attachment=\"{&quot;contentType&quot;:&quot;image&quot;,&quot;height&quot;:1024,&quot;url&quot;:&quot;https:\/\/sawaqli.fra1.cdn.digitaloceanspaces.com\/55422\/lunette-zoom-cnc.jpg&quot;,&quot;width&quot;:1024}\" data-trix-content-type=\"image\"><img decoding=\"async\" class=\"aligncenter\" src=\"https:\/\/sawaqli.fra1.cdn.digitaloceanspaces.com\/55422\/lunette-zoom-cnc.jpg\" width=\"1024\" height=\"1024\" \/><figcaption class=\"attachment__caption\"><\/figcaption><\/figure>\n<figure class=\"attachment attachment--preview\" data-trix-attachment=\"{&quot;contentType&quot;:&quot;image&quot;,&quot;height&quot;:1024,&quot;url&quot;:&quot;https:\/\/sawaqli.fra1.cdn.digitaloceanspaces.com\/55421\/lunette-zoom-2.jpg&quot;,&quot;width&quot;:1024}\" data-trix-content-type=\"image\"><img decoding=\"async\" class=\"aligncenter\" src=\"https:\/\/sawaqli.fra1.cdn.digitaloceanspaces.com\/55421\/lunette-zoom-2.jpg\" width=\"1024\" height=\"1024\" \/><figcaption class=\"attachment__caption\"><\/figcaption><\/figure>\n<figure class=\"attachment attachment--preview\" data-trix-attachment=\"{&quot;contentType&quot;:&quot;image&quot;,&quot;height&quot;:1024,&quot;url&quot;:&quot;https:\/\/sawaqli.fra1.cdn.digitaloceanspaces.com\/55420\/lunette-zoom-6.jpg&quot;,&quot;width&quot;:1024}\" data-trix-content-type=\"image\"><img decoding=\"async\" class=\"aligncenter\" src=\"https:\/\/sawaqli.fra1.cdn.digitaloceanspaces.com\/55420\/lunette-zoom-6.jpg\" width=\"1024\" height=\"1024\" \/><figcaption class=\"attachment__caption\"><\/figcaption><\/figure>\n<figure class=\"attachment attachment--preview\" data-trix-attachment=\"{&quot;contentType&quot;:&quot;image&quot;,&quot;height&quot;:1024,&quot;url&quot;:&quot;https:\/\/sawaqli.fra1.cdn.digitaloceanspaces.com\/55416\/lunette-zoom-1.jpg&quot;,&quot;width&quot;:1024}\" data-trix-content-type=\"image\"><img decoding=\"async\" class=\"aligncenter\" src=\"https:\/\/sawaqli.fra1.cdn.digitaloceanspaces.com\/55416\/lunette-zoom-1.jpg\" width=\"1024\" height=\"1024\" \/><figcaption class=\"attachment__caption\"><\/figcaption><\/figure>\n<figure class=\"attachment attachment--preview\" data-trix-attachment=\"{&quot;contentType&quot;:&quot;image&quot;,&quot;height&quot;:1024,&quot;url&quot;:&quot;https:\/\/sawaqli.fra1.cdn.digitaloceanspaces.com\/55418\/lunette-zoom-7.jpg&quot;,&quot;width&quot;:1024}\" data-trix-content-type=\"image\"><img decoding=\"async\" class=\"aligncenter\" src=\"https:\/\/sawaqli.fra1.cdn.digitaloceanspaces.com\/55418\/lunette-zoom-7.jpg\" width=\"1024\" height=\"1024\" \/><figcaption class=\"attachment__caption\"><\/figcaption><\/figure>\n<p style=\"text-align: center\">","protected":false},"excerpt":{"rendered":"<p>\ud83d\udd0d \u0639\u062f\u0633\u0629 \u0631\u0623\u0633 \u0645\u0643\u0628\u0631\u0629 \u0645\u0639 \u0625\u0636\u0627\u0621\u0629 LED\u2728 \u0627\u0644\u062e\u0635\u0627\u0626\u0635 :\u0639\u062f\u0633\u0629 \u0623\u0645\u0627\u0645\u064a\u0629 \u0642\u0627\u0628\u0644\u0629 \u0644\u0644\u062a\u0639\u062f\u064a\u0644.\u062a\u062d\u062a\u0648\u064a \u0639\u0644\u0649 4 \u0639\u062f\u0633\u0627\u062a \u0642\u0627\u0628\u0644\u0629 \u0644\u0644\u0641\u0643 \u0628\u0623\u062d\u062c\u0627\u0645 \u062a\u0643\u0628\u064a\u0631 \u0645\u062e\u062a\u0644\u0641\u0629.\u0625\u0645\u0643\u0627\u0646\u064a\u0629 \u062a\u062d\u0631\u064a\u0643 \u0627\u0644\u062f\u0639\u0627\u0645\u0629 \u0644\u0644\u0623\u0639\u0644\u0649 \u0623\u0648 \u0627\u0644\u0623\u0633\u0641\u0644 \u0628\u0632\u0627\u0648\u064a\u0629 45\u00b0\u060c \u0648\u062a\u062d\u0631\u064a\u0643 \u0627\u0644\u0636\u0648\u0621 \u064a\u0645\u064a\u0646\u064b\u0627 \u0623\u0648 \u064a\u0633\u0627\u0631\u064b\u0627 \u0628\u0632\u0627\u0648\u064a\u0629 25\u00b0.\u062a\u0639\u0645\u0644 \u0628\u0628\u0637\u0627\u0631\u064a\u062a\u064a\u0646 \u0635\u063a\u064a\u0631\u062a\u064a\u0646 AAA \u0631\u0642\u0645 7 \u0633\u0647\u0644\u0629 \u0627\u0644\u062a\u0628\u062f\u064a\u0644.\u0645\u062b\u0627\u0644\u064a\u0629 \u0644\u0644\u0642\u0631\u0627\u0621\u0629 \u0648\u0627\u0644\u0623\u0639\u0645\u0627\u0644 \u0627\u0644\u062f\u0642\u064a\u0642\u0629 \u0645\u062b\u0644 \u0627\u0644\u062a\u0635\u0644\u064a\u062d\u0627\u062a\u060c \u0627\u0644\u0623\u0634\u063a\u0627\u0644 \u0627\u0644\u064a\u062f\u0648\u064a\u0629\u060c \u0623\u0648 \u0627\u0644\u0625\u0644\u0643\u062a\u0631\u0648\u0646\u064a\u0627\u062a.\u0645\u0646\u0627\u0633\u0628\u0629 \u0644\u062c\u0645\u064a\u0639 \u0645\u0642\u0627\u0633\u0627\u062a \u0627\u0644\u0631\u0623\u0633.\u2699\ufe0f \u0627\u0644\u0645\u0648\u0627\u0635\u0641\u0627\u062a \u0627\u0644\u062a\u0642\u0646\u064a\u0629 :\u062a\u0643\u0628\u064a\u0631 \u0627\u0644\u0639\u062f\u0633\u0627\u062a : 1.2X \u2013 1.8X \u2013 2.5X \u2013 3.5X\u0625\u0636\u0627\u0621\u0629 LED : \u0642\u0637\u0639\u062a\u0627\u0646\u0645\u0635\u062f\u0631 \u0627\u0644\u0637\u0627\u0642\u0629 : 2 \u0628\u0637\u0627\u0631\u064a\u0627\u062a AAA \u0631\u0642\u0645 7\u0645\u062d\u064a\u0637 \u0627\u0644\u0631\u0623\u0633 : \u0642\u0627\u0628\u0644 \u0644\u0644\u062a\u0639\u062f\u064a\u0644\u0645\u0627\u062f\u0629 \u0627\u0644\u0639\u062f\u0633\u0627\u062a : \u0623\u0643\u0631\u064a\u0644\u064a\u0643 \u0639\u0627\u0644\u064a \u0627\u0644\u062c\u0648\u062f\u0629\u0645\u0627\u062f\u0629 \u0627\u0644\u0625\u0637\u0627\u0631 : \u0628\u0644\u0627\u0633\u062a\u064a\u0643 \u0635\u062f\u064a\u0642 \u0644\u0644\u0628\u064a\u0626\u0629\u0627\u0644\u0644\u0648\u0646 : \u0623\u0633\u0648\u062f\ud83d\udce6 \u0645\u062d\u062a\u0648\u0649 \u0627\u0644\u0639\u0644\u0628\u0629 :1 \u0639\u062f\u0633\u0629 \u0631\u0623\u0633 \u0645\u0643\u0628\u0631\u0629 \u0628\u0625\u0636\u0627\u0621\u0629 LED4 \u0639\u062f\u0633\u0627\u062a \u062a\u0643\u0628\u064a\u0631 (1.2X \u2013 1.8X \u2013 2.5X \u2013 3.5X)1 \u062f\u0644\u064a\u0644 \u0627\u0633\u062a\u062e\u062f\u0627\u0645\ud83d\udc49 \u0647\u0630\u0647 \u0627\u0644\u0623\u062f\u0627\u0629 \u0645\u062b\u0627\u0644\u064a\u0629 \u0644\u0644\u0637\u0644\u0627\u0628\u060c \u0627\u0644\u062d\u0631\u0641\u064a\u064a\u0646\u060c \u0627\u0644\u062a\u0642\u0646\u064a\u064a\u0646\u060c \u0648\u0635\u0627\u0646\u0639\u064a \u0627\u0644\u0645\u062c\u0648\u0647\u0631\u0627\u062a\u2026 \u0623\u064a \u0634\u062e\u0635 \u064a\u062d\u062a\u0627\u062c \u0631\u0624\u064a\u0629 \u0623\u0648\u0636\u062d \u0641\u064a \u0627\u0644\u062a\u0641\u0627\u0635\u064a\u0644 \u0627\u0644\u062f\u0642\u064a\u0642\u0629 \ud83d\udc4c<\/p>","protected":false},"featured_media":61031,"comment_status":"open","ping_status":"closed","template":"","meta":[],"product_brand":[],"product_cat":[2466],"product_tag":[],"class_list":{"0":"post-61032","1":"product","2":"type-product","3":"status-publish","4":"has-post-thumbnail","6":"product_cat-outillage-et-bricolage","8":"first","9":"outofstock","10":"taxable","11":"shipping-taxable","12":"purchasable","13":"product-type-simple"},"jetpack_sharing_enabled":true,"_links":{"self":[{"href":"https:\/\/shoponlinedz.com\/en\/wp-json\/wp\/v2\/product\/61032","targetHints":{"allow":["GET"]}}],"collection":[{"href":"https:\/\/shoponlinedz.com\/en\/wp-json\/wp\/v2\/product"}],"about":[{"href":"https:\/\/shoponlinedz.com\/en\/wp-json\/wp\/v2\/types\/product"}],"replies":[{"embeddable":true,"href":"https:\/\/shoponlinedz.com\/en\/wp-json\/wp\/v2\/comments?post=61032"}],"version-history":[{"count":0,"href":"https:\/\/shoponlinedz.com\/en\/wp-json\/wp\/v2\/product\/61032\/revisions"}],"wp:featuredmedia":[{"embeddable":true,"href":"https:\/\/shoponlinedz.com\/en\/wp-json\/wp\/v2\/media\/61031"}],"wp:attachment":[{"href":"https:\/\/shoponlinedz.com\/en\/wp-json\/wp\/v2\/media?parent=61032"}],"wp:term":[{"taxonomy":"product_brand","embeddable":true,"href":"https:\/\/shoponlinedz.com\/en\/wp-json\/wp\/v2\/product_brand?post=61032"},{"taxonomy":"product_cat","embeddable":true,"href":"https:\/\/shoponlinedz.com\/en\/wp-json\/wp\/v2\/product_cat?post=61032"},{"taxonomy":"product_tag","embeddable":true,"href":"https:\/\/shoponlinedz.com\/en\/wp-json\/wp\/v2\/product_tag?post=61032"}],"curies":[{"name":"wp","href":"https:\/\/api.w.org\/{rel}","templated":true}]}}