{"id":60998,"date":"2026-01-06T17:54:13","date_gmt":"2026-01-06T17:54:13","guid":{"rendered":"https:\/\/shoponlinedz.com\/product\/repulsif-pour-animeux-capteur-de-mouvement-a-energie-solaire-alarme-sonore-et-lumineuse-6-led-%d9%85%d8%b3%d8%aa%d8%b4%d8%b9%d8%b1-%d8%ad%d8%b1%d9%83%d8%a9-%d9%8a%d8%b9%d9%85%d9%84-%d8%a8%d8%a7\/"},"modified":"2026-02-16T16:40:53","modified_gmt":"2026-02-16T15:40:53","slug":"repulsif-pour-animeux-capteur-de-mouvement-a-energie-solaire-alarme-sonore-et-lumineuse-6-led-%d9%85%d8%b3%d8%aa%d8%b4%d8%b9%d8%b1-%d8%ad%d8%b1%d9%83%d8%a9-%d9%8a%d8%b9%d9%85%d9%84-%d8%a8%d8%a7","status":"publish","type":"product","link":"https:\/\/shoponlinedz.com\/en\/product\/repulsif-pour-animeux-capteur-de-mouvement-a-energie-solaire-alarme-sonore-et-lumineuse-6-led-%d9%85%d8%b3%d8%aa%d8%b4%d8%b9%d8%b1-%d8%ad%d8%b1%d9%83%d8%a9-%d9%8a%d8%b9%d9%85%d9%84-%d8%a8%d8%a7\/","title":{"rendered":"R\u00e9pulsif pour animeux Capteur de mouvement \u00e0 \u00e9nergie solaire, alarme sonore et lumineuse 6 LED &#8211; \u0645\u0633\u062a\u0634\u0639\u0631 \u062d\u0631\u0643\u0629 \u064a\u0639\u0645\u0644 \u0628\u0627\u0644\u0637\u0627\u0642\u0629 \u0627\u0644\u0634\u0645\u0633\u064a\u0629 \u0644\u0637\u0627\u0631\u062f \u0627\u0644\u062d\u064a\u0648\u0627\u0646\u0627\u062a"},"content":{"rendered":"<figure class=\"attachment attachment--preview\" data-trix-attachment=\"{&quot;contentType&quot;:&quot;image&quot;,&quot;height&quot;:1024,&quot;url&quot;:&quot;https:\/\/sawaqli.fra1.cdn.digitaloceanspaces.com\/14376\/Repulsif-a-energie-solaire-pour-animaux1.jpg&quot;,&quot;width&quot;:1024}\" data-trix-content-type=\"image\"><img decoding=\"async\" class=\"aligncenter\" src=\"https:\/\/sawaqli.fra1.cdn.digitaloceanspaces.com\/14376\/Repulsif-a-energie-solaire-pour-animaux1.jpg\" width=\"1024\" height=\"1024\" \/><figcaption class=\"attachment__caption\"><\/figcaption><\/figure>\n<figure class=\"attachment attachment--preview\" data-trix-attachment=\"{&quot;contentType&quot;:&quot;image&quot;,&quot;height&quot;:1024,&quot;url&quot;:&quot;https:\/\/sawaqli.fra1.cdn.digitaloceanspaces.com\/14377\/Repulsif-a-energie-solaire-pour-animaux12.png&quot;,&quot;width&quot;:1024}\" data-trix-content-type=\"image\"><img decoding=\"async\" class=\"aligncenter\" src=\"https:\/\/sawaqli.fra1.cdn.digitaloceanspaces.com\/14377\/Repulsif-a-energie-solaire-pour-animaux12.png\" width=\"1024\" height=\"1024\" \/><figcaption class=\"attachment__caption\"><\/figcaption><\/figure>\n<figure class=\"attachment attachment--preview\" data-trix-attachment=\"{&quot;contentType&quot;:&quot;image&quot;,&quot;height&quot;:1024,&quot;url&quot;:&quot;https:\/\/sawaqli.fra1.cdn.digitaloceanspaces.com\/14378\/51ScqbkzRL._AC_.jpg&quot;,&quot;width&quot;:1024}\" data-trix-content-type=\"image\"><img decoding=\"async\" class=\"aligncenter\" src=\"https:\/\/sawaqli.fra1.cdn.digitaloceanspaces.com\/14378\/51ScqbkzRL._AC_.jpg\" width=\"1024\" height=\"1024\" \/><figcaption class=\"attachment__caption\"><\/figcaption><\/figure>\n<figure class=\"attachment attachment--preview\" data-trix-attachment=\"{&quot;contentType&quot;:&quot;image&quot;,&quot;height&quot;:1024,&quot;url&quot;:&quot;https:\/\/sawaqli.fra1.cdn.digitaloceanspaces.com\/14379\/WhatsApp-Image-2024-01-23-at-1.03.40-PM-2.jpeg&quot;,&quot;width&quot;:1024}\" data-trix-content-type=\"image\"><img decoding=\"async\" class=\"aligncenter\" src=\"https:\/\/sawaqli.fra1.cdn.digitaloceanspaces.com\/14379\/WhatsApp-Image-2024-01-23-at-1.03.40-PM-2.jpeg\" width=\"1024\" height=\"1024\" \/><figcaption class=\"attachment__caption\"><\/figcaption><\/figure>\n<figure class=\"attachment attachment--preview\" data-trix-attachment=\"{&quot;contentType&quot;:&quot;image&quot;,&quot;height&quot;:1024,&quot;url&quot;:&quot;https:\/\/sawaqli.fra1.cdn.digitaloceanspaces.com\/14380\/Repulsif-a-energie-solaire-pour-animaux1874kjd.jpg&quot;,&quot;width&quot;:1024}\" data-trix-content-type=\"image\"><img decoding=\"async\" class=\"aligncenter\" src=\"https:\/\/sawaqli.fra1.cdn.digitaloceanspaces.com\/14380\/Repulsif-a-energie-solaire-pour-animaux1874kjd.jpg\" width=\"1024\" height=\"1024\" \/><figcaption class=\"attachment__caption\"><\/figcaption><\/figure>\n<p style=\"text-align: center;\">","protected":false},"excerpt":{"rendered":"<p>\u062c\u0647\u0627\u0632 \u0625\u0646\u0630\u0627\u0631 \u0628\u062d\u0633\u0627\u0633 \u062d\u0631\u0643\u0629 \u064a\u0639\u0645\u0644 \u0628\u0627\u0644\u0637\u0627\u0642\u0629 \u0627\u0644\u0634\u0645\u0633\u064a\u0629 \u0645\u0639 \u062a\u062d\u0643\u0645 \u0639\u0646 \u0628\u0639\u062f\u0625\u0646\u0630\u0627\u0631 \u0642\u0648\u064a: \u0635\u0641\u0627\u0631\u0629 \u062a\u0635\u0644 \u062d\u062a\u0649 130 \u062f\u064a\u0633\u064a\u0628\u0644 \u0645\u0639 \u0636\u0648\u0621 LED \u0623\u062d\u0645\u0631 \u0648\u0627\u0645\u0636 (6 \u0644\u0645\u0628\u0627\u062a) \u0644\u0631\u062f\u0639 \u0627\u0644\u0645\u062a\u0633\u0644\u0644\u064a\u0646.\u062a\u062e\u0635\u064a\u0635 \u0635\u0648\u062a \u0627\u0644\u062a\u0646\u0628\u064a\u0647: \u064a\u062f\u0639\u0645 \u062a\u0633\u062c\u064a\u0644 \u0635\u0648\u062a \u0645\u062e\u0635\u0635 \u0644\u0645\u062f\u0629 20 \u062b\u0627\u0646\u064a\u0629 \u0648\u062a\u0634\u063a\u064a\u0644\u0647 \u0645\u0631\u062a\u064a\u0646\u060c \u0645\u0639 13 \u0646\u063a\u0645\u0629 \u0627\u0641\u062a\u0631\u0627\u0636\u064a\u0629.\u0634\u062d\u0646 \u0645\u0632\u062f\u0648\u062c: \u0634\u062d\u0646 \u0634\u0645\u0633\u064a \u0623\u0648 USB \u0644\u0636\u0645\u0627\u0646 \u0627\u0644\u0639\u0645\u0644 \u0627\u0644\u0645\u0633\u062a\u0645\u0631 \u0641\u064a \u0627\u0644\u0623\u064a\u0627\u0645 \u0627\u0644\u0645\u0645\u0637\u0631\u0629\u060c \u0645\u0639 \u0645\u0633\u062a\u0634\u0639\u0631 \u062d\u0631\u0643\u0629 \u0628\u0632\u0627\u0648\u064a\u0629 360\u00b0 \u064a\u0645\u0646\u0639 \u0627\u0642\u062a\u0631\u0627\u0628 \u0627\u0644\u062d\u064a\u0648\u0627\u0646\u0627\u062a \u0623\u0648 \u0627\u0644\u0623\u0634\u062e\u0627\u0635 \u0645\u0646 \u0645\u0645\u062a\u0644\u0643\u0627\u062a\u0643.\u062a\u062d\u0643\u0645 \u0639\u0646 \u0628\u0639\u062f: \u062a\u063a\u064a\u064a\u0631 \u0623\u0648\u0636\u0627\u0639 \u0627\u0644\u062a\u0646\u0628\u064a\u0647 \u0648\u062a\u0634\u063a\u064a\u0644 14 \u0646\u063a\u0645\u0629 \u0628\u0627\u0633\u062a\u062e\u062f\u0627\u0645 \u0631\u064a\u0645\u0648\u062a IR \u062d\u062a\u0649 10 \u0623\u0645\u062a\u0627\u0631.\u0633\u0647\u0648\u0644\u0629 \u0627\u0644\u062a\u0631\u0643\u064a\u0628 \u0648\u0627\u0644\u0627\u0633\u062a\u062e\u062f\u0627\u0645 \u0627\u0644\u0645\u062a\u0639\u062f\u062f: \u064a\u0634\u0645\u0644 \u0642\u0627\u0639\u062f\u0629 \u062c\u062f\u0627\u0631\u064a\u0629 \u0648\u062d\u0627\u0645\u0644 \u0623\u0646\u0628\u0648\u0628\u060c \u0645\u0646\u0627\u0633\u0628 \u0644\u0644\u0645\u0632\u0627\u0631\u0639\u060c \u0627\u0644\u0645\u0633\u062a\u0648\u062f\u0639\u0627\u062a\u060c \u0627\u0644\u0641\u0644\u0644\u060c \u0627\u0644\u062d\u062f\u0627\u0626\u0642 \u0648\u0627\u0644\u0633\u0627\u062d\u0627\u062a.\u0627\u0644\u0645\u0648\u0627\u0635\u0641\u0627\u062a:\u0627\u0644\u0645\u0627\u062f\u0629: ABS\u0627\u0644\u0637\u0627\u0642\u0629 \u0627\u0644\u0634\u0645\u0633\u064a\u0629: 5V 150mA\u0645\u0642\u0627\u0648\u0645\u0629 \u0644\u0644\u0645\u0627\u0621: IP55\u0632\u0645\u0646 \u0627\u0644\u0634\u062d\u0646: \u0634\u0645\u0633\u064a > 8 \u0633\u0627\u0639\u0627\u062a \/ USB < \u0633\u0627\u0639\u062a\u064a\u0646\u0646\u0637\u0627\u0642 \u0627\u0644\u0627\u0633\u062a\u0634\u0639\u0627\u0631: 5\u20138 \u0623\u0645\u062a\u0627\u0631\u0632\u0645\u0646 \u0627\u0644\u0639\u0645\u0644: \u0623\u0643\u062b\u0631 \u0645\u0646 100 \u0625\u0646\u0630\u0627\u0631 \u0645\u062a\u062a\u0627\u0644\u064a\n<\/p>","protected":false},"featured_media":60997,"comment_status":"open","ping_status":"closed","template":"","meta":[],"product_brand":[],"product_cat":[2464],"product_tag":[],"class_list":{"0":"post-60998","1":"product","2":"type-product","3":"status-publish","4":"has-post-thumbnail","6":"product_cat-camping-et-randonnee","8":"first","9":"instock","10":"taxable","11":"shipping-taxable","12":"purchasable","13":"product-type-simple"},"jetpack_sharing_enabled":true,"_links":{"self":[{"href":"https:\/\/shoponlinedz.com\/en\/wp-json\/wp\/v2\/product\/60998","targetHints":{"allow":["GET"]}}],"collection":[{"href":"https:\/\/shoponlinedz.com\/en\/wp-json\/wp\/v2\/product"}],"about":[{"href":"https:\/\/shoponlinedz.com\/en\/wp-json\/wp\/v2\/types\/product"}],"replies":[{"embeddable":true,"href":"https:\/\/shoponlinedz.com\/en\/wp-json\/wp\/v2\/comments?post=60998"}],"version-history":[{"count":0,"href":"https:\/\/shoponlinedz.com\/en\/wp-json\/wp\/v2\/product\/60998\/revisions"}],"wp:featuredmedia":[{"embeddable":true,"href":"https:\/\/shoponlinedz.com\/en\/wp-json\/wp\/v2\/media\/60997"}],"wp:attachment":[{"href":"https:\/\/shoponlinedz.com\/en\/wp-json\/wp\/v2\/media?parent=60998"}],"wp:term":[{"taxonomy":"product_brand","embeddable":true,"href":"https:\/\/shoponlinedz.com\/en\/wp-json\/wp\/v2\/product_brand?post=60998"},{"taxonomy":"product_cat","embeddable":true,"href":"https:\/\/shoponlinedz.com\/en\/wp-json\/wp\/v2\/product_cat?post=60998"},{"taxonomy":"product_tag","embeddable":true,"href":"https:\/\/shoponlinedz.com\/en\/wp-json\/wp\/v2\/product_tag?post=60998"}],"curies":[{"name":"wp","href":"https:\/\/api.w.org\/{rel}","templated":true}]}}