{"id":60991,"date":"2026-01-06T17:53:59","date_gmt":"2026-01-06T17:53:59","guid":{"rendered":"https:\/\/shoponlinedz.com\/product\/ampoule-musicale-led-haut-parleur-integre-crystal-avec-bluetooth-et-telecommande-24w\/"},"modified":"2026-02-16T16:40:53","modified_gmt":"2026-02-16T15:40:53","slug":"ampoule-musicale-led-haut-parleur-integre-crystal-avec-bluetooth-et-telecommande-24w","status":"publish","type":"product","link":"https:\/\/shoponlinedz.com\/en\/product\/ampoule-musicale-led-haut-parleur-integre-crystal-avec-bluetooth-et-telecommande-24w\/","title":{"rendered":"Ampoule musicale LED haut-parleur int\u00e9gr\u00e9 Crystal Avec Bluetooth et t\u00e9l\u00e9commande 24W"},"content":{"rendered":"<figure class=\"attachment attachment--preview\" data-trix-attachment=\"{&quot;contentType&quot;:&quot;image&quot;,&quot;height&quot;:1024,&quot;url&quot;:&quot;https:\/\/sawaqli.fra1.cdn.digitaloceanspaces.com\/14447\/ampoule-led-crystal-1.jpg&quot;,&quot;width&quot;:1024}\" data-trix-content-type=\"image\"><img decoding=\"async\" class=\"aligncenter\" src=\"https:\/\/sawaqli.fra1.cdn.digitaloceanspaces.com\/14447\/ampoule-led-crystal-1.jpg\" width=\"1024\" height=\"1024\" \/><figcaption class=\"attachment__caption\"><\/figcaption><\/figure>\n<figure class=\"attachment attachment--preview\" data-trix-attachment=\"{&quot;contentType&quot;:&quot;image&quot;,&quot;height&quot;:1024,&quot;url&quot;:&quot;https:\/\/sawaqli.fra1.cdn.digitaloceanspaces.com\/14448\/ampoule-led-crystal-5.jpg&quot;,&quot;width&quot;:1024}\" data-trix-content-type=\"image\"><img decoding=\"async\" class=\"aligncenter\" src=\"https:\/\/sawaqli.fra1.cdn.digitaloceanspaces.com\/14448\/ampoule-led-crystal-5.jpg\" width=\"1024\" height=\"1024\" \/><figcaption class=\"attachment__caption\"><\/figcaption><\/figure>\n<figure class=\"attachment attachment--preview\" data-trix-attachment=\"{&quot;contentType&quot;:&quot;image&quot;,&quot;height&quot;:1024,&quot;url&quot;:&quot;https:\/\/sawaqli.fra1.cdn.digitaloceanspaces.com\/14449\/ampoule-led-crystal-4.jpg&quot;,&quot;width&quot;:1024}\" data-trix-content-type=\"image\"><img decoding=\"async\" class=\"aligncenter\" src=\"https:\/\/sawaqli.fra1.cdn.digitaloceanspaces.com\/14449\/ampoule-led-crystal-4.jpg\" width=\"1024\" height=\"1024\" \/><figcaption class=\"attachment__caption\"><\/figcaption><\/figure>\n<figure class=\"attachment attachment--preview\" data-trix-attachment=\"{&quot;contentType&quot;:&quot;image&quot;,&quot;height&quot;:1024,&quot;url&quot;:&quot;https:\/\/sawaqli.fra1.cdn.digitaloceanspaces.com\/14450\/ampoule-led-crystal-3.jpg&quot;,&quot;width&quot;:1024}\" data-trix-content-type=\"image\"><img decoding=\"async\" class=\"aligncenter\" src=\"https:\/\/sawaqli.fra1.cdn.digitaloceanspaces.com\/14450\/ampoule-led-crystal-3.jpg\" width=\"1024\" height=\"1024\" \/><figcaption class=\"attachment__caption\"><\/figcaption><\/figure>\n<figure class=\"attachment attachment--preview\" data-trix-attachment=\"{&quot;contentType&quot;:&quot;image&quot;,&quot;height&quot;:1024,&quot;url&quot;:&quot;https:\/\/sawaqli.fra1.cdn.digitaloceanspaces.com\/14451\/ampoule-led-crystal-2.jpg&quot;,&quot;width&quot;:1024}\" data-trix-content-type=\"image\"><img decoding=\"async\" class=\"aligncenter\" src=\"https:\/\/sawaqli.fra1.cdn.digitaloceanspaces.com\/14451\/ampoule-led-crystal-2.jpg\" width=\"1024\" height=\"1024\" \/><figcaption class=\"attachment__caption\"><\/figcaption><\/figure>\n<p style=\"text-align: center;\">","protected":false},"excerpt":{"rendered":"<p>\u0645\u0635\u0628\u0627\u062d LED \u0628\u062a\u0635\u0645\u064a\u0645 \u0643\u0631\u064a\u0633\u062a\u0627\u0644\u064a \u0645\u0639 \u0633\u0645\u0627\u0639\u0629 \u0628\u0644\u0648\u062a\u0648\u062b\u0645\u0635\u0646\u0648\u0639 \u0645\u0646 \u0645\u0648\u0627\u062f \u0639\u0627\u0644\u064a\u0629 \u0627\u0644\u062c\u0648\u062f\u0629.\u0645\u062c\u0647\u0632 \u0628\u0633\u0645\u0627\u0639\u0629 \u0628\u0644\u0648\u062a\u0648\u062b \u0644\u062a\u0634\u063a\u064a\u0644 \u0645\u0644\u0641\u0627\u062a MP3.\u0645\u0635\u0628\u0627\u062d \u064a\u063a\u064a\u0651\u0631 \u0627\u0644\u0623\u0644\u0648\u0627\u0646 \u0628\u0633\u0647\u0648\u0644\u0629 \u0644\u062e\u0644\u0642 \u0623\u062c\u0648\u0627\u0621 \u0645\u0646\u0627\u0633\u0628\u0629 \u0644\u0644\u062d\u0641\u0644\u0627\u062a.\u062a\u0635\u0645\u064a\u0645 \u0639\u0635\u0631\u064a \u0648\u0633\u0647\u0644 \u0627\u0644\u062a\u0631\u0643\u064a\u0628 (Plug &#038; Play). \u0627\u0644\u0645\u0648\u0627\u0635\u0641\u0627\u062a:\u0645\u0627\u062f\u0629 \u0627\u0644\u0635\u0646\u0639: \u0631\u0623\u0633 \u0623\u0644\u0645\u0646\u064a\u0648\u0645 + \u063a\u0637\u0627\u0621 \u0628\u0644\u0627\u0633\u062a\u064a\u0643\u064a.\u0623\u0628\u0639\u0627\u062f \u0627\u0644\u0645\u0646\u062a\u062c: 9.3 \u00d7 11.5 \u0633\u0645.\u0637\u0648\u0644 \u062c\u0647\u0627\u0632 \u0627\u0644\u062a\u062d\u0643\u0645: 13 \u0633\u0645.\u0627\u0644\u0637\u0627\u0642\u0629: 24 \u0648\u0627\u0637\u060c \u0627\u0644\u062c\u0647\u062f: 190-265 \u0641\u0648\u0644\u062a.\u062f\u0631\u062c\u0629 \u062d\u0631\u0627\u0631\u0629 \u0627\u0644\u0644\u0648\u0646: 2700K \u2013 7000K.Un produit simple avec des \u00e9tapes d&#8217;installation normales comme une ampoule ordinaire mais plus \u00e9conome en \u00e9nergie et plus lumineux que d&#8217;habitude. Le produit est livr\u00e9 avec une technologie int\u00e9gr\u00e9e pour consommer moins d&#8217;\u00e9lectricit\u00e9 tout en \u00e9tant meilleur que d&#8217;habitude car le produit diffuse la lumi\u00e8re dans une zone plus large, rendant la m\u00eame luminosit\u00e9. Le design \u00e9l\u00e9gant convient \u00e0 tous les foyers, offrant \u00e0 la fois la m\u00eame lumi\u00e8re et une pi\u00e8ce ma\u00eetresse. Ce produit dispose \u00e9galement d&#8217;un syst\u00e8me Bluetooth int\u00e9gr\u00e9 qui permet \u00e0 l&#8217;utilisateur de lire facilement un fichier audio MP3 \u00e0 tout moment avec une ampoule \u00e0 changement de couleur pour cr\u00e9er une atmosph\u00e8re.<\/p>","protected":false},"featured_media":60990,"comment_status":"open","ping_status":"closed","template":"","meta":[],"product_brand":[],"product_cat":[2463],"product_tag":[],"class_list":{"0":"post-60991","1":"product","2":"type-product","3":"status-publish","4":"has-post-thumbnail","6":"product_cat-electronique","8":"first","9":"instock","10":"taxable","11":"shipping-taxable","12":"purchasable","13":"product-type-simple"},"jetpack_sharing_enabled":true,"_links":{"self":[{"href":"https:\/\/shoponlinedz.com\/en\/wp-json\/wp\/v2\/product\/60991","targetHints":{"allow":["GET"]}}],"collection":[{"href":"https:\/\/shoponlinedz.com\/en\/wp-json\/wp\/v2\/product"}],"about":[{"href":"https:\/\/shoponlinedz.com\/en\/wp-json\/wp\/v2\/types\/product"}],"replies":[{"embeddable":true,"href":"https:\/\/shoponlinedz.com\/en\/wp-json\/wp\/v2\/comments?post=60991"}],"version-history":[{"count":0,"href":"https:\/\/shoponlinedz.com\/en\/wp-json\/wp\/v2\/product\/60991\/revisions"}],"wp:featuredmedia":[{"embeddable":true,"href":"https:\/\/shoponlinedz.com\/en\/wp-json\/wp\/v2\/media\/60990"}],"wp:attachment":[{"href":"https:\/\/shoponlinedz.com\/en\/wp-json\/wp\/v2\/media?parent=60991"}],"wp:term":[{"taxonomy":"product_brand","embeddable":true,"href":"https:\/\/shoponlinedz.com\/en\/wp-json\/wp\/v2\/product_brand?post=60991"},{"taxonomy":"product_cat","embeddable":true,"href":"https:\/\/shoponlinedz.com\/en\/wp-json\/wp\/v2\/product_cat?post=60991"},{"taxonomy":"product_tag","embeddable":true,"href":"https:\/\/shoponlinedz.com\/en\/wp-json\/wp\/v2\/product_tag?post=60991"}],"curies":[{"name":"wp","href":"https:\/\/api.w.org\/{rel}","templated":true}]}}