{"id":60967,"date":"2026-01-06T17:53:18","date_gmt":"2026-01-06T17:53:18","guid":{"rendered":"https:\/\/shoponlinedz.com\/product\/outils-de-diagnostic-de-voiture-scanner-v1-5-obd2-sae-j1850-bluetooth-wifi-pour-android-iso-9141-vgate-icar2-lecteur-de-code\/"},"modified":"2026-02-16T16:40:54","modified_gmt":"2026-02-16T15:40:54","slug":"outils-de-diagnostic-de-voiture-scanner-v1-5-obd2-sae-j1850-bluetooth-wifi-pour-android-iso-9141-vgate-icar2-lecteur-de-code","status":"publish","type":"product","link":"https:\/\/shoponlinedz.com\/en\/product\/outils-de-diagnostic-de-voiture-scanner-v1-5-obd2-sae-j1850-bluetooth-wifi-pour-android-iso-9141-vgate-icar2-lecteur-de-code\/","title":{"rendered":"Outils de Diagnostic de Voiture, Scanner V1.5 OBD2, SAE J1850, Bluetooth\/wifi, pour Android \/ISO 9141 Vgate Icar2, Lecteur de Code"},"content":{"rendered":"<figure class=\"attachment attachment--preview\" data-trix-attachment=\"{&quot;contentType&quot;:&quot;image&quot;,&quot;height&quot;:1024,&quot;url&quot;:&quot;https:\/\/sawaqli.fra1.cdn.digitaloceanspaces.com\/14626\/OBD-CAR-SCANNER-1.jpg&quot;,&quot;width&quot;:1024}\" data-trix-content-type=\"image\"><img decoding=\"async\" class=\"aligncenter\" src=\"https:\/\/sawaqli.fra1.cdn.digitaloceanspaces.com\/14626\/OBD-CAR-SCANNER-1.jpg\" width=\"1024\" height=\"1024\" \/><figcaption class=\"attachment__caption\"><\/figcaption><\/figure>\n<figure class=\"attachment attachment--preview\" data-trix-attachment=\"{&quot;contentType&quot;:&quot;image&quot;,&quot;height&quot;:1024,&quot;url&quot;:&quot;https:\/\/sawaqli.fra1.cdn.digitaloceanspaces.com\/14627\/OBD-CAR-SCANNER-2.jpg&quot;,&quot;width&quot;:1024}\" data-trix-content-type=\"image\"><img decoding=\"async\" class=\"aligncenter\" src=\"https:\/\/sawaqli.fra1.cdn.digitaloceanspaces.com\/14627\/OBD-CAR-SCANNER-2.jpg\" width=\"1024\" height=\"1024\" \/><figcaption class=\"attachment__caption\"><\/figcaption><\/figure>\n<figure class=\"attachment attachment--preview\" data-trix-attachment=\"{&quot;contentType&quot;:&quot;image&quot;,&quot;height&quot;:1024,&quot;url&quot;:&quot;https:\/\/sawaqli.fra1.cdn.digitaloceanspaces.com\/14628\/OBD-CAR-SCANNER-4.jpg&quot;,&quot;width&quot;:1024}\" data-trix-content-type=\"image\"><img decoding=\"async\" class=\"aligncenter\" src=\"https:\/\/sawaqli.fra1.cdn.digitaloceanspaces.com\/14628\/OBD-CAR-SCANNER-4.jpg\" width=\"1024\" height=\"1024\" \/><figcaption class=\"attachment__caption\"><\/figcaption><\/figure>\n<figure class=\"attachment attachment--preview\" data-trix-attachment=\"{&quot;contentType&quot;:&quot;image&quot;,&quot;height&quot;:1024,&quot;url&quot;:&quot;https:\/\/sawaqli.fra1.cdn.digitaloceanspaces.com\/14629\/OBD-CAR-SCANNER-7.jpg&quot;,&quot;width&quot;:1024}\" data-trix-content-type=\"image\"><img decoding=\"async\" class=\"aligncenter\" src=\"https:\/\/sawaqli.fra1.cdn.digitaloceanspaces.com\/14629\/OBD-CAR-SCANNER-7.jpg\" width=\"1024\" height=\"1024\" \/><figcaption class=\"attachment__caption\"><\/figcaption><\/figure>\n<figure class=\"attachment attachment--preview\" data-trix-attachment=\"{&quot;contentType&quot;:&quot;image&quot;,&quot;height&quot;:1024,&quot;url&quot;:&quot;https:\/\/sawaqli.fra1.cdn.digitaloceanspaces.com\/14630\/OBD-CAR-SCANNER-6.jpg&quot;,&quot;width&quot;:1024}\" data-trix-content-type=\"image\"><img decoding=\"async\" class=\"aligncenter\" src=\"https:\/\/sawaqli.fra1.cdn.digitaloceanspaces.com\/14630\/OBD-CAR-SCANNER-6.jpg\" width=\"1024\" height=\"1024\" \/><figcaption class=\"attachment__caption\"><\/figcaption><\/figure>\n<p style=\"text-align: center;\">","protected":false},"excerpt":{"rendered":"<p>\u0633\u0647\u0644 \u0627\u0644\u062a\u0631\u0643\u064a\u0628 \u0648\u0627\u0644\u0627\u0633\u062a\u062e\u062f\u0627\u0645: \u0644\u0627 \u062d\u0627\u062c\u0629 \u0644\u0623\u062f\u0648\u0627\u062a \u0645\u0639\u0642\u062f\u0629. \u062c\u0648\u062f\u0629 \u0623\u0644\u0645\u0627\u0646\u064a\u0629: \u0645\u0635\u0646\u0648\u0639 \u0628\u0627\u062d\u062a\u0631\u0627\u0641\u064a\u0629 \u0639\u0627\u0644\u064a\u0629 \u0648\u0645\u062a\u064a\u0646. \u062a\u0634\u063a\u064a\u0644 \u0628\u0627\u0644\u0628\u0637\u0627\u0631\u064a\u0629: \u064a\u0633\u062a\u062e\u062f\u0645 \u0644\u0641\u062d\u0635 \u0627\u0644\u062c\u0647\u062f\u060c \u0627\u0644\u0642\u064a\u0645\u060c \u0648\u0646\u0642\u0644 \u0627\u0644\u0628\u064a\u0627\u0646\u0627\u062a. \u0628\u0631\u0645\u062c\u064a\u0629 \u0645\u062a\u0637\u0648\u0631\u0629: \u0644\u0641\u062d\u0635 \u062d\u0627\u0644\u0629 \u0627\u0644\u0645\u062d\u0631\u0643 \u0648\u0627\u0644\u0645\u0639\u0627\u064a\u064a\u0631 \u062a\u062d\u062a \u062c\u0645\u064a\u0639 \u0638\u0631\u0648\u0641 \u0627\u0644\u062a\u0634\u063a\u064a\u0644..ELM327 V1.5 OBD2 Scanner voiture outils de Diagnostic SAE J1850 Blueteeth\/wifi ELM 327 OBD pour Android \/ISO 9141 Vgate Icar2 lecteur de CodePoints de balle:1 \u3001 Adaptateur: version stable du scanner OBDII, donn\u00e9es OBD d\u00e9di\u00e9es 12V, il peut enregistrer la vitesse du v\u00e9hicule, les r\u00e9volutions du moteur, l&#8217;historique des pannes, etc., et effacer l&#8217;historique, le test d&#8217;activit\u00e9, etc. Remarque: SRS ne prend pas en charge l&#8217;\u00e9limination. 2. Haute compatibilit\u00e9: le scanner OBD2 prend en charge plus de 7 principaux mod\u00e8les de sp\u00e9cifications OBD, et prend en charge presque tous les mod\u00e8les aux \u00c9tats-Unis. Lorsque la voiture n&#8217;est pas charg\u00e9e dans le menu, elle prend en charge les moules de voiture personnalis\u00e9s. De plus, les v\u00e9hicules EV et HV pour Leaf ne sont pas pris en charge. 3. Conception petite et compacte: le scanner a un design petit et compact et une connexion fiable adapt\u00e9e aux blueteeth. Se connecte facilement au port OBDII de votre voiture, utilise le syst\u00e8me de diagnostic embarqu\u00e9 pour lire et transmettre les donn\u00e9es, et d\u00e9tecte les d\u00e9faillances de l&#8217;ECU. 4. Affichage des donn\u00e9es du capteur en temps r\u00e9el: lib\u00e9ration des codes d&#8217;erreur automobile, affichage des donn\u00e9es du capteur en temps r\u00e9el. Vitesse du moteur, temp\u00e9rature de refroidissement, \u00e9tat du syst\u00e8me d&#8217;alimentation en carburant, vitesse du v\u00e9hicule, pression du collecteur d&#8217;admission, feux de synchronisation, avance de synchronisation, temp\u00e9rature d&#8217;admission, d\u00e9bit d&#8217;air, position absolue de l&#8217;acc\u00e9l\u00e9rateur, capteurs d&#8217;oxyg\u00e8ne, etc. 5. Prise en charge multiple: prise en charge ISO 9141, KWP2000, SAE J1850, bus CAN. Sp\u00e9cification: Type d&#8217;appareil: Scanner de voiture Type d&#8217;interface: interface V1.5 auto Courant de travail: 45 mA Tension de fonctionnement: 9 ~ 16 V Mat\u00e9riau: laiton, ABS<\/p>","protected":false},"featured_media":60966,"comment_status":"open","ping_status":"closed","template":"","meta":[],"product_brand":[],"product_cat":[2458],"product_tag":[],"class_list":{"0":"post-60967","1":"product","2":"type-product","3":"status-publish","4":"has-post-thumbnail","6":"product_cat-accessoires-auto-moto","8":"first","9":"instock","10":"taxable","11":"shipping-taxable","12":"purchasable","13":"product-type-simple"},"jetpack_sharing_enabled":true,"_links":{"self":[{"href":"https:\/\/shoponlinedz.com\/en\/wp-json\/wp\/v2\/product\/60967","targetHints":{"allow":["GET"]}}],"collection":[{"href":"https:\/\/shoponlinedz.com\/en\/wp-json\/wp\/v2\/product"}],"about":[{"href":"https:\/\/shoponlinedz.com\/en\/wp-json\/wp\/v2\/types\/product"}],"replies":[{"embeddable":true,"href":"https:\/\/shoponlinedz.com\/en\/wp-json\/wp\/v2\/comments?post=60967"}],"version-history":[{"count":0,"href":"https:\/\/shoponlinedz.com\/en\/wp-json\/wp\/v2\/product\/60967\/revisions"}],"wp:featuredmedia":[{"embeddable":true,"href":"https:\/\/shoponlinedz.com\/en\/wp-json\/wp\/v2\/media\/60966"}],"wp:attachment":[{"href":"https:\/\/shoponlinedz.com\/en\/wp-json\/wp\/v2\/media?parent=60967"}],"wp:term":[{"taxonomy":"product_brand","embeddable":true,"href":"https:\/\/shoponlinedz.com\/en\/wp-json\/wp\/v2\/product_brand?post=60967"},{"taxonomy":"product_cat","embeddable":true,"href":"https:\/\/shoponlinedz.com\/en\/wp-json\/wp\/v2\/product_cat?post=60967"},{"taxonomy":"product_tag","embeddable":true,"href":"https:\/\/shoponlinedz.com\/en\/wp-json\/wp\/v2\/product_tag?post=60967"}],"curies":[{"name":"wp","href":"https:\/\/api.w.org\/{rel}","templated":true}]}}