{"id":60898,"date":"2026-01-06T17:50:44","date_gmt":"2026-01-06T17:50:44","guid":{"rendered":"https:\/\/shoponlinedz.com\/product\/lampe-de-chevet-led-a-capteur-tactile-champignon-a-intensite-variable-rgb\/"},"modified":"2026-02-16T16:40:55","modified_gmt":"2026-02-16T15:40:55","slug":"lampe-de-chevet-led-a-capteur-tactile-champignon-a-intensite-variable-rgb","status":"publish","type":"product","link":"https:\/\/shoponlinedz.com\/en\/product\/lampe-de-chevet-led-a-capteur-tactile-champignon-a-intensite-variable-rgb\/","title":{"rendered":"Lampe de chevet LED \u00e0 capteur tactile Champignon \u00e0 intensit\u00e9 variable RGB"},"content":{"rendered":"<figure class=\"attachment attachment--preview\" data-trix-attachment=\"{&quot;contentType&quot;:&quot;image&quot;,&quot;height&quot;:1024,&quot;url&quot;:&quot;https:\/\/sawaqli.fra1.cdn.digitaloceanspaces.com\/14764\/Main-shroom-led.jpg&quot;,&quot;width&quot;:1024}\" data-trix-content-type=\"image\"><img decoding=\"async\" class=\"aligncenter\" src=\"https:\/\/sawaqli.fra1.cdn.digitaloceanspaces.com\/14764\/Main-shroom-led.jpg\" width=\"1024\" height=\"1024\" \/><figcaption class=\"attachment__caption\"><\/figcaption><\/figure>\n<figure class=\"attachment attachment--preview\" data-trix-attachment=\"{&quot;contentType&quot;:&quot;image&quot;,&quot;height&quot;:1024,&quot;url&quot;:&quot;https:\/\/sawaqli.fra1.cdn.digitaloceanspaces.com\/14765\/fourth-main-shroom-led.jpg&quot;,&quot;width&quot;:1024}\" data-trix-content-type=\"image\"><img decoding=\"async\" class=\"aligncenter\" src=\"https:\/\/sawaqli.fra1.cdn.digitaloceanspaces.com\/14765\/fourth-main-shroom-led.jpg\" width=\"1024\" height=\"1024\" \/><figcaption class=\"attachment__caption\"><\/figcaption><\/figure>\n<figure class=\"attachment attachment--preview\" data-trix-attachment=\"{&quot;contentType&quot;:&quot;image&quot;,&quot;height&quot;:1024,&quot;url&quot;:&quot;https:\/\/sawaqli.fra1.cdn.digitaloceanspaces.com\/14766\/third-shroom-led.jpg&quot;,&quot;width&quot;:1024}\" data-trix-content-type=\"image\"><img decoding=\"async\" class=\"aligncenter\" src=\"https:\/\/sawaqli.fra1.cdn.digitaloceanspaces.com\/14766\/third-shroom-led.jpg\" width=\"1024\" height=\"1024\" \/><figcaption class=\"attachment__caption\"><\/figcaption><\/figure>\n<figure class=\"attachment attachment--preview\" data-trix-attachment=\"{&quot;contentType&quot;:&quot;image&quot;,&quot;height&quot;:1024,&quot;url&quot;:&quot;https:\/\/sawaqli.fra1.cdn.digitaloceanspaces.com\/14767\/second-shroom-led.jpg&quot;,&quot;width&quot;:1024}\" data-trix-content-type=\"image\"><img decoding=\"async\" class=\"aligncenter\" src=\"https:\/\/sawaqli.fra1.cdn.digitaloceanspaces.com\/14767\/second-shroom-led.jpg\" width=\"1024\" height=\"1024\" \/><figcaption class=\"attachment__caption\"><\/figcaption><\/figure>\n<figure class=\"attachment attachment--preview\" data-trix-attachment=\"{&quot;contentType&quot;:&quot;image&quot;,&quot;height&quot;:1024,&quot;url&quot;:&quot;https:\/\/sawaqli.fra1.cdn.digitaloceanspaces.com\/14970\/msg5102976160-10997.jpg&quot;,&quot;width&quot;:1024}\" data-trix-content-type=\"image\"><img decoding=\"async\" class=\"aligncenter\" src=\"https:\/\/sawaqli.fra1.cdn.digitaloceanspaces.com\/14970\/msg5102976160-10997.jpg\" width=\"1024\" height=\"1024\" \/><figcaption class=\"attachment__caption\"><\/figcaption><\/figure>\n<p style=\"text-align: center;\">","protected":false},"excerpt":{"rendered":"<p>\u0645\u0635\u062f\u0631 \u0627\u0644\u0625\u0636\u0627\u0621\u0629\u062b\u0644\u0627\u062b\u0629 \u0645\u0633\u062a\u0648\u064a\u0627\u062a \u0645\u0646 \u0627\u0644\u0636\u0648\u0621 \u0627\u0644\u0637\u0628\u064a\u0639\u064a.\u0627\u0644\u062a\u062d\u0643\u0645: \u0645\u0641\u062a\u0627\u062d \u0644\u0645\u0633\u060c \u0636\u063a\u0637\u0629 \u0637\u0648\u064a\u0644\u0629 \u0644\u062a\u063a\u064a\u064a\u0631 \u0625\u0636\u0627\u0621\u0629 \u0627\u0644\u062c\u0648.\u0627\u0644\u0644\u0648\u0646: \u0623\u0628\u064a\u0636.\u0627\u0644\u0637\u0627\u0642\u0629: \u0628\u0637\u0627\u0631\u064a\u0629 \u0642\u0627\u0628\u0644\u0629 \u0644\u0644\u0634\u062d\u0646 18650 \u0645\u062f\u0645\u062c\u0629.\u0637\u0631\u0642 \u0627\u0644\u0634\u062d\u0646: \u0645\u0646\u0641\u0630 USB\u060c \u062d\u0627\u0633\u0648\u0628 \u0645\u062d\u0645\u0648\u0644\u060c \u0628\u0646\u0643 \u0637\u0627\u0642\u0629\u060c \u0625\u0644\u062e.\u0627\u0644\u062d\u062c\u0645: 13 \u00d7 10 \u00d7 18 \u0633\u0645.<\/p>","protected":false},"featured_media":60897,"comment_status":"open","ping_status":"closed","template":"","meta":[],"product_brand":[],"product_cat":[2460],"product_tag":[],"class_list":{"0":"post-60898","1":"product","2":"type-product","3":"status-publish","4":"has-post-thumbnail","6":"product_cat-decoration","8":"first","9":"instock","10":"taxable","11":"shipping-taxable","12":"purchasable","13":"product-type-simple"},"jetpack_sharing_enabled":true,"_links":{"self":[{"href":"https:\/\/shoponlinedz.com\/en\/wp-json\/wp\/v2\/product\/60898","targetHints":{"allow":["GET"]}}],"collection":[{"href":"https:\/\/shoponlinedz.com\/en\/wp-json\/wp\/v2\/product"}],"about":[{"href":"https:\/\/shoponlinedz.com\/en\/wp-json\/wp\/v2\/types\/product"}],"replies":[{"embeddable":true,"href":"https:\/\/shoponlinedz.com\/en\/wp-json\/wp\/v2\/comments?post=60898"}],"version-history":[{"count":0,"href":"https:\/\/shoponlinedz.com\/en\/wp-json\/wp\/v2\/product\/60898\/revisions"}],"wp:featuredmedia":[{"embeddable":true,"href":"https:\/\/shoponlinedz.com\/en\/wp-json\/wp\/v2\/media\/60897"}],"wp:attachment":[{"href":"https:\/\/shoponlinedz.com\/en\/wp-json\/wp\/v2\/media?parent=60898"}],"wp:term":[{"taxonomy":"product_brand","embeddable":true,"href":"https:\/\/shoponlinedz.com\/en\/wp-json\/wp\/v2\/product_brand?post=60898"},{"taxonomy":"product_cat","embeddable":true,"href":"https:\/\/shoponlinedz.com\/en\/wp-json\/wp\/v2\/product_cat?post=60898"},{"taxonomy":"product_tag","embeddable":true,"href":"https:\/\/shoponlinedz.com\/en\/wp-json\/wp\/v2\/product_tag?post=60898"}],"curies":[{"name":"wp","href":"https:\/\/api.w.org\/{rel}","templated":true}]}}