{"id":60772,"date":"2026-01-06T17:46:18","date_gmt":"2026-01-06T17:46:18","guid":{"rendered":"https:\/\/shoponlinedz.com\/product\/horloge-de-priere-azan-affichage-led-dal-haramain-ha-4028-%d8%b3%d8%a7%d8%b9%d8%a9-%d8%a3%d8%b0%d8%a7%d9%86-%d8%a7%d9%84%d8%ad%d8%b1%d9%85%d9%8a%d9%86-%d9%84%d9%84%d8%b5%d9%84%d8%a7%d8%a9\/"},"modified":"2026-02-16T16:40:59","modified_gmt":"2026-02-16T15:40:59","slug":"horloge-de-priere-azan-affichage-led-dal-haramain-ha-4028-%d8%b3%d8%a7%d8%b9%d8%a9-%d8%a3%d8%b0%d8%a7%d9%86-%d8%a7%d9%84%d8%ad%d8%b1%d9%85%d9%8a%d9%86-%d9%84%d9%84%d8%b5%d9%84%d8%a7%d8%a9","status":"publish","type":"product","link":"https:\/\/shoponlinedz.com\/en\/product\/horloge-de-priere-azan-affichage-led-dal-haramain-ha-4028-%d8%b3%d8%a7%d8%b9%d8%a9-%d8%a3%d8%b0%d8%a7%d9%86-%d8%a7%d9%84%d8%ad%d8%b1%d9%85%d9%8a%d9%86-%d9%84%d9%84%d8%b5%d9%84%d8%a7%d8%a9\/","title":{"rendered":"Horloge de pri\u00e8re Azan Affichage LED d\u2019Al-Haramain HA-4028 &#8211; \u0633\u0627\u0639\u0629 \u0623\u0630\u0627\u0646 \u0627\u0644\u062d\u0631\u0645\u064a\u0646 \u0644\u0644\u0635\u0644\u0627\u0629"},"content":{"rendered":"<figure class=\"attachment attachment--preview\" data-trix-attachment=\"{&quot;contentType&quot;:&quot;image&quot;,&quot;height&quot;:1024,&quot;url&quot;:&quot;https:\/\/sawaqli.fra1.cdn.digitaloceanspaces.com\/15078\/Al-Harameen-214547.jpg&quot;,&quot;width&quot;:1024}\" data-trix-content-type=\"image\"><img decoding=\"async\" class=\"aligncenter\" src=\"https:\/\/sawaqli.fra1.cdn.digitaloceanspaces.com\/15078\/Al-Harameen-214547.jpg\" width=\"1024\" height=\"1024\" \/><figcaption class=\"attachment__caption\"><\/figcaption><\/figure>\n<figure class=\"attachment attachment--preview\" data-trix-attachment=\"{&quot;contentType&quot;:&quot;image&quot;,&quot;height&quot;:1024,&quot;url&quot;:&quot;https:\/\/sawaqli.fra1.cdn.digitaloceanspaces.com\/15081\/O1CN012xIuBC1S0mGUGSWVV_2606962185-0-cib.jpg&quot;,&quot;width&quot;:1024}\" data-trix-content-type=\"image\"><img decoding=\"async\" class=\"aligncenter\" src=\"https:\/\/sawaqli.fra1.cdn.digitaloceanspaces.com\/15081\/O1CN012xIuBC1S0mGUGSWVV_2606962185-0-cib.jpg\" width=\"1024\" height=\"1024\" \/><figcaption class=\"attachment__caption\"><\/figcaption><\/figure>\n<figure class=\"attachment attachment--preview\" data-trix-attachment=\"{&quot;contentType&quot;:&quot;image&quot;,&quot;height&quot;:1024,&quot;url&quot;:&quot;https:\/\/sawaqli.fra1.cdn.digitaloceanspaces.com\/15079\/O1CN019YOJfq1S0mJVXL06m_2606962185-0-cib.jpg&quot;,&quot;width&quot;:1024}\" data-trix-content-type=\"image\"><img decoding=\"async\" class=\"aligncenter\" src=\"https:\/\/sawaqli.fra1.cdn.digitaloceanspaces.com\/15079\/O1CN019YOJfq1S0mJVXL06m_2606962185-0-cib.jpg\" width=\"1024\" height=\"1024\" \/><figcaption class=\"attachment__caption\"><\/figcaption><\/figure>\n<figure class=\"attachment attachment--preview\" data-trix-attachment=\"{&quot;contentType&quot;:&quot;image&quot;,&quot;height&quot;:1024,&quot;url&quot;:&quot;https:\/\/sawaqli.fra1.cdn.digitaloceanspaces.com\/15080\/O1CN01EKEBQW1S0mJa9hSI5_2606962185-0-cib.jpg&quot;,&quot;width&quot;:1024}\" data-trix-content-type=\"image\"><img decoding=\"async\" class=\"aligncenter\" src=\"https:\/\/sawaqli.fra1.cdn.digitaloceanspaces.com\/15080\/O1CN01EKEBQW1S0mJa9hSI5_2606962185-0-cib.jpg\" width=\"1024\" height=\"1024\" \/><figcaption class=\"attachment__caption\"><\/figcaption><\/figure>\n<figure class=\"attachment attachment--preview\" data-trix-attachment=\"{&quot;contentType&quot;:&quot;image&quot;,&quot;height&quot;:1024,&quot;url&quot;:&quot;https:\/\/sawaqli.fra1.cdn.digitaloceanspaces.com\/15082\/H85f75abb5b5145d1b43948bf4f0b0abdo.jpg_720x720q50.jpg&quot;,&quot;width&quot;:1024}\" data-trix-content-type=\"image\"><img decoding=\"async\" class=\"aligncenter\" src=\"https:\/\/sawaqli.fra1.cdn.digitaloceanspaces.com\/15082\/H85f75abb5b5145d1b43948bf4f0b0abdo.jpg_720x720q50.jpg\" width=\"1024\" height=\"1024\" \/><figcaption class=\"attachment__caption\"><\/figcaption><\/figure>\n<p style=\"text-align: center;\">","protected":false},"excerpt":{"rendered":"<p>\u0648\u0635\u0641\u0623\u0630\u0627\u0646 \u0643\u0627\u0645\u0644 \u0644\u062c\u0645\u064a\u0639 \u0627\u0644\u0635\u0644\u0648\u0627\u062a \u0645\u0639 \u0627\u0644\u062a\u062d\u0643\u0645 \u0641\u064a \u0645\u0633\u062a\u0648\u0649 \u0627\u0644\u0635\u0648\u062a.\u0645\u0648\u0627\u0642\u064a\u062a \u0627\u0644\u0635\u0644\u0627\u0629 \u0644\u0645\u0639\u0638\u0645 \u0645\u062f\u0646 \u0627\u0644\u0639\u0627\u0644\u0645.\u0634\u0627\u0634\u0629 \u0631\u0642\u0645\u064a\u0629 \u0645\u0639 \u0634\u0627\u0634\u0629 LCD \u0644\u0639\u0631\u0636 \u0648\u0642\u062a \u0648\u062a\u0627\u0631\u064a\u062e \u0627\u0644\u0623\u0630\u0627\u0646.\u0644\u0625\u0639\u062f\u0627\u062f \u0633\u0647\u0644\u060c \u0628\u0631\u0645\u062c\u0629 \u0627\u0644\u0645\u062f\u064a\u0646\u0629 \u0639\u0644\u0649 \u0645\u062f\u0627\u0631 \u0627\u0644\u0633\u0627\u0639\u0629\u0639\u0646 \u0637\u0631\u064a\u0642 \u0631\u0645\u0632 \u0627\u0644\u0647\u0627\u062a\u0641 \u0627\u0644\u062f\u0648\u0644\u064a.\u064a\u062a\u063a\u064a\u0631 \u0645\u0646\u0628\u0647 \u0627\u0644\u0635\u0644\u0627\u0629 \u062a\u0644\u0642\u0627\u0626\u064a\u064b\u0627 \u062d\u0633\u0628 \u0648\u0642\u062a \u0627\u0644\u0623\u0630\u0627\u0646.\u0645\u0646\u0628\u0647 \u064a\u0648\u0645\u064a \u064a\u0645\u0643\u0646 \u062a\u0639\u062f\u064a\u0644\u0647 \u0644\u064a\u0631\u0646 \u0641\u064a \u0623\u064a\u0627\u0645 \u0627\u0644\u0639\u0645\u0644 \u0641\u0642\u0637.\u0627\u062a\u062c\u0627\u0647 \u0627\u0644\u0642\u0628\u0644\u0629 (\u0646\u0633\u0628\u0629 \u0625\u0644\u0649 \u0627\u0644\u0634\u0645\u0627\u0644).\u0627\u0644\u062a\u0642\u0648\u064a\u0645 \u0627\u0644\u0647\u062c\u0631\u064a \u0648\u0627\u0644\u0645\u064a\u0644\u0627\u062f\u064a\u060c \u0645\u0639 \u0639\u0631\u0636 \u0623\u064a\u0627\u0645 \u0627\u0644\u0623\u0633\u0628\u0648\u0639.\u0639\u0631\u0636 \u0627\u0644\u0648\u0642\u062a \u062e\u0644\u0627\u0644 12 \u0633\u0627\u0639\u0629 (\u0635\u0628\u0627\u062d\u064b\u0627\/\u0645\u0633\u0627\u0621\u064b) \u0623\u0648 24 \u0633\u0627\u0639\u0629.\u0645\u0624\u0634\u0631 \u062f\u0631\u062c\u0629 \u0627\u0644\u062d\u0631\u0627\u0631\u0629 (\u0645\u0626\u0648\u064a\u0629 \u0623\u0648 \u0641\u0647\u0631\u0646\u0647\u0627\u064a\u062a)\u062e\u064a\u0627\u0631 \u0627\u0644\u062a\u0648\u0642\u064a\u062a \u0627\u0644\u0635\u064a\u0641\u064a \u0627\u0644\u062a\u0644\u0642\u0627\u0626\u064a.\u062e\u064a\u0627\u0631 \u0627\u0644\u063a\u0641\u0648\u0629 (\u0643\u0644 5 \u062f\u0642\u0627\u0626\u0642).\u0645\u062e\u0631\u062c \u0627\u0644\u0635\u0648\u062a (\u0627\u0644\u062a\u0648\u0635\u064a\u0644 \u0645\u0639 \u0645\u0643\u0628\u0631 \u0627\u0644\u0635\u0648\u062a)\u0639\u0631\u0636 \u0627\u0633\u0645 \u0627\u0644\u0645\u062f\u064a\u0646\u0629.\u0627\u0644\u062d\u062c\u0645: 23 \u00d7 39 \u0633\u0645 \u062a\u0642\u0631\u064a\u0628\u064b\u0627.\u0648\u0632\u0646 \u0627\u0644\u0639\u0644\u0628\u0629: 865 \u062c\u0631\u0627\u0645 \u062a\u0642\u0631\u064a\u0628\u064b\u0627. https:\/\/www.youtube.com\/watch?v=J1Ul1u00tAw | Num\u00e9ro de mod\u00e8le | R\u00e9f\u00e9rence: HA-4028 | Nom du produit | Horloge Azan | Taille de l&#8217;horloge | 23x39x5.6cm | Style | Horloge de pri\u00e8re musulmane islamique Azan | Mat\u00e9riel | Plastique LED Num\u00e9rique | Affichage | LED num\u00e9rique | Batterie | Batterie 3xAA | Couleurs | Argent et or | Carton Taille | 52x42x43CM | | | | | | | Caract\u00e9ristiques | ISLAMIQUE LED NUM\u00c9RIQUE HORLOGE MURALE HA-4008 \u2022 Azan complet pour toutes les pri\u00e8res. \u2022 1150 villes temps azan et temps du monde. \u2022 Peut programmer plus de 5000 villes dans le monde entier. \u2022 Direction Qibla (par rapport au nord). \u2022 Hijri et calendriers gr\u00e9goriens. \u2022 Alarme Fajr, ajust\u00e9e automatiquement tous les jours. \u2022 Alarme quotidienne (week-ends en option). \u2022 Option d&#8217;heure d&#8217;\u00e9conomie de lumi\u00e8re du jour. \u2022 Affichage de la temp\u00e9rature. \u2022 Commutateur de contr\u00f4le du volume. \u2022 Prise CC pour powerDaily. \u2022 Garantie de deux ans<\/p>","protected":false},"featured_media":60771,"comment_status":"open","ping_status":"closed","template":"","meta":[],"product_brand":[],"product_cat":[2463],"product_tag":[],"class_list":{"0":"post-60772","1":"product","2":"type-product","3":"status-publish","4":"has-post-thumbnail","6":"product_cat-electronique","8":"first","9":"instock","10":"taxable","11":"shipping-taxable","12":"purchasable","13":"product-type-simple"},"jetpack_sharing_enabled":true,"_links":{"self":[{"href":"https:\/\/shoponlinedz.com\/en\/wp-json\/wp\/v2\/product\/60772","targetHints":{"allow":["GET"]}}],"collection":[{"href":"https:\/\/shoponlinedz.com\/en\/wp-json\/wp\/v2\/product"}],"about":[{"href":"https:\/\/shoponlinedz.com\/en\/wp-json\/wp\/v2\/types\/product"}],"replies":[{"embeddable":true,"href":"https:\/\/shoponlinedz.com\/en\/wp-json\/wp\/v2\/comments?post=60772"}],"version-history":[{"count":0,"href":"https:\/\/shoponlinedz.com\/en\/wp-json\/wp\/v2\/product\/60772\/revisions"}],"wp:featuredmedia":[{"embeddable":true,"href":"https:\/\/shoponlinedz.com\/en\/wp-json\/wp\/v2\/media\/60771"}],"wp:attachment":[{"href":"https:\/\/shoponlinedz.com\/en\/wp-json\/wp\/v2\/media?parent=60772"}],"wp:term":[{"taxonomy":"product_brand","embeddable":true,"href":"https:\/\/shoponlinedz.com\/en\/wp-json\/wp\/v2\/product_brand?post=60772"},{"taxonomy":"product_cat","embeddable":true,"href":"https:\/\/shoponlinedz.com\/en\/wp-json\/wp\/v2\/product_cat?post=60772"},{"taxonomy":"product_tag","embeddable":true,"href":"https:\/\/shoponlinedz.com\/en\/wp-json\/wp\/v2\/product_tag?post=60772"}],"curies":[{"name":"wp","href":"https:\/\/api.w.org\/{rel}","templated":true}]}}