{"id":60754,"date":"2026-01-06T17:45:44","date_gmt":"2026-01-06T17:45:44","guid":{"rendered":"https:\/\/shoponlinedz.com\/product\/casque-sans-fil-stereo-hifi-bluetooth-sans-fil-microphone-integre-dunth-du-b210\/"},"modified":"2026-02-16T16:40:59","modified_gmt":"2026-02-16T15:40:59","slug":"casque-sans-fil-stereo-hifi-bluetooth-sans-fil-microphone-integre-dunth-du-b210","status":"publish","type":"product","link":"https:\/\/shoponlinedz.com\/en\/product\/casque-sans-fil-stereo-hifi-bluetooth-sans-fil-microphone-integre-dunth-du-b210\/","title":{"rendered":"Casque sans fil st\u00e9r\u00e9o Hifi Bluetooth sans fil, microphone int\u00e9gr\u00e9 DUNTH DU-B210"},"content":{"rendered":"<figure class=\"attachment attachment--preview\" data-trix-attachment=\"{&quot;contentType&quot;:&quot;image&quot;,&quot;height&quot;:1024,&quot;url&quot;:&quot;https:\/\/sawaqli.fra1.cdn.digitaloceanspaces.com\/15089\/Dunth-B210.jpg&quot;,&quot;width&quot;:1024}\" data-trix-content-type=\"image\"><img decoding=\"async\" class=\"aligncenter\" src=\"https:\/\/sawaqli.fra1.cdn.digitaloceanspaces.com\/15089\/Dunth-B210.jpg\" width=\"1024\" height=\"1024\" \/><figcaption class=\"attachment__caption\"><\/figcaption><\/figure>\n<figure class=\"attachment attachment--preview\" data-trix-attachment=\"{&quot;contentType&quot;:&quot;image&quot;,&quot;height&quot;:1024,&quot;url&quot;:&quot;https:\/\/sawaqli.fra1.cdn.digitaloceanspaces.com\/15090\/B210-2.jpg&quot;,&quot;width&quot;:1024}\" data-trix-content-type=\"image\"><img decoding=\"async\" class=\"aligncenter\" src=\"https:\/\/sawaqli.fra1.cdn.digitaloceanspaces.com\/15090\/B210-2.jpg\" width=\"1024\" height=\"1024\" \/><figcaption class=\"attachment__caption\"><\/figcaption><\/figure>\n<p style=\"text-align: center;\">","protected":false},"excerpt":{"rendered":"<p>\u0627\u0644\u0645\u0648\u0627\u0635\u0641\u0627\u062a\u0635\u0648\u062a \u0633\u062a\u064a\u0631\u064a\u0648 \u0639\u0627\u0644\u064a \u0627\u0644\u062f\u0642\u0629.\u0635\u0648\u062a Bass \u062f\u064a\u0646\u0627\u0645\u064a\u0643\u064a.\u0645\u0648\u0633\u064a\u0642\u0649 \u0648\u0645\u0643\u0627\u0644\u0645\u0627\u062a \u0644\u0627\u0633\u0644\u0643\u064a\u0629.\u0645\u064a\u0643\u0631\u0648\u0641\u0648\u0646 \u0648\u0623\u0632\u0631\u0627\u0631 \u062a\u062d\u0643\u0645 \u0645\u062f\u0645\u062c\u0629.\u062a\u0642\u0646\u064a\u0629 \u0627\u0644\u0627\u0642\u062a\u0631\u0627\u0646 \u0627\u0644\u0633\u0631\u064a\u0639 Quick Pair.\u0645\u062a\u0648\u0627\u0641\u0642 \u0645\u0639 \u0645\u062f\u062e\u0644 Aux.\u0639\u0632\u0644 \u0635\u0648\u062a\u064a \u0645\u062d\u0643\u0645.\u0648\u0633\u0627\u0626\u062f \u0623\u0630\u0646 \u0643\u0628\u064a\u0631\u0629 \u0627\u0644\u062d\u062c\u0645.\u0639\u0635\u0627\u0628\u0629 \u0631\u0623\u0633 \u0642\u0627\u0628\u0644\u0629 \u0644\u0644\u062a\u0639\u062f\u064a\u0644 \u0648\u0627\u0644\u0637\u064a \u0645\u0639 \u062d\u0634\u0648\u0629 \u0645\u0631\u064a\u062d\u0629.\u062a\u0635\u0645\u064a\u0645 \u062f\u0627\u062e\u0644 \u0627\u0644\u0623\u0630\u0646 \u0645\u0631\u064a\u062d \u0644\u0644\u063a\u0627\u064a\u0629 \u0648\u062e\u0641\u064a\u0641 \u0627\u0644\u0648\u0632\u0646.\u0627\u0644\u0645\u0639\u0644\u0645\u0627\u062a \u0627\u0644\u062a\u0642\u0646\u064a\u0629:\u0645\u0634\u063a\u0644\u0627\u062a \u0635\u0648\u062a \u0646\u064a\u0648\u062f\u064a\u0645\u064a\u0648\u0645 40 \u0645\u0645.\u0625\u0635\u062f\u0627\u0631 \u0627\u0644\u0628\u0644\u0648\u062a\u0648\u062b: 5.0.\u0645\u062f\u0649 \u0627\u0644\u0628\u0644\u0648\u062a\u0648\u062b: \u062d\u062a\u0649 10 \u0623\u0645\u062a\u0627\u0631.\u0632\u0645\u0646 \u0627\u0644\u062a\u0634\u063a\u064a\u0644: \u0623\u0643\u062b\u0631 \u0645\u0646 5 \u0633\u0627\u0639\u0627\u062a.\u0632\u0645\u0646 \u0627\u0644\u0634\u062d\u0646: 2.5 \u0633\u0627\u0639\u0629.\u0645\u0646\u0641\u0630 \u0627\u0644\u0634\u062d\u0646: USB-C.\u0645\u062d\u062a\u0648\u064a\u0627\u062a \u0627\u0644\u0639\u0628\u0648\u0629:\u0633\u0645\u0627\u0639\u0629 \u0631\u0623\u0633 \u0644\u0627\u0633\u0644\u0643\u064a\u0629 DUNTH.\u0643\u0627\u0628\u0644 \u0634\u062d\u0646 USB-C.<\/p>","protected":false},"featured_media":60753,"comment_status":"open","ping_status":"closed","template":"","meta":[],"product_brand":[],"product_cat":[2463],"product_tag":[],"class_list":{"0":"post-60754","1":"product","2":"type-product","3":"status-publish","4":"has-post-thumbnail","6":"product_cat-electronique","8":"first","9":"instock","10":"taxable","11":"shipping-taxable","12":"purchasable","13":"product-type-simple"},"jetpack_sharing_enabled":true,"_links":{"self":[{"href":"https:\/\/shoponlinedz.com\/en\/wp-json\/wp\/v2\/product\/60754","targetHints":{"allow":["GET"]}}],"collection":[{"href":"https:\/\/shoponlinedz.com\/en\/wp-json\/wp\/v2\/product"}],"about":[{"href":"https:\/\/shoponlinedz.com\/en\/wp-json\/wp\/v2\/types\/product"}],"replies":[{"embeddable":true,"href":"https:\/\/shoponlinedz.com\/en\/wp-json\/wp\/v2\/comments?post=60754"}],"version-history":[{"count":0,"href":"https:\/\/shoponlinedz.com\/en\/wp-json\/wp\/v2\/product\/60754\/revisions"}],"wp:featuredmedia":[{"embeddable":true,"href":"https:\/\/shoponlinedz.com\/en\/wp-json\/wp\/v2\/media\/60753"}],"wp:attachment":[{"href":"https:\/\/shoponlinedz.com\/en\/wp-json\/wp\/v2\/media?parent=60754"}],"wp:term":[{"taxonomy":"product_brand","embeddable":true,"href":"https:\/\/shoponlinedz.com\/en\/wp-json\/wp\/v2\/product_brand?post=60754"},{"taxonomy":"product_cat","embeddable":true,"href":"https:\/\/shoponlinedz.com\/en\/wp-json\/wp\/v2\/product_cat?post=60754"},{"taxonomy":"product_tag","embeddable":true,"href":"https:\/\/shoponlinedz.com\/en\/wp-json\/wp\/v2\/product_tag?post=60754"}],"curies":[{"name":"wp","href":"https:\/\/api.w.org\/{rel}","templated":true}]}}