{"id":60709,"date":"2026-01-06T17:43:44","date_gmt":"2026-01-06T17:43:44","guid":{"rendered":"https:\/\/shoponlinedz.com\/product\/lampe-de-poche-3-en-1-bureau-et-camping-180-reglable-3-modes-rechargeable-avec-fonction-batterie-externe\/"},"modified":"2026-02-16T16:41:01","modified_gmt":"2026-02-16T15:41:01","slug":"lampe-de-poche-3-en-1-bureau-et-camping-180-reglable-3-modes-rechargeable-avec-fonction-batterie-externe","status":"publish","type":"product","link":"https:\/\/shoponlinedz.com\/en\/product\/lampe-de-poche-3-en-1-bureau-et-camping-180-reglable-3-modes-rechargeable-avec-fonction-batterie-externe\/","title":{"rendered":"Lampe de poche 3 en 1 , bureau et camping 180 r\u00e9glable , 3 modes, rechargeable avec fonction batterie externe"},"content":{"rendered":"<figure class=\"attachment attachment--preview\" data-trix-attachment=\"{&quot;contentType&quot;:&quot;image&quot;,&quot;height&quot;:1024,&quot;url&quot;:&quot;https:\/\/sawaqli.fra1.cdn.digitaloceanspaces.com\/15443\/Main-desktop-lamp.jpg&quot;,&quot;width&quot;:1024}\" data-trix-content-type=\"image\"><img decoding=\"async\" class=\"aligncenter\" src=\"https:\/\/sawaqli.fra1.cdn.digitaloceanspaces.com\/15443\/Main-desktop-lamp.jpg\" width=\"1024\" height=\"1024\" \/><figcaption class=\"attachment__caption\"><\/figcaption><\/figure>\n<figure class=\"attachment attachment--preview\" data-trix-attachment=\"{&quot;contentType&quot;:&quot;image&quot;,&quot;height&quot;:1024,&quot;url&quot;:&quot;https:\/\/sawaqli.fra1.cdn.digitaloceanspaces.com\/15444\/fourth-desktop-lamp.jpg&quot;,&quot;width&quot;:1024}\" data-trix-content-type=\"image\"><img decoding=\"async\" class=\"aligncenter\" src=\"https:\/\/sawaqli.fra1.cdn.digitaloceanspaces.com\/15444\/fourth-desktop-lamp.jpg\" width=\"1024\" height=\"1024\" \/><figcaption class=\"attachment__caption\"><\/figcaption><\/figure>\n<figure class=\"attachment attachment--preview\" data-trix-attachment=\"{&quot;contentType&quot;:&quot;image&quot;,&quot;height&quot;:1024,&quot;url&quot;:&quot;https:\/\/sawaqli.fra1.cdn.digitaloceanspaces.com\/15445\/fifth-desktop-lamp.jpg&quot;,&quot;width&quot;:1024}\" data-trix-content-type=\"image\"><img decoding=\"async\" class=\"aligncenter\" src=\"https:\/\/sawaqli.fra1.cdn.digitaloceanspaces.com\/15445\/fifth-desktop-lamp.jpg\" width=\"1024\" height=\"1024\" \/><figcaption class=\"attachment__caption\"><\/figcaption><\/figure>\n<figure class=\"attachment attachment--preview\" data-trix-attachment=\"{&quot;contentType&quot;:&quot;image&quot;,&quot;height&quot;:1024,&quot;url&quot;:&quot;https:\/\/sawaqli.fra1.cdn.digitaloceanspaces.com\/15446\/third-desktop-lamp.jpg&quot;,&quot;width&quot;:1024}\" data-trix-content-type=\"image\"><img decoding=\"async\" class=\"aligncenter\" src=\"https:\/\/sawaqli.fra1.cdn.digitaloceanspaces.com\/15446\/third-desktop-lamp.jpg\" width=\"1024\" height=\"1024\" \/><figcaption class=\"attachment__caption\"><\/figcaption><\/figure>\n<figure class=\"attachment attachment--preview\" data-trix-attachment=\"{&quot;contentType&quot;:&quot;image&quot;,&quot;height&quot;:1024,&quot;url&quot;:&quot;https:\/\/sawaqli.fra1.cdn.digitaloceanspaces.com\/15447\/landing-two-desktop-lamp.jpg&quot;,&quot;width&quot;:1024}\" data-trix-content-type=\"image\"><img decoding=\"async\" class=\"aligncenter\" src=\"https:\/\/sawaqli.fra1.cdn.digitaloceanspaces.com\/15447\/landing-two-desktop-lamp.jpg\" width=\"1024\" height=\"1024\" \/><figcaption class=\"attachment__caption\"><\/figcaption><\/figure>\n<p style=\"text-align: center;\">","protected":false},"excerpt":{"rendered":"<p>\u0645\u0635\u0628\u0627\u062d \u062a\u062e\u064a\u064a\u0645 LED \u0645\u062a\u0639\u062f\u062f \u0627\u0644\u0648\u0638\u0627\u0626\u0641\u0627\u0644\u0644\u0648\u0646: \u0623\u062d\u0645\u0631\u060c \u0623\u062e\u0636\u0631\u060c \u0623\u0632\u0631\u0642\u0627\u0644\u0645\u0627\u062f\u0629: ABS\u0627\u0644\u062d\u062c\u0645: \u200e8.5\u00d715 \u0633\u0645 (3.35\u00d75.91 \u0628\u0648\u0635\u0629)\u0645\u0635\u062f\u0631 \u0627\u0644\u0637\u0627\u0642\u0629: \u0628\u0637\u0627\u0631\u064a\u0629 \u0644\u064a\u062b\u064a\u0648\u0645 \u0645\u062f\u0645\u062c\u0629 18650\u0632\u0645\u0646 \u0627\u0644\u062a\u0634\u063a\u064a\u0644: 5 \u0625\u0644\u0649 8 \u0633\u0627\u0639\u0627\u062a\u0627\u0644\u062c\u0647\u062f: 3.7\u20134.2 \u0641\u0648\u0644\u062a\u0627\u0644\u0634\u062d\u0646: USB (5V\/1A)\u0646\u0648\u0639 \u0627\u0644\u0625\u0636\u0627\u0621\u0629: LED \u0639\u0627\u0644\u064a \u0627\u0644\u0633\u0637\u0648\u0639\u0645\u062f\u0649 \u0627\u0644\u0625\u0636\u0627\u0621\u0629: 100\u2013200 \u0645\u062a\u0631\u0627\u0644\u0642\u062f\u0631\u0629: 5 \u0648\u0627\u0637\u0634\u062f\u0629 \u0627\u0644\u0625\u0636\u0627\u0621\u0629: 350LM;Caract\u00e9ristiques: -3 en 1, lampe de table, lampe de poche, batterie externe de secours. -\u00c9clairage \u00e0 3 niveaux, le meilleur compagnon pour le camping en plein air. -M\u00e8che LED, \u00e9clairage puissant et lumi\u00e8re longue distance. -Multi-angle et multidirectionnel r\u00e9glable, r\u00e9pond \u00e0 vos diff\u00e9rents besoins. -Pratique et portable, batterie de grande capacit\u00e9, chargement USB. -\u00c9clairage, conduite de nuit, urgence, camping, lampe domestique, lampe de signalisation, banque d&#8217;alimentation de secours -Super lumineux et multifonctionnel La lampe de camping LED 3 en 1 est une lampe de bureau et des lampes de camping. Cette lampe lanterne LED a une large gamme d&#8217;utilisation, qui est non seulement peut \u00eatre utilis\u00e9e comme une lampe de poche de camping pour les activit\u00e9s de plein air, comme une lampe de bureau pour \u00e9tudier \u00e0 la maison. Les ampoules LED sont parmi les meilleures ampoules de l&#8217;industrie en mati\u00e8re de luminosit\u00e9, d&#8217;\u00e9conomie d&#8217;\u00e9nergie et de faible consommation d&#8217;\u00e9nergie, MEILLEUR pour la recherche, le camping et la randonn\u00e9e, les pannes de courant. -Conception unique Vous pouvez changer la forme et ajuster l&#8217;angle, 180 degr\u00e9s librement, \u00e9clairage rotatif \u00e0 360 degr\u00e9s. Avec ses caract\u00e9ristiques de pliage, il est facile pour vous de l&#8217;ajuster comme une lampe de bureau, parfaite pour votre lecture, travail, \u00e9tude. -Chargement USB et banque d&#8217;alimentation<\/p>","protected":false},"featured_media":60708,"comment_status":"open","ping_status":"closed","template":"","meta":[],"product_brand":[],"product_cat":[2464],"product_tag":[],"class_list":{"0":"post-60709","1":"product","2":"type-product","3":"status-publish","4":"has-post-thumbnail","6":"product_cat-camping-et-randonnee","8":"first","9":"instock","10":"taxable","11":"shipping-taxable","12":"purchasable","13":"product-type-simple"},"jetpack_sharing_enabled":true,"_links":{"self":[{"href":"https:\/\/shoponlinedz.com\/en\/wp-json\/wp\/v2\/product\/60709","targetHints":{"allow":["GET"]}}],"collection":[{"href":"https:\/\/shoponlinedz.com\/en\/wp-json\/wp\/v2\/product"}],"about":[{"href":"https:\/\/shoponlinedz.com\/en\/wp-json\/wp\/v2\/types\/product"}],"replies":[{"embeddable":true,"href":"https:\/\/shoponlinedz.com\/en\/wp-json\/wp\/v2\/comments?post=60709"}],"version-history":[{"count":0,"href":"https:\/\/shoponlinedz.com\/en\/wp-json\/wp\/v2\/product\/60709\/revisions"}],"wp:featuredmedia":[{"embeddable":true,"href":"https:\/\/shoponlinedz.com\/en\/wp-json\/wp\/v2\/media\/60708"}],"wp:attachment":[{"href":"https:\/\/shoponlinedz.com\/en\/wp-json\/wp\/v2\/media?parent=60709"}],"wp:term":[{"taxonomy":"product_brand","embeddable":true,"href":"https:\/\/shoponlinedz.com\/en\/wp-json\/wp\/v2\/product_brand?post=60709"},{"taxonomy":"product_cat","embeddable":true,"href":"https:\/\/shoponlinedz.com\/en\/wp-json\/wp\/v2\/product_cat?post=60709"},{"taxonomy":"product_tag","embeddable":true,"href":"https:\/\/shoponlinedz.com\/en\/wp-json\/wp\/v2\/product_tag?post=60709"}],"curies":[{"name":"wp","href":"https:\/\/api.w.org\/{rel}","templated":true}]}}