{"id":60703,"date":"2026-01-06T17:43:33","date_gmt":"2026-01-06T17:43:33","guid":{"rendered":"https:\/\/shoponlinedz.com\/product\/panasonic-telephone-numerique-sans-fil-kx-tgb10af2-%d9%87%d8%a7%d8%aa%d9%81-%d8%a3%d8%b1%d8%b6%d9%8a-%d9%84%d8%a7%d8%b3%d9%84%d9%83%d9%8a-%d8%a8%d8%ae%d8%a7%d8%b5%d9%8a%d8%a9-%d8%aa%d8%b3%d8%ac\/"},"modified":"2026-04-16T08:20:52","modified_gmt":"2026-04-16T07:20:52","slug":"panasonic-telephone-numerique-sans-fil-kx-tgb10af2-%d9%87%d8%a7%d8%aa%d9%81-%d8%a3%d8%b1%d8%b6%d9%8a-%d9%84%d8%a7%d8%b3%d9%84%d9%83%d9%8a-%d8%a8%d8%ae%d8%a7%d8%b5%d9%8a%d8%a9-%d8%aa%d8%b3%d8%ac","status":"publish","type":"product","link":"https:\/\/shoponlinedz.com\/en\/product\/panasonic-telephone-numerique-sans-fil-kx-tgb10af2-%d9%87%d8%a7%d8%aa%d9%81-%d8%a3%d8%b1%d8%b6%d9%8a-%d9%84%d8%a7%d8%b3%d9%84%d9%83%d9%8a-%d8%a8%d8%ae%d8%a7%d8%b5%d9%8a%d8%a9-%d8%aa%d8%b3%d8%ac\/","title":{"rendered":"Panasonic T\u00e9l\u00e9phone Num\u00e9rique Sans Fil KX-TGB10AF2 &#8211; \u0647\u0627\u062a\u0641 \u0623\u0631\u0636\u064a \u0644\u0627\u0633\u0644\u0643\u064a \u0628\u062e\u0627\u0635\u064a\u0629 \u062a\u0633\u062c\u064a\u0644 \u0627\u0644\u0623\u0631\u0642\u0627\u0645 \u0645\u0639 \u0628\u0637\u0627\u0631\u064a\u0629 \u062a\u062f\u0648\u0645 \u0637\u0648\u064a\u0644\u0627"},"content":{"rendered":"<figure class=\"attachment attachment--preview\" data-trix-attachment=\"{&quot;contentType&quot;:&quot;image&quot;,&quot;height&quot;:1024,&quot;url&quot;:&quot;https:\/\/sawaqli.fra1.cdn.digitaloceanspaces.com\/14001\/parasonic-KX-TGB10AF.jpg&quot;,&quot;width&quot;:1024}\" data-trix-content-type=\"image\"><img decoding=\"async\" class=\"aligncenter\" src=\"https:\/\/sawaqli.fra1.cdn.digitaloceanspaces.com\/14001\/parasonic-KX-TGB10AF.jpg\" width=\"1024\" height=\"1024\" \/><figcaption class=\"attachment__caption\"><\/figcaption><\/figure>\n<figure class=\"attachment attachment--preview\" data-trix-attachment=\"{&quot;contentType&quot;:&quot;image&quot;,&quot;height&quot;:1024,&quot;url&quot;:&quot;https:\/\/sawaqli.fra1.cdn.digitaloceanspaces.com\/14002\/parasonic-KX-TGB10AF-2.jpg&quot;,&quot;width&quot;:1024}\" data-trix-content-type=\"image\"><img decoding=\"async\" class=\"aligncenter\" src=\"https:\/\/sawaqli.fra1.cdn.digitaloceanspaces.com\/14002\/parasonic-KX-TGB10AF-2.jpg\" width=\"1024\" height=\"1024\" \/><figcaption class=\"attachment__caption\"><\/figcaption><\/figure>\n<figure class=\"attachment attachment--preview\" data-trix-attachment=\"{&quot;contentType&quot;:&quot;image&quot;,&quot;height&quot;:1024,&quot;url&quot;:&quot;https:\/\/sawaqli.fra1.cdn.digitaloceanspaces.com\/14003\/KX-TGB10AF-1-1.jpg&quot;,&quot;width&quot;:1024}\" data-trix-content-type=\"image\"><img decoding=\"async\" class=\"aligncenter\" src=\"https:\/\/sawaqli.fra1.cdn.digitaloceanspaces.com\/14003\/KX-TGB10AF-1-1.jpg\" width=\"1024\" height=\"1024\" \/><figcaption class=\"attachment__caption\"><\/figcaption><\/figure>\n<figure class=\"attachment attachment--preview\" data-trix-attachment=\"{&quot;contentType&quot;:&quot;image&quot;,&quot;height&quot;:1024,&quot;url&quot;:&quot;https:\/\/sawaqli.fra1.cdn.digitaloceanspaces.com\/14004\/parasonic-KX-TGB10AF-23.jpg&quot;,&quot;width&quot;:1024}\" data-trix-content-type=\"image\"><img decoding=\"async\" class=\"aligncenter\" src=\"https:\/\/sawaqli.fra1.cdn.digitaloceanspaces.com\/14004\/parasonic-KX-TGB10AF-23.jpg\" width=\"1024\" height=\"1024\" \/><figcaption class=\"attachment__caption\"><\/figcaption><\/figure>\n<figure class=\"attachment attachment--preview\" data-trix-attachment=\"{&quot;contentType&quot;:&quot;image&quot;,&quot;height&quot;:1024,&quot;url&quot;:&quot;https:\/\/sawaqli.fra1.cdn.digitaloceanspaces.com\/14005\/parasonic-KX-TGB10AF-1.jpg&quot;,&quot;width&quot;:1024}\" data-trix-content-type=\"image\"><img decoding=\"async\" class=\"aligncenter\" src=\"https:\/\/sawaqli.fra1.cdn.digitaloceanspaces.com\/14005\/parasonic-KX-TGB10AF-1.jpg\" width=\"1024\" height=\"1024\" \/><figcaption class=\"attachment__caption\"><\/figcaption><\/figure>\n<p style=\"text-align: center;\">","protected":false},"excerpt":{"rendered":"<p>\u0634\u0627\u0634\u0629 \u0628\u0625\u0636\u0627\u0621\u0629 \u062e\u0644\u0641\u064a\u0629 \u0628\u0631\u062a\u0642\u0627\u0644\u064a\u0629 \u0633\u0627\u0637\u0639\u0629 \u2013 \u0648\u0636\u0639 \u062a\u0648\u0641\u064a\u0631 \u0627\u0644\u0637\u0627\u0642\u0629\u0627\u0644\u062a\u0639\u0631\u0641 \u0639\u0644\u0649 \u0647\u0648\u064a\u0629 \u0627\u0644\u0645\u062a\u0635\u0644 \/ \u0627\u0646\u062a\u0638\u0627\u0631 \u0627\u0644\u0645\u0643\u0627\u0644\u0645\u0627\u062a\u0633\u062c\u0644 \u0623\u0633\u0645\u0627\u0621 \u0648\u0623\u0631\u0642\u0627\u0645 \u0627\u0644\u0645\u062a\u0635\u0644\u064a\u0646 (\u062d\u062a\u0649 20 \u0627\u0633\u0645\u064b\u0627 \u0648\u0631\u0642\u0645\u064b\u0627)\u062f\u0644\u064a\u0644 \u0647\u0627\u062a\u0641 \u0628\u0633\u0639\u0629 50 \u0627\u0633\u0645\u064b\u0627 \u0648\u0631\u0642\u0645\u064b\u0627\u0630\u0627\u0643\u0631\u0629 \u0644\u0625\u0639\u0627\u062f\u0629 \u0627\u0644\u0627\u062a\u0635\u0627\u0644 \u062d\u062a\u0649 10 \u0623\u0631\u0642\u0627\u06455 \u0646\u063a\u0645\u0627\u062a \u0631\u0646\u064a\u0646 \u0642\u0627\u0628\u0644\u0629 \u0644\u0644\u0627\u062e\u062a\u064a\u0627\u0631\u0645\u0646\u0628\u0651\u0647 \u0645\u062f\u0645\u062c \u0641\u064a \u0627\u0644\u0633\u0645\u0627\u0639\u0629\u0642\u0641\u0644 \u0623\u0645\u0627\u0646 \u0628\u0627\u0644\u0645\u0641\u062a\u0627\u062d\u0625\u0645\u0643\u0627\u0646\u064a\u0629 \u0631\u0628\u0637 \u062d\u062a\u0649 4 \u0633\u0645\u0627\u0639\u0627\u062a \u0628\u0642\u0627\u0639\u062f\u0629 \u0648\u0627\u062d\u062f\u0629\u0645\u062f\u0629 \u0627\u0644\u062a\u062d\u062f\u062b \u062d\u062a\u0649 10 \u0633\u0627\u0639\u0627\u062a \/ \u0648\u0636\u0639 \u0627\u0644\u0627\u0633\u062a\u0639\u062f\u0627\u062f \u062d\u062a\u0649 200 \u0633\u0627\u0639\u0629<\/p>","protected":false},"featured_media":60702,"comment_status":"open","ping_status":"closed","template":"","meta":[],"product_brand":[],"product_cat":[2463],"product_tag":[],"class_list":{"0":"post-60703","1":"product","2":"type-product","3":"status-publish","4":"has-post-thumbnail","6":"product_cat-electronique","8":"first","9":"outofstock","10":"taxable","11":"shipping-taxable","12":"purchasable","13":"product-type-simple"},"jetpack_sharing_enabled":true,"_links":{"self":[{"href":"https:\/\/shoponlinedz.com\/en\/wp-json\/wp\/v2\/product\/60703","targetHints":{"allow":["GET"]}}],"collection":[{"href":"https:\/\/shoponlinedz.com\/en\/wp-json\/wp\/v2\/product"}],"about":[{"href":"https:\/\/shoponlinedz.com\/en\/wp-json\/wp\/v2\/types\/product"}],"replies":[{"embeddable":true,"href":"https:\/\/shoponlinedz.com\/en\/wp-json\/wp\/v2\/comments?post=60703"}],"version-history":[{"count":0,"href":"https:\/\/shoponlinedz.com\/en\/wp-json\/wp\/v2\/product\/60703\/revisions"}],"wp:featuredmedia":[{"embeddable":true,"href":"https:\/\/shoponlinedz.com\/en\/wp-json\/wp\/v2\/media\/60702"}],"wp:attachment":[{"href":"https:\/\/shoponlinedz.com\/en\/wp-json\/wp\/v2\/media?parent=60703"}],"wp:term":[{"taxonomy":"product_brand","embeddable":true,"href":"https:\/\/shoponlinedz.com\/en\/wp-json\/wp\/v2\/product_brand?post=60703"},{"taxonomy":"product_cat","embeddable":true,"href":"https:\/\/shoponlinedz.com\/en\/wp-json\/wp\/v2\/product_cat?post=60703"},{"taxonomy":"product_tag","embeddable":true,"href":"https:\/\/shoponlinedz.com\/en\/wp-json\/wp\/v2\/product_tag?post=60703"}],"curies":[{"name":"wp","href":"https:\/\/api.w.org\/{rel}","templated":true}]}}