{"id":60649,"date":"2026-01-06T17:41:27","date_gmt":"2026-01-06T17:41:27","guid":{"rendered":"https:\/\/shoponlinedz.com\/product\/prise-de-charge-rapide-domestique-multifonctionnelle-avec-veilleuse-qc-3-0-et-systeme-de-securite-enfants\/"},"modified":"2026-02-16T16:41:04","modified_gmt":"2026-02-16T15:41:04","slug":"prise-de-charge-rapide-domestique-multifonctionnelle-avec-veilleuse-qc-3-0-et-systeme-de-securite-enfants","status":"publish","type":"product","link":"https:\/\/shoponlinedz.com\/en\/product\/prise-de-charge-rapide-domestique-multifonctionnelle-avec-veilleuse-qc-3-0-et-systeme-de-securite-enfants\/","title":{"rendered":"Prise de charge rapide domestique multifonctionnelle avec veilleuse QC 3.0 et syst\u00e8me de s\u00e9curit\u00e9 enfants"},"content":{"rendered":"<figure class=\"attachment attachment--preview\" data-trix-attachment=\"{&quot;contentType&quot;:&quot;image&quot;,&quot;height&quot;:1024,&quot;url&quot;:&quot;https:\/\/sawaqli.fra1.cdn.digitaloceanspaces.com\/15537\/Hachoir-a-viande-en-alliage-dalumisqqqssqnium-1.jpg&quot;,&quot;width&quot;:1024}\" data-trix-content-type=\"image\"><img decoding=\"async\" class=\"aligncenter\" src=\"https:\/\/sawaqli.fra1.cdn.digitaloceanspaces.com\/15537\/Hachoir-a-viande-en-alliage-dalumisqqqssqnium-1.jpg\" width=\"1024\" height=\"1024\" \/><figcaption class=\"attachment__caption\"><\/figcaption><\/figure>\n<figure class=\"attachment attachment--preview\" data-trix-attachment=\"{&quot;contentType&quot;:&quot;image&quot;,&quot;height&quot;:1024,&quot;url&quot;:&quot;https:\/\/sawaqli.fra1.cdn.digitaloceanspaces.com\/15538\/DOUBLE-PRISE-FAST-2.jpg&quot;,&quot;width&quot;:1024}\" data-trix-content-type=\"image\"><img decoding=\"async\" class=\"aligncenter\" src=\"https:\/\/sawaqli.fra1.cdn.digitaloceanspaces.com\/15538\/DOUBLE-PRISE-FAST-2.jpg\" width=\"1024\" height=\"1024\" \/><figcaption class=\"attachment__caption\"><\/figcaption><\/figure>\n<figure class=\"attachment attachment--preview\" data-trix-attachment=\"{&quot;contentType&quot;:&quot;image&quot;,&quot;height&quot;:1024,&quot;url&quot;:&quot;https:\/\/sawaqli.fra1.cdn.digitaloceanspaces.com\/15539\/DOUBLE-PRISE-FAST-3.jpg&quot;,&quot;width&quot;:1024}\" data-trix-content-type=\"image\"><img decoding=\"async\" class=\"aligncenter\" src=\"https:\/\/sawaqli.fra1.cdn.digitaloceanspaces.com\/15539\/DOUBLE-PRISE-FAST-3.jpg\" width=\"1024\" height=\"1024\" \/><figcaption class=\"attachment__caption\"><\/figcaption><\/figure>\n<figure class=\"attachment attachment--preview\" data-trix-attachment=\"{&quot;contentType&quot;:&quot;image&quot;,&quot;height&quot;:1024,&quot;url&quot;:&quot;https:\/\/sawaqli.fra1.cdn.digitaloceanspaces.com\/15540\/DOUBLE-PRISE-FAST-4.jpg&quot;,&quot;width&quot;:1024}\" data-trix-content-type=\"image\"><img decoding=\"async\" class=\"aligncenter\" src=\"https:\/\/sawaqli.fra1.cdn.digitaloceanspaces.com\/15540\/DOUBLE-PRISE-FAST-4.jpg\" width=\"1024\" height=\"1024\" \/><figcaption class=\"attachment__caption\"><\/figcaption><\/figure>\n<figure class=\"attachment attachment--preview\" data-trix-attachment=\"{&quot;contentType&quot;:&quot;image&quot;,&quot;height&quot;:1024,&quot;url&quot;:&quot;https:\/\/sawaqli.fra1.cdn.digitaloceanspaces.com\/15541\/DOUBLE-PRISE-FAST-5.jpg&quot;,&quot;width&quot;:1024}\" data-trix-content-type=\"image\"><img decoding=\"async\" class=\"aligncenter\" src=\"https:\/\/sawaqli.fra1.cdn.digitaloceanspaces.com\/15541\/DOUBLE-PRISE-FAST-5.jpg\" width=\"1024\" height=\"1024\" \/><figcaption class=\"attachment__caption\"><\/figcaption><\/figure>\n<p style=\"text-align: center;\">","protected":false},"excerpt":{"rendered":"<p>\u0634\u0627\u062d\u0646 \u0630\u0643\u064a \u0645\u062a\u0639\u062f\u062f \u0627\u0644\u0645\u062e\u0627\u0631\u062c \u0645\u0639 \u0625\u0636\u0627\u0621\u0629 LED\u0627\u0644\u062e\u0627\u0645\u0629: PC \u0645\u0642\u0627\u0648\u0645 \u0644\u0644\u0627\u0634\u062a\u0639\u0627\u0644 + \u0646\u062d\u0627\u0633 + \u0645\u0643\u0648\u0646\u0627\u062a \u0625\u0644\u0643\u062a\u0631\u0648\u0646\u064a\u0629\u0627\u0644\u0645\u0645\u064a\u0632\u0627\u062a:\u0645\u0641\u062a\u0627\u062d \u062a\u0634\u063a\u064a\u0644 \u0645\u0642\u0627\u0648\u0645 \u0644\u0644\u0645\u0627\u0621 \u0648\u062d\u0645\u0627\u064a\u0629 \u0644\u0644\u0623\u0637\u0641\u0627\u0644\u0634\u0631\u064a\u062d\u0629 \u0630\u0643\u064a\u0629 \u062a\u0645\u0646\u062d \u0623\u0645\u0627\u0646\u0627\u064b \u0625\u0636\u0627\u0641\u064a\u0627\u064b \u0636\u062f \u0627\u0644\u062d\u0631\u0627\u0631\u0629 \u0627\u0644\u0639\u0627\u0644\u064a\u0629\u0637\u0627\u0642\u0629 \u0642\u0635\u0648\u0649 2500 \u0648\u0627\u0637\u0645\u062e\u0627\u0631\u062c \u0634\u062d\u0646:PD USB-C \u062d\u062a\u0649 20 \u0648\u0627\u0637QC 3.0 \u062d\u062a\u0649 18 \u0648\u0627\u0637USB-A \u062d\u062a\u0649 12 \u0648\u0627\u0637\u0625\u0645\u0643\u0627\u0646\u064a\u0629 \u0634\u062d\u0646 5 \u0623\u062c\u0647\u0632\u0629 \u0641\u064a \u0648\u0642\u062a \u0648\u0627\u062d\u062f\u0625\u0636\u0627\u0621\u0629 LED \u0645\u062f\u0645\u062c\u0629 (15 \u00d7 0.2 \u0648\u0627\u0637)\u0627\u0644\u0623\u0628\u0639\u0627\u062f: 14.9 \u00d7 11 \u00d7 6.9 \u0633\u0645\u0627\u0644\u0648\u0632\u0646: 305 \u062c\u0645<\/p>","protected":false},"featured_media":60648,"comment_status":"open","ping_status":"closed","template":"","meta":[],"product_brand":[],"product_cat":[2463],"product_tag":[],"class_list":{"0":"post-60649","1":"product","2":"type-product","3":"status-publish","4":"has-post-thumbnail","6":"product_cat-electronique","8":"first","9":"instock","10":"taxable","11":"shipping-taxable","12":"purchasable","13":"product-type-simple"},"jetpack_sharing_enabled":true,"_links":{"self":[{"href":"https:\/\/shoponlinedz.com\/en\/wp-json\/wp\/v2\/product\/60649","targetHints":{"allow":["GET"]}}],"collection":[{"href":"https:\/\/shoponlinedz.com\/en\/wp-json\/wp\/v2\/product"}],"about":[{"href":"https:\/\/shoponlinedz.com\/en\/wp-json\/wp\/v2\/types\/product"}],"replies":[{"embeddable":true,"href":"https:\/\/shoponlinedz.com\/en\/wp-json\/wp\/v2\/comments?post=60649"}],"version-history":[{"count":0,"href":"https:\/\/shoponlinedz.com\/en\/wp-json\/wp\/v2\/product\/60649\/revisions"}],"wp:featuredmedia":[{"embeddable":true,"href":"https:\/\/shoponlinedz.com\/en\/wp-json\/wp\/v2\/media\/60648"}],"wp:attachment":[{"href":"https:\/\/shoponlinedz.com\/en\/wp-json\/wp\/v2\/media?parent=60649"}],"wp:term":[{"taxonomy":"product_brand","embeddable":true,"href":"https:\/\/shoponlinedz.com\/en\/wp-json\/wp\/v2\/product_brand?post=60649"},{"taxonomy":"product_cat","embeddable":true,"href":"https:\/\/shoponlinedz.com\/en\/wp-json\/wp\/v2\/product_cat?post=60649"},{"taxonomy":"product_tag","embeddable":true,"href":"https:\/\/shoponlinedz.com\/en\/wp-json\/wp\/v2\/product_tag?post=60649"}],"curies":[{"name":"wp","href":"https:\/\/api.w.org\/{rel}","templated":true}]}}