{"id":60640,"date":"2026-01-06T17:41:05","date_gmt":"2026-01-06T17:41:05","guid":{"rendered":"https:\/\/shoponlinedz.com\/product\/hachoir-a-viande-en-alliage-daluminium-12\/"},"modified":"2026-02-16T16:41:04","modified_gmt":"2026-02-16T15:41:04","slug":"hachoir-a-viande-en-alliage-daluminium-12","status":"publish","type":"product","link":"https:\/\/shoponlinedz.com\/en\/product\/hachoir-a-viande-en-alliage-daluminium-12\/","title":{"rendered":"Hachoir \u00e0 viande en alliage d\u2019aluminium 12"},"content":{"rendered":"<figure class=\"attachment attachment--preview\" data-trix-attachment=\"{&quot;contentType&quot;:&quot;image&quot;,&quot;height&quot;:1024,&quot;url&quot;:&quot;https:\/\/sawaqli.fra1.cdn.digitaloceanspaces.com\/15591\/alliage-daluminium.jpg&quot;,&quot;width&quot;:1024}\" data-trix-content-type=\"image\"><img decoding=\"async\" class=\"aligncenter\" src=\"https:\/\/sawaqli.fra1.cdn.digitaloceanspaces.com\/15591\/alliage-daluminium.jpg\" width=\"1024\" height=\"1024\" \/><figcaption class=\"attachment__caption\"><\/figcaption><\/figure>\n<figure class=\"attachment attachment--preview\" data-trix-attachment=\"{&quot;contentType&quot;:&quot;image&quot;,&quot;height&quot;:1024,&quot;url&quot;:&quot;https:\/\/sawaqli.fra1.cdn.digitaloceanspaces.com\/15592\/718YzICLhQL._AC_SL1500_.jpg&quot;,&quot;width&quot;:1024}\" data-trix-content-type=\"image\"><img decoding=\"async\" class=\"aligncenter\" src=\"https:\/\/sawaqli.fra1.cdn.digitaloceanspaces.com\/15592\/718YzICLhQL._AC_SL1500_.jpg\" width=\"1024\" height=\"1024\" \/><figcaption class=\"attachment__caption\"><\/figcaption><\/figure>\n<figure class=\"attachment attachment--preview\" data-trix-attachment=\"{&quot;contentType&quot;:&quot;image&quot;,&quot;height&quot;:1024,&quot;url&quot;:&quot;https:\/\/sawaqli.fra1.cdn.digitaloceanspaces.com\/15593\/htb12kshaodxk1rjssphq6zhrpxab_auto_x2.jpg&quot;,&quot;width&quot;:1024}\" data-trix-content-type=\"image\"><img decoding=\"async\" class=\"aligncenter\" src=\"https:\/\/sawaqli.fra1.cdn.digitaloceanspaces.com\/15593\/htb12kshaodxk1rjssphq6zhrpxab_auto_x2.jpg\" width=\"1024\" height=\"1024\" \/><figcaption class=\"attachment__caption\"><\/figcaption><\/figure>\n<figure class=\"attachment attachment--preview\" data-trix-attachment=\"{&quot;contentType&quot;:&quot;image&quot;,&quot;height&quot;:1024,&quot;url&quot;:&quot;https:\/\/sawaqli.fra1.cdn.digitaloceanspaces.com\/15594\/htb18ysfaifrk1rjsszcq6xggfxag_auto_x2.jpg&quot;,&quot;width&quot;:1024}\" data-trix-content-type=\"image\"><img decoding=\"async\" class=\"aligncenter\" src=\"https:\/\/sawaqli.fra1.cdn.digitaloceanspaces.com\/15594\/htb18ysfaifrk1rjsszcq6xggfxag_auto_x2.jpg\" width=\"1024\" height=\"1024\" \/><figcaption class=\"attachment__caption\"><\/figcaption><\/figure>\n<figure class=\"attachment attachment--preview\" data-trix-attachment=\"{&quot;contentType&quot;:&quot;image&quot;,&quot;height&quot;:1024,&quot;url&quot;:&quot;https:\/\/sawaqli.fra1.cdn.digitaloceanspaces.com\/15595\/71MtuH1qKML._AC_SL1500_.jpg&quot;,&quot;width&quot;:1024}\" data-trix-content-type=\"image\"><img decoding=\"async\" class=\"aligncenter\" src=\"https:\/\/sawaqli.fra1.cdn.digitaloceanspaces.com\/15595\/71MtuH1qKML._AC_SL1500_.jpg\" width=\"1024\" height=\"1024\" \/><figcaption class=\"attachment__caption\"><\/figcaption><\/figure>\n<p style=\"text-align: center;\">","protected":false},"excerpt":{"rendered":"<p>Produits SimilairesSp\u00e9cifications:Hachoir \u00e0 viande manuel et plats de nouilles \u00e0 saucisses Gadgets de fabrication \u00e0 main Hachoir \u00e0 p\u00e2tes Manivelle Outils de cuisine pour la maisonMat\u00e9riau: alliage d\u2019aluminiumCouleur: ArgentHauteur (environ):23cmApplication: viande, l\u00e9gumes, nouilles farcies, saucisse, farine et nourriture de soja et ainsi de suite.Instructions d\u2019utilisation:\u00c9tape 1. Avant utilisation, le hachoir \u00e0 viande \u00e0 la planche de bo\u00eetier ou un banc au-dessus de l\u2019\u00e9paisseur d\u2019environ 5cm, le fond de la main du hachoir \u00e0 viande serrer la vis de serrage, serrer la planche \u00e0 d\u00e9couper, fixe.\u00c9tape 2. Lors de l\u2019utilisation du hachoir \u00e0 viande, le hachoir \u00e0 viande sera d\u2019abord lav\u00e9 \u00e0 l\u2019eau, puis install\u00e9 tel quel, puis press\u00e9.Description:100% neuf et de haute qualit\u00e9La structure du produit est simple, l\u2019apparence du roman,L\u2019utilisation de lumi\u00e8re, d\u00e9montage et flexible, facile \u00e0 nettoyerUtilisez une large gamme, peut \u00eatre utilis\u00e9 pour la viande, les nouilles press\u00e9es, les saucisses d\u2019irrigation, la mouture et le lait de sojaLe paquet comprend:1 x Hachoir \u00e0 viande1 x Un ensemble d\u2019accessoires (lavement, outils de lame, etc.)<\/p>","protected":false},"featured_media":60639,"comment_status":"open","ping_status":"closed","template":"","meta":[],"product_brand":[],"product_cat":[2456],"product_tag":[],"class_list":{"0":"post-60640","1":"product","2":"type-product","3":"status-publish","4":"has-post-thumbnail","6":"product_cat-cuisine","8":"first","9":"instock","10":"taxable","11":"shipping-taxable","12":"purchasable","13":"product-type-simple"},"jetpack_sharing_enabled":true,"_links":{"self":[{"href":"https:\/\/shoponlinedz.com\/en\/wp-json\/wp\/v2\/product\/60640","targetHints":{"allow":["GET"]}}],"collection":[{"href":"https:\/\/shoponlinedz.com\/en\/wp-json\/wp\/v2\/product"}],"about":[{"href":"https:\/\/shoponlinedz.com\/en\/wp-json\/wp\/v2\/types\/product"}],"replies":[{"embeddable":true,"href":"https:\/\/shoponlinedz.com\/en\/wp-json\/wp\/v2\/comments?post=60640"}],"version-history":[{"count":0,"href":"https:\/\/shoponlinedz.com\/en\/wp-json\/wp\/v2\/product\/60640\/revisions"}],"wp:featuredmedia":[{"embeddable":true,"href":"https:\/\/shoponlinedz.com\/en\/wp-json\/wp\/v2\/media\/60639"}],"wp:attachment":[{"href":"https:\/\/shoponlinedz.com\/en\/wp-json\/wp\/v2\/media?parent=60640"}],"wp:term":[{"taxonomy":"product_brand","embeddable":true,"href":"https:\/\/shoponlinedz.com\/en\/wp-json\/wp\/v2\/product_brand?post=60640"},{"taxonomy":"product_cat","embeddable":true,"href":"https:\/\/shoponlinedz.com\/en\/wp-json\/wp\/v2\/product_cat?post=60640"},{"taxonomy":"product_tag","embeddable":true,"href":"https:\/\/shoponlinedz.com\/en\/wp-json\/wp\/v2\/product_tag?post=60640"}],"curies":[{"name":"wp","href":"https:\/\/api.w.org\/{rel}","templated":true}]}}