{"id":60572,"date":"2026-01-06T17:38:20","date_gmt":"2026-01-06T17:38:20","guid":{"rendered":"https:\/\/shoponlinedz.com\/product\/civiere-de-support-lombaire-pour-massage-du-dos-planche-vertebrale-muscle-inferieur-et-superieur-instituts-oto-pour-hernie-discale\/"},"modified":"2026-02-16T16:41:10","modified_gmt":"2026-02-16T15:41:10","slug":"civiere-de-support-lombaire-pour-massage-du-dos-planche-vertebrale-muscle-inferieur-et-superieur-instituts-oto-pour-hernie-discale","status":"publish","type":"product","link":"https:\/\/shoponlinedz.com\/en\/product\/civiere-de-support-lombaire-pour-massage-du-dos-planche-vertebrale-muscle-inferieur-et-superieur-instituts-oto-pour-hernie-discale\/","title":{"rendered":"Civi\u00e8re de support lombaire pour massage du dos, planche vert\u00e9brale, muscle inf\u00e9rieur et sup\u00e9rieur, instituts oto pour hernie discale"},"content":{"rendered":"<figure class=\"attachment attachment--preview\" data-trix-attachment=\"{&quot;contentType&quot;:&quot;image&quot;,&quot;height&quot;:1024,&quot;url&quot;:&quot;https:\/\/sawaqli.fra1.cdn.digitaloceanspaces.com\/15875\/Civiere-1.jpg&quot;,&quot;width&quot;:1024}\" data-trix-content-type=\"image\"><img decoding=\"async\" class=\"aligncenter\" src=\"https:\/\/sawaqli.fra1.cdn.digitaloceanspaces.com\/15875\/Civiere-1.jpg\" width=\"1024\" height=\"1024\" \/><figcaption class=\"attachment__caption\"><\/figcaption><\/figure>\n<figure class=\"attachment attachment--preview\" data-trix-attachment=\"{&quot;contentType&quot;:&quot;image&quot;,&quot;height&quot;:1024,&quot;url&quot;:&quot;https:\/\/sawaqli.fra1.cdn.digitaloceanspaces.com\/15876\/Civiere-6.jpg&quot;,&quot;width&quot;:1024}\" data-trix-content-type=\"image\"><img decoding=\"async\" class=\"aligncenter\" src=\"https:\/\/sawaqli.fra1.cdn.digitaloceanspaces.com\/15876\/Civiere-6.jpg\" width=\"1024\" height=\"1024\" \/><figcaption class=\"attachment__caption\"><\/figcaption><\/figure>\n<figure class=\"attachment attachment--preview\" data-trix-attachment=\"{&quot;contentType&quot;:&quot;image&quot;,&quot;height&quot;:1024,&quot;url&quot;:&quot;https:\/\/sawaqli.fra1.cdn.digitaloceanspaces.com\/15877\/Civiere-2.jpg&quot;,&quot;width&quot;:1024}\" data-trix-content-type=\"image\"><img decoding=\"async\" class=\"aligncenter\" src=\"https:\/\/sawaqli.fra1.cdn.digitaloceanspaces.com\/15877\/Civiere-2.jpg\" width=\"1024\" height=\"1024\" \/><figcaption class=\"attachment__caption\"><\/figcaption><\/figure>\n<figure class=\"attachment attachment--preview\" data-trix-attachment=\"{&quot;contentType&quot;:&quot;image&quot;,&quot;height&quot;:1024,&quot;url&quot;:&quot;https:\/\/sawaqli.fra1.cdn.digitaloceanspaces.com\/15878\/Civiere-4.jpg&quot;,&quot;width&quot;:1024}\" data-trix-content-type=\"image\"><img decoding=\"async\" class=\"aligncenter\" src=\"https:\/\/sawaqli.fra1.cdn.digitaloceanspaces.com\/15878\/Civiere-4.jpg\" width=\"1024\" height=\"1024\" \/><figcaption class=\"attachment__caption\"><\/figcaption><\/figure>\n<figure class=\"attachment attachment--preview\" data-trix-attachment=\"{&quot;contentType&quot;:&quot;image&quot;,&quot;height&quot;:1024,&quot;url&quot;:&quot;https:\/\/sawaqli.fra1.cdn.digitaloceanspaces.com\/15879\/Civiere-5.jpg&quot;,&quot;width&quot;:1024}\" data-trix-content-type=\"image\"><img decoding=\"async\" class=\"aligncenter\" src=\"https:\/\/sawaqli.fra1.cdn.digitaloceanspaces.com\/15879\/Civiere-5.jpg\" width=\"1024\" height=\"1024\" \/><figcaption class=\"attachment__caption\"><\/figcaption><\/figure>\n<p style=\"text-align: center;\">","protected":false},"excerpt":{"rendered":"<p>\u062c\u0647\u0627\u0632 \u062a\u0645\u062f\u064a\u062f \u0627\u0644\u0631\u0642\u0628\u0629 (4 \u0645\u0633\u062a\u0648\u064a\u0627\u062a):\u062a\u062e\u0641\u064a\u0641 \u0627\u0644\u0623\u0644\u0645: \u064a\u0633\u0627\u0639\u062f \u0641\u064a \u062d\u0627\u0644\u0627\u062a \u0627\u0644\u0635\u062f\u0627\u0639 \u0627\u0644\u0646\u0635\u0641\u064a \u0648\u0622\u0644\u0627\u0645 \u0627\u0644\u0631\u0642\u0628\u0629 \u0648\u0627\u0644\u0638\u0647\u0631\u060c \u0627\u0633\u062a\u062e\u062f\u0627\u0645 5-10 \u062f\u0642\u0627\u0626\u0642 \u064a\u0648\u0645\u064a\u0627\u064b \u064a\u062e\u0641\u0641 \u0627\u0644\u062a\u0634\u0646\u062c.\u062a\u0635\u0645\u064a\u0645 \u0645\u0631\u064a\u062d: \u064a\u062a\u0648\u0627\u0641\u0642 \u0645\u0639 \u0645\u0646\u062d\u0646\u0649 \u0627\u0644\u0639\u0645\u0648\u062f \u0627\u0644\u0641\u0642\u0631\u064a \u0627\u0644\u0637\u0628\u064a\u0639\u064a \u0648\u064a\u062e\u0641\u0641 \u0627\u0644\u0636\u063a\u0637.\u0645\u0633\u0627\u062c \u0646\u0642\u0627\u0637 \u0627\u0644\u0636\u063a\u0637: \u064a\u062d\u062a\u0648\u064a \u0639\u0644\u0649 14 \u0645\u063a\u0646\u0627\u0637\u064a\u0633\u0627\u064b \u064862 \u062f\u0628\u0648\u0633 \u0628\u0644\u0627\u0633\u062a\u064a\u0643\u064a \u0644\u0645\u062d\u0627\u0643\u0627\u0629 \u0627\u0644\u062a\u062f\u0644\u064a\u0643.4 \u0645\u0633\u062a\u0648\u064a\u0627\u062a \u0627\u0631\u062a\u0641\u0627\u0639 \u0642\u0627\u0628\u0644\u0629 \u0644\u0644\u062a\u0639\u062f\u064a\u0644: \u064a\u0646\u0627\u0633\u0628 \u062c\u0645\u064a\u0639 \u0627\u0644\u0623\u0639\u0645\u0627\u0631\u060c \u064a\u0645\u0643\u0646 \u0627\u0633\u062a\u062e\u062f\u0627\u0645\u0647 \u0639\u0644\u0649 \u0627\u0644\u0623\u0631\u0636 \u0623\u0648 \u0643\u0631\u0633\u064a \u0627\u0644\u0645\u0643\u062a\u0628.\u0645\u0627\u062f\u0629 \u0639\u0627\u0644\u064a\u0629 \u0627\u0644\u062c\u0648\u062f\u0629: \u0645\u0635\u0646\u0648\u0639 \u0645\u0646 ABS \u0642\u0648\u064a \u064a\u062a\u062d\u0645\u0644 \u062d\u062a\u0649 100 \u0643\u063a\u060c \u062e\u0641\u064a\u0641 \u0648\u0633\u0647\u0644 \u0627\u0644\u062d\u0645\u0644.\u0627\u0644\u0645\u0648\u0627\u0635\u0641\u0627\u062a (\u0645\u062f\u0644\u0643 \u0627\u0644\u0631\u0642\u0628\u0629):\u0627\u0633\u0645 \u0627\u0644\u0645\u0646\u062a\u062c: \u0645\u062f\u0644\u0643 \u0641\u0642\u0631\u0629 \u0639\u0646\u0642\u064a\u0629 \u0628\u0627\u0644\u0636\u063a\u0637\u0645\u0646\u0627\u0637\u0642 \u0627\u0644\u062a\u062f\u0644\u064a\u0643: \u0627\u0644\u0631\u0642\u0628\u0629 \u0648\u0627\u0644\u0643\u062a\u0641\u064a\u0646\u0627\u0644\u062d\u0634\u0648\u0629: \u0625\u0633\u0641\u0646\u062c \u0645\u064a\u0645\u0648\u0631\u064a \u0641\u0648\u0645\u0645\u062f\u0629 \u0627\u0644\u062a\u062f\u0644\u064a\u0643 \u0627\u0644\u0645\u0648\u0635\u0649 \u0628\u0647\u0627: 15-30 \u062f\u0642\u064a\u0642\u0629\u0645\u0646\u0627\u0633\u0628: \u0645\u0648\u0638\u0641\u0648 \u0627\u0644\u0645\u0643\u0627\u062a\u0628\u060c \u0627\u0644\u0623\u0634\u062e\u0627\u0635 \u0627\u0644\u0630\u064a\u0646 \u064a\u0639\u0627\u0646\u0648\u0646 \u0645\u0646 \u0622\u0644\u0627\u0645 \u0627\u0644\u0631\u0642\u0628\u0629 \u0627\u0644\u0645\u0632\u0645\u0646\u0629\u0637\u0631\u064a\u0642\u0629 \u0627\u0644\u0627\u0633\u062a\u062e\u062f\u0627\u0645: \u0648\u0636\u0639 \u0627\u0644\u062c\u0647\u0627\u0632 \u0628\u062f\u0642\u0629 \u0623\u0633\u0641\u0644 \u0627\u0644\u0631\u0642\u0628\u0629\u060c \u0627\u0644\u0627\u0633\u062a\u0631\u062e\u0627\u0621 \u0648\u0627\u0644\u0627\u0639\u062a\u0645\u0627\u062f \u0639\u0644\u0649 \u0627\u0644\u062c\u0627\u0630\u0628\u064a\u0629 \u0644\u0644\u062a\u0645\u062f\u062f \u0627\u0644\u0637\u0628\u064a\u0639\u064a\u060c \u0648\u062a\u062d\u0631\u064a\u0643 \u0627\u0644\u0631\u0642\u0628\u0629 \u064a\u0645\u064a\u0646\u0627\u064b \u0648\u064a\u0633\u0627\u0631\u0627\u064b \u0644\u0644\u0627\u0633\u062a\u0641\u0627\u062f\u0629 \u0645\u0646 \u0627\u0644\u062a\u062f\u0644\u064a\u0643.<\/p>","protected":false},"featured_media":60571,"comment_status":"open","ping_status":"closed","template":"","meta":[],"product_brand":[],"product_cat":[2461],"product_tag":[],"class_list":{"0":"post-60572","1":"product","2":"type-product","3":"status-publish","4":"has-post-thumbnail","6":"product_cat-divers","8":"first","9":"instock","10":"taxable","11":"shipping-taxable","12":"purchasable","13":"product-type-simple"},"jetpack_sharing_enabled":true,"_links":{"self":[{"href":"https:\/\/shoponlinedz.com\/en\/wp-json\/wp\/v2\/product\/60572","targetHints":{"allow":["GET"]}}],"collection":[{"href":"https:\/\/shoponlinedz.com\/en\/wp-json\/wp\/v2\/product"}],"about":[{"href":"https:\/\/shoponlinedz.com\/en\/wp-json\/wp\/v2\/types\/product"}],"replies":[{"embeddable":true,"href":"https:\/\/shoponlinedz.com\/en\/wp-json\/wp\/v2\/comments?post=60572"}],"version-history":[{"count":0,"href":"https:\/\/shoponlinedz.com\/en\/wp-json\/wp\/v2\/product\/60572\/revisions"}],"wp:featuredmedia":[{"embeddable":true,"href":"https:\/\/shoponlinedz.com\/en\/wp-json\/wp\/v2\/media\/60571"}],"wp:attachment":[{"href":"https:\/\/shoponlinedz.com\/en\/wp-json\/wp\/v2\/media?parent=60572"}],"wp:term":[{"taxonomy":"product_brand","embeddable":true,"href":"https:\/\/shoponlinedz.com\/en\/wp-json\/wp\/v2\/product_brand?post=60572"},{"taxonomy":"product_cat","embeddable":true,"href":"https:\/\/shoponlinedz.com\/en\/wp-json\/wp\/v2\/product_cat?post=60572"},{"taxonomy":"product_tag","embeddable":true,"href":"https:\/\/shoponlinedz.com\/en\/wp-json\/wp\/v2\/product_tag?post=60572"}],"curies":[{"name":"wp","href":"https:\/\/api.w.org\/{rel}","templated":true}]}}