{"id":60551,"date":"2026-01-06T17:37:33","date_gmt":"2026-01-06T17:37:33","guid":{"rendered":"https:\/\/shoponlinedz.com\/product\/pack-2-sac-de-rangement-pliable-pour-vetements-a-motifs-de-dessins-animes-grande-capacite-%d8%b7%d9%82%d9%852-%d9%82%d8%b7%d8%b9-%d8%ad%d9%82%d9%8a%d8%a8%d8%a9-%d8%aa%d8%ae%d8%b2%d9%8a%d9%86-%d8%b0\/"},"modified":"2026-02-16T16:41:10","modified_gmt":"2026-02-16T15:41:10","slug":"pack-2-sac-de-rangement-pliable-pour-vetements-a-motifs-de-dessins-animes-grande-capacite-%d8%b7%d9%82%d9%852-%d9%82%d8%b7%d8%b9-%d8%ad%d9%82%d9%8a%d8%a8%d8%a9-%d8%aa%d8%ae%d8%b2%d9%8a%d9%86-%d8%b0","status":"publish","type":"product","link":"https:\/\/shoponlinedz.com\/en\/product\/pack-2-sac-de-rangement-pliable-pour-vetements-a-motifs-de-dessins-animes-grande-capacite-%d8%b7%d9%82%d9%852-%d9%82%d8%b7%d8%b9-%d8%ad%d9%82%d9%8a%d8%a8%d8%a9-%d8%aa%d8%ae%d8%b2%d9%8a%d9%86-%d8%b0\/","title":{"rendered":"Pack 2 Sac de rangement Pliable pour v\u00eatements \u00e0 motifs de dessins anim\u00e9s Grande capacit\u00e9 &#8211; \u0637\u0642\u06452 \u0642\u0637\u0639 \u062d\u0642\u064a\u0628\u0629 \u062a\u062e\u0632\u064a\u0646 \u0630\u0627\u062a \u0633\u0639\u0629 \u0643\u0628\u064a\u0631\u0629 \u0644\u0644\u0644\u062d\u0627\u0641 \u0648\u0627\u0644\u0645\u0644\u0627\u0628\u0633"},"content":{"rendered":"<figure class=\"attachment attachment--preview\" data-trix-attachment=\"{&quot;contentType&quot;:&quot;image&quot;,&quot;height&quot;:1024,&quot;url&quot;:&quot;https:\/\/sawaqli.fra1.cdn.digitaloceanspaces.com\/15963\/PACK-DE-COFFRES-RANGEMENT--4.jpg&quot;,&quot;width&quot;:1024}\" data-trix-content-type=\"image\"><img decoding=\"async\" class=\"aligncenter\" src=\"https:\/\/sawaqli.fra1.cdn.digitaloceanspaces.com\/15963\/PACK-DE-COFFRES-RANGEMENT--4.jpg\" width=\"1024\" height=\"1024\" \/><figcaption class=\"attachment__caption\"><\/figcaption><\/figure>\n<figure class=\"attachment attachment--preview\" data-trix-attachment=\"{&quot;contentType&quot;:&quot;image&quot;,&quot;height&quot;:1024,&quot;url&quot;:&quot;https:\/\/sawaqli.fra1.cdn.digitaloceanspaces.com\/15964\/PACK-DE-COFFRES-RANGEMENT--9.jpg&quot;,&quot;width&quot;:1024}\" data-trix-content-type=\"image\"><img decoding=\"async\" class=\"aligncenter\" src=\"https:\/\/sawaqli.fra1.cdn.digitaloceanspaces.com\/15964\/PACK-DE-COFFRES-RANGEMENT--9.jpg\" width=\"1024\" height=\"1024\" \/><figcaption class=\"attachment__caption\"><\/figcaption><\/figure>\n<figure class=\"attachment attachment--preview\" data-trix-attachment=\"{&quot;contentType&quot;:&quot;image&quot;,&quot;height&quot;:1024,&quot;url&quot;:&quot;https:\/\/sawaqli.fra1.cdn.digitaloceanspaces.com\/15965\/PACK-DE-COFFRES-RANGEMENT-1.jpg&quot;,&quot;width&quot;:1024}\" data-trix-content-type=\"image\"><img decoding=\"async\" class=\"aligncenter\" src=\"https:\/\/sawaqli.fra1.cdn.digitaloceanspaces.com\/15965\/PACK-DE-COFFRES-RANGEMENT-1.jpg\" width=\"1024\" height=\"1024\" \/><figcaption class=\"attachment__caption\"><\/figcaption><\/figure>\n<figure class=\"attachment attachment--preview\" data-trix-attachment=\"{&quot;contentType&quot;:&quot;image&quot;,&quot;height&quot;:1024,&quot;url&quot;:&quot;https:\/\/sawaqli.fra1.cdn.digitaloceanspaces.com\/15966\/PACK-DE-COFFRES-RANGEMENT--3.jpg&quot;,&quot;width&quot;:1024}\" data-trix-content-type=\"image\"><img decoding=\"async\" class=\"aligncenter\" src=\"https:\/\/sawaqli.fra1.cdn.digitaloceanspaces.com\/15966\/PACK-DE-COFFRES-RANGEMENT--3.jpg\" width=\"1024\" height=\"1024\" \/><figcaption class=\"attachment__caption\"><\/figcaption><\/figure>\n<figure class=\"attachment attachment--preview\" data-trix-attachment=\"{&quot;contentType&quot;:&quot;image&quot;,&quot;height&quot;:1024,&quot;url&quot;:&quot;https:\/\/sawaqli.fra1.cdn.digitaloceanspaces.com\/15967\/PACK-DE-COFFRES-RANGEMENT--5.jpg&quot;,&quot;width&quot;:1024}\" data-trix-content-type=\"image\"><img decoding=\"async\" class=\"aligncenter\" src=\"https:\/\/sawaqli.fra1.cdn.digitaloceanspaces.com\/15967\/PACK-DE-COFFRES-RANGEMENT--5.jpg\" width=\"1024\" height=\"1024\" \/><figcaption class=\"attachment__caption\"><\/figcaption><\/figure>\n<p style=\"text-align: center;\">","protected":false},"excerpt":{"rendered":"<p>\u2022 \u0633\u0639\u0629 \u0643\u0628\u064a\u0631\u0629 \u062d\u0642\u064a\u0628\u0629 \u0627\u0644\u062a\u062e\u0632\u064a\u0646 \u0647\u0630\u0647 \u062a\u062a\u0645\u062a\u0639 \u0628\u0633\u0639\u0629 \u0643\u0628\u064a\u0631\u0629\u060c \u0645\u0645\u0627 \u064a\u062c\u0639\u0644\u0647\u0627 \u0645\u062b\u0627\u0644\u064a\u0629 \u0644\u062a\u062e\u0632\u064a\u0646 \u0627\u0644\u0628\u0637\u0627\u0646\u064a\u0627\u062a\u060c \u0648\u0623\u063a\u0637\u064a\u0629 \u0627\u0644\u0623\u0633\u0631\u0651\u0629 \u0648\u063a\u064a\u0631\u0647\u0627 \u0645\u0646 \u0627\u0644\u0623\u063a\u0631\u0627\u0636 \u0627\u0644\u0636\u062e\u0645\u0629.\u2022 \u0645\u0642\u0628\u0636 \u0645\u0639\u0632\u0632 \u0627\u0644\u0645\u0642\u0628\u0636 \u0627\u0644\u0645\u0639\u0632\u0632 \u064a\u0633\u0647\u0644 \u0631\u0641\u0639 \u0627\u0644\u062d\u0642\u064a\u0628\u0629 \u0648\u0646\u0642\u0644\u0647\u0627 \u062f\u0648\u0646 \u062a\u0645\u0632\u0642 \u0623\u0648 \u062a\u0644\u0641.\u2022 \u062a\u0635\u0645\u064a\u0645 \u0642\u0627\u0628\u0644 \u0644\u0644\u0637\u064a \u0627\u0644\u062a\u0635\u0645\u064a\u0645 \u0627\u0644\u0642\u0627\u0628\u0644 \u0644\u0644\u0637\u064a \u064a\u062c\u0639\u0644 \u062d\u0642\u064a\u0628\u0629 \u0627\u0644\u062a\u062e\u0632\u064a\u0646 \u0633\u0647\u0644\u0629 \u0627\u0644\u062a\u062e\u0632\u064a\u0646 \u0639\u0646\u062f \u0639\u062f\u0645 \u0627\u0644\u0627\u0633\u062a\u062e\u062f\u0627\u0645\u060c \u0645\u0645\u0627 \u064a\u0648\u0641\u0631 \u0645\u0633\u0627\u062d\u0629 \u062b\u0645\u064a\u0646\u0629.\u2022 \u0633\u062d\u0651\u0627\u0628 \u0645\u062a\u064a\u0646 \u0627\u0644\u0633\u062d\u0651\u0627\u0628 \u064a\u062d\u0627\u0641\u0638 \u0639\u0644\u0649 \u0627\u0644\u0623\u063a\u0631\u0627\u0636 \u062f\u0627\u062e\u0644 \u0627\u0644\u062d\u0642\u064a\u0628\u0629 \u0622\u0645\u0646\u0629 \u0648\u0645\u062d\u0645\u064a\u0651\u0629 \u0645\u0646 \u0627\u0644\u063a\u0628\u0627\u0631 \u0648\u0627\u0644\u0639\u0648\u0627\u0645\u0644 \u0627\u0644\u062e\u0627\u0631\u062c\u064a\u0629.\u2022 \u0627\u0644\u0648\u0642\u0627\u064a\u0629 \u0645\u0646 \u0627\u0644\u063a\u0628\u0627\u0631 \u0648\u0627\u0644\u0631\u0645\u0627\u062f \u062a\u0633\u0647\u0651\u0644 \u0639\u0645\u0644\u064a\u0629 \u062a\u062e\u0632\u064a\u0646 \u0627\u0644\u0628\u0637\u0627\u0646\u064a\u0627\u062a \u0648\u0627\u0644\u0645\u0644\u0627\u0628\u0633 \u0645\u0639 \u0627\u0644\u062d\u0641\u0627\u0638 \u0639\u0644\u064a\u0647\u0627 \u0646\u0638\u064a\u0641\u0629.\u2022 \u062a\u0646\u0638\u064a\u0645 \u0645\u0631\u062a\u0628 \u0648\u0623\u0646\u064a\u0642 \u0639\u0645\u0644\u064a\u0629 \u0627\u0644\u062a\u062e\u0632\u064a\u0646 \u0639\u0645\u0644\u064a\u0629 \u0648\u062c\u0630\u0651\u0627\u0628\u0629 \u0641\u064a \u0622\u0646 \u0648\u0627\u062d\u062f.\u2022 \u0627\u0633\u062a\u062e\u062f\u0627\u0645 \u0645\u062a\u0639\u062f\u062f \u0627\u0644\u0648\u0638\u0627\u0626\u0641 \u064a\u0645\u0643\u0646\u0647\u0627 \u062a\u062e\u0632\u064a\u0646 \u0627\u0644\u0628\u0637\u0627\u0646\u064a\u0627\u062a\u060c \u0627\u0644\u0645\u0639\u0627\u0637\u0641 \u0627\u0644\u0642\u0637\u0646\u064a\u0629\u060c \u0623\u0644\u0639\u0627\u0628 \u0627\u0644\u0623\u0637\u0641\u0627\u0644\u060c \u0627\u0644\u0633\u062a\u0631\u0627\u062a \u0648\u063a\u064a\u0631\u0647\u0627.\u0627\u0644\u0645\u0648\u0627\u0635\u0641\u0627\u062a:\u0627\u0644\u0627\u0633\u0645: \u062d\u0642\u064a\u0628\u0629 \u062a\u062e\u0632\u064a\u0646 \u0644\u0644\u0645\u0644\u0627\u0628\u0633\u0627\u0644\u0645\u0642\u0627\u0633: \u0631\u0645\u0627\u062f\u064a \u062f\u0627\u0643\u0646 (50\u00d742\u00d739 \u0633\u0645)\u0627\u0644\u0623\u063a\u0631\u0627\u0636 \u0627\u0644\u0645\u0646\u0627\u0633\u0628\u0629: \u0644\u062d\u0627\u0641\u060c \u0628\u0637\u0627\u0646\u064a\u0629\u060c \u0645\u0639\u0637\u0641 \u0642\u0637\u0646\u064a\u060c \u0633\u062a\u0631\u0629&#8230;\u0645\u062d\u062a\u0648\u064a\u0627\u062a \u0627\u0644\u0639\u0628\u0648\u0629: \u062d\u0642\u064a\u0628\u0629 \u062a\u062e\u0632\u064a\u0646 \u00d7 1\u2705\u064a\u062d\u0627\u0641\u0638 \u0639\u0644\u0649 \u062e\u0632\u0627\u0646\u062a\u0643 \u0645\u0631\u062a\u0628\u0629\u2705\u0645\u062a\u0639\u062f\u062f\u0629 \u0627\u0644\u0648\u0638\u0627\u0626\u0641 \u0648\u0642\u0627\u0628\u0644\u0629 \u0644\u0644\u0637\u064a\u2705 \u0642\u0645\u0627\u0634 \u063a\u064a\u0631 \u0645\u0646\u0633\u0648\u062c \u0645\u062a\u064a\u0646\u2705 \u0633\u0647\u0644 \u0627\u0644\u0627\u0633\u062a\u062e\u062f\u0627\u0645 \u0648\u062e\u0641\u064a\u0641 \u0627\u0644\u0648\u0632\u0646\u2705 \u0645\u062d\u0645\u0648\u0644\u0629 \u0628\u0633\u0639\u0629 \u0643\u0628\u064a\u0631\u0629<\/p>","protected":false},"featured_media":60550,"comment_status":"open","ping_status":"closed","template":"","meta":[],"product_brand":[],"product_cat":[2455],"product_tag":[],"class_list":{"0":"post-60551","1":"product","2":"type-product","3":"status-publish","4":"has-post-thumbnail","6":"product_cat-maison","8":"first","9":"instock","10":"taxable","11":"shipping-taxable","12":"purchasable","13":"product-type-simple"},"jetpack_sharing_enabled":true,"_links":{"self":[{"href":"https:\/\/shoponlinedz.com\/en\/wp-json\/wp\/v2\/product\/60551","targetHints":{"allow":["GET"]}}],"collection":[{"href":"https:\/\/shoponlinedz.com\/en\/wp-json\/wp\/v2\/product"}],"about":[{"href":"https:\/\/shoponlinedz.com\/en\/wp-json\/wp\/v2\/types\/product"}],"replies":[{"embeddable":true,"href":"https:\/\/shoponlinedz.com\/en\/wp-json\/wp\/v2\/comments?post=60551"}],"version-history":[{"count":0,"href":"https:\/\/shoponlinedz.com\/en\/wp-json\/wp\/v2\/product\/60551\/revisions"}],"wp:featuredmedia":[{"embeddable":true,"href":"https:\/\/shoponlinedz.com\/en\/wp-json\/wp\/v2\/media\/60550"}],"wp:attachment":[{"href":"https:\/\/shoponlinedz.com\/en\/wp-json\/wp\/v2\/media?parent=60551"}],"wp:term":[{"taxonomy":"product_brand","embeddable":true,"href":"https:\/\/shoponlinedz.com\/en\/wp-json\/wp\/v2\/product_brand?post=60551"},{"taxonomy":"product_cat","embeddable":true,"href":"https:\/\/shoponlinedz.com\/en\/wp-json\/wp\/v2\/product_cat?post=60551"},{"taxonomy":"product_tag","embeddable":true,"href":"https:\/\/shoponlinedz.com\/en\/wp-json\/wp\/v2\/product_tag?post=60551"}],"curies":[{"name":"wp","href":"https:\/\/api.w.org\/{rel}","templated":true}]}}