{"id":60503,"date":"2026-01-06T17:35:48","date_gmt":"2026-01-06T17:35:48","guid":{"rendered":"https:\/\/shoponlinedz.com\/product\/panier-a-linge-mural-pliable-pour-vetements-sales-rangement-pour-linge-grande-capacite\/"},"modified":"2026-02-16T16:41:12","modified_gmt":"2026-02-16T15:41:12","slug":"panier-a-linge-mural-pliable-pour-vetements-sales-rangement-pour-linge-grande-capacite","status":"publish","type":"product","link":"https:\/\/shoponlinedz.com\/en\/product\/panier-a-linge-mural-pliable-pour-vetements-sales-rangement-pour-linge-grande-capacite\/","title":{"rendered":"Panier \u00e0 linge mural pliable pour v\u00eatements sales, rangement pour linge, grande capacit\u00e9"},"content":{"rendered":"<figure class=\"attachment attachment--preview\" data-trix-attachment=\"{&quot;contentType&quot;:&quot;image&quot;,&quot;height&quot;:1024,&quot;url&quot;:&quot;https:\/\/sawaqli.fra1.cdn.digitaloceanspaces.com\/15988\/panier-linge-sale.jpg&quot;,&quot;width&quot;:1024}\" data-trix-content-type=\"image\"><img decoding=\"async\" class=\"aligncenter\" src=\"https:\/\/sawaqli.fra1.cdn.digitaloceanspaces.com\/15988\/panier-linge-sale.jpg\" width=\"1024\" height=\"1024\" \/><figcaption class=\"attachment__caption\"><\/figcaption><\/figure>\n<figure class=\"attachment attachment--preview\" data-trix-attachment=\"{&quot;contentType&quot;:&quot;image&quot;,&quot;height&quot;:1024,&quot;url&quot;:&quot;https:\/\/sawaqli.fra1.cdn.digitaloceanspaces.com\/15989\/Panier-a-linge-sale-5.jpg&quot;,&quot;width&quot;:1024}\" data-trix-content-type=\"image\"><img decoding=\"async\" class=\"aligncenter\" src=\"https:\/\/sawaqli.fra1.cdn.digitaloceanspaces.com\/15989\/Panier-a-linge-sale-5.jpg\" width=\"1024\" height=\"1024\" \/><figcaption class=\"attachment__caption\"><\/figcaption><\/figure>\n<figure class=\"attachment attachment--preview\" data-trix-attachment=\"{&quot;contentType&quot;:&quot;image&quot;,&quot;height&quot;:1024,&quot;url&quot;:&quot;https:\/\/sawaqli.fra1.cdn.digitaloceanspaces.com\/15990\/Panier-a-linge-sale-6.jpg&quot;,&quot;width&quot;:1024}\" data-trix-content-type=\"image\"><img decoding=\"async\" class=\"aligncenter\" src=\"https:\/\/sawaqli.fra1.cdn.digitaloceanspaces.com\/15990\/Panier-a-linge-sale-6.jpg\" width=\"1024\" height=\"1024\" \/><figcaption class=\"attachment__caption\"><\/figcaption><\/figure>\n<figure class=\"attachment attachment--preview\" data-trix-attachment=\"{&quot;contentType&quot;:&quot;image&quot;,&quot;height&quot;:1024,&quot;url&quot;:&quot;https:\/\/sawaqli.fra1.cdn.digitaloceanspaces.com\/15991\/Panier-a-linge-sale-4.jpg&quot;,&quot;width&quot;:1024}\" data-trix-content-type=\"image\"><img decoding=\"async\" class=\"aligncenter\" src=\"https:\/\/sawaqli.fra1.cdn.digitaloceanspaces.com\/15991\/Panier-a-linge-sale-4.jpg\" width=\"1024\" height=\"1024\" \/><figcaption class=\"attachment__caption\"><\/figcaption><\/figure>\n<figure class=\"attachment attachment--preview\" data-trix-attachment=\"{&quot;contentType&quot;:&quot;image&quot;,&quot;height&quot;:1024,&quot;url&quot;:&quot;https:\/\/sawaqli.fra1.cdn.digitaloceanspaces.com\/15992\/Panier-a-linge-sale-3.jpg&quot;,&quot;width&quot;:1024}\" data-trix-content-type=\"image\"><img decoding=\"async\" class=\"aligncenter\" src=\"https:\/\/sawaqli.fra1.cdn.digitaloceanspaces.com\/15992\/Panier-a-linge-sale-3.jpg\" width=\"1024\" height=\"1024\" \/><figcaption class=\"attachment__caption\"><\/figcaption><\/figure>\n<p style=\"text-align: center;\">","protected":false},"excerpt":{"rendered":"<p>\u0633\u0644\u0629 \u062a\u062e\u0632\u064a\u0646 \u0644\u0644\u0645\u0644\u0627\u0628\u0633 \u0627\u0644\u0645\u062a\u0633\u062e\u0629\u0627\u0644\u062e\u0627\u0645\u0629: \u0642\u0637\u0646 \u0648\u0643\u062a\u0627\u0646 \u0635\u062f\u064a\u0642 \u0644\u0644\u0628\u064a\u0626\u0629\u0627\u0644\u0645\u0645\u064a\u0632\u0627\u062a:\u0633\u0639\u0629 \u0643\u0628\u064a\u0631\u0629 \u0644\u062a\u062e\u0632\u064a\u0646 \u0627\u0644\u0645\u0632\u064a\u062f \u0645\u0646 \u0627\u0644\u0645\u0644\u0627\u0628\u0633\u0641\u062a\u062d\u0629 \u0639\u0644\u0648\u064a\u0629 \u0648\u0627\u0633\u0639\u0629 \u0644\u0633\u0647\u0648\u0644\u0629 \u0627\u0644\u0627\u0633\u062a\u062e\u062f\u0627\u0645\u062a\u0635\u0645\u064a\u0645 \u0628\u063a\u0637\u0627\u0621 \u0644\u0644\u062d\u0641\u0627\u0638 \u0639\u0644\u0649 \u0627\u0644\u0646\u0638\u0627\u0641\u0629\u0627\u0633\u062a\u062e\u062f\u0627\u0645\u0627\u062a \u0645\u062a\u0639\u062f\u062f\u0629 \u0644\u0644\u062a\u062e\u0632\u064a\u0646 \u0627\u0644\u0645\u0646\u0632\u0644\u064a\u0627\u0644\u0645\u0648\u0627\u0635\u0641\u0627\u062a:\u0627\u0644\u0623\u0628\u0639\u0627\u062f: \u200e45\u00d735\u00d710 \u0633\u0645\u0627\u0644\u0644\u0648\u0646: \u0631\u0645\u0627\u062f\u064a\u0646\u0648\u0639 \u0627\u0644\u0645\u0646\u062a\u062c: \u0633\u0644\u0629 \u063a\u0633\u064a\u0644 \u0642\u0627\u0628\u0644\u0629 \u0644\u0644\u0637\u064a \u0645\u0639 \u0644\u0627\u0635\u0642 \u062c\u062f\u0627\u0631\u064a\u0627\u0644\u062a\u063a\u0644\u064a\u0641: \u0643\u064a\u0633 OPP\u2022 Utilisation multifonctionnelle pour divers articles: Ce panier \u00e0 linge peut \u00eatre utilis\u00e9 pour plus que le lavage des v\u00eatements. Il peut \u00e9galement \u00eatre utilis\u00e9 pour stocker d&#8217;autres articles tels que des serviettes ou de la literie.\u2022 Installation sans poin\u00e7on pour une installation facile: Le processus d&#8217;installation sans poin\u00e7on de ce panier \u00e0 linge le rend facile \u00e0 installer et \u00e0 utiliser sans endommager vos murs.\u2022 Conception pliable pour un rangement facile: Ce panier \u00e0 linge peut \u00eatre facilement pli\u00e9 et rang\u00e9 lorsqu&#8217;il n&#8217;est pas utilis\u00e9, ce qui permet d&#8217;\u00e9conomiser de l&#8217;espace dans votre maison.\u2022 Mat\u00e9riau adh\u00e9sif pour une fixation s\u00fbre aux murs: Le mat\u00e9riau adh\u00e9sif sur ce panier \u00e0 linge assure une fixation s\u00fbre aux murs, l&#8217;emp\u00eachant de glisser ou de tomber.<\/p>","protected":false},"featured_media":60502,"comment_status":"open","ping_status":"closed","template":"","meta":[],"product_brand":[],"product_cat":[2455],"product_tag":[],"class_list":{"0":"post-60503","1":"product","2":"type-product","3":"status-publish","4":"has-post-thumbnail","6":"product_cat-maison","8":"first","9":"instock","10":"taxable","11":"shipping-taxable","12":"purchasable","13":"product-type-simple"},"jetpack_sharing_enabled":true,"_links":{"self":[{"href":"https:\/\/shoponlinedz.com\/en\/wp-json\/wp\/v2\/product\/60503","targetHints":{"allow":["GET"]}}],"collection":[{"href":"https:\/\/shoponlinedz.com\/en\/wp-json\/wp\/v2\/product"}],"about":[{"href":"https:\/\/shoponlinedz.com\/en\/wp-json\/wp\/v2\/types\/product"}],"replies":[{"embeddable":true,"href":"https:\/\/shoponlinedz.com\/en\/wp-json\/wp\/v2\/comments?post=60503"}],"version-history":[{"count":0,"href":"https:\/\/shoponlinedz.com\/en\/wp-json\/wp\/v2\/product\/60503\/revisions"}],"wp:featuredmedia":[{"embeddable":true,"href":"https:\/\/shoponlinedz.com\/en\/wp-json\/wp\/v2\/media\/60502"}],"wp:attachment":[{"href":"https:\/\/shoponlinedz.com\/en\/wp-json\/wp\/v2\/media?parent=60503"}],"wp:term":[{"taxonomy":"product_brand","embeddable":true,"href":"https:\/\/shoponlinedz.com\/en\/wp-json\/wp\/v2\/product_brand?post=60503"},{"taxonomy":"product_cat","embeddable":true,"href":"https:\/\/shoponlinedz.com\/en\/wp-json\/wp\/v2\/product_cat?post=60503"},{"taxonomy":"product_tag","embeddable":true,"href":"https:\/\/shoponlinedz.com\/en\/wp-json\/wp\/v2\/product_tag?post=60503"}],"curies":[{"name":"wp","href":"https:\/\/api.w.org\/{rel}","templated":true}]}}