{"id":60445,"date":"2026-01-06T17:33:31","date_gmt":"2026-01-06T17:33:31","guid":{"rendered":"https:\/\/shoponlinedz.com\/product\/grand-panier-a-linge-pliable-en-tissu-domestique-rangement-pour-vetements-et-jouets-grande-capacite\/"},"modified":"2026-02-16T16:41:15","modified_gmt":"2026-02-16T15:41:15","slug":"grand-panier-a-linge-pliable-en-tissu-domestique-rangement-pour-vetements-et-jouets-grande-capacite","status":"publish","type":"product","link":"https:\/\/shoponlinedz.com\/en\/product\/grand-panier-a-linge-pliable-en-tissu-domestique-rangement-pour-vetements-et-jouets-grande-capacite\/","title":{"rendered":"Grand panier \u00e0 linge pliable en tissu domestique, rangement pour v\u00eatements et jouets, grande capacit\u00e9"},"content":{"rendered":"<figure class=\"attachment attachment--preview\" data-trix-attachment=\"{&quot;contentType&quot;:&quot;image&quot;,&quot;height&quot;:1024,&quot;url&quot;:&quot;https:\/\/sawaqli.fra1.cdn.digitaloceanspaces.com\/16219\/grand-panier-de-rangement-1.jpg&quot;,&quot;width&quot;:1024}\" data-trix-content-type=\"image\"><img decoding=\"async\" class=\"aligncenter\" src=\"https:\/\/sawaqli.fra1.cdn.digitaloceanspaces.com\/16219\/grand-panier-de-rangement-1.jpg\" width=\"1024\" height=\"1024\" \/><figcaption class=\"attachment__caption\"><\/figcaption><\/figure>\n<figure class=\"attachment attachment--preview\" data-trix-attachment=\"{&quot;contentType&quot;:&quot;image&quot;,&quot;height&quot;:1024,&quot;url&quot;:&quot;https:\/\/sawaqli.fra1.cdn.digitaloceanspaces.com\/16220\/grand-panier-de-rangemen-2.jpg&quot;,&quot;width&quot;:1024}\" data-trix-content-type=\"image\"><img decoding=\"async\" class=\"aligncenter\" src=\"https:\/\/sawaqli.fra1.cdn.digitaloceanspaces.com\/16220\/grand-panier-de-rangemen-2.jpg\" width=\"1024\" height=\"1024\" \/><figcaption class=\"attachment__caption\"><\/figcaption><\/figure>\n<figure class=\"attachment attachment--preview\" data-trix-attachment=\"{&quot;contentType&quot;:&quot;image&quot;,&quot;height&quot;:1024,&quot;url&quot;:&quot;https:\/\/sawaqli.fra1.cdn.digitaloceanspaces.com\/16221\/grand-panier-de-rangement-1.jpg&quot;,&quot;width&quot;:1024}\" data-trix-content-type=\"image\"><img decoding=\"async\" class=\"aligncenter\" src=\"https:\/\/sawaqli.fra1.cdn.digitaloceanspaces.com\/16221\/grand-panier-de-rangement-1.jpg\" width=\"1024\" height=\"1024\" \/><figcaption class=\"attachment__caption\"><\/figcaption><\/figure>\n<figure class=\"attachment attachment--preview\" data-trix-attachment=\"{&quot;contentType&quot;:&quot;image&quot;,&quot;height&quot;:1024,&quot;url&quot;:&quot;https:\/\/sawaqli.fra1.cdn.digitaloceanspaces.com\/16222\/grand-panier-de-rangemen-4.jpg&quot;,&quot;width&quot;:1024}\" data-trix-content-type=\"image\"><img decoding=\"async\" class=\"aligncenter\" src=\"https:\/\/sawaqli.fra1.cdn.digitaloceanspaces.com\/16222\/grand-panier-de-rangemen-4.jpg\" width=\"1024\" height=\"1024\" \/><figcaption class=\"attachment__caption\"><\/figcaption><\/figure>\n<figure class=\"attachment attachment--preview\" data-trix-attachment=\"{&quot;contentType&quot;:&quot;image&quot;,&quot;height&quot;:1024,&quot;url&quot;:&quot;https:\/\/sawaqli.fra1.cdn.digitaloceanspaces.com\/16223\/grand-panier-de-rangemen-3.jpg&quot;,&quot;width&quot;:1024}\" data-trix-content-type=\"image\"><img decoding=\"async\" class=\"aligncenter\" src=\"https:\/\/sawaqli.fra1.cdn.digitaloceanspaces.com\/16223\/grand-panier-de-rangemen-3.jpg\" width=\"1024\" height=\"1024\" \/><figcaption class=\"attachment__caption\"><\/figcaption><\/figure>\n<p style=\"text-align: center;\">","protected":false},"excerpt":{"rendered":"<p>\u0633\u0644\u0629 \u062a\u062e\u0632\u064a\u0646 \u0645\u0646\u0632\u0644\u064a\u0629\u0627\u0644\u0645\u0642\u0627\u0633: 35 \u00d7 35 \u00d7 56 \u0633\u0645 (\u0627\u0631\u062a\u0641\u0627\u0639).\u0627\u0644\u0644\u0648\u0646: \u0623\u0628\u064a\u0636 \u0648\u0628\u0646\u064a.\u0627\u0644\u062e\u0627\u0645\u0629: \u0642\u0637\u0646\u060c \u0643\u062a\u0627\u0646\u060c \u062c\u0644\u062f \u0635\u0646\u0627\u0639\u064a PU\u060c EVA.<\/p>","protected":false},"featured_media":60444,"comment_status":"open","ping_status":"closed","template":"","meta":[],"product_brand":[],"product_cat":[2455],"product_tag":[],"class_list":{"0":"post-60445","1":"product","2":"type-product","3":"status-publish","4":"has-post-thumbnail","6":"product_cat-maison","8":"first","9":"instock","10":"taxable","11":"shipping-taxable","12":"purchasable","13":"product-type-simple"},"jetpack_sharing_enabled":true,"_links":{"self":[{"href":"https:\/\/shoponlinedz.com\/en\/wp-json\/wp\/v2\/product\/60445","targetHints":{"allow":["GET"]}}],"collection":[{"href":"https:\/\/shoponlinedz.com\/en\/wp-json\/wp\/v2\/product"}],"about":[{"href":"https:\/\/shoponlinedz.com\/en\/wp-json\/wp\/v2\/types\/product"}],"replies":[{"embeddable":true,"href":"https:\/\/shoponlinedz.com\/en\/wp-json\/wp\/v2\/comments?post=60445"}],"version-history":[{"count":0,"href":"https:\/\/shoponlinedz.com\/en\/wp-json\/wp\/v2\/product\/60445\/revisions"}],"wp:featuredmedia":[{"embeddable":true,"href":"https:\/\/shoponlinedz.com\/en\/wp-json\/wp\/v2\/media\/60444"}],"wp:attachment":[{"href":"https:\/\/shoponlinedz.com\/en\/wp-json\/wp\/v2\/media?parent=60445"}],"wp:term":[{"taxonomy":"product_brand","embeddable":true,"href":"https:\/\/shoponlinedz.com\/en\/wp-json\/wp\/v2\/product_brand?post=60445"},{"taxonomy":"product_cat","embeddable":true,"href":"https:\/\/shoponlinedz.com\/en\/wp-json\/wp\/v2\/product_cat?post=60445"},{"taxonomy":"product_tag","embeddable":true,"href":"https:\/\/shoponlinedz.com\/en\/wp-json\/wp\/v2\/product_tag?post=60445"}],"curies":[{"name":"wp","href":"https:\/\/api.w.org\/{rel}","templated":true}]}}