{"id":60425,"date":"2026-01-06T17:32:39","date_gmt":"2026-01-06T17:32:39","guid":{"rendered":"https:\/\/shoponlinedz.com\/product\/casque-stereo-bluetooth-sans-fil-oreilles-de-chat-electroluminescents-avec-support-carte-tf\/"},"modified":"2026-02-16T16:41:15","modified_gmt":"2026-02-16T15:41:15","slug":"casque-stereo-bluetooth-sans-fil-oreilles-de-chat-electroluminescents-avec-support-carte-tf","status":"publish","type":"product","link":"https:\/\/shoponlinedz.com\/en\/product\/casque-stereo-bluetooth-sans-fil-oreilles-de-chat-electroluminescents-avec-support-carte-tf\/","title":{"rendered":"Casque st\u00e9r\u00e9o Bluetooth sans fil oreilles de chat \u00e9lectroluminescents avec support carte TF"},"content":{"rendered":"<figure class=\"attachment attachment--preview\" data-trix-attachment=\"{&quot;contentType&quot;:&quot;image&quot;,&quot;height&quot;:1024,&quot;url&quot;:&quot;https:\/\/sawaqli.fra1.cdn.digitaloceanspaces.com\/16418\/Casque-chat-1.jpg&quot;,&quot;width&quot;:1024}\" data-trix-content-type=\"image\"><img decoding=\"async\" class=\"aligncenter\" src=\"https:\/\/sawaqli.fra1.cdn.digitaloceanspaces.com\/16418\/Casque-chat-1.jpg\" width=\"1024\" height=\"1024\" \/><figcaption class=\"attachment__caption\"><\/figcaption><\/figure>\n<figure class=\"attachment attachment--preview\" data-trix-attachment=\"{&quot;contentType&quot;:&quot;image&quot;,&quot;height&quot;:1024,&quot;url&quot;:&quot;https:\/\/sawaqli.fra1.cdn.digitaloceanspaces.com\/16419\/casque-chat-5.jpg&quot;,&quot;width&quot;:1024}\" data-trix-content-type=\"image\"><img decoding=\"async\" class=\"aligncenter\" src=\"https:\/\/sawaqli.fra1.cdn.digitaloceanspaces.com\/16419\/casque-chat-5.jpg\" width=\"1024\" height=\"1024\" \/><figcaption class=\"attachment__caption\"><\/figcaption><\/figure>\n<figure class=\"attachment attachment--preview\" data-trix-attachment=\"{&quot;contentType&quot;:&quot;image&quot;,&quot;height&quot;:1024,&quot;url&quot;:&quot;https:\/\/sawaqli.fra1.cdn.digitaloceanspaces.com\/16420\/casque-chat-6.jpg&quot;,&quot;width&quot;:1024}\" data-trix-content-type=\"image\"><img decoding=\"async\" class=\"aligncenter\" src=\"https:\/\/sawaqli.fra1.cdn.digitaloceanspaces.com\/16420\/casque-chat-6.jpg\" width=\"1024\" height=\"1024\" \/><figcaption class=\"attachment__caption\"><\/figcaption><\/figure>\n<figure class=\"attachment attachment--preview\" data-trix-attachment=\"{&quot;contentType&quot;:&quot;image&quot;,&quot;height&quot;:1024,&quot;url&quot;:&quot;https:\/\/sawaqli.fra1.cdn.digitaloceanspaces.com\/16421\/casque-chat-7.jpg&quot;,&quot;width&quot;:1024}\" data-trix-content-type=\"image\"><img decoding=\"async\" class=\"aligncenter\" src=\"https:\/\/sawaqli.fra1.cdn.digitaloceanspaces.com\/16421\/casque-chat-7.jpg\" width=\"1024\" height=\"1024\" \/><figcaption class=\"attachment__caption\"><\/figcaption><\/figure>\n<figure class=\"attachment attachment--preview\" data-trix-attachment=\"{&quot;contentType&quot;:&quot;image&quot;,&quot;height&quot;:1024,&quot;url&quot;:&quot;https:\/\/sawaqli.fra1.cdn.digitaloceanspaces.com\/16422\/casque-chat-8.jpg&quot;,&quot;width&quot;:1024}\" data-trix-content-type=\"image\"><img decoding=\"async\" class=\"aligncenter\" src=\"https:\/\/sawaqli.fra1.cdn.digitaloceanspaces.com\/16422\/casque-chat-8.jpg\" width=\"1024\" height=\"1024\" \/><figcaption class=\"attachment__caption\"><\/figcaption><\/figure>\n<p style=\"text-align: center;\">","protected":false},"excerpt":{"rendered":"<p>\u0633\u0645\u0627\u0639\u0627\u062a \u0631\u0623\u0633 \u0644\u0627\u0633\u0644\u0643\u064a\u0629 \u0628\u062a\u0635\u0645\u064a\u0645 \u0623\u0630\u0646 \u0627\u0644\u0642\u0637\u0629 (\u0625\u0636\u0627\u0621\u0629 \u0642\u0648\u0633 \u0642\u0632\u062d)\u0633\u0639\u0629 \u0627\u0644\u0628\u0637\u0627\u0631\u064a\u0629: 360mAh\u0645\u062f\u0629 \u0627\u0644\u0627\u0633\u062a\u062e\u062f\u0627\u0645: 5 \u0633\u0627\u0639\u0627\u062a (\u0645\u0639 \u0627\u0644\u0625\u0636\u0627\u0621\u0629)\u060c 7 \u0633\u0627\u0639\u0627\u062a (\u0628\u062f\u0648\u0646 \u0625\u0636\u0627\u0621\u0629)\u0632\u0645\u0646 \u0627\u0644\u0627\u0646\u062a\u0638\u0627\u0631: 200 \u0633\u0627\u0639\u0629\u0632\u0645\u0646 \u0627\u0644\u0634\u062d\u0646: \u0633\u0627\u0639\u062a\u0627\u0646\u0645\u062f\u0649 \u0627\u0644\u0627\u062a\u0635\u0627\u0644: 15 \u0645\u062a\u0631\u0645\u0643\u0628\u0631 \u0627\u0644\u0635\u0648\u062a: 40\u0645\u0645\u060c \u0627\u0633\u062a\u062c\u0627\u0628\u0629 \u062a\u0631\u062f\u062f 20Hz-22KHz\u0627\u0644\u0645\u0632\u0627\u064a\u0627:\u062f\u0639\u0645 \u0628\u0644\u0648\u062a\u0648\u062b + MP3 \u0644\u062a\u0634\u063a\u064a\u0644 \u0627\u0644\u0645\u0648\u0633\u064a\u0642\u0649 \u0648\u0625\u062c\u0631\u0627\u0621 \u0627\u0644\u0645\u0643\u0627\u0644\u0645\u0627\u062a.\u0645\u062a\u0648\u0627\u0641\u0642\u0629 \u0645\u0639 \u062c\u0645\u064a\u0639 \u0627\u0644\u0623\u062c\u0647\u0632\u0629 \u0627\u0644\u0645\u0632\u0648\u062f\u0629 \u0628\u0628\u0644\u0648\u062a\u0648\u062b (\u0647\u0648\u0627\u062a\u0641\u060c \u0623\u062c\u0647\u0632\u0629 \u0644\u0648\u062d\u064a\u0629\u060c \u062d\u0648\u0627\u0633\u064a\u0628).\u0645\u0646\u0641\u0630 \u0635\u0648\u062a 3.5\u0645\u0645 \u0644\u0627\u0633\u062a\u062e\u062f\u0627\u0645\u0647\u0627 \u0645\u0639 \u0627\u0644\u0623\u062c\u0647\u0632\u0629 \u063a\u064a\u0631 \u0627\u0644\u0645\u0632\u0648\u062f\u0629 \u0628\u0628\u0644\u0648\u062a\u0648\u062b.\u0625\u0645\u0643\u0627\u0646\u064a\u0629 \u0627\u0644\u0631\u062f \u0639\u0644\u0649 \u0627\u0644\u0645\u0643\u0627\u0644\u0645\u0627\u062a \u0623\u0648 \u0631\u0641\u0636\u0647\u0627 \u0628\u0633\u0647\u0648\u0644\u0629.\u0628\u0637\u0627\u0631\u064a\u0629 \u0642\u0627\u0628\u0644\u0629 \u0644\u0625\u0639\u0627\u062f\u0629 \u0627\u0644\u0634\u062d\u0646 \u0639\u0628\u0631 USB\u060c \u062a\u0634\u063a\u064a\u0644 \u062d\u062a\u0649 8-10 \u0633\u0627\u0639\u0627\u062a \u0648\u0645\u0643\u0627\u0644\u0645\u0627\u062a \u062d\u062a\u0649 8 \u0633\u0627\u0639\u0627\u062a.\u062a\u0635\u0645\u064a\u0645 \u0642\u0627\u0628\u0644 \u0644\u0644\u0637\u064a \u0648\u062e\u0641\u064a\u0641 \u0627\u0644\u0648\u0632\u0646 \u0645\u0639 \u0645\u0641\u0635\u0644\u0627\u062a \u0642\u0627\u0628\u0644\u0629 \u0644\u0644\u062a\u0639\u062f\u064a\u0644 \u0644\u0631\u0627\u062d\u0629 \u0623\u0643\u0628\u0631.\u0625\u0645\u0643\u0627\u0646\u064a\u0629 \u062a\u0634\u063a\u064a\u0644 \u0627\u0644\u0645\u0648\u0633\u064a\u0642\u0649 \u0645\u0646 \u0628\u0637\u0627\u0642\u0629 SD \u062d\u062a\u0649 \u0628\u062f\u0648\u0646 \u0628\u0644\u0648\u062a\u0648\u062b.\u0647\u062f\u064a\u0629 \u0645\u062b\u0627\u0644\u064a\u0629 \u0644\u0644\u0623\u0637\u0641\u0627\u0644 \u0628\u0641\u0636\u0644 \u062a\u0635\u0645\u064a\u0645 \u0627\u0644\u0623\u0630\u0646 \u0627\u0644\u0645\u0636\u064a\u0626\u0629 \u0627\u0644\u0645\u0644\u0648\u0646.\u0627\u0644\u0645\u062d\u062a\u0648\u064a\u0627\u062a: \u0633\u0645\u0627\u0639\u0627\u062a \u0644\u0627\u0633\u0644\u0643\u064a\u0629 \u00d71 \u2013 \u0643\u0627\u0628\u0644 \u0634\u062d\u0646 \u00d71 \u2013 \u062f\u0644\u064a\u0644 \u0627\u0633\u062a\u062e\u062f\u0627\u0645 \u00d71<\/p>","protected":false},"featured_media":60424,"comment_status":"open","ping_status":"closed","template":"","meta":[],"product_brand":[],"product_cat":[2463],"product_tag":[],"class_list":{"0":"post-60425","1":"product","2":"type-product","3":"status-publish","4":"has-post-thumbnail","6":"product_cat-electronique","8":"first","9":"instock","10":"taxable","11":"shipping-taxable","12":"purchasable","13":"product-type-simple"},"jetpack_sharing_enabled":true,"_links":{"self":[{"href":"https:\/\/shoponlinedz.com\/en\/wp-json\/wp\/v2\/product\/60425","targetHints":{"allow":["GET"]}}],"collection":[{"href":"https:\/\/shoponlinedz.com\/en\/wp-json\/wp\/v2\/product"}],"about":[{"href":"https:\/\/shoponlinedz.com\/en\/wp-json\/wp\/v2\/types\/product"}],"replies":[{"embeddable":true,"href":"https:\/\/shoponlinedz.com\/en\/wp-json\/wp\/v2\/comments?post=60425"}],"version-history":[{"count":0,"href":"https:\/\/shoponlinedz.com\/en\/wp-json\/wp\/v2\/product\/60425\/revisions"}],"wp:featuredmedia":[{"embeddable":true,"href":"https:\/\/shoponlinedz.com\/en\/wp-json\/wp\/v2\/media\/60424"}],"wp:attachment":[{"href":"https:\/\/shoponlinedz.com\/en\/wp-json\/wp\/v2\/media?parent=60425"}],"wp:term":[{"taxonomy":"product_brand","embeddable":true,"href":"https:\/\/shoponlinedz.com\/en\/wp-json\/wp\/v2\/product_brand?post=60425"},{"taxonomy":"product_cat","embeddable":true,"href":"https:\/\/shoponlinedz.com\/en\/wp-json\/wp\/v2\/product_cat?post=60425"},{"taxonomy":"product_tag","embeddable":true,"href":"https:\/\/shoponlinedz.com\/en\/wp-json\/wp\/v2\/product_tag?post=60425"}],"curies":[{"name":"wp","href":"https:\/\/api.w.org\/{rel}","templated":true}]}}