{"id":60390,"date":"2026-01-06T17:31:12","date_gmt":"2026-01-06T17:31:12","guid":{"rendered":"https:\/\/shoponlinedz.com\/product\/multimetre-a-pince-numerique-portable-dm-6266\/"},"modified":"2026-02-16T16:41:17","modified_gmt":"2026-02-16T15:41:17","slug":"multimetre-a-pince-numerique-portable-dm-6266","status":"publish","type":"product","link":"https:\/\/shoponlinedz.com\/en\/product\/multimetre-a-pince-numerique-portable-dm-6266\/","title":{"rendered":"Multim\u00e8tre \u00e0 pince num\u00e9rique Portable DM-6266"},"content":{"rendered":"<figure class=\"attachment attachment--preview\" data-trix-attachment=\"{&quot;contentType&quot;:&quot;image&quot;,&quot;height&quot;:1024,&quot;url&quot;:&quot;https:\/\/sawaqli.fra1.cdn.digitaloceanspaces.com\/16526\/Multimetre-numerique-Portable-1.jpg&quot;,&quot;width&quot;:1024}\" data-trix-content-type=\"image\"><img decoding=\"async\" class=\"aligncenter\" src=\"https:\/\/sawaqli.fra1.cdn.digitaloceanspaces.com\/16526\/Multimetre-numerique-Portable-1.jpg\" width=\"1024\" height=\"1024\" \/><figcaption class=\"attachment__caption\"><\/figcaption><\/figure>\n<figure class=\"attachment attachment--preview\" data-trix-attachment=\"{&quot;contentType&quot;:&quot;image&quot;,&quot;height&quot;:1024,&quot;url&quot;:&quot;https:\/\/sawaqli.fra1.cdn.digitaloceanspaces.com\/16527\/S8c3fd2f10ea94c87a2e0885231e6b611X.png&quot;,&quot;width&quot;:1024}\" data-trix-content-type=\"image\"><img decoding=\"async\" class=\"aligncenter\" src=\"https:\/\/sawaqli.fra1.cdn.digitaloceanspaces.com\/16527\/S8c3fd2f10ea94c87a2e0885231e6b611X.png\" width=\"1024\" height=\"1024\" \/><figcaption class=\"attachment__caption\"><\/figcaption><\/figure>\n<figure class=\"attachment attachment--preview\" data-trix-attachment=\"{&quot;contentType&quot;:&quot;image&quot;,&quot;height&quot;:1024,&quot;url&quot;:&quot;https:\/\/sawaqli.fra1.cdn.digitaloceanspaces.com\/16528\/S881cdc38f9164a619f8cbe4ba616ecd9g.png&quot;,&quot;width&quot;:1024}\" data-trix-content-type=\"image\"><img decoding=\"async\" class=\"aligncenter\" src=\"https:\/\/sawaqli.fra1.cdn.digitaloceanspaces.com\/16528\/S881cdc38f9164a619f8cbe4ba616ecd9g.png\" width=\"1024\" height=\"1024\" \/><figcaption class=\"attachment__caption\"><\/figcaption><\/figure>\n<figure class=\"attachment attachment--preview\" data-trix-attachment=\"{&quot;contentType&quot;:&quot;image&quot;,&quot;height&quot;:1024,&quot;url&quot;:&quot;https:\/\/sawaqli.fra1.cdn.digitaloceanspaces.com\/16529\/S7d60d8b824f54fd390e82c0d4eb5b668n.png&quot;,&quot;width&quot;:1024}\" data-trix-content-type=\"image\"><img decoding=\"async\" class=\"aligncenter\" src=\"https:\/\/sawaqli.fra1.cdn.digitaloceanspaces.com\/16529\/S7d60d8b824f54fd390e82c0d4eb5b668n.png\" width=\"1024\" height=\"1024\" \/><figcaption class=\"attachment__caption\"><\/figcaption><\/figure>\n<figure class=\"attachment attachment--preview\" data-trix-attachment=\"{&quot;contentType&quot;:&quot;image&quot;,&quot;height&quot;:1024,&quot;url&quot;:&quot;https:\/\/sawaqli.fra1.cdn.digitaloceanspaces.com\/16530\/Se35f90574f6e43a2b7487457a6c6c976x.png&quot;,&quot;width&quot;:1024}\" data-trix-content-type=\"image\"><img decoding=\"async\" class=\"aligncenter\" src=\"https:\/\/sawaqli.fra1.cdn.digitaloceanspaces.com\/16530\/Se35f90574f6e43a2b7487457a6c6c976x.png\" width=\"1024\" height=\"1024\" \/><figcaption class=\"attachment__caption\"><\/figcaption><\/figure>\n<p style=\"text-align: center;\">","protected":false},"excerpt":{"rendered":"<p>\u062c\u0647\u0627\u0632 \u0642\u064a\u0627\u0633 \u0645\u062a\u0639\u062f\u062f \u0627\u0644\u0627\u062d\u062a\u0631\u0627\u0641\u064a\u0629 \ud83d\udd27\u0627\u0644\u0645\u0648\u0627\u0635\u0641\u0627\u062a \u0627\u0644\u062a\u0642\u0646\u064a\u0629:\u062a\u064a\u0627\u0631 \u0645\u062a\u0631\u062f\u062f (AC): \u062d\u062a\u0649 1000 \u0623\u0645\u0628\u064a\u0631\u0627\u062e\u062a\u0628\u0627\u0631 \u0627\u0644\u0639\u0632\u0644: \u062c\u0647\u0627\u0632 \u0627\u062e\u062a\u0628\u0627\u0631 \u0627\u0644\u0639\u0632\u0644 \u0628\u062c\u0647\u062f 500 \u0641\u0648\u0644\u062a (\u0627\u062e\u062a\u064a\u0627\u0631\u064a)\u0627\u0644\u062c\u0647\u062f \u0627\u0644\u0645\u062a\u0631\u062f\u062f (AC): \u062d\u062a\u0649 750 \u0641\u0648\u0644\u062a\u0627\u0644\u062c\u0647\u062f \u0627\u0644\u0645\u0633\u062a\u0645\u0631 (DC): \u062d\u062a\u0649 1000 \u0641\u0648\u0644\u062a\u0627\u0644\u0645\u0642\u0627\u0648\u0645\u0629: \u062d\u062a\u0649 20 \u0643\u064a\u0644\u0648\u0623\u0648\u0645 (20K\u03a9)\u0627\u062e\u062a\u0628\u0627\u0631 \u0627\u0644\u062c\u0631\u0633 (Buzzer): \u0645\u062a\u0627\u062d (\u062a\u0634\u063a\u064a\u0644 \u0648\u0625\u064a\u0642\u0627\u0641)\u062c\u0647\u0627\u0632 \u062f\u0642\u064a\u0642 \u0648\u0645\u062a\u0639\u062f\u062f \u0627\u0644\u0627\u0633\u062a\u062e\u062f\u0627\u0645\u0627\u062a \u0644\u0642\u064a\u0627\u0633 \u0627\u0644\u062a\u064a\u0627\u0631 \u0648\u0627\u0644\u062c\u0647\u062f \u0648\u0627\u0644\u0645\u0642\u0627\u0648\u0645\u0629 \u0645\u0639 \u0645\u064a\u0632\u0629 \u0627\u062e\u062a\u0628\u0627\u0631 \u0627\u0644\u0639\u0632\u0644 \u0648\u0627\u0644\u062c\u0631\u0633\u060c \u0645\u062b\u0627\u0644\u064a \u0644\u0644\u0645\u0647\u0646\u062f\u0633\u064a\u0646 \u0648\u0627\u0644\u0641\u0646\u064a\u064a\u0646 \u0644\u0636\u0645\u0627\u0646 \u0623\u0639\u0644\u0649 \u062f\u0631\u062c\u0627\u062a \u0627\u0644\u0623\u0645\u0627\u0646 \u0648\u0627\u0644\u062c\u0648\u062f\u0629.<\/p>","protected":false},"featured_media":60389,"comment_status":"open","ping_status":"closed","template":"","meta":[],"product_brand":[],"product_cat":[2466],"product_tag":[],"class_list":{"0":"post-60390","1":"product","2":"type-product","3":"status-publish","4":"has-post-thumbnail","6":"product_cat-outillage-et-bricolage","8":"first","9":"instock","10":"taxable","11":"shipping-taxable","12":"purchasable","13":"product-type-simple"},"jetpack_sharing_enabled":true,"_links":{"self":[{"href":"https:\/\/shoponlinedz.com\/en\/wp-json\/wp\/v2\/product\/60390","targetHints":{"allow":["GET"]}}],"collection":[{"href":"https:\/\/shoponlinedz.com\/en\/wp-json\/wp\/v2\/product"}],"about":[{"href":"https:\/\/shoponlinedz.com\/en\/wp-json\/wp\/v2\/types\/product"}],"replies":[{"embeddable":true,"href":"https:\/\/shoponlinedz.com\/en\/wp-json\/wp\/v2\/comments?post=60390"}],"version-history":[{"count":0,"href":"https:\/\/shoponlinedz.com\/en\/wp-json\/wp\/v2\/product\/60390\/revisions"}],"wp:featuredmedia":[{"embeddable":true,"href":"https:\/\/shoponlinedz.com\/en\/wp-json\/wp\/v2\/media\/60389"}],"wp:attachment":[{"href":"https:\/\/shoponlinedz.com\/en\/wp-json\/wp\/v2\/media?parent=60390"}],"wp:term":[{"taxonomy":"product_brand","embeddable":true,"href":"https:\/\/shoponlinedz.com\/en\/wp-json\/wp\/v2\/product_brand?post=60390"},{"taxonomy":"product_cat","embeddable":true,"href":"https:\/\/shoponlinedz.com\/en\/wp-json\/wp\/v2\/product_cat?post=60390"},{"taxonomy":"product_tag","embeddable":true,"href":"https:\/\/shoponlinedz.com\/en\/wp-json\/wp\/v2\/product_tag?post=60390"}],"curies":[{"name":"wp","href":"https:\/\/api.w.org\/{rel}","templated":true}]}}