{"id":60373,"date":"2026-01-06T17:30:35","date_gmt":"2026-01-06T17:30:35","guid":{"rendered":"https:\/\/shoponlinedz.com\/product\/support-de-telephone-antiderapant-4en1-multifonctionnel-en-silicone-pour-tableau-de-bord-de-voiture-%d8%ad%d8%a7%d9%85%d9%84-%d9%87%d8%a7%d8%aa%d9%81-%d9%84%d9%88%d8%ad%d8%a9-%d8%b3%d9%8a%d8%a7\/"},"modified":"2026-02-16T16:41:17","modified_gmt":"2026-02-16T15:41:17","slug":"support-de-telephone-antiderapant-4en1-multifonctionnel-en-silicone-pour-tableau-de-bord-de-voiture-%d8%ad%d8%a7%d9%85%d9%84-%d9%87%d8%a7%d8%aa%d9%81-%d9%84%d9%88%d8%ad%d8%a9-%d8%b3%d9%8a%d8%a7","status":"publish","type":"product","link":"https:\/\/shoponlinedz.com\/en\/product\/support-de-telephone-antiderapant-4en1-multifonctionnel-en-silicone-pour-tableau-de-bord-de-voiture-%d8%ad%d8%a7%d9%85%d9%84-%d9%87%d8%a7%d8%aa%d9%81-%d9%84%d9%88%d8%ad%d8%a9-%d8%b3%d9%8a%d8%a7\/","title":{"rendered":"Support de t\u00e9l\u00e9phone antid\u00e9rapant 4en1 Multifonctionnel en Silicone pour Tableau de Bord de Voiture &#8211; \u062d\u0627\u0645\u0644 \u0647\u0627\u062a\u0641 \u0644\u0648\u062d\u0629 \u0633\u064a\u0627\u0631\u0629 \u0645\u0646 \u0627\u0644\u0633\u064a\u0644\u064a\u0643\u0648\u0646 \u0645\u062a\u0639\u062f\u062f \u0627\u0644\u0648\u0638\u0627\u0626\u0641"},"content":{"rendered":"<figure class=\"attachment attachment--preview\" data-trix-attachment=\"{&quot;contentType&quot;:&quot;image&quot;,&quot;height&quot;:1024,&quot;url&quot;:&quot;https:\/\/sawaqli.fra1.cdn.digitaloceanspaces.com\/29202\/jld-cnc.jpg&quot;,&quot;width&quot;:1024}\" data-trix-content-type=\"image\"><img decoding=\"async\" class=\"aligncenter\" src=\"https:\/\/sawaqli.fra1.cdn.digitaloceanspaces.com\/29202\/jld-cnc.jpg\" width=\"1024\" height=\"1024\" \/><figcaption class=\"attachment__caption\"><\/figcaption><\/figure>\n<figure class=\"attachment attachment--preview\" data-trix-attachment=\"{&quot;contentType&quot;:&quot;image&quot;,&quot;height&quot;:1024,&quot;url&quot;:&quot;https:\/\/sawaqli.fra1.cdn.digitaloceanspaces.com\/16601\/main.jpg&quot;,&quot;width&quot;:1024}\" data-trix-content-type=\"image\"><img decoding=\"async\" class=\"aligncenter\" src=\"https:\/\/sawaqli.fra1.cdn.digitaloceanspaces.com\/16601\/main.jpg\" width=\"1024\" height=\"1024\" \/><figcaption class=\"attachment__caption\"><\/figcaption><\/figure>\n<figure class=\"attachment attachment--preview\" data-trix-attachment=\"{&quot;contentType&quot;:&quot;image&quot;,&quot;height&quot;:1024,&quot;url&quot;:&quot;https:\/\/sawaqli.fra1.cdn.digitaloceanspaces.com\/16602\/main-8.jpg&quot;,&quot;width&quot;:1024}\" data-trix-content-type=\"image\"><img decoding=\"async\" class=\"aligncenter\" src=\"https:\/\/sawaqli.fra1.cdn.digitaloceanspaces.com\/16602\/main-8.jpg\" width=\"1024\" height=\"1024\" \/><figcaption class=\"attachment__caption\"><\/figcaption><\/figure>\n<figure class=\"attachment attachment--preview\" data-trix-attachment=\"{&quot;contentType&quot;:&quot;image&quot;,&quot;height&quot;:1024,&quot;url&quot;:&quot;https:\/\/sawaqli.fra1.cdn.digitaloceanspaces.com\/16603\/main-7.jpg&quot;,&quot;width&quot;:1024}\" data-trix-content-type=\"image\"><img decoding=\"async\" class=\"aligncenter\" src=\"https:\/\/sawaqli.fra1.cdn.digitaloceanspaces.com\/16603\/main-7.jpg\" width=\"1024\" height=\"1024\" \/><figcaption class=\"attachment__caption\"><\/figcaption><\/figure>\n<p style=\"text-align: center;\">","protected":false},"excerpt":{"rendered":"<p>\u062d\u0635\u064a\u0631\u0629 \u0633\u064a\u0644\u064a\u0643\u0648\u0646 \u0645\u062a\u0639\u062f\u062f\u0629 \u0627\u0644\u0648\u0638\u0627\u0626\u0641 \u0644\u0644\u0633\u064a\u0627\u0631\u0629\u062a\u0635\u0645\u064a\u0645 \u0645\u062a\u0639\u062f\u062f \u0627\u0644\u0627\u0633\u062a\u062e\u062f\u0627\u0645\u0627\u062a: \u064a\u0645\u0643\u0646\u0647\u0627 \u062d\u0645\u0644 \u0627\u0644\u0647\u0627\u062a\u0641 \u0648\u0623\u063a\u0631\u0627\u0636 \u0623\u062e\u0631\u0649\u060c \u0644\u062a\u0643\u0648\u0646 \u0625\u0636\u0627\u0641\u0629 \u0639\u0645\u0644\u064a\u0629 \u0644\u0644\u0633\u064a\u0627\u0631\u0629.\u0645\u0627\u062f\u0629 \u0633\u064a\u0644\u064a\u0643\u0648\u0646 \u0645\u0642\u0627\u0648\u0645\u0629 \u0644\u0644\u0627\u0646\u0632\u0644\u0627\u0642: \u062a\u0645\u0646\u0639 \u0627\u0646\u0632\u0644\u0627\u0642 \u0627\u0644\u0647\u0627\u062a\u0641 \u0648\u0627\u0644\u0623\u063a\u0631\u0627\u0636 \u0623\u062b\u0646\u0627\u0621 \u0627\u0644\u0642\u064a\u0627\u062f\u0629.\u0633\u0647\u0644\u0629 \u0627\u0644\u062a\u0631\u0643\u064a\u0628: \u062a\u0648\u0636\u0639 \u0628\u0633\u0647\u0648\u0644\u0629 \u0639\u0644\u0649 \u0644\u0648\u062d\u0629 \u0627\u0644\u0642\u064a\u0627\u062f\u0629 \u062f\u0648\u0646 \u0623\u062f\u0648\u0627\u062a.\u0645\u062a\u064a\u0646\u0629 \u0648\u0639\u0645\u0631 \u0637\u0648\u064a\u0644: \u0645\u0635\u0646\u0648\u0639\u0629 \u0645\u0646 \u0645\u0648\u0627\u062f \u0639\u0627\u0644\u064a\u0629 \u0627\u0644\u062c\u0648\u062f\u0629 \u062a\u062a\u062d\u0645\u0644 \u0627\u0644\u0627\u0633\u062a\u062e\u062f\u0627\u0645 \u0627\u0644\u064a\u0648\u0645\u064a. \u0627\u0644\u0645\u0648\u0627\u0635\u0641\u0627\u062a:\u0627\u0644\u0645\u0627\u062f\u0629: PVC \u0644\u0627 \u064a\u0636\u0631 \u0628\u0627\u0644\u0633\u064a\u0627\u0631\u0629 \u0648\u0645\u0646\u0627\u0633\u0628 \u0644\u0645\u0639\u0638\u0645 \u0627\u0644\u0645\u0648\u062f\u064a\u0644\u0627\u062a.\u0645\u0642\u0627\u0648\u0645\u0629 \u0644\u0644\u062d\u0631\u0627\u0631\u0629 \u0627\u0644\u0639\u0627\u0644\u064a\u0629 \u0648\u0627\u0644\u0645\u0646\u062e\u0641\u0636\u0629 \u0648\u063a\u064a\u0631 \u0633\u0627\u0645\u0629.\u0642\u0627\u0628\u0644\u0629 \u0644\u0644\u063a\u0633\u0644 \u0648\u0645\u062a\u064a\u0646\u0629 \u0645\u0639 \u0633\u0637\u062d \u0645\u0642\u0627\u0648\u0645 \u0644\u0644\u062a\u0622\u0643\u0644 \u0648\u0627\u0644\u0627\u0646\u0632\u0644\u0627\u0642.\u0645\u0632\u0648\u062f\u0629 \u0628\u0639\u062f\u0629 \u0641\u062a\u062d\u0627\u062a \u0644\u0644\u062a\u062e\u0632\u064a\u0646 \u0644\u0644\u062d\u0641\u0627\u0638 \u0639\u0644\u0649 \u062a\u0631\u062a\u064a\u0628 \u0627\u0644\u0633\u064a\u0627\u0631\u0629.\u0645\u0632\u0648\u062f\u0629 \u0628\u062d\u0627\u0645\u0644 \u0647\u0627\u062a\u0641\u060c \u0641\u0644\u0627 \u062d\u0627\u062c\u0629 \u0644\u0634\u0631\u0627\u0621 \u062d\u0627\u0645\u0644 \u0645\u0646\u0641\u0635\u0644. \u0648\u0635\u0641 \u0625\u0636\u0627\u0641\u064a: \u062a\u0639\u0645\u0644 \u0643\u0644\u0648\u062d\u0629 \u0644\u0639\u0631\u0636 \u0631\u0642\u0645 \u0627\u0644\u0647\u0627\u062a\u0641 \u0639\u0646\u062f \u0627\u0644\u0648\u0642\u0648\u0641 \u0644\u062a\u0633\u0647\u064a\u0644 \u0627\u0644\u062a\u0648\u0627\u0635\u0644. \u0627\u0644\u0645\u0642\u0627\u0633: \u200e248\u00d7185 \u0645\u0645\u060c \u0627\u0644\u0644\u0648\u0646: \u0623\u062d\u0645\u0631 (\u0627\u062e\u062a\u064a\u0627\u0631\u064a)\u060c \u0627\u0644\u062e\u0627\u0645\u0629: PVC.<\/p>","protected":false},"featured_media":60372,"comment_status":"open","ping_status":"closed","template":"","meta":[],"product_brand":[],"product_cat":[2458],"product_tag":[],"class_list":{"0":"post-60373","1":"product","2":"type-product","3":"status-publish","4":"has-post-thumbnail","6":"product_cat-accessoires-auto-moto","8":"first","9":"instock","10":"taxable","11":"shipping-taxable","12":"purchasable","13":"product-type-simple"},"jetpack_sharing_enabled":true,"_links":{"self":[{"href":"https:\/\/shoponlinedz.com\/en\/wp-json\/wp\/v2\/product\/60373","targetHints":{"allow":["GET"]}}],"collection":[{"href":"https:\/\/shoponlinedz.com\/en\/wp-json\/wp\/v2\/product"}],"about":[{"href":"https:\/\/shoponlinedz.com\/en\/wp-json\/wp\/v2\/types\/product"}],"replies":[{"embeddable":true,"href":"https:\/\/shoponlinedz.com\/en\/wp-json\/wp\/v2\/comments?post=60373"}],"version-history":[{"count":0,"href":"https:\/\/shoponlinedz.com\/en\/wp-json\/wp\/v2\/product\/60373\/revisions"}],"wp:featuredmedia":[{"embeddable":true,"href":"https:\/\/shoponlinedz.com\/en\/wp-json\/wp\/v2\/media\/60372"}],"wp:attachment":[{"href":"https:\/\/shoponlinedz.com\/en\/wp-json\/wp\/v2\/media?parent=60373"}],"wp:term":[{"taxonomy":"product_brand","embeddable":true,"href":"https:\/\/shoponlinedz.com\/en\/wp-json\/wp\/v2\/product_brand?post=60373"},{"taxonomy":"product_cat","embeddable":true,"href":"https:\/\/shoponlinedz.com\/en\/wp-json\/wp\/v2\/product_cat?post=60373"},{"taxonomy":"product_tag","embeddable":true,"href":"https:\/\/shoponlinedz.com\/en\/wp-json\/wp\/v2\/product_tag?post=60373"}],"curies":[{"name":"wp","href":"https:\/\/api.w.org\/{rel}","templated":true}]}}