{"id":60346,"date":"2026-01-06T17:29:42","date_gmt":"2026-01-06T17:29:42","guid":{"rendered":"https:\/\/shoponlinedz.com\/product\/attelle-de-doigt-index-en-aluminium-reglable-moyen-doigt-recuperation-protection-contre-les-blessures\/"},"modified":"2026-02-16T16:41:19","modified_gmt":"2026-02-16T15:41:19","slug":"attelle-de-doigt-index-en-aluminium-reglable-moyen-doigt-recuperation-protection-contre-les-blessures","status":"publish","type":"product","link":"https:\/\/shoponlinedz.com\/en\/product\/attelle-de-doigt-index-en-aluminium-reglable-moyen-doigt-recuperation-protection-contre-les-blessures\/","title":{"rendered":"Attelle De Doigt ,Index en Aluminium R\u00e9glable Moyen Doigt R\u00e9cup\u00e9ration Protection Contre Les Blessures"},"content":{"rendered":"<figure class=\"attachment attachment--preview\" data-trix-attachment=\"{&quot;contentType&quot;:&quot;image&quot;,&quot;height&quot;:1024,&quot;url&quot;:&quot;https:\/\/sawaqli.fra1.cdn.digitaloceanspaces.com\/16828\/Main-4.jpg&quot;,&quot;width&quot;:1024}\" data-trix-content-type=\"image\"><img decoding=\"async\" class=\"aligncenter\" src=\"https:\/\/sawaqli.fra1.cdn.digitaloceanspaces.com\/16828\/Main-4.jpg\" width=\"1024\" height=\"1024\" \/><figcaption class=\"attachment__caption\"><\/figcaption><\/figure>\n<figure class=\"attachment attachment--preview\" data-trix-attachment=\"{&quot;contentType&quot;:&quot;image&quot;,&quot;height&quot;:1024,&quot;url&quot;:&quot;https:\/\/sawaqli.fra1.cdn.digitaloceanspaces.com\/16825\/Main-2-2.jpg&quot;,&quot;width&quot;:1024}\" data-trix-content-type=\"image\"><img decoding=\"async\" class=\"aligncenter\" src=\"https:\/\/sawaqli.fra1.cdn.digitaloceanspaces.com\/16825\/Main-2-2.jpg\" width=\"1024\" height=\"1024\" \/><figcaption class=\"attachment__caption\"><\/figcaption><\/figure>\n<figure class=\"attachment attachment--preview\" data-trix-attachment=\"{&quot;contentType&quot;:&quot;image&quot;,&quot;height&quot;:1024,&quot;url&quot;:&quot;https:\/\/sawaqli.fra1.cdn.digitaloceanspaces.com\/16826\/doight-5.jpg&quot;,&quot;width&quot;:1024}\" data-trix-content-type=\"image\"><img decoding=\"async\" class=\"aligncenter\" src=\"https:\/\/sawaqli.fra1.cdn.digitaloceanspaces.com\/16826\/doight-5.jpg\" width=\"1024\" height=\"1024\" \/><figcaption class=\"attachment__caption\"><\/figcaption><\/figure>\n<figure class=\"attachment attachment--preview\" data-trix-attachment=\"{&quot;contentType&quot;:&quot;image&quot;,&quot;height&quot;:1024,&quot;url&quot;:&quot;https:\/\/sawaqli.fra1.cdn.digitaloceanspaces.com\/16827\/doight-8.jpg&quot;,&quot;width&quot;:1024}\" data-trix-content-type=\"image\"><img decoding=\"async\" class=\"aligncenter\" src=\"https:\/\/sawaqli.fra1.cdn.digitaloceanspaces.com\/16827\/doight-8.jpg\" width=\"1024\" height=\"1024\" \/><figcaption class=\"attachment__caption\"><\/figcaption><\/figure>\n<p style=\"text-align: center;\">","protected":false},"excerpt":{"rendered":"<p>\u062f\u0639\u0627\u0645\u0629 \u0625\u0635\u0628\u0639 \u062e\u0641\u064a\u0641\u0629 \u0648\u0642\u0627\u0628\u0644\u0629 \u0644\u0644\u062a\u0639\u062f\u064a\u0644 \u2022 \u062b\u0628\u0627\u062a \u0648\u0631\u0627\u062d\u0629: \u0645\u0631\u0648\u0646\u0629 \u0639\u0627\u0644\u064a\u0629 \u0644\u0636\u0628\u0637 \u0627\u0644\u0645\u0642\u0627\u0633 \u062f\u0648\u0646 \u0627\u0644\u062a\u0623\u062b\u064a\u0631 \u0639\u0644\u0649 \u062d\u0631\u0643\u0629 \u0627\u0644\u0623\u0635\u0627\u0628\u0639. \u2022 \u062a\u0635\u0645\u064a\u0645 \u0645\u0631\u064a\u062d: \u0628\u0637\u0627\u0646\u0629 \u0642\u0637\u0646\u064a\u0629 \u0646\u0627\u0639\u0645\u0629 \u0645\u0642\u0627\u0648\u0645\u0629 \u0644\u0644\u062d\u0633\u0627\u0633\u064a\u0629 \u0648\u0645\u0645\u062a\u0635\u0629 \u0644\u0644\u0639\u0631\u0642. \u2022 \u0642\u0627\u0639\u062f\u0629 \u0642\u0648\u064a\u0629: \u0645\u0635\u0646\u0648\u0639\u0629 \u0645\u0646 \u0633\u0628\u0627\u0626\u0643 \u0627\u0644\u0623\u0644\u0645\u0646\u064a\u0648\u0645 \u0645\u0639 \u0627\u0646\u062d\u0646\u0627\u0621 \u0635\u062d\u064a \u0644\u0644\u0625\u0635\u0628\u0639 \u0648\u0625\u0645\u0643\u0627\u0646\u064a\u0629 \u0636\u0628\u0637 \u0627\u0644\u0642\u0648\u0633. \u2022 \u0623\u0644\u0648\u0627\u0646 \u0645\u062a\u0639\u062f\u062f\u0629: \u0645\u062a\u0648\u0641\u0631\u0629 \u0628\u0627\u0644\u0644\u0648\u0646 \u0627\u0644\u0623\u0632\u0631\u0642 \u0623\u0648 \u0627\u0644\u0623\u0633\u0648\u062f \u0644\u062a\u0644\u0628\u064a\u0629 \u0627\u062d\u062a\u064a\u0627\u062c\u0627\u062a\u0643. \u0627\u0644\u0645\u0648\u0627\u0635\u0641\u0627\u062a: \u0648\u0632\u0646 7 \u062c\u0645 | \u062e\u0627\u0645\u0627\u062a \u0639\u0627\u0644\u064a\u0629 \u0627\u0644\u062c\u0648\u062f\u0629 (\u0642\u0645\u0627\u0634 + \u0623\u0644\u0648\u0645\u0646\u064a\u0648\u0645) | \u062a\u0639\u0644\u064a\u0645\u0627\u062a \u063a\u0633\u0644 \u064a\u062f\u0648\u064a \u0648\u062a\u062c\u0641\u064a\u0641 \u0628\u0627\u0644\u0638\u0644. \u0627\u0644\u0645\u062d\u062a\u0648\u064a\u0627\u062a: \u062f\u0639\u0627\u0645\u0629 \u0625\u0635\u0628\u0639 \u00d71.<\/p>","protected":false},"featured_media":60345,"comment_status":"open","ping_status":"closed","template":"","meta":[],"product_brand":[],"product_cat":[2457],"product_tag":[],"class_list":{"0":"post-60346","1":"product","2":"type-product","3":"status-publish","4":"has-post-thumbnail","6":"product_cat-soins-et-beaute","8":"first","9":"instock","10":"taxable","11":"shipping-taxable","12":"purchasable","13":"product-type-simple"},"jetpack_sharing_enabled":true,"_links":{"self":[{"href":"https:\/\/shoponlinedz.com\/en\/wp-json\/wp\/v2\/product\/60346","targetHints":{"allow":["GET"]}}],"collection":[{"href":"https:\/\/shoponlinedz.com\/en\/wp-json\/wp\/v2\/product"}],"about":[{"href":"https:\/\/shoponlinedz.com\/en\/wp-json\/wp\/v2\/types\/product"}],"replies":[{"embeddable":true,"href":"https:\/\/shoponlinedz.com\/en\/wp-json\/wp\/v2\/comments?post=60346"}],"version-history":[{"count":0,"href":"https:\/\/shoponlinedz.com\/en\/wp-json\/wp\/v2\/product\/60346\/revisions"}],"wp:featuredmedia":[{"embeddable":true,"href":"https:\/\/shoponlinedz.com\/en\/wp-json\/wp\/v2\/media\/60345"}],"wp:attachment":[{"href":"https:\/\/shoponlinedz.com\/en\/wp-json\/wp\/v2\/media?parent=60346"}],"wp:term":[{"taxonomy":"product_brand","embeddable":true,"href":"https:\/\/shoponlinedz.com\/en\/wp-json\/wp\/v2\/product_brand?post=60346"},{"taxonomy":"product_cat","embeddable":true,"href":"https:\/\/shoponlinedz.com\/en\/wp-json\/wp\/v2\/product_cat?post=60346"},{"taxonomy":"product_tag","embeddable":true,"href":"https:\/\/shoponlinedz.com\/en\/wp-json\/wp\/v2\/product_tag?post=60346"}],"curies":[{"name":"wp","href":"https:\/\/api.w.org\/{rel}","templated":true}]}}