{"id":60337,"date":"2026-01-06T17:29:28","date_gmt":"2026-01-06T17:29:28","guid":{"rendered":"https:\/\/shoponlinedz.com\/product\/projecteur-de-lumiere-dastronaute-ciel-etoile-nebuleuse-galaxy-v3\/"},"modified":"2026-02-16T16:41:19","modified_gmt":"2026-02-16T15:41:19","slug":"projecteur-de-lumiere-dastronaute-ciel-etoile-nebuleuse-galaxy-v3","status":"publish","type":"product","link":"https:\/\/shoponlinedz.com\/en\/product\/projecteur-de-lumiere-dastronaute-ciel-etoile-nebuleuse-galaxy-v3\/","title":{"rendered":"Projecteur De Lumi\u00e8re D&#8217;astronaute Ci\u00e9l Etoil\u00e9 n\u00e9buleuse galaxy V3"},"content":{"rendered":"<figure class=\"attachment attachment--preview\" data-trix-attachment=\"{&quot;contentType&quot;:&quot;image&quot;,&quot;height&quot;:1024,&quot;url&quot;:&quot;https:\/\/sawaqli.fra1.cdn.digitaloceanspaces.com\/16805\/Astronaute-v3-8.jpg&quot;,&quot;width&quot;:1024}\" data-trix-content-type=\"image\"><img decoding=\"async\" class=\"aligncenter\" src=\"https:\/\/sawaqli.fra1.cdn.digitaloceanspaces.com\/16805\/Astronaute-v3-8.jpg\" width=\"1024\" height=\"1024\" \/><figcaption class=\"attachment__caption\"><\/figcaption><\/figure>\n<figure class=\"attachment attachment--preview\" data-trix-attachment=\"{&quot;contentType&quot;:&quot;image&quot;,&quot;height&quot;:1024,&quot;url&quot;:&quot;https:\/\/sawaqli.fra1.cdn.digitaloceanspaces.com\/16804\/Astronaute-v3-2.jpg&quot;,&quot;width&quot;:1024}\" data-trix-content-type=\"image\"><img decoding=\"async\" class=\"aligncenter\" src=\"https:\/\/sawaqli.fra1.cdn.digitaloceanspaces.com\/16804\/Astronaute-v3-2.jpg\" width=\"1024\" height=\"1024\" \/><figcaption class=\"attachment__caption\"><\/figcaption><\/figure>\n<figure class=\"attachment attachment--preview\" data-trix-attachment=\"{&quot;contentType&quot;:&quot;image&quot;,&quot;height&quot;:1024,&quot;url&quot;:&quot;https:\/\/sawaqli.fra1.cdn.digitaloceanspaces.com\/16806\/Astronaute-v35.jpg&quot;,&quot;width&quot;:1024}\" data-trix-content-type=\"image\"><img decoding=\"async\" class=\"aligncenter\" src=\"https:\/\/sawaqli.fra1.cdn.digitaloceanspaces.com\/16806\/Astronaute-v35.jpg\" width=\"1024\" height=\"1024\" \/><figcaption class=\"attachment__caption\"><\/figcaption><\/figure>\n<figure class=\"attachment attachment--preview\" data-trix-attachment=\"{&quot;contentType&quot;:&quot;image&quot;,&quot;height&quot;:1024,&quot;url&quot;:&quot;https:\/\/sawaqli.fra1.cdn.digitaloceanspaces.com\/17338\/msg5102976160-11889.jpg&quot;,&quot;width&quot;:1024}\" data-trix-content-type=\"image\"><img decoding=\"async\" class=\"aligncenter\" src=\"https:\/\/sawaqli.fra1.cdn.digitaloceanspaces.com\/17338\/msg5102976160-11889.jpg\" width=\"1024\" height=\"1024\" \/><figcaption class=\"attachment__caption\"><\/figcaption><\/figure>\n<figure class=\"attachment attachment--preview\" data-trix-attachment=\"{&quot;contentType&quot;:&quot;image&quot;,&quot;height&quot;:1024,&quot;url&quot;:&quot;https:\/\/sawaqli.fra1.cdn.digitaloceanspaces.com\/17339\/msg5102976160-11890.jpg&quot;,&quot;width&quot;:1024}\" data-trix-content-type=\"image\"><img decoding=\"async\" class=\"aligncenter\" src=\"https:\/\/sawaqli.fra1.cdn.digitaloceanspaces.com\/17339\/msg5102976160-11890.jpg\" width=\"1024\" height=\"1024\" \/><figcaption class=\"attachment__caption\"><\/figcaption><\/figure>\n<p style=\"text-align: center;\">","protected":false},"excerpt":{"rendered":"<p>\u0628\u0631\u0648\u062c\u0643\u062a\u0648\u0631 \u0633\u0645\u0627\u0621 \u0627\u0644\u0646\u062c\u0648\u0645 \u0644\u0644\u0623\u0637\u0641\u0627\u0644\u062a\u0635\u0645\u064a\u0645 \u0645\u062e\u0635\u0635: \u064a\u062a\u064a\u062d \u0644\u0643 \u0627\u062e\u062a\u064a\u0627\u0631 \u0623\u0648\u0636\u0627\u0639 \u0645\u062e\u062a\u0644\u0641\u0629 \u0644\u0625\u0633\u0642\u0627\u0637 \u0627\u0644\u0646\u062c\u0648\u0645 \u0644\u062e\u0644\u0642 \u0623\u062c\u0648\u0627\u0621 \u062f\u0627\u0641\u0626\u0629 \u0648\u0645\u0645\u064a\u0632\u0629 \u0644\u0643 \u0648\u0644\u0637\u0641\u0644\u0643.\u0645\u062a\u0639\u062f\u062f \u0627\u0644\u0648\u0638\u0627\u0626\u0641: \u064a\u0639\u0645\u0644 \u0643\u0645\u0635\u0628\u0627\u062d \u0648\u0643\u0645\u0643\u0628\u0631 \u0635\u0648\u062a \u0628\u0644\u0648\u062a\u0648\u062b \u0644\u062a\u0634\u063a\u064a\u0644 \u0627\u0644\u0645\u0648\u0633\u064a\u0642\u0649 \u0623\u0648 \u0627\u0644\u0623\u0635\u0648\u0627\u062a \u0627\u0644\u0637\u0628\u064a\u0639\u064a\u0629 \u0645\u0639 \u0625\u0645\u0643\u0627\u0646\u064a\u0629 \u0636\u0628\u0637 \u0634\u062f\u0629 \u0627\u0644\u0625\u0636\u0627\u0621\u0629 \u0648\u0623\u0644\u0648\u0627\u0646\u0647\u0627.\u0625\u0636\u0627\u0621\u0629 \u0622\u0645\u0646\u0629 \u0644\u0644\u0623\u0637\u0641\u0627\u0644: \u0636\u0648\u0621 LED \u0646\u0627\u0639\u0645 \u0644\u0627 \u064a\u0624\u0630\u064a \u0627\u0644\u0639\u064a\u0646\u064a\u0646 \u0645\u0639 \u0645\u0624\u0642\u062a \u0644\u062a\u062d\u062f\u064a\u062f \u0648\u0642\u062a \u0627\u0644\u0639\u0645\u0644 \u062a\u0644\u0642\u0627\u0626\u064a\u064b\u0627.\u062a\u0634\u063a\u064a\u0644 \u0639\u0628\u0631 USB: \u0633\u0647\u0644 \u0627\u0644\u0634\u062d\u0646 \u0648\u0627\u0644\u0627\u0633\u062a\u062e\u062f\u0627\u0645 \u0644\u0641\u062a\u0631\u0627\u062a \u0637\u0648\u064a\u0644\u0629.\u0631\u064a\u0645\u0648\u062a \u0643\u0646\u062a\u0631\u0648\u0644 \u0644\u0644\u062a\u062d\u0643\u0645 \u0627\u0644\u0643\u0627\u0645\u0644: \u064a\u0645\u0643\u0646\u0643 \u0636\u0628\u0637 \u0627\u0644\u0625\u0636\u0627\u0621\u0629 \u0648\u0627\u0644\u0645\u0648\u0633\u064a\u0642\u0649 \u0648\u0627\u0644\u0645\u0624\u0642\u062a \u0639\u0646 \u0628\u064f\u0639\u062f \u062f\u0648\u0646 \u0627\u0644\u062d\u0627\u062c\u0629 \u0644\u0644\u0646\u0647\u0648\u0636 \u0645\u0646 \u0627\u0644\u0633\u0631\u064a\u0631.\u0627\u0644\u0645\u0648\u0627\u0635\u0641\u0627\u062a: \u0627\u0644\u0623\u0628\u0639\u0627\u062f 11.5\u00d79.3\u00d78.5 \u0633\u0645\u060c \u0645\u0635\u062f\u0631 \u0627\u0644\u0637\u0627\u0642\u0629 \u0628\u0637\u0627\u0631\u064a\u0629 \u0642\u0627\u0628\u0644\u0629 \u0644\u0644\u0634\u062d\u0646\u060c \u0646\u0648\u0639 \u0627\u0644\u0636\u0648\u0621 LED\u060c \u0645\u0646\u0627\u0633\u0628 \u0644\u063a\u0631\u0641 \u0627\u0644\u0623\u0637\u0641\u0627\u0644\u060c \u0645\u0632\u0648\u062f \u0628\u062a\u062d\u0643\u0645 \u0639\u0646 \u0628\u0639\u062f.<\/p>","protected":false},"featured_media":60336,"comment_status":"open","ping_status":"closed","template":"","meta":[],"product_brand":[],"product_cat":[2463],"product_tag":[],"class_list":{"0":"post-60337","1":"product","2":"type-product","3":"status-publish","4":"has-post-thumbnail","6":"product_cat-electronique","8":"first","9":"instock","10":"taxable","11":"shipping-taxable","12":"purchasable","13":"product-type-simple"},"jetpack_sharing_enabled":true,"_links":{"self":[{"href":"https:\/\/shoponlinedz.com\/en\/wp-json\/wp\/v2\/product\/60337","targetHints":{"allow":["GET"]}}],"collection":[{"href":"https:\/\/shoponlinedz.com\/en\/wp-json\/wp\/v2\/product"}],"about":[{"href":"https:\/\/shoponlinedz.com\/en\/wp-json\/wp\/v2\/types\/product"}],"replies":[{"embeddable":true,"href":"https:\/\/shoponlinedz.com\/en\/wp-json\/wp\/v2\/comments?post=60337"}],"version-history":[{"count":0,"href":"https:\/\/shoponlinedz.com\/en\/wp-json\/wp\/v2\/product\/60337\/revisions"}],"wp:featuredmedia":[{"embeddable":true,"href":"https:\/\/shoponlinedz.com\/en\/wp-json\/wp\/v2\/media\/60336"}],"wp:attachment":[{"href":"https:\/\/shoponlinedz.com\/en\/wp-json\/wp\/v2\/media?parent=60337"}],"wp:term":[{"taxonomy":"product_brand","embeddable":true,"href":"https:\/\/shoponlinedz.com\/en\/wp-json\/wp\/v2\/product_brand?post=60337"},{"taxonomy":"product_cat","embeddable":true,"href":"https:\/\/shoponlinedz.com\/en\/wp-json\/wp\/v2\/product_cat?post=60337"},{"taxonomy":"product_tag","embeddable":true,"href":"https:\/\/shoponlinedz.com\/en\/wp-json\/wp\/v2\/product_tag?post=60337"}],"curies":[{"name":"wp","href":"https:\/\/api.w.org\/{rel}","templated":true}]}}