{"id":60303,"date":"2026-01-06T17:28:19","date_gmt":"2026-01-06T17:28:19","guid":{"rendered":"https:\/\/shoponlinedz.com\/product\/support-pliable-reglable-en-aluminium-pour-ordinateur-portable\/"},"modified":"2026-02-16T16:41:20","modified_gmt":"2026-02-16T15:41:20","slug":"support-pliable-reglable-en-aluminium-pour-ordinateur-portable","status":"publish","type":"product","link":"https:\/\/shoponlinedz.com\/en\/product\/support-pliable-reglable-en-aluminium-pour-ordinateur-portable\/","title":{"rendered":"Support pliable r\u00e9glable en Aluminium pour ordinateur Portable"},"content":{"rendered":"<figure class=\"attachment attachment--preview\" data-trix-attachment=\"{&quot;contentType&quot;:&quot;image&quot;,&quot;height&quot;:1024,&quot;url&quot;:&quot;https:\/\/sawaqli.fra1.cdn.digitaloceanspaces.com\/16961\/Support-pliable-en-Aluminium-pour-ordinateur.jpg&quot;,&quot;width&quot;:1024}\" data-trix-content-type=\"image\"><img decoding=\"async\" class=\"aligncenter\" src=\"https:\/\/sawaqli.fra1.cdn.digitaloceanspaces.com\/16961\/Support-pliable-en-Aluminium-pour-ordinateur.jpg\" width=\"1024\" height=\"1024\" \/><figcaption class=\"attachment__caption\"><\/figcaption><\/figure>\n<figure class=\"attachment attachment--preview\" data-trix-attachment=\"{&quot;contentType&quot;:&quot;image&quot;,&quot;height&quot;:1024,&quot;url&quot;:&quot;https:\/\/sawaqli.fra1.cdn.digitaloceanspaces.com\/16962\/Support-pliable-en-Aluminium-pour-ordinateur5qs4.jpg&quot;,&quot;width&quot;:1024}\" data-trix-content-type=\"image\"><img decoding=\"async\" class=\"aligncenter\" src=\"https:\/\/sawaqli.fra1.cdn.digitaloceanspaces.com\/16962\/Support-pliable-en-Aluminium-pour-ordinateur5qs4.jpg\" width=\"1024\" height=\"1024\" \/><figcaption class=\"attachment__caption\"><\/figcaption><\/figure>\n<figure class=\"attachment attachment--preview\" data-trix-attachment=\"{&quot;contentType&quot;:&quot;image&quot;,&quot;height&quot;:1024,&quot;url&quot;:&quot;https:\/\/sawaqli.fra1.cdn.digitaloceanspaces.com\/16963\/Support8s7df5s.jpg&quot;,&quot;width&quot;:1024}\" data-trix-content-type=\"image\"><img decoding=\"async\" class=\"aligncenter\" src=\"https:\/\/sawaqli.fra1.cdn.digitaloceanspaces.com\/16963\/Support8s7df5s.jpg\" width=\"1024\" height=\"1024\" \/><figcaption class=\"attachment__caption\"><\/figcaption><\/figure>\n<figure class=\"attachment attachment--preview\" data-trix-attachment=\"{&quot;contentType&quot;:&quot;image&quot;,&quot;height&quot;:1024,&quot;url&quot;:&quot;https:\/\/sawaqli.fra1.cdn.digitaloceanspaces.com\/16964\/Support-pliable-en-Aluminium-pour-ordinateur8q75qs.jpg&quot;,&quot;width&quot;:1024}\" data-trix-content-type=\"image\"><img decoding=\"async\" class=\"aligncenter\" src=\"https:\/\/sawaqli.fra1.cdn.digitaloceanspaces.com\/16964\/Support-pliable-en-Aluminium-pour-ordinateur8q75qs.jpg\" width=\"1024\" height=\"1024\" \/><figcaption class=\"attachment__caption\"><\/figcaption><\/figure>\n<figure class=\"attachment attachment--preview\" data-trix-attachment=\"{&quot;contentType&quot;:&quot;image&quot;,&quot;height&quot;:1024,&quot;url&quot;:&quot;https:\/\/sawaqli.fra1.cdn.digitaloceanspaces.com\/16965\/Support-pliable-en-Aluminium-pour-ordinateurz8e73z54ea.jpg&quot;,&quot;width&quot;:1024}\" data-trix-content-type=\"image\"><img decoding=\"async\" class=\"aligncenter\" src=\"https:\/\/sawaqli.fra1.cdn.digitaloceanspaces.com\/16965\/Support-pliable-en-Aluminium-pour-ordinateurz8e73z54ea.jpg\" width=\"1024\" height=\"1024\" \/><figcaption class=\"attachment__caption\"><\/figcaption><\/figure>\n<p style=\"text-align: center;\">","protected":false},"excerpt":{"rendered":"<p>\u062d\u0627\u0645\u0644 \u0644\u0627\u0628\u062a\u0648\u0628 \u0642\u0627\u0628\u0644 \u0644\u0644\u0637\u064a \u0648\u062e\u0641\u064a\u0641 \u0627\u0644\u0648\u0632\u0646 (10\u201317.3 \u0628\u0648\u0635\u0629) \u2022 \u062a\u0648\u0627\u0641\u0642 \u0648\u0627\u0633\u0639: \u064a\u062f\u0639\u0645 \u062c\u0645\u064a\u0639 \u0623\u062c\u0647\u0632\u0629 \u0627\u0644\u0643\u0645\u0628\u064a\u0648\u062a\u0631 \u0627\u0644\u0645\u062d\u0645\u0648\u0644\u0629 \u0648\u0627\u0644\u0623\u062c\u0647\u0632\u0629 \u0627\u0644\u0644\u0648\u062d\u064a\u0629 (MacBook, Surface, Dell, HP, Lenovo&#8230;). \u2022 \u062a\u0635\u0645\u064a\u0645 \u0645\u062d\u0645\u0648\u0644 \u0648\u062e\u0641\u064a\u0641: \u064a\u0632\u0646 0.3 \u0643\u062c\u0645 \u0641\u0642\u0637\u060c \u0633\u0647\u0644 \u0627\u0644\u0637\u064a \u0648\u0627\u0644\u0646\u0642\u0644 \u0641\u064a \u062d\u0642\u064a\u0628\u0629 \u0627\u0644\u0638\u0647\u0631 \u0623\u0648 \u062d\u0642\u064a\u0628\u0629 \u0627\u0644\u0644\u0627\u0628\u062a\u0648\u0628. \u2022 \u062a\u0635\u0645\u064a\u0645 \u0645\u0631\u064a\u062d: 6 \u0645\u0633\u062a\u0648\u064a\u0627\u062a \u0644\u0636\u0628\u0637 \u0627\u0644\u0627\u0631\u062a\u0641\u0627\u0639 (1.35&#8243; \u0625\u0644\u0649 5.34&#8243;) \u0644\u062a\u0635\u062d\u064a\u062d \u0648\u0636\u0639\u064a\u0629 \u0627\u0644\u062c\u0644\u0648\u0633 \u0648\u062a\u062e\u0641\u064a\u0641 \u0622\u0644\u0627\u0645 \u0627\u0644\u0631\u0642\u0628\u0629 \u0648\u0627\u0644\u0638\u0647\u0631. \u2022 \u062b\u0628\u0627\u062a \u0648\u0645\u062a\u0627\u0646\u0629: \u0645\u0635\u0646\u0648\u0639 \u0645\u0646 \u0633\u0628\u0627\u0626\u0643 \u0627\u0644\u0623\u0644\u0645\u0646\u064a\u0648\u0645 \u0639\u0627\u0644\u064a\u0629 \u0627\u0644\u062c\u0648\u062f\u0629 \u0645\u0639 \u0648\u0633\u0627\u062f\u0627\u062a \u0645\u0627\u0646\u0639\u0629 \u0644\u0644\u0627\u0646\u0632\u0644\u0627\u0642 \u0644\u062d\u0645\u0627\u064a\u0629 \u0627\u0644\u062c\u0647\u0627\u0632. \u2022 \u062a\u0647\u0648\u064a\u0629 \u0641\u0639\u0627\u0644\u0629: \u064a\u0633\u0645\u062d \u0628\u062a\u0628\u062f\u064a\u062f \u0627\u0644\u062d\u0631\u0627\u0631\u0629 \u0648\u064a\u062d\u0645\u064a \u0627\u0644\u0644\u0648\u062d\u0629 \u0627\u0644\u0623\u0645 \u0645\u0646 \u0627\u0644\u0633\u062e\u0648\u0646\u0629.Poids: environ 300GChargement maximum: 40KG6 hauteurs plage r\u00e9glable: de 5.5cm \u00e0 15.5cm.Couleur: m\u00e9tal noir\/m\u00e9tal argentMat\u00e9riel: En alliage D\u2019aluminiumEngrenages: 6Application: ordinateur portable\/Notbook\/tablette\/iPad\/t\u00e9l\u00e9phones intelligents<\/p>","protected":false},"featured_media":60302,"comment_status":"open","ping_status":"closed","template":"","meta":[],"product_brand":[],"product_cat":[2462],"product_tag":[],"class_list":{"0":"post-60303","1":"product","2":"type-product","3":"status-publish","4":"has-post-thumbnail","6":"product_cat-accessoires-pc","8":"first","9":"instock","10":"taxable","11":"shipping-taxable","12":"purchasable","13":"product-type-simple"},"jetpack_sharing_enabled":true,"_links":{"self":[{"href":"https:\/\/shoponlinedz.com\/en\/wp-json\/wp\/v2\/product\/60303","targetHints":{"allow":["GET"]}}],"collection":[{"href":"https:\/\/shoponlinedz.com\/en\/wp-json\/wp\/v2\/product"}],"about":[{"href":"https:\/\/shoponlinedz.com\/en\/wp-json\/wp\/v2\/types\/product"}],"replies":[{"embeddable":true,"href":"https:\/\/shoponlinedz.com\/en\/wp-json\/wp\/v2\/comments?post=60303"}],"version-history":[{"count":0,"href":"https:\/\/shoponlinedz.com\/en\/wp-json\/wp\/v2\/product\/60303\/revisions"}],"wp:featuredmedia":[{"embeddable":true,"href":"https:\/\/shoponlinedz.com\/en\/wp-json\/wp\/v2\/media\/60302"}],"wp:attachment":[{"href":"https:\/\/shoponlinedz.com\/en\/wp-json\/wp\/v2\/media?parent=60303"}],"wp:term":[{"taxonomy":"product_brand","embeddable":true,"href":"https:\/\/shoponlinedz.com\/en\/wp-json\/wp\/v2\/product_brand?post=60303"},{"taxonomy":"product_cat","embeddable":true,"href":"https:\/\/shoponlinedz.com\/en\/wp-json\/wp\/v2\/product_cat?post=60303"},{"taxonomy":"product_tag","embeddable":true,"href":"https:\/\/shoponlinedz.com\/en\/wp-json\/wp\/v2\/product_tag?post=60303"}],"curies":[{"name":"wp","href":"https:\/\/api.w.org\/{rel}","templated":true}]}}