{"id":60276,"date":"2026-01-06T17:27:03","date_gmt":"2026-01-06T17:27:03","guid":{"rendered":"https:\/\/shoponlinedz.com\/product\/lenovo-k3-pro-mini-haut-parleur-sans-fil-bt-5-0-portable-son-stereo-hifi-caisson-de-basses-avec-microphone-lecteur-de-musique-exterieur\/"},"modified":"2026-02-16T16:41:21","modified_gmt":"2026-02-16T15:41:21","slug":"lenovo-k3-pro-mini-haut-parleur-sans-fil-bt-5-0-portable-son-stereo-hifi-caisson-de-basses-avec-microphone-lecteur-de-musique-exterieur","status":"publish","type":"product","link":"https:\/\/shoponlinedz.com\/en\/product\/lenovo-k3-pro-mini-haut-parleur-sans-fil-bt-5-0-portable-son-stereo-hifi-caisson-de-basses-avec-microphone-lecteur-de-musique-exterieur\/","title":{"rendered":"Lenovo K3 Pro -Mini haut-parleur sans fil BT 5.0, portable, son st\u00e9r\u00e9o HiFi, caisson de basses avec microphone, lecteur de musique, ext\u00e9rieur,"},"content":{"rendered":"<figure class=\"attachment attachment--preview\" data-trix-attachment=\"{&quot;contentType&quot;:&quot;image&quot;,&quot;height&quot;:1024,&quot;url&quot;:&quot;https:\/\/sawaqli.fra1.cdn.digitaloceanspaces.com\/17097\/63d1badd-8068-4790-9630-aee9d6ea5ad3.png&quot;,&quot;width&quot;:1024}\" data-trix-content-type=\"image\"><img decoding=\"async\" class=\"aligncenter\" src=\"https:\/\/sawaqli.fra1.cdn.digitaloceanspaces.com\/17097\/63d1badd-8068-4790-9630-aee9d6ea5ad3.png\" width=\"1024\" height=\"1024\" \/><figcaption class=\"attachment__caption\"><\/figcaption><\/figure>\n<figure class=\"attachment attachment--preview\" data-trix-attachment=\"{&quot;contentType&quot;:&quot;image&quot;,&quot;height&quot;:1024,&quot;url&quot;:&quot;https:\/\/sawaqli.fra1.cdn.digitaloceanspaces.com\/17343\/msg5102976160-11894.jpg&quot;,&quot;width&quot;:1024}\" data-trix-content-type=\"image\"><img decoding=\"async\" class=\"aligncenter\" src=\"https:\/\/sawaqli.fra1.cdn.digitaloceanspaces.com\/17343\/msg5102976160-11894.jpg\" width=\"1024\" height=\"1024\" \/><figcaption class=\"attachment__caption\"><\/figcaption><\/figure>\n<figure class=\"attachment attachment--preview\" data-trix-attachment=\"{&quot;contentType&quot;:&quot;image&quot;,&quot;height&quot;:1024,&quot;url&quot;:&quot;https:\/\/sawaqli.fra1.cdn.digitaloceanspaces.com\/17344\/msg5102976160-11895.jpg&quot;,&quot;width&quot;:1024}\" data-trix-content-type=\"image\"><img decoding=\"async\" class=\"aligncenter\" src=\"https:\/\/sawaqli.fra1.cdn.digitaloceanspaces.com\/17344\/msg5102976160-11895.jpg\" width=\"1024\" height=\"1024\" \/><figcaption class=\"attachment__caption\"><\/figcaption><\/figure>\n<figure class=\"attachment attachment--preview\" data-trix-attachment=\"{&quot;contentType&quot;:&quot;image&quot;,&quot;height&quot;:1024,&quot;url&quot;:&quot;https:\/\/sawaqli.fra1.cdn.digitaloceanspaces.com\/17345\/msg5102976160-11896.jpg&quot;,&quot;width&quot;:1024}\" data-trix-content-type=\"image\"><img decoding=\"async\" class=\"aligncenter\" src=\"https:\/\/sawaqli.fra1.cdn.digitaloceanspaces.com\/17345\/msg5102976160-11896.jpg\" width=\"1024\" height=\"1024\" \/><figcaption class=\"attachment__caption\"><\/figcaption><\/figure>\n<figure class=\"attachment attachment--preview\" data-trix-attachment=\"{&quot;contentType&quot;:&quot;image&quot;,&quot;height&quot;:1024,&quot;url&quot;:&quot;https:\/\/sawaqli.fra1.cdn.digitaloceanspaces.com\/17346\/msg5102976160-11897.jpg&quot;,&quot;width&quot;:1024}\" data-trix-content-type=\"image\"><img decoding=\"async\" class=\"aligncenter\" src=\"https:\/\/sawaqli.fra1.cdn.digitaloceanspaces.com\/17346\/msg5102976160-11897.jpg\" width=\"1024\" height=\"1024\" \/><figcaption class=\"attachment__caption\"><\/figcaption><\/figure>\n<p style=\"text-align: center;\">","protected":false},"excerpt":{"rendered":"<p>\u0633\u0645\u0627\u0639\u0629 \u0628\u0644\u0648\u062a\u0648\u062b \u0645\u062d\u0645\u0648\u0644\u0629 Lenovo Thinkplus K3 Pro\u0627\u062a\u0635\u0627\u0644 \u0633\u0631\u064a\u0639: \u062a\u0642\u0646\u064a\u0629 Bluetooth 5.0 \u0644\u0633\u0631\u0639\u0629 \u0623\u0639\u0644\u0649 \u0648\u062b\u0628\u0627\u062a \u0623\u0641\u0636\u0644 \u0648\u0627\u0633\u062a\u0647\u0644\u0627\u0643 \u0637\u0627\u0642\u0629 \u0623\u0642\u0644.\u0628\u0637\u0627\u0631\u064a\u0629 \u062a\u062f\u0648\u0645 \u0637\u0648\u064a\u0644\u064b\u0627: 1200mAh \u062a\u0648\u0641\u0631 6-8 \u0633\u0627\u0639\u0627\u062a \u062a\u0634\u063a\u064a\u0644 \u0645\u062a\u0648\u0627\u0635\u0644.\u0645\u0643\u0627\u0644\u0645\u0627\u062a \u062d\u0631\u0629: \u0645\u064a\u0643\u0631\u0648\u0641\u0648\u0646 \u0645\u062f\u0645\u062c \u0639\u0627\u0644\u064a \u0627\u0644\u062d\u0633\u0627\u0633\u064a\u0629 \u0644\u0644\u0631\u062f \u0639\u0644\u0649 \u0627\u0644\u0645\u0643\u0627\u0644\u0645\u0627\u062a \u0628\u0636\u063a\u0637\u0629 \u0648\u0627\u062d\u062f\u0629.\u0635\u0648\u062a \u0642\u0648\u064a: \u062c\u0648\u062f\u0629 Hi-Fi \u0645\u0639 \u062d\u062c\u0645 \u0635\u063a\u064a\u0631 \u064a\u0633\u0647\u0644 \u062d\u0645\u0644\u0647 \u0641\u064a \u0623\u064a \u0645\u0643\u0627\u0646.\u0627\u0644\u0627\u0633\u062a\u062e\u062f\u0627\u0645: \u0645\u0646\u0627\u0633\u0628 \u0644\u0644\u0647\u0627\u062a\u0641 \u0648\u0627\u0644\u0643\u0645\u0628\u064a\u0648\u062a\u0631 \u0648\u0627\u0644\u0631\u062d\u0644\u0627\u062a \u0648\u0627\u0644\u0645\u0643\u062a\u0628 \u0648\u0627\u0644\u0645\u0624\u062a\u0645\u0631\u0627\u062a.\u0627\u0644\u0645\u0648\u0627\u0635\u0641\u0627\u062a:\u0627\u0644\u0642\u062f\u0631\u0629: 3 \u0648\u0627\u0637\u0627\u0644\u0645\u062f\u0649 \u0627\u0644\u0644\u0627\u0633\u0644\u0643\u064a: 8-10 \u0623\u0645\u062a\u0627\u0631\u0648\u0642\u062a \u0627\u0644\u0634\u062d\u0646: 3 \u0633\u0627\u0639\u0627\u062a\u0627\u0644\u0623\u0628\u0639\u0627\u062f: \u200e79\u00d779\u00d762 \u0645\u0645 \u2013 \u0627\u0644\u0648\u0632\u0646: 240 \u062c\u0645\u0627\u0644\u0645\u0631\u0641\u0642\u0627\u062a: \u0633\u0645\u0627\u0639\u0629 \u0628\u0644\u0648\u062a\u0648\u062b\u060c \u0643\u0627\u0628\u0644 \u0634\u062d\u0646\u060c \u062f\u0644\u064a\u0644 \u0627\u0644\u0645\u0633\u062a\u062e\u062f\u0645.<\/p>","protected":false},"featured_media":60275,"comment_status":"open","ping_status":"closed","template":"","meta":[],"product_brand":[],"product_cat":[2463],"product_tag":[],"class_list":{"0":"post-60276","1":"product","2":"type-product","3":"status-publish","4":"has-post-thumbnail","6":"product_cat-electronique","8":"first","9":"instock","10":"taxable","11":"shipping-taxable","12":"purchasable","13":"product-type-simple"},"jetpack_sharing_enabled":true,"_links":{"self":[{"href":"https:\/\/shoponlinedz.com\/en\/wp-json\/wp\/v2\/product\/60276","targetHints":{"allow":["GET"]}}],"collection":[{"href":"https:\/\/shoponlinedz.com\/en\/wp-json\/wp\/v2\/product"}],"about":[{"href":"https:\/\/shoponlinedz.com\/en\/wp-json\/wp\/v2\/types\/product"}],"replies":[{"embeddable":true,"href":"https:\/\/shoponlinedz.com\/en\/wp-json\/wp\/v2\/comments?post=60276"}],"version-history":[{"count":0,"href":"https:\/\/shoponlinedz.com\/en\/wp-json\/wp\/v2\/product\/60276\/revisions"}],"wp:featuredmedia":[{"embeddable":true,"href":"https:\/\/shoponlinedz.com\/en\/wp-json\/wp\/v2\/media\/60275"}],"wp:attachment":[{"href":"https:\/\/shoponlinedz.com\/en\/wp-json\/wp\/v2\/media?parent=60276"}],"wp:term":[{"taxonomy":"product_brand","embeddable":true,"href":"https:\/\/shoponlinedz.com\/en\/wp-json\/wp\/v2\/product_brand?post=60276"},{"taxonomy":"product_cat","embeddable":true,"href":"https:\/\/shoponlinedz.com\/en\/wp-json\/wp\/v2\/product_cat?post=60276"},{"taxonomy":"product_tag","embeddable":true,"href":"https:\/\/shoponlinedz.com\/en\/wp-json\/wp\/v2\/product_tag?post=60276"}],"curies":[{"name":"wp","href":"https:\/\/api.w.org\/{rel}","templated":true}]}}