{"id":60235,"date":"2026-01-06T17:25:26","date_gmt":"2026-01-06T17:25:26","guid":{"rendered":"https:\/\/shoponlinedz.com\/product\/bande-lumineuse-led-en-neon-rgb-pour-interieur-de-voiture-eclairage-suivi-son-dambiance-avec-app-et-telecommande\/"},"modified":"2026-02-16T16:41:22","modified_gmt":"2026-02-16T15:41:22","slug":"bande-lumineuse-led-en-neon-rgb-pour-interieur-de-voiture-eclairage-suivi-son-dambiance-avec-app-et-telecommande","status":"publish","type":"product","link":"https:\/\/shoponlinedz.com\/en\/product\/bande-lumineuse-led-en-neon-rgb-pour-interieur-de-voiture-eclairage-suivi-son-dambiance-avec-app-et-telecommande\/","title":{"rendered":"Bande lumineuse LED en n\u00e9on RGB pour int\u00e9rieur de voiture, \u00e9clairage suivi son d&#8217;ambiance Avec app et t\u00e9l\u00e9commande"},"content":{"rendered":"<figure class=\"attachment attachment--preview\" data-trix-attachment=\"{&quot;contentType&quot;:&quot;image&quot;,&quot;height&quot;:1024,&quot;url&quot;:&quot;https:\/\/sawaqli.fra1.cdn.digitaloceanspaces.com\/17391\/Lumieres-ambiantes-LED-universelles-pour-voiture.jpg&quot;,&quot;width&quot;:1024}\" data-trix-content-type=\"image\"><img decoding=\"async\" class=\"aligncenter\" src=\"https:\/\/sawaqli.fra1.cdn.digitaloceanspaces.com\/17391\/Lumieres-ambiantes-LED-universelles-pour-voiture.jpg\" width=\"1024\" height=\"1024\" \/><figcaption class=\"attachment__caption\"><\/figcaption><\/figure>\n<figure class=\"attachment attachment--preview\" data-trix-attachment=\"{&quot;contentType&quot;:&quot;image&quot;,&quot;height&quot;:1024,&quot;url&quot;:&quot;https:\/\/sawaqli.fra1.cdn.digitaloceanspaces.com\/17392\/Lumieres-ambiantes-LED-universelles-pour-voiture-2.jpg&quot;,&quot;width&quot;:1024}\" data-trix-content-type=\"image\"><img decoding=\"async\" class=\"aligncenter\" src=\"https:\/\/sawaqli.fra1.cdn.digitaloceanspaces.com\/17392\/Lumieres-ambiantes-LED-universelles-pour-voiture-2.jpg\" width=\"1024\" height=\"1024\" \/><figcaption class=\"attachment__caption\"><\/figcaption><\/figure>\n<figure class=\"attachment attachment--preview\" data-trix-attachment=\"{&quot;contentType&quot;:&quot;image&quot;,&quot;height&quot;:1024,&quot;url&quot;:&quot;https:\/\/sawaqli.fra1.cdn.digitaloceanspaces.com\/17393\/Bande-lumineuse-LED-en-neon-pour-interieur-de-voiture-eclairage-dambiance-2.jpg&quot;,&quot;width&quot;:1024}\" data-trix-content-type=\"image\"><img decoding=\"async\" class=\"aligncenter\" src=\"https:\/\/sawaqli.fra1.cdn.digitaloceanspaces.com\/17393\/Bande-lumineuse-LED-en-neon-pour-interieur-de-voiture-eclairage-dambiance-2.jpg\" width=\"1024\" height=\"1024\" \/><figcaption class=\"attachment__caption\"><\/figcaption><\/figure>\n<figure class=\"attachment attachment--preview\" data-trix-attachment=\"{&quot;contentType&quot;:&quot;image&quot;,&quot;height&quot;:1024,&quot;url&quot;:&quot;https:\/\/sawaqli.fra1.cdn.digitaloceanspaces.com\/17394\/Lumieres-ambiantes-LED-universelles-pour-voiture-3.jpg&quot;,&quot;width&quot;:1024}\" data-trix-content-type=\"image\"><img decoding=\"async\" class=\"aligncenter\" src=\"https:\/\/sawaqli.fra1.cdn.digitaloceanspaces.com\/17394\/Lumieres-ambiantes-LED-universelles-pour-voiture-3.jpg\" width=\"1024\" height=\"1024\" \/><figcaption class=\"attachment__caption\"><\/figcaption><\/figure>\n<figure class=\"attachment attachment--preview\" data-trix-attachment=\"{&quot;contentType&quot;:&quot;image&quot;,&quot;height&quot;:1024,&quot;url&quot;:&quot;https:\/\/sawaqli.fra1.cdn.digitaloceanspaces.com\/17395\/Lumieres-ambiantes-LED-universelles-pour-voiture-5.jpg&quot;,&quot;width&quot;:1024}\" data-trix-content-type=\"image\"><img decoding=\"async\" class=\"aligncenter\" src=\"https:\/\/sawaqli.fra1.cdn.digitaloceanspaces.com\/17395\/Lumieres-ambiantes-LED-universelles-pour-voiture-5.jpg\" width=\"1024\" height=\"1024\" \/><figcaption class=\"attachment__caption\"><\/figcaption><\/figure>\n<p style=\"text-align: center;\">","protected":false},"excerpt":{"rendered":"<p>\u0625\u0636\u0627\u0621\u0629 LED \u062a\u0641\u0627\u0639\u0644\u064a\u0629 \u0645\u0639 \u0627\u0644\u0635\u0648\u062a \u0644\u0644\u0633\u064a\u0627\u0631\u0629\u062a\u0623\u062b\u064a\u0631\u0627\u062a \u0635\u0648\u062a\u064a\u0629 \u0646\u0634\u0637\u0629: \u0645\u0632\u0648\u062f\u0629 \u0628\u062d\u0633\u0627\u0633 \u0635\u0648\u062a\u064a \u064a\u062c\u0639\u0644 \u0623\u0636\u0648\u0627\u0621 LED \u062a\u062a\u0632\u0627\u0645\u0646 \u0645\u0639 \u0625\u064a\u0642\u0627\u0639 \u0627\u0644\u0645\u0648\u0633\u064a\u0642\u0649 \u0648\u062a\u063a\u064a\u0631 \u0648\u0645\u064a\u0636\u0647\u0627 \u062d\u0633\u0628 \u0634\u062f\u0629 \u0627\u0644\u0635\u0648\u062a.\u062f\u064a\u0643\u0648\u0631 \u0645\u0648\u0633\u064a\u0642\u064a \u0623\u0646\u064a\u0642: \u062a\u0636\u064a\u0641 \u0644\u0645\u0633\u0629 \u062c\u0645\u0627\u0644\u064a\u0629 \u062f\u0627\u062e\u0644 \u0627\u0644\u0633\u064a\u0627\u0631\u0629 \u0623\u062b\u0646\u0627\u0621 \u0627\u0644\u0642\u064a\u0627\u062f\u0629 \u0644\u064a\u0644\u0627\u064b \u0645\u0639 \u0645\u0632\u0627\u0645\u0646\u0629 \u0627\u0644\u0636\u0648\u0621 \u0645\u0639 \u0627\u0644\u0635\u0648\u062a.\u0648\u0636\u0639 \u0627\u0644\u0646\u0648\u0645: \u062a\u062a\u062d\u0648\u0644 \u0627\u0644\u0625\u0636\u0627\u0621\u0629 \u062a\u0644\u0642\u0627\u0626\u064a\u064b\u0627 \u0625\u0644\u0649 \u0625\u0636\u0627\u0621\u0629 \u062e\u0627\u0641\u062a\u0629 \u0644\u062a\u0648\u0641\u064a\u0631 \u062c\u0648 \u0645\u0631\u064a\u062d \u0644\u0644\u0646\u0648\u0645.\u0636\u0628\u0637 \u062f\u0631\u062c\u0629 \u062d\u0631\u0627\u0631\u0629 \u0627\u0644\u0644\u0648\u0646: \u064a\u0645\u0643\u0646 \u0627\u0644\u062a\u062d\u0643\u0645 \u0641\u064a \u0634\u062f\u0629 \u0648\u062f\u0641\u0621 \u0627\u0644\u0625\u0636\u0627\u0621\u0629 \u0628\u0633\u0647\u0648\u0644\u0629 \u0644\u062a\u0646\u0627\u0633\u0628 \u0631\u063a\u0628\u062a\u0643.<\/p>","protected":false},"featured_media":60234,"comment_status":"open","ping_status":"closed","template":"","meta":[],"product_brand":[],"product_cat":[2458],"product_tag":[],"class_list":{"0":"post-60235","1":"product","2":"type-product","3":"status-publish","4":"has-post-thumbnail","6":"product_cat-accessoires-auto-moto","8":"first","9":"instock","10":"taxable","11":"shipping-taxable","12":"purchasable","13":"product-type-simple"},"jetpack_sharing_enabled":true,"_links":{"self":[{"href":"https:\/\/shoponlinedz.com\/en\/wp-json\/wp\/v2\/product\/60235","targetHints":{"allow":["GET"]}}],"collection":[{"href":"https:\/\/shoponlinedz.com\/en\/wp-json\/wp\/v2\/product"}],"about":[{"href":"https:\/\/shoponlinedz.com\/en\/wp-json\/wp\/v2\/types\/product"}],"replies":[{"embeddable":true,"href":"https:\/\/shoponlinedz.com\/en\/wp-json\/wp\/v2\/comments?post=60235"}],"version-history":[{"count":0,"href":"https:\/\/shoponlinedz.com\/en\/wp-json\/wp\/v2\/product\/60235\/revisions"}],"wp:featuredmedia":[{"embeddable":true,"href":"https:\/\/shoponlinedz.com\/en\/wp-json\/wp\/v2\/media\/60234"}],"wp:attachment":[{"href":"https:\/\/shoponlinedz.com\/en\/wp-json\/wp\/v2\/media?parent=60235"}],"wp:term":[{"taxonomy":"product_brand","embeddable":true,"href":"https:\/\/shoponlinedz.com\/en\/wp-json\/wp\/v2\/product_brand?post=60235"},{"taxonomy":"product_cat","embeddable":true,"href":"https:\/\/shoponlinedz.com\/en\/wp-json\/wp\/v2\/product_cat?post=60235"},{"taxonomy":"product_tag","embeddable":true,"href":"https:\/\/shoponlinedz.com\/en\/wp-json\/wp\/v2\/product_tag?post=60235"}],"curies":[{"name":"wp","href":"https:\/\/api.w.org\/{rel}","templated":true}]}}