{"id":60150,"date":"2026-01-06T17:22:12","date_gmt":"2026-01-06T17:22:12","guid":{"rendered":"https:\/\/shoponlinedz.com\/product\/projecteur-veilleuse-musicale-avec-telecommande-pour-bebe-%d8%ac%d9%87%d8%a7%d8%b2-%d8%b9%d8%b1%d8%b6-%d8%b6%d9%88%d8%a6%d9%8a-%d9%84%d9%8a%d9%84%d9%8a-%d9%85%d9%88%d8%b3%d9%8a%d9%82%d9%8a-%d9%85\/"},"modified":"2026-02-16T16:41:23","modified_gmt":"2026-02-16T15:41:23","slug":"projecteur-veilleuse-musicale-avec-telecommande-pour-bebe-%d8%ac%d9%87%d8%a7%d8%b2-%d8%b9%d8%b1%d8%b6-%d8%b6%d9%88%d8%a6%d9%8a-%d9%84%d9%8a%d9%84%d9%8a-%d9%85%d9%88%d8%b3%d9%8a%d9%82%d9%8a-%d9%85","status":"publish","type":"product","link":"https:\/\/shoponlinedz.com\/en\/product\/projecteur-veilleuse-musicale-avec-telecommande-pour-bebe-%d8%ac%d9%87%d8%a7%d8%b2-%d8%b9%d8%b1%d8%b6-%d8%b6%d9%88%d8%a6%d9%8a-%d9%84%d9%8a%d9%84%d9%8a-%d9%85%d9%88%d8%b3%d9%8a%d9%82%d9%8a-%d9%85\/","title":{"rendered":"Projecteur veilleuse musicale avec t\u00e9l\u00e9commande pour b\u00e9b\u00e9 &#8211; \u062c\u0647\u0627\u0632 \u0639\u0631\u0636 \u0636\u0648\u0626\u064a \u0644\u064a\u0644\u064a \u0645\u0648\u0633\u064a\u0642\u064a \u0645\u0639 \u062c\u0647\u0627\u0632 \u062a\u062d\u0643\u0645 \u0639\u0646 \u0628\u0639\u062f \u0644\u0644\u0637\u0641\u0644"},"content":{"rendered":"<figure class=\"attachment attachment--preview\" data-trix-attachment=\"{&quot;contentType&quot;:&quot;image&quot;,&quot;height&quot;:1024,&quot;url&quot;:&quot;https:\/\/sawaqli.fra1.cdn.digitaloceanspaces.com\/17612\/sdfuswcsdfrindxfgdfge.jpg&quot;,&quot;width&quot;:1024}\" data-trix-content-type=\"image\"><img decoding=\"async\" class=\"aligncenter\" src=\"https:\/\/sawaqli.fra1.cdn.digitaloceanspaces.com\/17612\/sdfuswcsdfrindxfgdfge.jpg\" width=\"1024\" height=\"1024\" \/><figcaption class=\"attachment__caption\"><\/figcaption><\/figure>\n<figure class=\"attachment attachment--preview\" data-trix-attachment=\"{&quot;contentType&quot;:&quot;image&quot;,&quot;height&quot;:1024,&quot;url&quot;:&quot;https:\/\/sawaqli.fra1.cdn.digitaloceanspaces.com\/51485\/EUEP1.jpeg&quot;,&quot;width&quot;:1024}\" data-trix-content-type=\"image\"><img decoding=\"async\" class=\"aligncenter\" src=\"https:\/\/sawaqli.fra1.cdn.digitaloceanspaces.com\/51485\/EUEP1.jpeg\" width=\"1024\" height=\"1024\" \/><figcaption class=\"attachment__caption\"><\/figcaption><\/figure>\n<figure class=\"attachment attachment--preview\" data-trix-attachment=\"{&quot;contentType&quot;:&quot;image&quot;,&quot;height&quot;:1024,&quot;url&quot;:&quot;https:\/\/sawaqli.fra1.cdn.digitaloceanspaces.com\/51486\/EUEP11.jpeg&quot;,&quot;width&quot;:1024}\" data-trix-content-type=\"image\"><img decoding=\"async\" class=\"aligncenter\" src=\"https:\/\/sawaqli.fra1.cdn.digitaloceanspaces.com\/51486\/EUEP11.jpeg\" width=\"1024\" height=\"1024\" \/><figcaption class=\"attachment__caption\"><\/figcaption><\/figure>\n<figure class=\"attachment attachment--preview\" data-trix-attachment=\"{&quot;contentType&quot;:&quot;image&quot;,&quot;height&quot;:1024,&quot;url&quot;:&quot;https:\/\/sawaqli.fra1.cdn.digitaloceanspaces.com\/51487\/EUEP111.jpeg&quot;,&quot;width&quot;:1024}\" data-trix-content-type=\"image\"><img decoding=\"async\" class=\"aligncenter\" src=\"https:\/\/sawaqli.fra1.cdn.digitaloceanspaces.com\/51487\/EUEP111.jpeg\" width=\"1024\" height=\"1024\" \/><figcaption class=\"attachment__caption\"><\/figcaption><\/figure>\n<p style=\"text-align: center;\">","protected":false},"excerpt":{"rendered":"<p>\u0645\u0635\u0628\u0627\u062d \u0623\u0637\u0641\u0627\u0644 \u0645\u0648\u0633\u064a\u0642\u064a \u0645\u0639 \u0628\u0631\u0648\u062c\u064a\u0643\u062a\u0648\u0631 \u0646\u062c\u0648\u0645 (Baby Luna &#038; Steluta)\u0648\u0638\u0627\u0626\u0641 \u0645\u062a\u0639\u062f\u062f\u0629: \u0625\u0636\u0627\u0621\u0629 \u0644\u064a\u0644\u064a\u0629 + \u0628\u0631\u0648\u062c\u064a\u0643\u062a\u0648\u0631 \u0646\u062c\u0648\u0645 + \u0645\u0648\u0633\u064a\u0642\u0649 \u0645\u0647\u062f\u0626\u0629.108 \u062a\u0647\u0648\u064a\u062f\u0629 + \u0623\u0635\u0648\u0627\u062a \u0637\u0628\u064a\u0639\u0629 (\u0645\u0637\u0631\u060c \u0639\u0635\u0641\u0648\u0631\u060c \u0628\u062d\u0631&#8230;) \u064810 \u0623\u0635\u0648\u0627\u062a \u062d\u064a\u0648\u0627\u0646\u0627\u062a.\u0631\u064a\u0645\u0648\u062a \u0643\u0646\u062a\u0631\u0648\u0644 \u0644\u0644\u062a\u062d\u0643\u0645: \u062a\u0634\u063a\u064a\u0644\/\u0625\u064a\u0642\u0627\u0641 \u2013 \u062a\u063a\u064a\u064a\u0631 \u0627\u0644\u0623\u063a\u0627\u0646\u064a \u2013 \u0636\u0628\u0637 \u0627\u0644\u0645\u0624\u0642\u062a (10\/20\/30 \u062f\u0642\u064a\u0642\u0629).\u0625\u0636\u0627\u0621\u0629 \u0645\u062b\u0627\u0644\u064a\u0629 \u0644\u064a\u0644\u0627\u064b: \u062a\u0633\u0627\u0639\u062f \u0639\u0644\u0649 \u0646\u0648\u0645 \u0627\u0644\u0637\u0641\u0644 \u0648\u062a\u0641\u064a\u062f \u0627\u0644\u0623\u0647\u0644 \u0623\u062b\u0646\u0627\u0621 \u0627\u0644\u0631\u0636\u0627\u0639\u0629 \u0627\u0644\u0644\u064a\u0644\u064a\u0629.\u062d\u062c\u0645 \u0645\u062f\u0645\u062c \u0648\u062e\u0641\u064a\u0641: \u200e13 \u00d7 13 \u00d7 5 \u0633\u0645\u060c \u064a\u0645\u0643\u0646 \u062a\u0639\u0644\u064a\u0642\u0647 \u0639\u0644\u0649 \u0633\u0631\u064a\u0631 \u0627\u0644\u0637\u0641\u0644 \u0623\u0648 \u0639\u0631\u0628\u0629 \u0627\u0644\u0623\u0637\u0641\u0627\u0644.<\/p>","protected":false},"featured_media":60149,"comment_status":"open","ping_status":"closed","template":"","meta":[],"product_brand":[],"product_cat":[2467],"product_tag":[],"class_list":{"0":"post-60150","1":"product","2":"type-product","3":"status-publish","4":"has-post-thumbnail","6":"product_cat-maternite","8":"first","9":"instock","10":"taxable","11":"shipping-taxable","12":"purchasable","13":"product-type-simple"},"jetpack_sharing_enabled":true,"_links":{"self":[{"href":"https:\/\/shoponlinedz.com\/en\/wp-json\/wp\/v2\/product\/60150","targetHints":{"allow":["GET"]}}],"collection":[{"href":"https:\/\/shoponlinedz.com\/en\/wp-json\/wp\/v2\/product"}],"about":[{"href":"https:\/\/shoponlinedz.com\/en\/wp-json\/wp\/v2\/types\/product"}],"replies":[{"embeddable":true,"href":"https:\/\/shoponlinedz.com\/en\/wp-json\/wp\/v2\/comments?post=60150"}],"version-history":[{"count":0,"href":"https:\/\/shoponlinedz.com\/en\/wp-json\/wp\/v2\/product\/60150\/revisions"}],"wp:featuredmedia":[{"embeddable":true,"href":"https:\/\/shoponlinedz.com\/en\/wp-json\/wp\/v2\/media\/60149"}],"wp:attachment":[{"href":"https:\/\/shoponlinedz.com\/en\/wp-json\/wp\/v2\/media?parent=60150"}],"wp:term":[{"taxonomy":"product_brand","embeddable":true,"href":"https:\/\/shoponlinedz.com\/en\/wp-json\/wp\/v2\/product_brand?post=60150"},{"taxonomy":"product_cat","embeddable":true,"href":"https:\/\/shoponlinedz.com\/en\/wp-json\/wp\/v2\/product_cat?post=60150"},{"taxonomy":"product_tag","embeddable":true,"href":"https:\/\/shoponlinedz.com\/en\/wp-json\/wp\/v2\/product_tag?post=60150"}],"curies":[{"name":"wp","href":"https:\/\/api.w.org\/{rel}","templated":true}]}}