{"id":60104,"date":"2026-01-06T17:20:16","date_gmt":"2026-01-06T17:20:16","guid":{"rendered":"https:\/\/shoponlinedz.com\/product\/detartreur-dentaire-et-brosse-a-dents-electrique-5-modes-avec-miroir-%d9%82%d8%b4%d8%a7%d8%b1%d8%a9-%d8%a7%d9%84%d8%a3%d8%b3%d9%86%d8%a7%d9%86-%d9%88%d9%81%d8%b1%d8%b4%d8%a7%d8%a9-%d8%a7\/"},"modified":"2026-02-16T16:41:24","modified_gmt":"2026-02-16T15:41:24","slug":"detartreur-dentaire-et-brosse-a-dents-electrique-5-modes-avec-miroir-%d9%82%d8%b4%d8%a7%d8%b1%d8%a9-%d8%a7%d9%84%d8%a3%d8%b3%d9%86%d8%a7%d9%86-%d9%88%d9%81%d8%b1%d8%b4%d8%a7%d8%a9-%d8%a7","status":"publish","type":"product","link":"https:\/\/shoponlinedz.com\/en\/product\/detartreur-dentaire-et-brosse-a-dents-electrique-5-modes-avec-miroir-%d9%82%d8%b4%d8%a7%d8%b1%d8%a9-%d8%a7%d9%84%d8%a3%d8%b3%d9%86%d8%a7%d9%86-%d9%88%d9%81%d8%b1%d8%b4%d8%a7%d8%a9-%d8%a7\/","title":{"rendered":"D\u00e9tartreur dentaire et brosse \u00e0 dents \u00c9lectrique 5 Modes avec Miroir \u2013 \u0642\u0634\u0627\u0631\u0629 \u0627\u0644\u0623\u0633\u0646\u0627\u0646 \u0648\u0641\u0631\u0634\u0627\u0629 \u0627\u0644\u0623\u0633\u0646\u0627\u0646 \u0627\u0644\u0643\u0647\u0631\u0628\u0627\u0626\u064a\u0629 5 \u0623\u0648\u0636\u0627\u0639 \u0645\u0639 \u0645\u0631\u0622\u0629"},"content":{"rendered":"<figure class=\"attachment attachment--preview\" data-trix-attachment=\"{&quot;contentType&quot;:&quot;image&quot;,&quot;height&quot;:1024,&quot;url&quot;:&quot;https:\/\/sawaqli.fra1.cdn.digitaloceanspaces.com\/17945\/Dissolvant-de-Tartre-Dentair12.jpg&quot;,&quot;width&quot;:1024}\" data-trix-content-type=\"image\"><img decoding=\"async\" class=\"aligncenter\" src=\"https:\/\/sawaqli.fra1.cdn.digitaloceanspaces.com\/17945\/Dissolvant-de-Tartre-Dentair12.jpg\" width=\"1024\" height=\"1024\" \/><figcaption class=\"attachment__caption\"><\/figcaption><\/figure>\n<figure class=\"attachment attachment--preview\" data-trix-attachment=\"{&quot;contentType&quot;:&quot;image&quot;,&quot;height&quot;:1024,&quot;url&quot;:&quot;https:\/\/sawaqli.fra1.cdn.digitaloceanspaces.com\/17940\/Dissolvant-de-Tartre-Dentair6.jpg&quot;,&quot;width&quot;:1024}\" data-trix-content-type=\"image\"><img decoding=\"async\" class=\"aligncenter\" src=\"https:\/\/sawaqli.fra1.cdn.digitaloceanspaces.com\/17940\/Dissolvant-de-Tartre-Dentair6.jpg\" width=\"1024\" height=\"1024\" \/><figcaption class=\"attachment__caption\"><\/figcaption><\/figure>\n<figure class=\"attachment attachment--preview\" data-trix-attachment=\"{&quot;contentType&quot;:&quot;image&quot;,&quot;height&quot;:1024,&quot;url&quot;:&quot;https:\/\/sawaqli.fra1.cdn.digitaloceanspaces.com\/17941\/Dissolvant-de-Tartre-Dentair7.jpg&quot;,&quot;width&quot;:1024}\" data-trix-content-type=\"image\"><img decoding=\"async\" class=\"aligncenter\" src=\"https:\/\/sawaqli.fra1.cdn.digitaloceanspaces.com\/17941\/Dissolvant-de-Tartre-Dentair7.jpg\" width=\"1024\" height=\"1024\" \/><figcaption class=\"attachment__caption\"><\/figcaption><\/figure>\n<figure class=\"attachment attachment--preview\" data-trix-attachment=\"{&quot;contentType&quot;:&quot;image&quot;,&quot;height&quot;:1024,&quot;url&quot;:&quot;https:\/\/sawaqli.fra1.cdn.digitaloceanspaces.com\/17942\/Dissolvant-de-Tartre-Dentaird.jpg&quot;,&quot;width&quot;:1024}\" data-trix-content-type=\"image\"><img decoding=\"async\" class=\"aligncenter\" src=\"https:\/\/sawaqli.fra1.cdn.digitaloceanspaces.com\/17942\/Dissolvant-de-Tartre-Dentaird.jpg\" width=\"1024\" height=\"1024\" \/><figcaption class=\"attachment__caption\"><\/figcaption><\/figure>\n<figure class=\"attachment attachment--preview\" data-trix-attachment=\"{&quot;contentType&quot;:&quot;image&quot;,&quot;height&quot;:1024,&quot;url&quot;:&quot;https:\/\/sawaqli.fra1.cdn.digitaloceanspaces.com\/17943\/Dissolvant-de-Tartre-Dentair8.jpg&quot;,&quot;width&quot;:1024}\" data-trix-content-type=\"image\"><img decoding=\"async\" class=\"aligncenter\" src=\"https:\/\/sawaqli.fra1.cdn.digitaloceanspaces.com\/17943\/Dissolvant-de-Tartre-Dentair8.jpg\" width=\"1024\" height=\"1024\" \/><figcaption class=\"attachment__caption\"><\/figcaption><\/figure>\n<p style=\"text-align: center;\">","protected":false},"excerpt":{"rendered":"<p>Sp\u00e9cifications: Mat\u00e9riau: ABSCouleur: blanc, noirPoids: 120gTaille d\u2019emballage: 23.8*9.5*3cmBatterie: batterie lithium 14500\/500mATension nominale: 3.7VCourant \u00e9valu\u00e9: 200mAPuissance: 0.6WAdaptation de l\u2019alimentation \u00e9lectrique: 5VFr\u00e9quence de vibration: 31,000 fois\/minuteTemps de charge: environ 2HQualit\u00e9 \u00e9tanche: IPX6Liste d\u2019emballage1 * H\u00f4te1 * t\u00eate de brosse \u00e0 dents1 * Endoscope1 * c\u00e2ble de charge de type C1 * Manuel de l\u2019utilisateur en anglais<\/p>","protected":false},"featured_media":60103,"comment_status":"open","ping_status":"closed","template":"","meta":[],"product_brand":[],"product_cat":[2457],"product_tag":[],"class_list":{"0":"post-60104","1":"product","2":"type-product","3":"status-publish","4":"has-post-thumbnail","6":"product_cat-soins-et-beaute","8":"first","9":"instock","10":"taxable","11":"shipping-taxable","12":"purchasable","13":"product-type-simple"},"jetpack_sharing_enabled":true,"_links":{"self":[{"href":"https:\/\/shoponlinedz.com\/en\/wp-json\/wp\/v2\/product\/60104","targetHints":{"allow":["GET"]}}],"collection":[{"href":"https:\/\/shoponlinedz.com\/en\/wp-json\/wp\/v2\/product"}],"about":[{"href":"https:\/\/shoponlinedz.com\/en\/wp-json\/wp\/v2\/types\/product"}],"replies":[{"embeddable":true,"href":"https:\/\/shoponlinedz.com\/en\/wp-json\/wp\/v2\/comments?post=60104"}],"version-history":[{"count":0,"href":"https:\/\/shoponlinedz.com\/en\/wp-json\/wp\/v2\/product\/60104\/revisions"}],"wp:featuredmedia":[{"embeddable":true,"href":"https:\/\/shoponlinedz.com\/en\/wp-json\/wp\/v2\/media\/60103"}],"wp:attachment":[{"href":"https:\/\/shoponlinedz.com\/en\/wp-json\/wp\/v2\/media?parent=60104"}],"wp:term":[{"taxonomy":"product_brand","embeddable":true,"href":"https:\/\/shoponlinedz.com\/en\/wp-json\/wp\/v2\/product_brand?post=60104"},{"taxonomy":"product_cat","embeddable":true,"href":"https:\/\/shoponlinedz.com\/en\/wp-json\/wp\/v2\/product_cat?post=60104"},{"taxonomy":"product_tag","embeddable":true,"href":"https:\/\/shoponlinedz.com\/en\/wp-json\/wp\/v2\/product_tag?post=60104"}],"curies":[{"name":"wp","href":"https:\/\/api.w.org\/{rel}","templated":true}]}}