{"id":59981,"date":"2026-01-06T17:15:18","date_gmt":"2026-01-06T17:15:18","guid":{"rendered":"https:\/\/shoponlinedz.com\/product\/lanterne-anti-moustique-piege-a-insectes-a-choc-electrique-lumiere-uv\/"},"modified":"2026-02-16T16:41:28","modified_gmt":"2026-02-16T15:41:28","slug":"lanterne-anti-moustique-piege-a-insectes-a-choc-electrique-lumiere-uv","status":"publish","type":"product","link":"https:\/\/shoponlinedz.com\/en\/product\/lanterne-anti-moustique-piege-a-insectes-a-choc-electrique-lumiere-uv\/","title":{"rendered":"lanterne anti-moustique pi\u00e8ge \u00e0 insectes \u00e0 choc \u00e9lectrique Lumi\u00e8re UV"},"content":{"rendered":"<figure class=\"attachment attachment--preview\" data-trix-attachment=\"{&quot;contentType&quot;:&quot;image&quot;,&quot;height&quot;:1024,&quot;url&quot;:&quot;https:\/\/sawaqli.fra1.cdn.digitaloceanspaces.com\/18166\/Lampe-anti-moustiques.jpg&quot;,&quot;width&quot;:1024}\" data-trix-content-type=\"image\"><img decoding=\"async\" class=\"aligncenter\" src=\"https:\/\/sawaqli.fra1.cdn.digitaloceanspaces.com\/18166\/Lampe-anti-moustiques.jpg\" width=\"1024\" height=\"1024\" \/><figcaption class=\"attachment__caption\"><\/figcaption><\/figure>\n<figure class=\"attachment attachment--preview\" data-trix-attachment=\"{&quot;contentType&quot;:&quot;image&quot;,&quot;height&quot;:1024,&quot;url&quot;:&quot;https:\/\/sawaqli.fra1.cdn.digitaloceanspaces.com\/18167\/O1CN01l9U8vO2BcTaM4uqmD_2216482218359-0-cib.jpg&quot;,&quot;width&quot;:1024}\" data-trix-content-type=\"image\"><img decoding=\"async\" class=\"aligncenter\" src=\"https:\/\/sawaqli.fra1.cdn.digitaloceanspaces.com\/18167\/O1CN01l9U8vO2BcTaM4uqmD_2216482218359-0-cib.jpg\" width=\"1024\" height=\"1024\" \/><figcaption class=\"attachment__caption\"><\/figcaption><\/figure>\n<figure class=\"attachment attachment--preview\" data-trix-attachment=\"{&quot;contentType&quot;:&quot;image&quot;,&quot;height&quot;:1024,&quot;url&quot;:&quot;https:\/\/sawaqli.fra1.cdn.digitaloceanspaces.com\/18168\/O1CN012mp84B29Sk0g9iB3B_2214085928067-0-cib.jpg&quot;,&quot;width&quot;:1024}\" data-trix-content-type=\"image\"><img decoding=\"async\" class=\"aligncenter\" src=\"https:\/\/sawaqli.fra1.cdn.digitaloceanspaces.com\/18168\/O1CN012mp84B29Sk0g9iB3B_2214085928067-0-cib.jpg\" width=\"1024\" height=\"1024\" \/><figcaption class=\"attachment__caption\"><\/figcaption><\/figure>\n<figure class=\"attachment attachment--preview\" data-trix-attachment=\"{&quot;contentType&quot;:&quot;image&quot;,&quot;height&quot;:1024,&quot;url&quot;:&quot;https:\/\/sawaqli.fra1.cdn.digitaloceanspaces.com\/18169\/O1CN01UvK60f29SjodDL0eR_2214085928067-0-cib.jpg&quot;,&quot;width&quot;:1024}\" data-trix-content-type=\"image\"><img decoding=\"async\" class=\"aligncenter\" src=\"https:\/\/sawaqli.fra1.cdn.digitaloceanspaces.com\/18169\/O1CN01UvK60f29SjodDL0eR_2214085928067-0-cib.jpg\" width=\"1024\" height=\"1024\" \/><figcaption class=\"attachment__caption\"><\/figcaption><\/figure>\n<p style=\"text-align: center;\">","protected":false},"excerpt":{"rendered":"<p>S\u00fbr et efficace : la lanterne anti-insectes est votre nouveau meilleur ami, que ce soit en camping en plein air ou pendant que vous vous d\u00e9tendez \u00e0 la maison sur votre terrasse avec un verre de vin. Vous ne serez plus jamais insect\u00e9 par les moustiques, les mites et les insectes volants ind\u00e9sirables, et vous pouvez oublier le spray anti-insectes malodorant avec la lanterne Spear &#038; Jackson Bug ZapperLumi\u00e8re UV efficace : la lanterne anti-insectes S&#038;J est con\u00e7ue pour attirer et tuer une grande vari\u00e9t\u00e9 d\u2019insectes volants. La lumi\u00e8re ultraviolette (UV) \u00e9mise par cette lanterne est efficace pour attirer ces insectes. Les insectes sont naturellement attir\u00e9s par la lumi\u00e8re et tu\u00e9s lorsqu\u2019ils entrent en contact avec la zone de grille charg\u00e9e \u00e9lectriquementD\u00e9truit rapidement et hygi\u00e9niquement : une fois que la mouche, les moustiques ou les insectes g\u00eanants tombent victimes du leurre de la lumi\u00e8re UV, il est zingu\u00e9 rapidement et hygi\u00e9niquement et tombera dans le bac de collecte ci-dessous, pr\u00eat \u00e0 \u00eatre \u00e9limin\u00e9. Assurez-vous de prendre les pr\u00e9cautions appropri\u00e9es lorsque vous d\u00e9vissez la base pour jeter les insectes\u00c0 suspendre ou \u00e0 poser : gr\u00e2ce \u00e0 la base robuste et au crochet de suspension situ\u00e9 en haut de la lanterne zapper, cet excellent accessoire peut \u00eatre suspendu librement au plafond, sur des clous et des crochets, ou partout o\u00f9 c\u2019est le plus pratique. S\u2019il n\u2019y a pas d\u2019endroit o\u00f9 l\u2019accrocher, vous pouvez simplement le poser debout sur la table ou le sol, pr\u00eat \u00e0 vous prot\u00e9ger des morsures et piq\u00fbres, et avec un c\u00e2ble d\u2019alimentation de 1,5 m, il peut atteindre la plupart des zones de votre maison, jardin ou campingKit s\u00fbr et pratique : la lanterne anti-insectes Spear and Jackson dispose d\u2019une protection de s\u00e9curit\u00e9 autour de la lumi\u00e8re servant de couche de protection, et agit comme une barri\u00e8re de protection conviviale pour les animaux et les insectes amicaux tels que les papillons et les oiseaux, et m\u00eame vos animaux curieux ou les doigts errants de votre enfantSp\u00e9cification: tension: 220Vpuissance: 3Wdomaine d\u2019application: 20couleur: noirtaille: 26x12cm(10.24 x 4.72in)Le forfait comprend: 1Pc x lampe anti-moustique<\/p>","protected":false},"featured_media":59980,"comment_status":"open","ping_status":"closed","template":"","meta":[],"product_brand":[],"product_cat":[2455],"product_tag":[],"class_list":{"0":"post-59981","1":"product","2":"type-product","3":"status-publish","4":"has-post-thumbnail","6":"product_cat-maison","8":"first","9":"instock","10":"taxable","11":"shipping-taxable","12":"purchasable","13":"product-type-simple"},"jetpack_sharing_enabled":true,"_links":{"self":[{"href":"https:\/\/shoponlinedz.com\/en\/wp-json\/wp\/v2\/product\/59981","targetHints":{"allow":["GET"]}}],"collection":[{"href":"https:\/\/shoponlinedz.com\/en\/wp-json\/wp\/v2\/product"}],"about":[{"href":"https:\/\/shoponlinedz.com\/en\/wp-json\/wp\/v2\/types\/product"}],"replies":[{"embeddable":true,"href":"https:\/\/shoponlinedz.com\/en\/wp-json\/wp\/v2\/comments?post=59981"}],"version-history":[{"count":0,"href":"https:\/\/shoponlinedz.com\/en\/wp-json\/wp\/v2\/product\/59981\/revisions"}],"wp:featuredmedia":[{"embeddable":true,"href":"https:\/\/shoponlinedz.com\/en\/wp-json\/wp\/v2\/media\/59980"}],"wp:attachment":[{"href":"https:\/\/shoponlinedz.com\/en\/wp-json\/wp\/v2\/media?parent=59981"}],"wp:term":[{"taxonomy":"product_brand","embeddable":true,"href":"https:\/\/shoponlinedz.com\/en\/wp-json\/wp\/v2\/product_brand?post=59981"},{"taxonomy":"product_cat","embeddable":true,"href":"https:\/\/shoponlinedz.com\/en\/wp-json\/wp\/v2\/product_cat?post=59981"},{"taxonomy":"product_tag","embeddable":true,"href":"https:\/\/shoponlinedz.com\/en\/wp-json\/wp\/v2\/product_tag?post=59981"}],"curies":[{"name":"wp","href":"https:\/\/api.w.org\/{rel}","templated":true}]}}