{"id":59971,"date":"2026-01-06T17:15:01","date_gmt":"2026-01-06T17:15:01","guid":{"rendered":"https:\/\/shoponlinedz.com\/product\/projecteur-dastronome-de-ciel-etoile-galaxie-17-mode-bleutooth-avec-telecommande-v4\/"},"modified":"2026-02-16T16:41:29","modified_gmt":"2026-02-16T15:41:29","slug":"projecteur-dastronome-de-ciel-etoile-galaxie-17-mode-bleutooth-avec-telecommande-v4","status":"publish","type":"product","link":"https:\/\/shoponlinedz.com\/en\/product\/projecteur-dastronome-de-ciel-etoile-galaxie-17-mode-bleutooth-avec-telecommande-v4\/","title":{"rendered":"Projecteur d\u2019astronome de ciel \u00e9toil\u00e9 galaxie 17 mode Bleutooth avec t\u00e9l\u00e9commande V4"},"content":{"rendered":"<figure class=\"attachment attachment--preview\" data-trix-attachment=\"{&quot;contentType&quot;:&quot;image&quot;,&quot;height&quot;:1024,&quot;url&quot;:&quot;https:\/\/sawaqli.fra1.cdn.digitaloceanspaces.com\/18093\/bagage-de-voyassqsqge.jpg&quot;,&quot;width&quot;:1024}\" data-trix-content-type=\"image\"><img decoding=\"async\" class=\"aligncenter\" src=\"https:\/\/sawaqli.fra1.cdn.digitaloceanspaces.com\/18093\/bagage-de-voyassqsqge.jpg\" width=\"1024\" height=\"1024\" \/><figcaption class=\"attachment__caption\"><\/figcaption><\/figure>\n<p style=\"text-align: center;\">","protected":false},"excerpt":{"rendered":"<p>\u0645\u0635\u0628\u0627\u062d \u0639\u0631\u0636 \u0646\u062c\u0648\u0645 \u0639\u0644\u0649 \u0634\u0643\u0644 \u0631\u0627\u0626\u062f \u0641\u0636\u0627\u0621 \u0645\u0639 \u0645\u0643\u0628\u0631 \u0628\u0644\u0648\u062a\u0648\u062b\u0645\u0643\u0628\u0631 \u0635\u0648\u062a \u0628\u0644\u0648\u062a\u0648\u062b \u0645\u062f\u0645\u062c \u0644\u062a\u0634\u063a\u064a\u0644 \u0627\u0644\u0645\u0648\u0633\u064a\u0642\u0649 \u0645\u0628\u0627\u0634\u0631\u0629 \u0645\u0646 \u0647\u0627\u062a\u0641\u0643.\u0625\u0633\u0642\u0627\u0637 \u0646\u062c\u0648\u0645 \u0648\u0633\u062d\u0628 \u0645\u0644\u0648\u0646\u0629 \u0648\u0642\u0645\u0631 \u064a\u0636\u0641\u064a \u0623\u062c\u0648\u0627\u0621 \u0647\u0627\u062f\u0626\u0629 \u0648\u0645\u0631\u064a\u062d\u0629 \u0644\u063a\u0631\u0641\u0629 \u0627\u0644\u0646\u0648\u0645 \u0623\u0648 \u0627\u0644\u0633\u064a\u0646\u0645\u0627 \u0627\u0644\u0645\u0646\u0632\u0644\u064a\u0629.\u0631\u0623\u0633 \u0631\u0627\u0626\u062f \u0641\u0636\u0627\u0621 \u0645\u063a\u0646\u0627\u0637\u064a\u0633\u064a \u0642\u0627\u0628\u0644 \u0644\u0644\u062a\u062f\u0648\u064a\u0631 \u0644\u0636\u0628\u0637 \u0632\u0627\u0648\u064a\u0629 \u0627\u0644\u0639\u0631\u0636 \u0628\u0633\u0647\u0648\u0644\u0629.\u0631\u064a\u0645\u0648\u062a \u0644\u0644\u062a\u062d\u0643\u0645 \u0627\u0644\u0643\u0627\u0645\u0644: \u062a\u063a\u064a\u064a\u0631 \u0627\u0644\u0623\u0644\u0648\u0627\u0646\u060c \u0627\u0644\u0633\u0637\u0648\u0639\u060c \u0633\u0631\u0639\u0629 \u0627\u0644\u062d\u0631\u0643\u0629\u060c \u0648\u0636\u0628\u0637 \u0627\u0644\u0645\u0624\u0642\u062a \u0644\u0625\u064a\u0642\u0627\u0641 \u0627\u0644\u062a\u0634\u063a\u064a\u0644 \u062a\u0644\u0642\u0627\u0626\u064a\u064b\u0627.\u0625\u0636\u0627\u0621\u0629 RGBW \u0645\u0639 \u0644\u064a\u0632\u0631 \u0623\u062e\u0636\u0631 (10~20mW).\u0645\u0648\u0627\u062f \u0639\u0627\u0644\u064a\u0629 \u0627\u0644\u062c\u0648\u062f\u0629: \u0647\u064a\u0643\u0644 \u0628\u0644\u0627\u0633\u062a\u064a\u0643\u064a \u0647\u0646\u062f\u0633\u064a \u2013 \u0625\u062f\u062e\u0627\u0644 \u0637\u0627\u0642\u0629 DC 5V\/2A \u0639\u0628\u0631 \u0643\u0627\u0628\u0644 USB.\u0627\u0644\u0623\u0628\u0639\u0627\u062f: \u0627\u0644\u0627\u0631\u062a\u0641\u0627\u0639 190 \u0645\u0645 \u00d7 \u0627\u0644\u0639\u0631\u0636 132 \u0645\u0645.\u0645\u0646\u0627\u0633\u0628 \u0644\u063a\u0631\u0641 \u0627\u0644\u0646\u0648\u0645\u060c \u0627\u0644\u0635\u0627\u0644\u0627\u062a\u060c \u0627\u0644\u062d\u0641\u0644\u0627\u062a\u060c \u0648\u0627\u0644\u0623\u0644\u0639\u0627\u0628 \u0648\u064a\u0635\u0644\u062d \u0643\u0647\u062f\u064a\u0629 \u0645\u062b\u0627\u0644\u064a\u0629 \u0644\u0644\u0643\u0628\u0627\u0631 \u0648\u0627\u0644\u0623\u0637\u0641\u0627\u0644.\u0627\u0644\u0645\u062d\u062a\u0648\u064a\u0627\u062a: \u0645\u0635\u0628\u0627\u062d \u0639\u0631\u0636 \u00d71\u060c \u0643\u0627\u0628\u0644 \u0637\u0627\u0642\u0629 \u00d71\u060c \u0631\u064a\u0645\u0648\u062a \u00d71\u060c \u062f\u0644\u064a\u0644 \u0627\u0644\u0645\u0633\u062a\u062e\u062f\u0645 \u00d71.<\/p>","protected":false},"featured_media":59970,"comment_status":"open","ping_status":"closed","template":"","meta":[],"product_brand":[],"product_cat":[2463],"product_tag":[],"class_list":{"0":"post-59971","1":"product","2":"type-product","3":"status-publish","4":"has-post-thumbnail","6":"product_cat-electronique","8":"first","9":"instock","10":"taxable","11":"shipping-taxable","12":"purchasable","13":"product-type-simple"},"jetpack_sharing_enabled":true,"_links":{"self":[{"href":"https:\/\/shoponlinedz.com\/en\/wp-json\/wp\/v2\/product\/59971","targetHints":{"allow":["GET"]}}],"collection":[{"href":"https:\/\/shoponlinedz.com\/en\/wp-json\/wp\/v2\/product"}],"about":[{"href":"https:\/\/shoponlinedz.com\/en\/wp-json\/wp\/v2\/types\/product"}],"replies":[{"embeddable":true,"href":"https:\/\/shoponlinedz.com\/en\/wp-json\/wp\/v2\/comments?post=59971"}],"version-history":[{"count":0,"href":"https:\/\/shoponlinedz.com\/en\/wp-json\/wp\/v2\/product\/59971\/revisions"}],"wp:featuredmedia":[{"embeddable":true,"href":"https:\/\/shoponlinedz.com\/en\/wp-json\/wp\/v2\/media\/59970"}],"wp:attachment":[{"href":"https:\/\/shoponlinedz.com\/en\/wp-json\/wp\/v2\/media?parent=59971"}],"wp:term":[{"taxonomy":"product_brand","embeddable":true,"href":"https:\/\/shoponlinedz.com\/en\/wp-json\/wp\/v2\/product_brand?post=59971"},{"taxonomy":"product_cat","embeddable":true,"href":"https:\/\/shoponlinedz.com\/en\/wp-json\/wp\/v2\/product_cat?post=59971"},{"taxonomy":"product_tag","embeddable":true,"href":"https:\/\/shoponlinedz.com\/en\/wp-json\/wp\/v2\/product_tag?post=59971"}],"curies":[{"name":"wp","href":"https:\/\/api.w.org\/{rel}","templated":true}]}}