{"id":59956,"date":"2026-01-06T17:14:27","date_gmt":"2026-01-06T17:14:27","guid":{"rendered":"https:\/\/shoponlinedz.com\/product\/pochette-cosmetique-ensimili-cuir-a-double-fermeture-eclair\/"},"modified":"2026-02-16T16:41:29","modified_gmt":"2026-02-16T15:41:29","slug":"pochette-cosmetique-ensimili-cuir-a-double-fermeture-eclair","status":"publish","type":"product","link":"https:\/\/shoponlinedz.com\/en\/product\/pochette-cosmetique-ensimili-cuir-a-double-fermeture-eclair\/","title":{"rendered":"Pochette cosm\u00e9tique ensimili cuir \u00e0 double fermeture \u00e9clair"},"content":{"rendered":"<figure class=\"attachment attachment--preview\" data-trix-attachment=\"{&quot;contentType&quot;:&quot;image&quot;,&quot;height&quot;:1024,&quot;url&quot;:&quot;https:\/\/sawaqli.fra1.cdn.digitaloceanspaces.com\/25167\/Pochette-maquillage-V4.jpg&quot;,&quot;width&quot;:1024}\" data-trix-content-type=\"image\"><img decoding=\"async\" class=\"aligncenter\" src=\"https:\/\/sawaqli.fra1.cdn.digitaloceanspaces.com\/25167\/Pochette-maquillage-V4.jpg\" width=\"1024\" height=\"1024\" \/><figcaption class=\"attachment__caption\"><\/figcaption><\/figure>\n<figure class=\"attachment attachment--preview\" data-trix-attachment=\"{&quot;contentType&quot;:&quot;image&quot;,&quot;height&quot;:1024,&quot;url&quot;:&quot;https:\/\/sawaqli.fra1.cdn.digitaloceanspaces.com\/18127\/bag288x21.jpg&quot;,&quot;width&quot;:1024}\" data-trix-content-type=\"image\"><img decoding=\"async\" class=\"aligncenter\" src=\"https:\/\/sawaqli.fra1.cdn.digitaloceanspaces.com\/18127\/bag288x21.jpg\" width=\"1024\" height=\"1024\" \/><figcaption class=\"attachment__caption\"><\/figcaption><\/figure>\n<figure class=\"attachment attachment--preview\" data-trix-attachment=\"{&quot;contentType&quot;:&quot;image&quot;,&quot;height&quot;:1024,&quot;url&quot;:&quot;https:\/\/sawaqli.fra1.cdn.digitaloceanspaces.com\/18128\/bag288x20.jpg&quot;,&quot;width&quot;:1024}\" data-trix-content-type=\"image\"><img decoding=\"async\" class=\"aligncenter\" src=\"https:\/\/sawaqli.fra1.cdn.digitaloceanspaces.com\/18128\/bag288x20.jpg\" width=\"1024\" height=\"1024\" \/><figcaption class=\"attachment__caption\"><\/figcaption><\/figure>\n<figure class=\"attachment attachment--preview\" data-trix-attachment=\"{&quot;contentType&quot;:&quot;image&quot;,&quot;height&quot;:1024,&quot;url&quot;:&quot;https:\/\/sawaqli.fra1.cdn.digitaloceanspaces.com\/18129\/bag288x17.jpg&quot;,&quot;width&quot;:1024}\" data-trix-content-type=\"image\"><img decoding=\"async\" class=\"aligncenter\" src=\"https:\/\/sawaqli.fra1.cdn.digitaloceanspaces.com\/18129\/bag288x17.jpg\" width=\"1024\" height=\"1024\" \/><figcaption class=\"attachment__caption\"><\/figcaption><\/figure>\n<figure class=\"attachment attachment--preview\" data-trix-attachment=\"{&quot;contentType&quot;:&quot;image&quot;,&quot;height&quot;:1024,&quot;url&quot;:&quot;https:\/\/sawaqli.fra1.cdn.digitaloceanspaces.com\/18130\/bag288x18.jpg&quot;,&quot;width&quot;:1024}\" data-trix-content-type=\"image\"><img decoding=\"async\" class=\"aligncenter\" src=\"https:\/\/sawaqli.fra1.cdn.digitaloceanspaces.com\/18130\/bag288x18.jpg\" width=\"1024\" height=\"1024\" \/><figcaption class=\"attachment__caption\"><\/figcaption><\/figure>\n<p style=\"text-align: center;\">","protected":false},"excerpt":{"rendered":"<p>\u062d\u0642\u064a\u0628\u0629 \u0645\u0643\u064a\u0627\u062c \u0643\u0628\u064a\u0631\u0629 \u0645\u062a\u0639\u062f\u062f\u0629 \u0627\u0644\u062c\u064a\u0648\u0628\u062a\u0635\u0645\u064a\u0645 \u0648\u0627\u0642\u0641 \u0630\u0627\u062a\u064a\u064b\u0627 \u0645\u0639 \u062a\u0642\u0633\u064a\u0645\u0627\u062a \u062f\u0627\u062e\u0644\u064a\u0629 \u0645\u0646\u0638\u0645\u0629.\u0633\u0639\u0629 \u0643\u0628\u064a\u0631\u0629 \u0644\u062a\u062e\u0632\u064a\u0646 \u0645\u0633\u062a\u062d\u0636\u0631\u0627\u062a \u0627\u0644\u062a\u062c\u0645\u064a\u0644 \u0648\u0627\u0644\u0644\u0648\u0634\u0646 \u0648\u0627\u0644\u0633\u064a\u0631\u0648\u0645.\u062c\u064a\u0648\u0628 \u062f\u0627\u062e\u0644\u064a\u0629: \u0631\u0626\u064a\u0633\u064a\u0629 \u00d71\u060c \u0646\u0635\u0641\u064a\u0629 \u00d73\u060c \u0637\u0648\u064a\u0644\u0629 \u00d73.\u062c\u0644\u062f \u0635\u0646\u0627\u0639\u064a \u0641\u0627\u062e\u0631 \u0628\u0645\u0644\u0645\u0633 \u0645\u062a\u064a\u0646 \u0648\u0645\u0638\u0647\u0631 \u0623\u0646\u064a\u0642.\u0633\u0647\u0644\u0629 \u0627\u0644\u062d\u0645\u0644 \u0645\u0639 \u0645\u0642\u0628\u0636 \u062e\u0644\u0641\u064a \u0648\u062a\u0635\u0645\u064a\u0645 \u064a\u0634\u0628\u0647 \u0627\u0644\u062d\u0642\u064a\u0628\u0629.\u0633\u062d\u0627\u0628 \u0645\u0632\u062f\u0648\u062c \u064a\u0641\u062a\u062d \u062d\u062a\u0649 \u0627\u0644\u0623\u0633\u0641\u0644 \u0644\u0633\u0647\u0648\u0644\u0629 \u0627\u0644\u0648\u0635\u0648\u0644 \u0644\u0644\u0645\u062d\u062a\u0648\u064a\u0627\u062a. \u0627\u0644\u0623\u0628\u0639\u0627\u062f: \u0627\u0644\u0637\u0648\u0644 19 \u0633\u0645 \u00d7 \u0627\u0644\u0639\u0631\u0636 15.5 \u0633\u0645 \u00d7 \u0627\u0644\u0639\u0645\u0642 8 \u0633\u0645 \u2013 \u0627\u0631\u062a\u0641\u0627\u0639 \u0627\u0644\u0645\u0642\u0628\u0636 9 \u0633\u0645 \u2013 \u0627\u0644\u0648\u0632\u0646 125 \u062c\u0645. \u0627\u0644\u0645\u062d\u062a\u0648\u064a\u0627\u062a: \u062d\u0642\u064a\u0628\u0629 \u0648\u0627\u062d\u062f\u0629.<\/p>","protected":false},"featured_media":59955,"comment_status":"open","ping_status":"closed","template":"","meta":[],"product_brand":[],"product_cat":[2457],"product_tag":[],"class_list":{"0":"post-59956","1":"product","2":"type-product","3":"status-publish","4":"has-post-thumbnail","6":"product_cat-soins-et-beaute","8":"first","9":"instock","10":"taxable","11":"shipping-taxable","12":"purchasable","13":"product-type-simple"},"jetpack_sharing_enabled":true,"_links":{"self":[{"href":"https:\/\/shoponlinedz.com\/en\/wp-json\/wp\/v2\/product\/59956","targetHints":{"allow":["GET"]}}],"collection":[{"href":"https:\/\/shoponlinedz.com\/en\/wp-json\/wp\/v2\/product"}],"about":[{"href":"https:\/\/shoponlinedz.com\/en\/wp-json\/wp\/v2\/types\/product"}],"replies":[{"embeddable":true,"href":"https:\/\/shoponlinedz.com\/en\/wp-json\/wp\/v2\/comments?post=59956"}],"version-history":[{"count":0,"href":"https:\/\/shoponlinedz.com\/en\/wp-json\/wp\/v2\/product\/59956\/revisions"}],"wp:featuredmedia":[{"embeddable":true,"href":"https:\/\/shoponlinedz.com\/en\/wp-json\/wp\/v2\/media\/59955"}],"wp:attachment":[{"href":"https:\/\/shoponlinedz.com\/en\/wp-json\/wp\/v2\/media?parent=59956"}],"wp:term":[{"taxonomy":"product_brand","embeddable":true,"href":"https:\/\/shoponlinedz.com\/en\/wp-json\/wp\/v2\/product_brand?post=59956"},{"taxonomy":"product_cat","embeddable":true,"href":"https:\/\/shoponlinedz.com\/en\/wp-json\/wp\/v2\/product_cat?post=59956"},{"taxonomy":"product_tag","embeddable":true,"href":"https:\/\/shoponlinedz.com\/en\/wp-json\/wp\/v2\/product_tag?post=59956"}],"curies":[{"name":"wp","href":"https:\/\/api.w.org\/{rel}","templated":true}]}}