{"id":59911,"date":"2026-01-06T17:12:39","date_gmt":"2026-01-06T17:12:39","guid":{"rendered":"https:\/\/shoponlinedz.com\/product\/ecouteurs-filaires-gaming-avec-microphone-integre-pour-ps4-et-switch-et-xbox-et-pc-3-5mm-dunth-du-k5\/"},"modified":"2026-02-16T16:41:30","modified_gmt":"2026-02-16T15:41:30","slug":"ecouteurs-filaires-gaming-avec-microphone-integre-pour-ps4-et-switch-et-xbox-et-pc-3-5mm-dunth-du-k5","status":"publish","type":"product","link":"https:\/\/shoponlinedz.com\/en\/product\/ecouteurs-filaires-gaming-avec-microphone-integre-pour-ps4-et-switch-et-xbox-et-pc-3-5mm-dunth-du-k5\/","title":{"rendered":"\u00c9couteurs filaires gaming avec microphone int\u00e9gr\u00e9, pour PS4 et switch et xbox et PC 3.5mm DUNTH DU-K5"},"content":{"rendered":"<figure class=\"attachment attachment--preview\" data-trix-attachment=\"{&quot;contentType&quot;:&quot;image&quot;,&quot;height&quot;:1024,&quot;url&quot;:&quot;https:\/\/sawaqli.fra1.cdn.digitaloceanspaces.com\/18454\/6902430855554_1.png&quot;,&quot;width&quot;:1024}\" data-trix-content-type=\"image\"><img decoding=\"async\" class=\"aligncenter\" src=\"https:\/\/sawaqli.fra1.cdn.digitaloceanspaces.com\/18454\/6902430855554_1.png\" width=\"1024\" height=\"1024\" \/><figcaption class=\"attachment__caption\"><\/figcaption><\/figure>\n<figure class=\"attachment attachment--preview\" data-trix-attachment=\"{&quot;contentType&quot;:&quot;image&quot;,&quot;height&quot;:1024,&quot;url&quot;:&quot;https:\/\/sawaqli.fra1.cdn.digitaloceanspaces.com\/18455\/WhatsApp-Image-2024-04-25-at-1.16.17-PM-1.jpeg&quot;,&quot;width&quot;:1024}\" data-trix-content-type=\"image\"><img decoding=\"async\" class=\"aligncenter\" src=\"https:\/\/sawaqli.fra1.cdn.digitaloceanspaces.com\/18455\/WhatsApp-Image-2024-04-25-at-1.16.17-PM-1.jpeg\" width=\"1024\" height=\"1024\" \/><figcaption class=\"attachment__caption\"><\/figcaption><\/figure>\n<figure class=\"attachment attachment--preview\" data-trix-attachment=\"{&quot;contentType&quot;:&quot;image&quot;,&quot;height&quot;:1024,&quot;url&quot;:&quot;https:\/\/sawaqli.fra1.cdn.digitaloceanspaces.com\/18456\/6902430855554_3.png&quot;,&quot;width&quot;:1024}\" data-trix-content-type=\"image\"><img decoding=\"async\" class=\"aligncenter\" src=\"https:\/\/sawaqli.fra1.cdn.digitaloceanspaces.com\/18456\/6902430855554_3.png\" width=\"1024\" height=\"1024\" \/><figcaption class=\"attachment__caption\"><\/figcaption><\/figure>\n<figure class=\"attachment attachment--preview\" data-trix-attachment=\"{&quot;contentType&quot;:&quot;image&quot;,&quot;height&quot;:1024,&quot;url&quot;:&quot;https:\/\/sawaqli.fra1.cdn.digitaloceanspaces.com\/18457\/WhatsApp-Image-2024-04-25-at-1.16.17-PM.jpeg&quot;,&quot;width&quot;:1024}\" data-trix-content-type=\"image\"><img decoding=\"async\" class=\"aligncenter\" src=\"https:\/\/sawaqli.fra1.cdn.digitaloceanspaces.com\/18457\/WhatsApp-Image-2024-04-25-at-1.16.17-PM.jpeg\" width=\"1024\" height=\"1024\" \/><figcaption class=\"attachment__caption\"><\/figcaption><\/figure>\n<p style=\"text-align: center;\">","protected":false},"excerpt":{"rendered":"<p>\u0645\u064a\u0643\u0631\u0648\u0641\u0648\u0646 \u0645\u062a\u0639\u062f\u062f \u0627\u0644\u0627\u0633\u062a\u062e\u062f\u0627\u0645\u0627\u062a \u0645\u0639 \u062a\u0642\u0644\u064a\u0644 \u0627\u0644\u0636\u0648\u0636\u0627\u0621\u0645\u062a\u0648\u0627\u0641\u0642 \u0645\u0639 \u0623\u062c\u0647\u0632\u0629 P5 \u0648P4 \u0648N-S \u0648N-SL \u0648\u0627\u0644\u0643\u0645\u0628\u064a\u0648\u062a\u0631 \u0648XBX \u0648\u0627\u0644\u0647\u0648\u0627\u062a\u0641 \u0627\u0644\u0645\u062d\u0645\u0648\u0644\u0629 \u0648\u062c\u0645\u064a\u0639 \u0627\u0644\u0623\u062c\u0647\u0632\u0629 \u0628\u0645\u062f\u062e\u0644 \u0635\u0648\u062a 3.5 \u0645\u0645.\u0639\u0646\u062f \u062a\u0648\u0635\u064a\u0644 \u0645\u064a\u0643\u0631\u0648\u0641\u0648\u0646 \u062e\u0627\u0631\u062c\u064a \u064a\u062a\u0645 \u0627\u0644\u062a\u062d\u0648\u064a\u0644 \u062a\u0644\u0642\u0627\u0626\u064a\u064b\u0627 \u0645\u0646 \u0627\u0644\u0645\u064a\u0643\u0631\u0648\u0641\u0648\u0646 \u0627\u0644\u0645\u062f\u0645\u062c \u0625\u0644\u0649 \u0627\u0644\u062e\u0627\u0631\u062c\u064a \u0648\u0627\u0644\u0639\u0643\u0633.\u062a\u0635\u0645\u064a\u0645 \u0639\u0627\u0644\u064a \u0627\u0644\u062d\u0633\u0627\u0633\u064a\u0629 \u0644\u062a\u0642\u0644\u064a\u0644 \u0627\u0644\u0636\u0648\u0636\u0627\u0621 \u0648\u0635\u0648\u062a \u0648\u0627\u0636\u062d \u0648\u062f\u0642\u064a\u0642.\u0645\u0632\u0648\u062f \u0628\u0645\u0641\u062a\u0627\u062d \u0644\u0644\u062a\u062d\u0643\u0645 \u0628\u0627\u0644\u0645\u064a\u0643\u0631\u0648\u0641\u0648\u0646 \u0648\u0645\u0641\u062a\u0627\u062d \u0644\u0644\u062a\u062d\u0643\u0645 \u0628\u0645\u0633\u062a\u0648\u0649 \u0627\u0644\u0635\u0648\u062a.\u062d\u0633\u0627\u0633\u064a\u0629 \u0627\u0644\u0645\u064a\u0643\u0631\u0648\u0641\u0648\u0646: \u200e-58 \u062f\u064a\u0633\u064a\u0628\u0644 \u00b13 \u062f\u064a\u0633\u064a\u0628\u0644 (1 \u062f\u064a\u0633\u064a\u0628\u0644 = 1 \u0641\u0648\u0644\u062a\/\u00b5\u0628\u0627\u0631).\u0627\u0644\u0642\u062f\u0631\u0629 \u0627\u0644\u0627\u0633\u0645\u064a\u0629: 10 \u0645\u064a\u0644\u064a \u0648\u0627\u0637.\u0623\u0642\u0635\u0649 \u0642\u062f\u0631\u0629 \u0625\u062f\u062e\u0627\u0644: 20 \u0645\u064a\u0644\u064a \u0648\u0627\u0637.\u0627\u0633\u062a\u062c\u0627\u0628\u0629 \u0627\u0644\u062a\u0631\u062f\u062f: \u200e20 \u0647\u0631\u062a\u0632 \u2013 20 \u0643\u064a\u0644\u0648\u0647\u0631\u062a\u0632.\u0627\u0644\u062d\u0633\u0627\u0633\u064a\u0629: \u200e105 \u062f\u064a\u0633\u064a\u0628\u0644 \u00b13 \u062f\u064a\u0633\u064a\u0628\u0644.\u0627\u0633\u062a\u0647\u0644\u0627\u0643 \u0627\u0644\u062a\u064a\u0627\u0631: \u0623\u0642\u0644 \u0645\u0646 \u200e0.5 \u0645\u064a\u0644\u064a \u0623\u0645\u0628\u064a\u0631.<\/p>","protected":false},"featured_media":59910,"comment_status":"open","ping_status":"closed","template":"","meta":[],"product_brand":[],"product_cat":[2463],"product_tag":[],"class_list":{"0":"post-59911","1":"product","2":"type-product","3":"status-publish","4":"has-post-thumbnail","6":"product_cat-electronique","8":"first","9":"instock","10":"taxable","11":"shipping-taxable","12":"purchasable","13":"product-type-simple"},"jetpack_sharing_enabled":true,"_links":{"self":[{"href":"https:\/\/shoponlinedz.com\/en\/wp-json\/wp\/v2\/product\/59911","targetHints":{"allow":["GET"]}}],"collection":[{"href":"https:\/\/shoponlinedz.com\/en\/wp-json\/wp\/v2\/product"}],"about":[{"href":"https:\/\/shoponlinedz.com\/en\/wp-json\/wp\/v2\/types\/product"}],"replies":[{"embeddable":true,"href":"https:\/\/shoponlinedz.com\/en\/wp-json\/wp\/v2\/comments?post=59911"}],"version-history":[{"count":0,"href":"https:\/\/shoponlinedz.com\/en\/wp-json\/wp\/v2\/product\/59911\/revisions"}],"wp:featuredmedia":[{"embeddable":true,"href":"https:\/\/shoponlinedz.com\/en\/wp-json\/wp\/v2\/media\/59910"}],"wp:attachment":[{"href":"https:\/\/shoponlinedz.com\/en\/wp-json\/wp\/v2\/media?parent=59911"}],"wp:term":[{"taxonomy":"product_brand","embeddable":true,"href":"https:\/\/shoponlinedz.com\/en\/wp-json\/wp\/v2\/product_brand?post=59911"},{"taxonomy":"product_cat","embeddable":true,"href":"https:\/\/shoponlinedz.com\/en\/wp-json\/wp\/v2\/product_cat?post=59911"},{"taxonomy":"product_tag","embeddable":true,"href":"https:\/\/shoponlinedz.com\/en\/wp-json\/wp\/v2\/product_tag?post=59911"}],"curies":[{"name":"wp","href":"https:\/\/api.w.org\/{rel}","templated":true}]}}