{"id":59881,"date":"2026-01-06T17:11:35","date_gmt":"2026-01-06T17:11:35","guid":{"rendered":"https:\/\/shoponlinedz.com\/product\/serrure-de-securite-du-refrigerateur-_-%d9%82%d9%81%d9%84-%d8%a8%d8%a7%d8%a8-%d9%84%d9%84%d8%ab%d9%84%d8%a7%d8%ac%d8%a9-%d9%85%d8%aa%d8%b9%d8%af%d8%af-%d8%a7%d9%84%d8%a7%d8%b3%d8%aa%d8%ae%d8%af%d8%a7\/"},"modified":"2026-02-16T16:41:31","modified_gmt":"2026-02-16T15:41:31","slug":"serrure-de-securite-du-refrigerateur-_-%d9%82%d9%81%d9%84-%d8%a8%d8%a7%d8%a8-%d9%84%d9%84%d8%ab%d9%84%d8%a7%d8%ac%d8%a9-%d9%85%d8%aa%d8%b9%d8%af%d8%af-%d8%a7%d9%84%d8%a7%d8%b3%d8%aa%d8%ae%d8%af%d8%a7","status":"publish","type":"product","link":"https:\/\/shoponlinedz.com\/en\/product\/serrure-de-securite-du-refrigerateur-_-%d9%82%d9%81%d9%84-%d8%a8%d8%a7%d8%a8-%d9%84%d9%84%d8%ab%d9%84%d8%a7%d8%ac%d8%a9-%d9%85%d8%aa%d8%b9%d8%af%d8%af-%d8%a7%d9%84%d8%a7%d8%b3%d8%aa%d8%ae%d8%af%d8%a7\/","title":{"rendered":"Serrure De S\u00e9curit\u00e9 Du R\u00e9frig\u00e9rateur _ \u0642\u0641\u0644 \u0628\u0627\u0628 \u0644\u0644\u062b\u0644\u0627\u062c\u0629 \u0645\u062a\u0639\u062f\u062f \u0627\u0644\u0627\u0633\u062a\u062e\u062f\u0627\u0645\u0627\u062a \u0644\u0644\u062d\u0641\u0627\u0638 \u0639\u0644\u0649 \u0633\u0644\u0627\u0645\u0629 \u0627\u0644\u0623\u0637\u0641\u0627\u0644"},"content":{"rendered":"<figure class=\"attachment attachment--preview\" data-trix-attachment=\"{&quot;contentType&quot;:&quot;image&quot;,&quot;height&quot;:1024,&quot;url&quot;:&quot;https:\/\/sawaqli.fra1.cdn.digitaloceanspaces.com\/18213\/Sequence_01_1_480x480_7a66e037-5b67-4f95-8169-52647ebb888c_480x480.webp&quot;,&quot;width&quot;:1024}\" data-trix-content-type=\"image\"><img decoding=\"async\" class=\"aligncenter\" src=\"https:\/\/sawaqli.fra1.cdn.digitaloceanspaces.com\/18213\/Sequence_01_1_480x480_7a66e037-5b67-4f95-8169-52647ebb888c_480x480.webp\" width=\"1024\" height=\"1024\" \/><figcaption class=\"attachment__caption\"><\/figcaption><\/figure>\n<figure class=\"attachment attachment--preview\" data-trix-attachment=\"{&quot;contentType&quot;:&quot;image&quot;,&quot;height&quot;:1024,&quot;url&quot;:&quot;https:\/\/sawaqli.fra1.cdn.digitaloceanspaces.com\/18214\/O1CN01LrtFg71oPR2o6eVWS_!!4110785217-0-cib.jpg_220x220.jpg&quot;,&quot;width&quot;:1024}\" data-trix-content-type=\"image\"><img decoding=\"async\" class=\"aligncenter\" src=\"https:\/\/sawaqli.fra1.cdn.digitaloceanspaces.com\/18214\/O1CN01LrtFg71oPR2o6eVWS_!!4110785217-0-cib.jpg_220x220.jpg\" width=\"1024\" height=\"1024\" \/><figcaption class=\"attachment__caption\"><\/figcaption><\/figure>\n<figure class=\"attachment attachment--preview\" data-trix-attachment=\"{&quot;contentType&quot;:&quot;image&quot;,&quot;height&quot;:1024,&quot;url&quot;:&quot;https:\/\/sawaqli.fra1.cdn.digitaloceanspaces.com\/18215\/Sequence_01_480x480_034dada2-2d2f-42df-b1ad-7de8ede74c34_480x480.webp&quot;,&quot;width&quot;:1024}\" data-trix-content-type=\"image\"><img decoding=\"async\" class=\"aligncenter\" src=\"https:\/\/sawaqli.fra1.cdn.digitaloceanspaces.com\/18215\/Sequence_01_480x480_034dada2-2d2f-42df-b1ad-7de8ede74c34_480x480.webp\" width=\"1024\" height=\"1024\" \/><figcaption class=\"attachment__caption\"><\/figcaption><\/figure>\n<figure class=\"attachment attachment--preview\" data-trix-attachment=\"{&quot;contentType&quot;:&quot;image&quot;,&quot;height&quot;:1024,&quot;url&quot;:&quot;https:\/\/sawaqli.fra1.cdn.digitaloceanspaces.com\/18216\/s-zoom.webp&quot;,&quot;width&quot;:1024}\" data-trix-content-type=\"image\"><img decoding=\"async\" class=\"aligncenter\" src=\"https:\/\/sawaqli.fra1.cdn.digitaloceanspaces.com\/18216\/s-zoom.webp\" width=\"1024\" height=\"1024\" \/><figcaption class=\"attachment__caption\"><\/figcaption><\/figure>\n<figure class=\"attachment attachment--preview\" data-trix-attachment=\"{&quot;contentType&quot;:&quot;image&quot;,&quot;height&quot;:1024,&quot;url&quot;:&quot;https:\/\/sawaqli.fra1.cdn.digitaloceanspaces.com\/18217\/61RrkY-DcGL._AC_SX679_.jpg&quot;,&quot;width&quot;:1024}\" data-trix-content-type=\"image\"><img decoding=\"async\" class=\"aligncenter\" src=\"https:\/\/sawaqli.fra1.cdn.digitaloceanspaces.com\/18217\/61RrkY-DcGL._AC_SX679_.jpg\" width=\"1024\" height=\"1024\" \/><figcaption class=\"attachment__caption\"><\/figcaption><\/figure>\n<p style=\"text-align: center;\">","protected":false},"excerpt":{"rendered":"<p>\u0642\u0641\u0644 \u0623\u0645\u0627\u0646 \u0644\u0625\u0628\u0639\u0627\u062f \u0627\u0644\u0623\u0637\u0641\u0627\u0644 \u0639\u0646 \u0627\u0644\u062e\u0637\u0631!\u0627\u0644\u062a\u0635\u0645\u064a\u0645 \u0645\u0646\u0627\u0633\u0628 \u0644\u0644\u0643\u0628\u0627\u0631 \u0644\u0641\u062a\u062d \u0627\u0644\u0628\u0627\u0628!\u064a\u062a\u064a\u062d \u0642\u0641\u0644 \u0627\u0644\u0628\u0627\u0628 \u0628\u0646\u0638\u0627\u0645 \u0627\u0644\u0646\u0642\u0631 \u0648\u0627\u0644\u0642\u0641\u0644 \u0647\u0630\u0627 \u0644\u0637\u0641\u0644\u0643 \u0641\u062a\u062d \u0627\u0644\u0628\u0627\u0628 \u062f\u0648\u0646 \u0623\u064a \u062d\u0648\u0627\u062f\u062b! \u0625\u0646\u0647 \u0641\u0639\u0627\u0644 \u0644\u064a\u0633 \u0641\u0642\u0637 \u0644\u0644\u0623\u0637\u0641\u0627\u0644 \u0648\u0644\u0643\u0646 \u0623\u064a\u0636\u064b\u0627 \u0644\u0644\u062d\u064a\u0648\u0627\u0646\u0627\u062a \u0627\u0644\u0623\u0644\u064a\u0641\u0629.\u0633\u0647\u0644 \u0627\u0644\u062a\u0631\u0643\u064a\u0628! \u0644\u064a\u0633\u062a \u0647\u0646\u0627\u0643 \u062d\u0627\u062c\u0629 \u0625\u0644\u0649 \u0623\u062f\u0648\u0627\u062a \u0623\u062e\u0631\u0649. \u0627\u0644\u0635\u0642\u0647 \u0639\u0644\u0649 \u062c\u0627\u0646\u0628 \u0627\u0644\u0628\u0627\u0628 \u0648\u0627\u0646\u0642\u0631 \u0641\u0648\u0642 \u0627\u0644\u0632\u0631\u064a\u0646 \u0644\u0641\u062a\u062d\u0647. \u0623\u063a\u0644\u0642 \u0623\u064a \u0623\u0628\u0648\u0627\u0628 \u0628\u0623\u0645\u0627\u0646 \u060c \u0645\u062b\u0644 \u0627\u0644\u062b\u0644\u0627\u062c\u0627\u062a \u0648\u0627\u0644\u0623\u062f\u0631\u0627\u062c \u0648\u0627\u0644\u062e\u0632\u0627\u0626\u0646 \u0648\u0645\u0627 \u0625\u0644\u0649 \u0630\u0644\u0643.<\/p>","protected":false},"featured_media":59880,"comment_status":"open","ping_status":"closed","template":"","meta":[],"product_brand":[],"product_cat":[2456],"product_tag":[],"class_list":{"0":"post-59881","1":"product","2":"type-product","3":"status-publish","4":"has-post-thumbnail","6":"product_cat-cuisine","8":"first","9":"instock","10":"taxable","11":"shipping-taxable","12":"purchasable","13":"product-type-simple"},"jetpack_sharing_enabled":true,"_links":{"self":[{"href":"https:\/\/shoponlinedz.com\/en\/wp-json\/wp\/v2\/product\/59881","targetHints":{"allow":["GET"]}}],"collection":[{"href":"https:\/\/shoponlinedz.com\/en\/wp-json\/wp\/v2\/product"}],"about":[{"href":"https:\/\/shoponlinedz.com\/en\/wp-json\/wp\/v2\/types\/product"}],"replies":[{"embeddable":true,"href":"https:\/\/shoponlinedz.com\/en\/wp-json\/wp\/v2\/comments?post=59881"}],"version-history":[{"count":0,"href":"https:\/\/shoponlinedz.com\/en\/wp-json\/wp\/v2\/product\/59881\/revisions"}],"wp:featuredmedia":[{"embeddable":true,"href":"https:\/\/shoponlinedz.com\/en\/wp-json\/wp\/v2\/media\/59880"}],"wp:attachment":[{"href":"https:\/\/shoponlinedz.com\/en\/wp-json\/wp\/v2\/media?parent=59881"}],"wp:term":[{"taxonomy":"product_brand","embeddable":true,"href":"https:\/\/shoponlinedz.com\/en\/wp-json\/wp\/v2\/product_brand?post=59881"},{"taxonomy":"product_cat","embeddable":true,"href":"https:\/\/shoponlinedz.com\/en\/wp-json\/wp\/v2\/product_cat?post=59881"},{"taxonomy":"product_tag","embeddable":true,"href":"https:\/\/shoponlinedz.com\/en\/wp-json\/wp\/v2\/product_tag?post=59881"}],"curies":[{"name":"wp","href":"https:\/\/api.w.org\/{rel}","templated":true}]}}