{"id":59870,"date":"2026-01-06T17:11:10","date_gmt":"2026-01-06T17:11:10","guid":{"rendered":"https:\/\/shoponlinedz.com\/product\/mini-ampli-haut-parleur-sans-fil-bluetooth-enceinte-bluetooth-haute-fidelite-etanch-ipx6-10w-dunth-du-sp079\/"},"modified":"2026-02-16T16:41:32","modified_gmt":"2026-02-16T15:41:32","slug":"mini-ampli-haut-parleur-sans-fil-bluetooth-enceinte-bluetooth-haute-fidelite-etanch-ipx6-10w-dunth-du-sp079","status":"publish","type":"product","link":"https:\/\/shoponlinedz.com\/en\/product\/mini-ampli-haut-parleur-sans-fil-bluetooth-enceinte-bluetooth-haute-fidelite-etanch-ipx6-10w-dunth-du-sp079\/","title":{"rendered":"Mini ampli haut parleur sans fil bluetooth, enceinte bluetooth haute fid\u00e9lit\u00e9 \u00e9tanch IPX6 10W DUNTH DU-SP079"},"content":{"rendered":"<figure class=\"attachment attachment--preview\" data-trix-attachment=\"{&quot;contentType&quot;:&quot;image&quot;,&quot;height&quot;:1024,&quot;url&quot;:&quot;https:\/\/sawaqli.fra1.cdn.digitaloceanspaces.com\/18275\/DU-SP079.jpg&quot;,&quot;width&quot;:1024}\" data-trix-content-type=\"image\"><img decoding=\"async\" class=\"aligncenter\" src=\"https:\/\/sawaqli.fra1.cdn.digitaloceanspaces.com\/18275\/DU-SP079.jpg\" width=\"1024\" height=\"1024\" \/><figcaption class=\"attachment__caption\"><\/figcaption><\/figure>\n<figure class=\"attachment attachment--preview\" data-trix-attachment=\"{&quot;contentType&quot;:&quot;image&quot;,&quot;height&quot;:1024,&quot;url&quot;:&quot;https:\/\/sawaqli.fra1.cdn.digitaloceanspaces.com\/18276\/DU-SP079-123.jpg&quot;,&quot;width&quot;:1024}\" data-trix-content-type=\"image\"><img decoding=\"async\" class=\"aligncenter\" src=\"https:\/\/sawaqli.fra1.cdn.digitaloceanspaces.com\/18276\/DU-SP079-123.jpg\" width=\"1024\" height=\"1024\" \/><figcaption class=\"attachment__caption\"><\/figcaption><\/figure>\n<figure class=\"attachment attachment--preview\" data-trix-attachment=\"{&quot;contentType&quot;:&quot;image&quot;,&quot;height&quot;:1024,&quot;url&quot;:&quot;https:\/\/sawaqli.fra1.cdn.digitaloceanspaces.com\/18277\/DU-SP079-12.jpg&quot;,&quot;width&quot;:1024}\" data-trix-content-type=\"image\"><img decoding=\"async\" class=\"aligncenter\" src=\"https:\/\/sawaqli.fra1.cdn.digitaloceanspaces.com\/18277\/DU-SP079-12.jpg\" width=\"1024\" height=\"1024\" \/><figcaption class=\"attachment__caption\"><\/figcaption><\/figure>\n<figure class=\"attachment attachment--preview\" data-trix-attachment=\"{&quot;contentType&quot;:&quot;image&quot;,&quot;height&quot;:1024,&quot;url&quot;:&quot;https:\/\/sawaqli.fra1.cdn.digitaloceanspaces.com\/18278\/DU-SP079-1.jpg&quot;,&quot;width&quot;:1024}\" data-trix-content-type=\"image\"><img decoding=\"async\" class=\"aligncenter\" src=\"https:\/\/sawaqli.fra1.cdn.digitaloceanspaces.com\/18278\/DU-SP079-1.jpg\" width=\"1024\" height=\"1024\" \/><figcaption class=\"attachment__caption\"><\/figcaption><\/figure>\n<p style=\"text-align: center;\">","protected":false},"excerpt":{"rendered":"<p>\u0633\u0645\u0627\u0639\u0629 \u0628\u0644\u0648\u062a\u0648\u062b \u0639\u0627\u0644\u064a\u0629 \u0627\u0644\u062f\u0642\u0629 (\u0627\u0644\u0625\u0635\u062f\u0627\u0631 \u0627\u0644\u0623\u0648\u0644)\u062c\u0648\u062f\u0629 \u0635\u0648\u062a \u0627\u0633\u062a\u062b\u0646\u0627\u0626\u064a\u0629: \u0645\u0632\u0648\u062f\u0629 \u0628\u062a\u0642\u0646\u064a\u0629 \u0628\u0644\u0648\u062a\u0648\u062b 5.2 \u0644\u0627\u062a\u0635\u0627\u0644 \u0633\u0631\u064a\u0639 \u0648\u0645\u0633\u062a\u0642\u0631 \u0648\u062a\u062c\u0631\u0628\u0629 \u0627\u0633\u062a\u0645\u0627\u0639 \u0645\u062b\u0627\u0644\u064a\u0629 \u0644\u0639\u0634\u0627\u0642 \u0627\u0644\u0645\u0648\u0633\u064a\u0642\u0649.\u0627\u062a\u0635\u0627\u0644 \u0645\u062a\u0639\u062f\u062f \u0627\u0644\u0648\u0638\u0627\u0626\u0641: \u062a\u062f\u0639\u0645 \u0627\u0644\u0628\u062b \u0627\u0644\u0644\u0627\u0633\u0644\u0643\u064a \u0648\u062a\u0634\u063a\u064a\u0644 FM \u0648\u0628\u0637\u0627\u0642\u0629 TF \u0648\u0642\u0631\u0635 U \u0648AUX\u060c \u0645\u0639 \u062e\u0627\u0635\u064a\u0629 TWS \u0644\u0635\u0648\u062a \u0633\u062a\u064a\u0631\u064a\u0648 \u0648\u0627\u0633\u0639.\u0627\u0644\u0645\u0648\u0627\u0635\u0641\u0627\u062a \u0627\u0644\u0641\u0646\u064a\u0629:\u0625\u0635\u062f\u0627\u0631 \u0627\u0644\u0628\u0644\u0648\u062a\u0648\u062b: 5.2\u0633\u0639\u0629 \u0627\u0644\u0628\u0637\u0627\u0631\u064a\u0629: 1200mAh\u0648\u0642\u062a \u0627\u0644\u0634\u062d\u0646: \u062d\u0648\u0627\u0644\u064a \u0633\u0627\u0639\u062a\u064a\u0646\u0639\u0645\u0631 \u0627\u0644\u0628\u0637\u0627\u0631\u064a\u0629: 4 \u0633\u0627\u0639\u0627\u062a\u0648\u062d\u062f\u0629 \u0645\u0643\u0628\u0631 \u0627\u0644\u0635\u0648\u062a: 52 \u0645\u0645\u0627\u0644\u0642\u062f\u0631\u0629: 10 \u0648\u0627\u0637\u0627\u0644\u0623\u0628\u0639\u0627\u062f: \u200e230\u00d792\u00d792 \u0645\u0645\u0627\u0644\u0648\u0632\u0646: 844 \u062c\u0645\u0645\u062d\u062a\u0648\u064a\u0627\u062a \u0627\u0644\u0639\u0628\u0648\u0629: \u0633\u0645\u0627\u0639\u0629 \u0628\u0644\u0648\u062a\u0648\u062b + \u0643\u0627\u0628\u0644 \u0634\u062d\u0646 + \u062f\u0644\u064a\u0644 \u0627\u0644\u0627\u0633\u062a\u062e\u062f\u0627\u0645<\/p>","protected":false},"featured_media":59869,"comment_status":"open","ping_status":"closed","template":"","meta":[],"product_brand":[],"product_cat":[2463],"product_tag":[],"class_list":{"0":"post-59870","1":"product","2":"type-product","3":"status-publish","4":"has-post-thumbnail","6":"product_cat-electronique","8":"first","9":"instock","10":"taxable","11":"shipping-taxable","12":"purchasable","13":"product-type-simple"},"jetpack_sharing_enabled":true,"_links":{"self":[{"href":"https:\/\/shoponlinedz.com\/en\/wp-json\/wp\/v2\/product\/59870","targetHints":{"allow":["GET"]}}],"collection":[{"href":"https:\/\/shoponlinedz.com\/en\/wp-json\/wp\/v2\/product"}],"about":[{"href":"https:\/\/shoponlinedz.com\/en\/wp-json\/wp\/v2\/types\/product"}],"replies":[{"embeddable":true,"href":"https:\/\/shoponlinedz.com\/en\/wp-json\/wp\/v2\/comments?post=59870"}],"version-history":[{"count":0,"href":"https:\/\/shoponlinedz.com\/en\/wp-json\/wp\/v2\/product\/59870\/revisions"}],"wp:featuredmedia":[{"embeddable":true,"href":"https:\/\/shoponlinedz.com\/en\/wp-json\/wp\/v2\/media\/59869"}],"wp:attachment":[{"href":"https:\/\/shoponlinedz.com\/en\/wp-json\/wp\/v2\/media?parent=59870"}],"wp:term":[{"taxonomy":"product_brand","embeddable":true,"href":"https:\/\/shoponlinedz.com\/en\/wp-json\/wp\/v2\/product_brand?post=59870"},{"taxonomy":"product_cat","embeddable":true,"href":"https:\/\/shoponlinedz.com\/en\/wp-json\/wp\/v2\/product_cat?post=59870"},{"taxonomy":"product_tag","embeddable":true,"href":"https:\/\/shoponlinedz.com\/en\/wp-json\/wp\/v2\/product_tag?post=59870"}],"curies":[{"name":"wp","href":"https:\/\/api.w.org\/{rel}","templated":true}]}}