{"id":59835,"date":"2026-01-06T17:09:37","date_gmt":"2026-01-06T17:09:37","guid":{"rendered":"https:\/\/shoponlinedz.com\/product\/reveil-retro-modele-telephone-pour-chronometreur-creatif-pour-la-decoration\/"},"modified":"2026-02-16T16:41:33","modified_gmt":"2026-02-16T15:41:33","slug":"reveil-retro-modele-telephone-pour-chronometreur-creatif-pour-la-decoration","status":"publish","type":"product","link":"https:\/\/shoponlinedz.com\/en\/product\/reveil-retro-modele-telephone-pour-chronometreur-creatif-pour-la-decoration\/","title":{"rendered":"R\u00e9veil r\u00e9tro mod\u00e8le t\u00e9l\u00e9phone pour chronom\u00e9treur cr\u00e9atif pour la d\u00e9coration"},"content":{"rendered":"<figure class=\"attachment attachment--preview\" data-trix-attachment=\"{&quot;contentType&quot;:&quot;image&quot;,&quot;height&quot;:1024,&quot;url&quot;:&quot;https:\/\/sawaqli.fra1.cdn.digitaloceanspaces.com\/18638\/Untitled-1-7.jpg&quot;,&quot;width&quot;:1024}\" data-trix-content-type=\"image\"><img decoding=\"async\" class=\"aligncenter\" src=\"https:\/\/sawaqli.fra1.cdn.digitaloceanspaces.com\/18638\/Untitled-1-7.jpg\" width=\"1024\" height=\"1024\" \/><figcaption class=\"attachment__caption\"><\/figcaption><\/figure>\n<figure class=\"attachment attachment--preview\" data-trix-attachment=\"{&quot;contentType&quot;:&quot;image&quot;,&quot;height&quot;:1024,&quot;url&quot;:&quot;https:\/\/sawaqli.fra1.cdn.digitaloceanspaces.com\/18639\/S5bdc779db05b414c8eade1ecbc67d04bF-ezgif.com-webp-to-jpg-converter.jpg&quot;,&quot;width&quot;:1024}\" data-trix-content-type=\"image\"><img decoding=\"async\" class=\"aligncenter\" src=\"https:\/\/sawaqli.fra1.cdn.digitaloceanspaces.com\/18639\/S5bdc779db05b414c8eade1ecbc67d04bF-ezgif.com-webp-to-jpg-converter.jpg\" width=\"1024\" height=\"1024\" \/><figcaption class=\"attachment__caption\"><\/figcaption><\/figure>\n<figure class=\"attachment attachment--preview\" data-trix-attachment=\"{&quot;contentType&quot;:&quot;image&quot;,&quot;height&quot;:1024,&quot;url&quot;:&quot;https:\/\/sawaqli.fra1.cdn.digitaloceanspaces.com\/18640\/S2187bc5719544cb3a649ad24e6930b5b6.jpg&quot;,&quot;width&quot;:1024}\" data-trix-content-type=\"image\"><img decoding=\"async\" class=\"aligncenter\" src=\"https:\/\/sawaqli.fra1.cdn.digitaloceanspaces.com\/18640\/S2187bc5719544cb3a649ad24e6930b5b6.jpg\" width=\"1024\" height=\"1024\" \/><figcaption class=\"attachment__caption\"><\/figcaption><\/figure>\n<figure class=\"attachment attachment--preview\" data-trix-attachment=\"{&quot;contentType&quot;:&quot;image&quot;,&quot;height&quot;:1024,&quot;url&quot;:&quot;https:\/\/sawaqli.fra1.cdn.digitaloceanspaces.com\/18641\/WEB-ezgif.com-webp-to-jpg-converter.jpg&quot;,&quot;width&quot;:1024}\" data-trix-content-type=\"image\"><img decoding=\"async\" class=\"aligncenter\" src=\"https:\/\/sawaqli.fra1.cdn.digitaloceanspaces.com\/18641\/WEB-ezgif.com-webp-to-jpg-converter.jpg\" width=\"1024\" height=\"1024\" \/><figcaption class=\"attachment__caption\"><\/figcaption><\/figure>\n<p style=\"text-align: center;\">","protected":false},"excerpt":{"rendered":"<p>\u0633\u0627\u0639\u0629 \u0645\u0646\u0628\u0651\u0647 \u0628\u062a\u0635\u0645\u064a\u0645 \u0647\u0627\u062a\u0641 \u0642\u062f\u064a\u0645\u062a\u0635\u0645\u064a\u0645 \u0643\u0644\u0627\u0633\u064a\u0643\u064a: \u064a\u062c\u0645\u0639 \u0628\u064a\u0646 \u0627\u0644\u0637\u0627\u0628\u0639 \u0627\u0644\u062d\u062f\u064a\u062b \u0648\u0627\u0644\u0642\u062f\u064a\u0645 \u0628\u0634\u0643\u0644 \u0623\u0646\u064a\u0642 \u0648\u0641\u0631\u064a\u062f.\u0634\u0643\u0644 \u0647\u0627\u062a\u0641 \u062f\u064a\u0643\u0648\u0631\u064a: \u064a\u0639\u0645\u0644 \u0643\u0633\u0627\u0639\u0629 \u0635\u0627\u0645\u062a\u0629 \u062a\u0635\u0644\u062d \u0644\u0644\u062f\u064a\u0643\u0648\u0631 \u0641\u064a \u063a\u0631\u0641 \u0627\u0644\u0646\u0648\u0645 \u0623\u0648 \u0627\u0644\u0645\u0643\u0627\u062a\u0628.\u0627\u0633\u062a\u062e\u062f\u0627\u0645\u0627\u062a \u0645\u062a\u0639\u062f\u062f\u0629: \u0645\u062b\u0627\u0644\u064a\u0629 \u0644\u063a\u0631\u0641\u0629 \u0627\u0644\u0645\u0639\u064a\u0634\u0629\u060c \u0627\u0644\u0645\u0637\u0628\u062e\u060c \u0627\u0644\u0645\u0643\u062a\u0628 \u0648\u063a\u064a\u0631\u0647\u0627.\u0633\u0647\u0644\u0629 \u0627\u0644\u0642\u0631\u0627\u0621\u0629: \u0623\u0631\u0642\u0627\u0645 \u0643\u0628\u064a\u0631\u0629 \u0648\u0648\u0627\u0636\u062d\u0629 \u0645\u0639 \u0645\u062a\u0627\u0646\u0629 \u0639\u0627\u0644\u064a\u0629.\u062e\u0641\u064a\u0641\u0629 \u0627\u0644\u0648\u0632\u0646 \u0648\u0622\u0645\u0646\u0629 \u0644\u0644\u0623\u0637\u0641\u0627\u0644: \u064a\u0645\u0643\u0646 \u0627\u0633\u062a\u062e\u062f\u0627\u0645\u0647\u0627 \u0643\u0644\u0639\u0628\u0629 \u0645\u0645\u062a\u0639\u0629. \u0627\u0644\u0645\u0648\u0627\u0635\u0641\u0627\u062a:\u0627\u0644\u0645\u0627\u062f\u0629: \u0628\u0644\u0627\u0633\u062a\u064a\u0643\u0627\u0644\u0623\u0628\u0639\u0627\u062f: \u062d\u0648\u0627\u0644\u064a \u200e18.5\u00d712.5\u00d719 \u0633\u0645\u0645\u0635\u062f\u0631 \u0627\u0644\u0637\u0627\u0642\u0629: \u0628\u0637\u0627\u0631\u064a\u0629 \u200eAA \u0648\u0627\u062d\u062f\u0629 (\u063a\u064a\u0631 \u0645\u0631\u0641\u0642\u0629)\u0627\u0644\u0623\u0644\u0648\u0627\u0646 \u0627\u0644\u0645\u062a\u0627\u062d\u0629: \u0630\u0647\u0628\u064a \/ \u0631\u0645\u0627\u062f\u064a \u0645\u062d\u062a\u0648\u064a\u0627\u062a \u0627\u0644\u0639\u0628\u0648\u0629: 1 \u00d7 \u0633\u0627\u0639\u0629 \u0645\u0646\u0628\u0651\u0647 (\u0627\u0644\u0625\u0643\u0633\u0633\u0648\u0627\u0631\u0627\u062a \u0627\u0644\u0623\u062e\u0631\u0649 \u063a\u064a\u0631 \u0645\u0634\u0645\u0648\u0644\u0629).<\/p>","protected":false},"featured_media":59834,"comment_status":"open","ping_status":"closed","template":"","meta":[],"product_brand":[],"product_cat":[2460],"product_tag":[],"class_list":{"0":"post-59835","1":"product","2":"type-product","3":"status-publish","4":"has-post-thumbnail","6":"product_cat-decoration","8":"first","9":"instock","10":"taxable","11":"shipping-taxable","12":"purchasable","13":"product-type-simple"},"jetpack_sharing_enabled":true,"_links":{"self":[{"href":"https:\/\/shoponlinedz.com\/en\/wp-json\/wp\/v2\/product\/59835","targetHints":{"allow":["GET"]}}],"collection":[{"href":"https:\/\/shoponlinedz.com\/en\/wp-json\/wp\/v2\/product"}],"about":[{"href":"https:\/\/shoponlinedz.com\/en\/wp-json\/wp\/v2\/types\/product"}],"replies":[{"embeddable":true,"href":"https:\/\/shoponlinedz.com\/en\/wp-json\/wp\/v2\/comments?post=59835"}],"version-history":[{"count":0,"href":"https:\/\/shoponlinedz.com\/en\/wp-json\/wp\/v2\/product\/59835\/revisions"}],"wp:featuredmedia":[{"embeddable":true,"href":"https:\/\/shoponlinedz.com\/en\/wp-json\/wp\/v2\/media\/59834"}],"wp:attachment":[{"href":"https:\/\/shoponlinedz.com\/en\/wp-json\/wp\/v2\/media?parent=59835"}],"wp:term":[{"taxonomy":"product_brand","embeddable":true,"href":"https:\/\/shoponlinedz.com\/en\/wp-json\/wp\/v2\/product_brand?post=59835"},{"taxonomy":"product_cat","embeddable":true,"href":"https:\/\/shoponlinedz.com\/en\/wp-json\/wp\/v2\/product_cat?post=59835"},{"taxonomy":"product_tag","embeddable":true,"href":"https:\/\/shoponlinedz.com\/en\/wp-json\/wp\/v2\/product_tag?post=59835"}],"curies":[{"name":"wp","href":"https:\/\/api.w.org\/{rel}","templated":true}]}}