{"id":59778,"date":"2026-01-06T17:07:22","date_gmt":"2026-01-06T17:07:22","guid":{"rendered":"https:\/\/shoponlinedz.com\/product\/panier-a-linge-sale-pliable-avec-2-grilles-pour-separer-les-vetements\/"},"modified":"2026-02-16T16:41:34","modified_gmt":"2026-02-16T15:41:34","slug":"panier-a-linge-sale-pliable-avec-2-grilles-pour-separer-les-vetements","status":"publish","type":"product","link":"https:\/\/shoponlinedz.com\/en\/product\/panier-a-linge-sale-pliable-avec-2-grilles-pour-separer-les-vetements\/","title":{"rendered":"Panier \u00e0 linge sale pliable avec 2 grilles pour s\u00e9parer les v\u00eatements"},"content":{"rendered":"<figure class=\"attachment attachment--preview\" data-trix-attachment=\"{&quot;contentType&quot;:&quot;image&quot;,&quot;height&quot;:1024,&quot;url&quot;:&quot;https:\/\/sawaqli.fra1.cdn.digitaloceanspaces.com\/18869\/H67be808c93734a7882a6f690eec73fe27.png&quot;,&quot;width&quot;:1024}\" data-trix-content-type=\"image\"><img decoding=\"async\" class=\"aligncenter\" src=\"https:\/\/sawaqli.fra1.cdn.digitaloceanspaces.com\/18869\/H67be808c93734a7882a6f690eec73fe27.png\" width=\"1024\" height=\"1024\" \/><figcaption class=\"attachment__caption\"><\/figcaption><\/figure>\n<figure class=\"attachment attachment--preview\" data-trix-attachment=\"{&quot;contentType&quot;:&quot;image&quot;,&quot;height&quot;:1024,&quot;url&quot;:&quot;https:\/\/sawaqli.fra1.cdn.digitaloceanspaces.com\/18870\/Hab42e5061e8f42bd87d7cd16614deb895.png&quot;,&quot;width&quot;:1024}\" data-trix-content-type=\"image\"><img decoding=\"async\" class=\"aligncenter\" src=\"https:\/\/sawaqli.fra1.cdn.digitaloceanspaces.com\/18870\/Hab42e5061e8f42bd87d7cd16614deb895.png\" width=\"1024\" height=\"1024\" \/><figcaption class=\"attachment__caption\"><\/figcaption><\/figure>\n<figure class=\"attachment attachment--preview\" data-trix-attachment=\"{&quot;contentType&quot;:&quot;image&quot;,&quot;height&quot;:1024,&quot;url&quot;:&quot;https:\/\/sawaqli.fra1.cdn.digitaloceanspaces.com\/18871\/Hd615bc70ae2a4aa6ac3e4a67e4470a89X.png&quot;,&quot;width&quot;:1024}\" data-trix-content-type=\"image\"><img decoding=\"async\" class=\"aligncenter\" src=\"https:\/\/sawaqli.fra1.cdn.digitaloceanspaces.com\/18871\/Hd615bc70ae2a4aa6ac3e4a67e4470a89X.png\" width=\"1024\" height=\"1024\" \/><figcaption class=\"attachment__caption\"><\/figcaption><\/figure>\n<figure class=\"attachment attachment--preview\" data-trix-attachment=\"{&quot;contentType&quot;:&quot;image&quot;,&quot;height&quot;:1024,&quot;url&quot;:&quot;https:\/\/sawaqli.fra1.cdn.digitaloceanspaces.com\/18872\/H73bb65ccf9d84b24a3f84ebb95cfd64av.png&quot;,&quot;width&quot;:1024}\" data-trix-content-type=\"image\"><img decoding=\"async\" class=\"aligncenter\" src=\"https:\/\/sawaqli.fra1.cdn.digitaloceanspaces.com\/18872\/H73bb65ccf9d84b24a3f84ebb95cfd64av.png\" width=\"1024\" height=\"1024\" \/><figcaption class=\"attachment__caption\"><\/figcaption><\/figure>\n<p style=\"text-align: center;\">","protected":false},"excerpt":{"rendered":"<p>\u0633\u0644\u0629 \u062a\u062e\u0632\u064a\u0646 \u0642\u0627\u0628\u0644\u0629 \u0644\u0644\u0637\u064a \u0645\u0635\u0646\u0648\u0639\u0629 \u0645\u0646 \u0642\u0645\u0627\u0634 \u0623\u0648\u0643\u0633\u0641\u0648\u0631\u062f\u0627\u0644\u0627\u0633\u062a\u062e\u062f\u0627\u0645\u0627\u062a \u0627\u0644\u0645\u062a\u0639\u062f\u062f\u0629: \u064a\u0645\u0643\u0646 \u0627\u0633\u062a\u062e\u062f\u0627\u0645\u0647\u0627 \u0641\u064a \u0627\u0644\u062d\u0645\u0627\u0645 \u0644\u0644\u0645\u0644\u0627\u0628\u0633 \u0627\u0644\u0645\u062a\u0633\u062e\u0629 \u0623\u0648 \u0644\u062a\u062e\u0632\u064a\u0646 \u0627\u0644\u0645\u0644\u0627\u0628\u0633 \u0648\u0627\u0644\u0648\u0633\u0627\u0626\u062f \u0648\u062a\u0648\u0641\u064a\u0631 \u0627\u0644\u0645\u0633\u0627\u062d\u0629.\u062a\u0635\u0645\u064a\u0645 \u0639\u0645\u0644\u064a: \u0645\u062a\u064a\u0646\u0629 \u0648\u0633\u0647\u0644\u0629 \u0627\u0644\u0646\u0642\u0644 \u0628\u064a\u0646 \u0627\u0644\u0634\u0631\u0641\u0629\u060c \u063a\u0631\u0641\u0629 \u0627\u0644\u0646\u0648\u0645\u060c \u0627\u0644\u062d\u0645\u0627\u0645 \u0623\u0648 \u063a\u0631\u0641\u0629 \u0627\u0644\u063a\u0633\u064a\u0644.\u0633\u0647\u0644\u0629 \u0627\u0644\u062a\u062e\u0632\u064a\u0646: \u0627\u0644\u0625\u0637\u0627\u0631 \u0627\u0644\u0645\u0635\u0646\u0648\u0639 \u0645\u0646 \u0627\u0644\u0623\u0644\u0648\u0645\u0646\u064a\u0648\u0645 \u0642\u0627\u0628\u0644 \u0644\u0644\u0641\u0643 \u0644\u0644\u0637\u064a \u0648\u0627\u0644\u062a\u062e\u0632\u064a\u0646 \u0639\u0646\u062f \u0639\u062f\u0645 \u0627\u0644\u0627\u0633\u062a\u062e\u062f\u0627\u0645\u060c \u0648\u0633\u0647\u0644\u0629 \u0627\u0644\u062a\u0631\u0643\u064a\u0628.\u0642\u0627\u0628\u0644\u0629 \u0644\u0644\u063a\u0633\u064a\u0644: \u064a\u0645\u0643\u0646 \u063a\u0633\u0644 \u0627\u0644\u0642\u0645\u0627\u0634 \u064a\u062f\u0648\u064a\u064b\u0627 \u0623\u0648 \u0641\u064a \u0627\u0644\u063a\u0633\u0627\u0644\u0629.\u0627\u0644\u0645\u0648\u0627\u0635\u0641\u0627\u062a:\u0627\u0644\u0645\u0627\u062f\u0629: \u0642\u0645\u0627\u0634 \u0623\u0648\u0643\u0633\u0641\u0648\u0631\u062f\u0627\u0644\u0623\u0644\u0648\u0627\u0646: \u0623\u0633\u0648\u062f \/ \u0623\u0628\u064a\u0636 \/ \u0628\u064a\u062c (\u0627\u062e\u062a\u064a\u0627\u0631\u064a)\u0627\u0644\u0623\u0628\u0639\u0627\u062f:38 \u00d7 60\u00d7 60\u0633\u0645\u0627\u0644\u0645\u062d\u062a\u0648\u0649: \u200e1 \u00d7 \u0633\u0644\u0629 \u063a\u0633\u064a\u0644<\/p>","protected":false},"featured_media":59777,"comment_status":"open","ping_status":"closed","template":"","meta":[],"product_brand":[],"product_cat":[2455],"product_tag":[],"class_list":{"0":"post-59778","1":"product","2":"type-product","3":"status-publish","4":"has-post-thumbnail","6":"product_cat-maison","8":"first","9":"instock","10":"taxable","11":"shipping-taxable","12":"purchasable","13":"product-type-simple"},"jetpack_sharing_enabled":true,"_links":{"self":[{"href":"https:\/\/shoponlinedz.com\/en\/wp-json\/wp\/v2\/product\/59778","targetHints":{"allow":["GET"]}}],"collection":[{"href":"https:\/\/shoponlinedz.com\/en\/wp-json\/wp\/v2\/product"}],"about":[{"href":"https:\/\/shoponlinedz.com\/en\/wp-json\/wp\/v2\/types\/product"}],"replies":[{"embeddable":true,"href":"https:\/\/shoponlinedz.com\/en\/wp-json\/wp\/v2\/comments?post=59778"}],"version-history":[{"count":0,"href":"https:\/\/shoponlinedz.com\/en\/wp-json\/wp\/v2\/product\/59778\/revisions"}],"wp:featuredmedia":[{"embeddable":true,"href":"https:\/\/shoponlinedz.com\/en\/wp-json\/wp\/v2\/media\/59777"}],"wp:attachment":[{"href":"https:\/\/shoponlinedz.com\/en\/wp-json\/wp\/v2\/media?parent=59778"}],"wp:term":[{"taxonomy":"product_brand","embeddable":true,"href":"https:\/\/shoponlinedz.com\/en\/wp-json\/wp\/v2\/product_brand?post=59778"},{"taxonomy":"product_cat","embeddable":true,"href":"https:\/\/shoponlinedz.com\/en\/wp-json\/wp\/v2\/product_cat?post=59778"},{"taxonomy":"product_tag","embeddable":true,"href":"https:\/\/shoponlinedz.com\/en\/wp-json\/wp\/v2\/product_tag?post=59778"}],"curies":[{"name":"wp","href":"https:\/\/api.w.org\/{rel}","templated":true}]}}