{"id":59683,"date":"2026-01-06T17:03:39","date_gmt":"2026-01-06T17:03:39","guid":{"rendered":"https:\/\/shoponlinedz.com\/product\/boule-magique-rotative-coloree-rgb-lumiere-de-scene\/"},"modified":"2026-02-16T16:51:57","modified_gmt":"2026-02-16T15:51:57","slug":"boule-magique-rotative-coloree-rgb-lumiere-de-scene","status":"publish","type":"product","link":"https:\/\/shoponlinedz.com\/en\/product\/boule-magique-rotative-coloree-rgb-lumiere-de-scene\/","title":{"rendered":"Boule magique rotative color\u00e9e RGB, lumi\u00e8re de sc\u00e8ne"},"content":{"rendered":"<figure class=\"attachment attachment--preview\" data-trix-attachment=\"{&quot;contentType&quot;:&quot;image&quot;,&quot;height&quot;:1024,&quot;url&quot;:&quot;https:\/\/sawaqli.fra1.cdn.digitaloceanspaces.com\/19383\/Lampe-de-projection-astrale.jpg&quot;,&quot;width&quot;:1024}\" data-trix-content-type=\"image\"><img decoding=\"async\" class=\"aligncenter\" src=\"https:\/\/sawaqli.fra1.cdn.digitaloceanspaces.com\/19383\/Lampe-de-projection-astrale.jpg\" width=\"1024\" height=\"1024\" \/><figcaption class=\"attachment__caption\"><\/figcaption><\/figure>\n<figure class=\"attachment attachment--preview\" data-trix-attachment=\"{&quot;contentType&quot;:&quot;image&quot;,&quot;height&quot;:1024,&quot;url&quot;:&quot;https:\/\/sawaqli.fra1.cdn.digitaloceanspaces.com\/19384\/O1CN01BWiKne1x5aVWSCmcx_2208723136392-0-cib-1.jpg&quot;,&quot;width&quot;:1024}\" data-trix-content-type=\"image\"><img decoding=\"async\" class=\"aligncenter\" src=\"https:\/\/sawaqli.fra1.cdn.digitaloceanspaces.com\/19384\/O1CN01BWiKne1x5aVWSCmcx_2208723136392-0-cib-1.jpg\" width=\"1024\" height=\"1024\" \/><figcaption class=\"attachment__caption\"><\/figcaption><\/figure>\n<figure class=\"attachment attachment--preview\" data-trix-attachment=\"{&quot;contentType&quot;:&quot;image&quot;,&quot;height&quot;:1024,&quot;url&quot;:&quot;https:\/\/sawaqli.fra1.cdn.digitaloceanspaces.com\/19385\/616eoFcCPCL._AC_SL1500_-1.jpg&quot;,&quot;width&quot;:1024}\" data-trix-content-type=\"image\"><img decoding=\"async\" class=\"aligncenter\" src=\"https:\/\/sawaqli.fra1.cdn.digitaloceanspaces.com\/19385\/616eoFcCPCL._AC_SL1500_-1.jpg\" width=\"1024\" height=\"1024\" \/><figcaption class=\"attachment__caption\"><\/figcaption><\/figure>\n<figure class=\"attachment attachment--preview\" data-trix-attachment=\"{&quot;contentType&quot;:&quot;image&quot;,&quot;height&quot;:1024,&quot;url&quot;:&quot;https:\/\/sawaqli.fra1.cdn.digitaloceanspaces.com\/20897\/photo_1_2024-06-08_13-25-37.jpg&quot;,&quot;width&quot;:1024}\" data-trix-content-type=\"image\"><img decoding=\"async\" class=\"aligncenter\" src=\"https:\/\/sawaqli.fra1.cdn.digitaloceanspaces.com\/20897\/photo_1_2024-06-08_13-25-37.jpg\" width=\"1024\" height=\"1024\" \/><figcaption class=\"attachment__caption\"><\/figcaption><\/figure>\n<figure class=\"attachment attachment--preview\" data-trix-attachment=\"{&quot;contentType&quot;:&quot;image&quot;,&quot;height&quot;:1024,&quot;url&quot;:&quot;https:\/\/sawaqli.fra1.cdn.digitaloceanspaces.com\/20898\/photo_4_2024-06-08_13-25-37.jpg&quot;,&quot;width&quot;:1024}\" data-trix-content-type=\"image\"><img decoding=\"async\" class=\"aligncenter\" src=\"https:\/\/sawaqli.fra1.cdn.digitaloceanspaces.com\/20898\/photo_4_2024-06-08_13-25-37.jpg\" width=\"1024\" height=\"1024\" \/><figcaption class=\"attachment__caption\"><\/figcaption><\/figure>\n<p style=\"text-align: center;\">","protected":false},"excerpt":{"rendered":"<p>\u0645\u0635\u0628\u0627\u062d \u0646\u062c\u0648\u0645 \u0648\u0642\u0645\u0631 \u0628\u062a\u0623\u062b\u064a\u0631 \u062f\u0648\u0651\u0627\u0631\u064a\u0628\u0639\u062b \u0636\u0648\u0621\u064b\u0627 \u0645\u0644\u0648\u0646\u064b\u0627 \u0648\u062c\u0645\u064a\u0644\u064b\u0627 \u0639\u0644\u0649 \u0634\u0643\u0644 \u0646\u062c\u0648\u0645 \u0648\u0642\u0645\u0631 \u064a\u062f\u0648\u0631 \u062a\u0644\u0642\u0627\u0626\u064a\u064b\u0627.\u0645\u0632\u0648\u062f \u0628\u0648\u0636\u0639\u064a\u0627\u062a \u0625\u0636\u0627\u0621\u0629 \u0645\u062a\u0639\u062f\u062f\u0629 \u0648\u064a\u0645\u0643\u0646 \u0627\u0633\u062a\u062e\u062f\u0627\u0645\u0647 \u0643\u0645\u0635\u0628\u0627\u062d \u0642\u0631\u0627\u0621\u0629 \u0623\u064a\u0636\u064b\u0627.\u064a\u0639\u0645\u0644 \u0628\u0627\u0644\u0637\u0627\u0642\u0629 \u0639\u0628\u0631 USB (\u0645\u0646 \u0627\u0644\u0643\u0645\u0628\u064a\u0648\u062a\u0631 \u0623\u0648 \u0628\u0646\u0643 \u0627\u0644\u0637\u0627\u0642\u0629 \u0623\u0648 \u0634\u0627\u062d\u0646 \u0627\u0644\u0633\u064a\u0627\u0631\u0629).\u0645\u0635\u0646\u0648\u0639 \u0645\u0646 \u0645\u0627\u062f\u0629 ABS \u0645\u0642\u0627\u0648\u0645\u0629 \u0644\u0644\u062d\u0631\u0627\u0631\u0629 \u0648\u0627\u0644\u0635\u062f\u0645\u0627\u062a \u0648\u0645\u062a\u0627\u0646\u0629 \u0639\u0627\u0644\u064a\u0629.\u0645\u0646\u0627\u0633\u0628 \u0644\u0644\u062d\u0641\u0644\u0627\u062a\u060c \u0648\u0627\u0644\u0639\u0631\u0648\u0636\u060c \u0648\u0627\u0644\u0641\u0639\u0627\u0644\u064a\u0627\u062a\u060c \u0648\u064a\u0645\u0643\u0646 \u0627\u0633\u062a\u062e\u062f\u0627\u0645\u0647 \u0644\u062c\u0630\u0628 \u0627\u0644\u0627\u0646\u062a\u0628\u0627\u0647 \u0641\u064a \u0627\u0644\u0645\u062a\u0627\u062c\u0631.<\/p>","protected":false},"featured_media":59682,"comment_status":"open","ping_status":"closed","template":"","meta":[],"product_brand":[],"product_cat":[2460],"product_tag":[],"class_list":{"0":"post-59683","1":"product","2":"type-product","3":"status-publish","4":"has-post-thumbnail","6":"product_cat-decoration","8":"first","9":"instock","10":"taxable","11":"shipping-taxable","12":"purchasable","13":"product-type-simple"},"jetpack_sharing_enabled":true,"_links":{"self":[{"href":"https:\/\/shoponlinedz.com\/en\/wp-json\/wp\/v2\/product\/59683","targetHints":{"allow":["GET"]}}],"collection":[{"href":"https:\/\/shoponlinedz.com\/en\/wp-json\/wp\/v2\/product"}],"about":[{"href":"https:\/\/shoponlinedz.com\/en\/wp-json\/wp\/v2\/types\/product"}],"replies":[{"embeddable":true,"href":"https:\/\/shoponlinedz.com\/en\/wp-json\/wp\/v2\/comments?post=59683"}],"version-history":[{"count":0,"href":"https:\/\/shoponlinedz.com\/en\/wp-json\/wp\/v2\/product\/59683\/revisions"}],"wp:featuredmedia":[{"embeddable":true,"href":"https:\/\/shoponlinedz.com\/en\/wp-json\/wp\/v2\/media\/59682"}],"wp:attachment":[{"href":"https:\/\/shoponlinedz.com\/en\/wp-json\/wp\/v2\/media?parent=59683"}],"wp:term":[{"taxonomy":"product_brand","embeddable":true,"href":"https:\/\/shoponlinedz.com\/en\/wp-json\/wp\/v2\/product_brand?post=59683"},{"taxonomy":"product_cat","embeddable":true,"href":"https:\/\/shoponlinedz.com\/en\/wp-json\/wp\/v2\/product_cat?post=59683"},{"taxonomy":"product_tag","embeddable":true,"href":"https:\/\/shoponlinedz.com\/en\/wp-json\/wp\/v2\/product_tag?post=59683"}],"curies":[{"name":"wp","href":"https:\/\/api.w.org\/{rel}","templated":true}]}}