{"id":59617,"date":"2026-01-06T17:00:44","date_gmt":"2026-01-06T17:00:44","guid":{"rendered":"https:\/\/shoponlinedz.com\/product\/ventilateur-electrique-12v-pour-tableau-de-bord-de-voiture-rotatif-a-360-degres\/"},"modified":"2026-02-16T16:51:58","modified_gmt":"2026-02-16T15:51:58","slug":"ventilateur-electrique-12v-pour-tableau-de-bord-de-voiture-rotatif-a-360-degres","status":"publish","type":"product","link":"https:\/\/shoponlinedz.com\/en\/product\/ventilateur-electrique-12v-pour-tableau-de-bord-de-voiture-rotatif-a-360-degres\/","title":{"rendered":"Ventilateur \u00e9lectrique 12V pour tableau de bord de voiture, rotatif \u00e0 360 degr\u00e9s"},"content":{"rendered":"<figure class=\"attachment attachment--preview\" data-trix-attachment=\"{&quot;contentType&quot;:&quot;image&quot;,&quot;height&quot;:1024,&quot;url&quot;:&quot;https:\/\/sawaqli.fra1.cdn.digitaloceanspaces.com\/19481\/Lamastrale5745x4f.jpg&quot;,&quot;width&quot;:1024}\" data-trix-content-type=\"image\"><img decoding=\"async\" class=\"aligncenter\" src=\"https:\/\/sawaqli.fra1.cdn.digitaloceanspaces.com\/19481\/Lamastrale5745x4f.jpg\" width=\"1024\" height=\"1024\" \/><figcaption class=\"attachment__caption\"><\/figcaption><\/figure>\n<figure class=\"attachment attachment--preview\" data-trix-attachment=\"{&quot;contentType&quot;:&quot;image&quot;,&quot;height&quot;:1024,&quot;url&quot;:&quot;https:\/\/sawaqli.fra1.cdn.digitaloceanspaces.com\/19482\/550x732.jpg&quot;,&quot;width&quot;:1024}\" data-trix-content-type=\"image\"><img decoding=\"async\" class=\"aligncenter\" src=\"https:\/\/sawaqli.fra1.cdn.digitaloceanspaces.com\/19482\/550x732.jpg\" width=\"1024\" height=\"1024\" \/><figcaption class=\"attachment__caption\"><\/figcaption><\/figure>\n<figure class=\"attachment attachment--preview\" data-trix-attachment=\"{&quot;contentType&quot;:&quot;image&quot;,&quot;height&quot;:1024,&quot;url&quot;:&quot;https:\/\/sawaqli.fra1.cdn.digitaloceanspaces.com\/19483\/550x704.jpg&quot;,&quot;width&quot;:1024}\" data-trix-content-type=\"image\"><img decoding=\"async\" class=\"aligncenter\" src=\"https:\/\/sawaqli.fra1.cdn.digitaloceanspaces.com\/19483\/550x704.jpg\" width=\"1024\" height=\"1024\" \/><figcaption class=\"attachment__caption\"><\/figcaption><\/figure>\n<figure class=\"attachment attachment--preview\" data-trix-attachment=\"{&quot;contentType&quot;:&quot;image&quot;,&quot;height&quot;:1024,&quot;url&quot;:&quot;https:\/\/sawaqli.fra1.cdn.digitaloceanspaces.com\/19484\/f69d7ef5-f3c8-44d8-b76e-62df10561150.jpg&quot;,&quot;width&quot;:1024}\" data-trix-content-type=\"image\"><img decoding=\"async\" class=\"aligncenter\" src=\"https:\/\/sawaqli.fra1.cdn.digitaloceanspaces.com\/19484\/f69d7ef5-f3c8-44d8-b76e-62df10561150.jpg\" width=\"1024\" height=\"1024\" \/><figcaption class=\"attachment__caption\"><\/figcaption><\/figure>\n<figure class=\"attachment attachment--preview\" data-trix-attachment=\"{&quot;contentType&quot;:&quot;image&quot;,&quot;height&quot;:1024,&quot;url&quot;:&quot;https:\/\/sawaqli.fra1.cdn.digitaloceanspaces.com\/19485\/66cbddfe-8877-4b15-a192-4fd4cd8e13d3.jpg&quot;,&quot;width&quot;:1024}\" data-trix-content-type=\"image\"><img decoding=\"async\" class=\"aligncenter\" src=\"https:\/\/sawaqli.fra1.cdn.digitaloceanspaces.com\/19485\/66cbddfe-8877-4b15-a192-4fd4cd8e13d3.jpg\" width=\"1024\" height=\"1024\" \/><figcaption class=\"attachment__caption\"><\/figcaption><\/figure>\n<p style=\"text-align: center;\">","protected":false},"excerpt":{"rendered":"<p>\u0645\u0631\u0648\u062d\u0629 \u0633\u064a\u0627\u0631\u0629 12 \u0641\u0648\u0644\u062a \u0635\u063a\u064a\u0631\u0629:\u0627\u0633\u062a\u0647\u0644\u0627\u0643 \u0645\u0646\u062e\u0641\u0636 \u0644\u0644\u0637\u0627\u0642\u0629: \u062a\u0639\u0645\u0644 \u0628\u0637\u0627\u0642\u0629 DV 12V\/8-15W \u0644\u062a\u0648\u0641\u064a\u0631 \u0627\u0644\u0643\u0647\u0631\u0628\u0627\u0621.\u0636\u062c\u064a\u062c \u0645\u0646\u062e\u0641\u0636: \u0645\u062d\u0631\u0643 \u0646\u062d\u0627\u0633\u064a 100\u066a \u064a\u0648\u0641\u0631 \u0647\u0648\u0627\u0621 \u0642\u0648\u064a\u064b\u0627 \u0648\u0645\u0646\u0639\u0634\u064b\u0627 \u0628\u0647\u062f\u0648\u0621.\u062a\u0634\u063a\u064a\u0644 \u0645\u0628\u0627\u0634\u0631: \u062f\u0648\u0631\u0627\u0646 \u0628\u0632\u0627\u0648\u064a\u0629 360\u00b0 \u0648\u0633\u0631\u0639\u062a\u0627\u0646 \u0642\u0627\u0628\u0644\u062a\u0627\u0646 \u0644\u0644\u0636\u0628\u0637 \u0644\u062a\u0648\u0641\u064a\u0631 \u0631\u0627\u062d\u0629 \u0623\u0643\u0628\u0631.\u062d\u062c\u0645 \u0635\u063a\u064a\u0631: \u0644\u0627 \u062a\u0634\u063a\u0644 \u0645\u0633\u0627\u062d\u0629 \u0648\u0644\u0627 \u062a\u0639\u064a\u0642 \u0627\u0644\u0631\u0624\u064a\u0629\u060c \u0645\u0639 \u0644\u0627\u0635\u0642\u0627\u062a \u0644\u062a\u062b\u0628\u064a\u062a\u0647\u0627 \u0628\u0633\u0647\u0648\u0644\u0629 \u0639\u0644\u0649 \u0644\u0648\u062d\u0629 \u0627\u0644\u0642\u064a\u0627\u062f\u0629 \u0623\u0648 \u0645\u0633\u0646\u062f \u0627\u0644\u0645\u0642\u0639\u062f.\u0627\u0633\u062a\u062e\u062f\u0627\u0645 \u0645\u062a\u0639\u062f\u062f: \u0645\u0646\u0627\u0633\u0628\u0629 \u0644\u0644\u0633\u064a\u0627\u0631\u0627\u062a \u0648\u0627\u0644\u0634\u0627\u062d\u0646\u0627\u062a \u0648SUV \u0648\u0627\u0644\u0643\u0627\u0631\u0627\u0641\u0627\u0646\u0627\u062a\u060c \u0643\u0645\u0627 \u064a\u0645\u0643\u0646 \u0627\u0633\u062a\u062e\u062f\u0627\u0645\u0647\u0627 \u062f\u0627\u062e\u0644 \u0648\u062e\u0627\u0631\u062c \u0627\u0644\u0633\u064a\u0627\u0631\u0629 \u0644\u062a\u062c\u062f\u064a\u062f \u0627\u0644\u0647\u0648\u0627\u0621.<\/p>","protected":false},"featured_media":59616,"comment_status":"open","ping_status":"closed","template":"","meta":[],"product_brand":[],"product_cat":[2458],"product_tag":[],"class_list":{"0":"post-59617","1":"product","2":"type-product","3":"status-publish","4":"has-post-thumbnail","6":"product_cat-accessoires-auto-moto","8":"first","9":"instock","10":"taxable","11":"shipping-taxable","12":"purchasable","13":"product-type-simple"},"jetpack_sharing_enabled":true,"_links":{"self":[{"href":"https:\/\/shoponlinedz.com\/en\/wp-json\/wp\/v2\/product\/59617","targetHints":{"allow":["GET"]}}],"collection":[{"href":"https:\/\/shoponlinedz.com\/en\/wp-json\/wp\/v2\/product"}],"about":[{"href":"https:\/\/shoponlinedz.com\/en\/wp-json\/wp\/v2\/types\/product"}],"replies":[{"embeddable":true,"href":"https:\/\/shoponlinedz.com\/en\/wp-json\/wp\/v2\/comments?post=59617"}],"version-history":[{"count":0,"href":"https:\/\/shoponlinedz.com\/en\/wp-json\/wp\/v2\/product\/59617\/revisions"}],"wp:featuredmedia":[{"embeddable":true,"href":"https:\/\/shoponlinedz.com\/en\/wp-json\/wp\/v2\/media\/59616"}],"wp:attachment":[{"href":"https:\/\/shoponlinedz.com\/en\/wp-json\/wp\/v2\/media?parent=59617"}],"wp:term":[{"taxonomy":"product_brand","embeddable":true,"href":"https:\/\/shoponlinedz.com\/en\/wp-json\/wp\/v2\/product_brand?post=59617"},{"taxonomy":"product_cat","embeddable":true,"href":"https:\/\/shoponlinedz.com\/en\/wp-json\/wp\/v2\/product_cat?post=59617"},{"taxonomy":"product_tag","embeddable":true,"href":"https:\/\/shoponlinedz.com\/en\/wp-json\/wp\/v2\/product_tag?post=59617"}],"curies":[{"name":"wp","href":"https:\/\/api.w.org\/{rel}","templated":true}]}}