{"id":59513,"date":"2026-01-06T16:56:18","date_gmt":"2026-01-06T16:56:18","guid":{"rendered":"https:\/\/shoponlinedz.com\/product\/paire-de-semelles-en-silicone-souple-coussinet-complet-pour-les-pieds\/"},"modified":"2026-02-16T16:52:01","modified_gmt":"2026-02-16T15:52:01","slug":"paire-de-semelles-en-silicone-souple-coussinet-complet-pour-les-pieds","status":"publish","type":"product","link":"https:\/\/shoponlinedz.com\/en\/product\/paire-de-semelles-en-silicone-souple-coussinet-complet-pour-les-pieds\/","title":{"rendered":"Paire de semelles en silicone souple coussinet complet pour les pieds"},"content":{"rendered":"<figure class=\"attachment attachment--preview\" data-trix-attachment=\"{&quot;contentType&quot;:&quot;image&quot;,&quot;height&quot;:1024,&quot;url&quot;:&quot;https:\/\/sawaqli.fra1.cdn.digitaloceanspaces.com\/25168\/Semelle-silicone.jpg&quot;,&quot;width&quot;:1024}\" data-trix-content-type=\"image\"><img decoding=\"async\" class=\"aligncenter\" src=\"https:\/\/sawaqli.fra1.cdn.digitaloceanspaces.com\/25168\/Semelle-silicone.jpg\" width=\"1024\" height=\"1024\" \/><figcaption class=\"attachment__caption\"><\/figcaption><\/figure>\n<figure class=\"attachment attachment--preview\" data-trix-attachment=\"{&quot;contentType&quot;:&quot;image&quot;,&quot;height&quot;:1024,&quot;url&quot;:&quot;https:\/\/sawaqli.fra1.cdn.digitaloceanspaces.com\/19776\/71Tn279PIUL._AC_SL1500_.jpg&quot;,&quot;width&quot;:1024}\" data-trix-content-type=\"image\"><img decoding=\"async\" class=\"aligncenter\" src=\"https:\/\/sawaqli.fra1.cdn.digitaloceanspaces.com\/19776\/71Tn279PIUL._AC_SL1500_.jpg\" width=\"1024\" height=\"1024\" \/><figcaption class=\"attachment__caption\"><\/figcaption><\/figure>\n<figure class=\"attachment attachment--preview\" data-trix-attachment=\"{&quot;contentType&quot;:&quot;image&quot;,&quot;height&quot;:1024,&quot;url&quot;:&quot;https:\/\/sawaqli.fra1.cdn.digitaloceanspaces.com\/19777\/Semelles-int-rieures-Orth4WD-en-silicone-pour-hommes-et-femmes-ration-du-pied-plat-soutien-de.png&quot;,&quot;width&quot;:1024}\" data-trix-content-type=\"image\"><img decoding=\"async\" class=\"aligncenter\" src=\"https:\/\/sawaqli.fra1.cdn.digitaloceanspaces.com\/19777\/Semelles-int-rieures-Orth4WD-en-silicone-pour-hommes-et-femmes-ration-du-pied-plat-soutien-de.png\" width=\"1024\" height=\"1024\" \/><figcaption class=\"attachment__caption\"><\/figcaption><\/figure>\n<figure class=\"attachment attachment--preview\" data-trix-attachment=\"{&quot;contentType&quot;:&quot;image&quot;,&quot;height&quot;:1024,&quot;url&quot;:&quot;https:\/\/sawaqli.fra1.cdn.digitaloceanspaces.com\/19778\/6120Y3pmVWL._AC_SL1500_.jpg&quot;,&quot;width&quot;:1024}\" data-trix-content-type=\"image\"><img decoding=\"async\" class=\"aligncenter\" src=\"https:\/\/sawaqli.fra1.cdn.digitaloceanspaces.com\/19778\/6120Y3pmVWL._AC_SL1500_.jpg\" width=\"1024\" height=\"1024\" \/><figcaption class=\"attachment__caption\"><\/figcaption><\/figure>\n<figure class=\"attachment attachment--preview\" data-trix-attachment=\"{&quot;contentType&quot;:&quot;image&quot;,&quot;height&quot;:1024,&quot;url&quot;:&quot;https:\/\/sawaqli.fra1.cdn.digitaloceanspaces.com\/19779\/71za55j9XeL._AC_SL1500_.jpg&quot;,&quot;width&quot;:1024}\" data-trix-content-type=\"image\"><img decoding=\"async\" class=\"aligncenter\" src=\"https:\/\/sawaqli.fra1.cdn.digitaloceanspaces.com\/19779\/71za55j9XeL._AC_SL1500_.jpg\" width=\"1024\" height=\"1024\" \/><figcaption class=\"attachment__caption\"><\/figcaption><\/figure>\n<p style=\"text-align: center;\">","protected":false},"excerpt":{"rendered":"<p>\u0648\u0633\u0627\u062f\u0629 \u0642\u062f\u0645 \u0633\u064a\u0644\u064a\u0643\u0648\u0646 \u0639\u0627\u0644\u064a\u0629 \u0627\u0644\u062c\u0648\u062f\u0629 \ud83d\udc63\u0645\u0627\u062f\u0629 \u0645\u0645\u062a\u0627\u0632\u0629: \u0645\u0635\u0646\u0648\u0639\u0629 \u0645\u0646 \u062c\u0644 \u0627\u0644\u0633\u064a\u0644\u064a\u0643\u0627 \u0639\u0627\u0644\u064a \u0627\u0644\u062c\u0648\u062f\u0629 \u0627\u0644\u0645\u0645\u0632\u0648\u062c \u0628\u0645\u0643\u0648\u0646\u0627\u062a \u0645\u0636\u0627\u062f\u0629 \u0644\u0644\u0641\u0637\u0631\u064a\u0627\u062a \u0644\u0645\u0646\u0639 \u062a\u0639\u0631\u0642 \u0627\u0644\u0642\u062f\u0645\u064a\u0646 \u0648\u062d\u0645\u0627\u064a\u062a\u0647\u0627.\u0645\u0631\u0648\u0646\u0629 \u0641\u0627\u0626\u0642\u0629: \u0642\u0627\u0628\u0644\u0629 \u0644\u0644\u0651\u0648\u064a \u0648\u0627\u0644\u062f\u0648\u0631\u0627\u0646 \u0648\u0627\u0644\u0634\u062f \u062f\u0648\u0646 \u0623\u0646 \u062a\u0641\u0642\u062f \u0634\u0643\u0644\u0647\u0627\u060c \u0645\u0639 \u0642\u062f\u0631\u0629 \u0639\u0627\u0644\u064a\u0629 \u0639\u0644\u0649 \u0627\u0645\u062a\u0635\u0627\u0635 \u0627\u0644\u0635\u062f\u0645\u0627\u062a \u0648\u062a\u062e\u0641\u064a\u0641 \u0627\u0644\u0636\u063a\u0637.\u062a\u0635\u0645\u064a\u0645 \u0645\u0631\u064a\u062d \u0644\u062a\u062e\u0641\u064a\u0641 \u0627\u0644\u0623\u0644\u0645 \ud83d\udc99\u0646\u0648\u0627\u0629 \u0632\u0631\u0642\u0627\u0621 \u0645\u0631\u0646\u0629 \u0639\u0646\u062f \u0623\u0635\u0627\u0628\u0639 \u0627\u0644\u0642\u062f\u0645 \u0644\u062a\u0642\u0644\u064a\u0644 \u0627\u0644\u0636\u063a\u0637 \u0648\u0645\u0646\u0639 \u0645\u0633\u0627\u0645\u064a\u0631 \u0627\u0644\u0642\u062f\u0645 \u0648\u0627\u0644\u062c\u0644\u062f \u0627\u0644\u0633\u0645\u064a\u0643.\u0646\u0642\u0637\u0629 \u062a\u062f\u0644\u064a\u0643 \u0634\u0641\u0627\u0641\u0629 \u0641\u064a \u0627\u0644\u0645\u0646\u062a\u0635\u0641 \u0644\u062a\u0642\u0644\u064a\u0644 \u0627\u0644\u0623\u0644\u0645 \u0648\u062a\u0646\u0634\u064a\u0637 \u0627\u0644\u062f\u0648\u0631\u0629 \u0627\u0644\u062f\u0645\u0648\u064a\u0629.\u0627\u0645\u062a\u0635\u0627\u0635 \u0635\u062f\u0645\u0627\u062a \u0628\u0627\u0644\u0643\u0639\u0628 \u064a\u062e\u0641\u0641 \u0622\u0644\u0627\u0645 \u0627\u0644\u0645\u0634\u064a \u0627\u0644\u0637\u0648\u064a\u0644.\u062a\u062e\u0641\u064a\u0641 \u0641\u0639\u0627\u0644 \u0644\u0622\u0644\u0627\u0645 \u0627\u0644\u0642\u062f\u0645 \ud83d\udc4c\u064a\u0642\u0644\u0644 \u0645\u0646 \u0634\u0648\u0643\u0629 \u0627\u0644\u0643\u0639\u0628\u060c \u0627\u0644\u062a\u0647\u0627\u0628 \u0627\u0644\u0644\u0641\u0627\u0641\u0629 \u0627\u0644\u0623\u062e\u0645\u0635\u064a\u0629\u060c \u0627\u0644\u062a\u0647\u0627\u0628 \u0648\u062a\u0631 \u0623\u062e\u064a\u0644 \u0648\u0622\u0644\u0627\u0645 \u0627\u0644\u0645\u0634\u064a \u0627\u0644\u0637\u0648\u064a\u0644.\u064a\u0648\u0632\u0639 \u0627\u0644\u0636\u063a\u0637 \u0644\u062a\u0642\u0644\u064a\u0644 \u0627\u0644\u062a\u0639\u0628 \u0648\u0627\u0644\u062a\u0648\u0631\u0645 \u0641\u064a \u0627\u0644\u0642\u062f\u0645\u064a\u0646 \u0648\u0627\u0644\u0633\u0627\u0642\u064a\u0646 \u0648\u0623\u0633\u0641\u0644 \u0627\u0644\u0638\u0647\u0631.\u0645\u0642\u0627\u0633\u0627\u062a \u0645\u062a\u0639\u062f\u062f\u0629 \u062a\u0646\u0627\u0633\u0628 \u0627\u0644\u062c\u0645\u064a\u0639 \ud83d\udd27\u064a\u062a\u0648\u0641\u0631 \u0628\u062b\u0644\u0627\u062b\u0629 \u0645\u0642\u0627\u0633\u0627\u062a \u0644\u0644\u0631\u062c\u0627\u0644 \u0648\u0627\u0644\u0646\u0633\u0627\u0621 \u0645\u0639 \u0625\u0645\u0643\u0627\u0646\u064a\u0629 \u0627\u0644\u0642\u0635 \u062d\u0633\u0628 \u062d\u062c\u0645 \u0627\u0644\u0642\u062f\u0645.\u064a\u0646\u0627\u0633\u0628 \u062c\u0645\u064a\u0639 \u0623\u0646\u0648\u0627\u0639 \u0627\u0644\u0623\u062d\u0630\u064a\u0629 \u0648\u064a\u0645\u0643\u0646 \u0625\u0639\u0627\u062f\u0629 \u0627\u0633\u062a\u062e\u062f\u0627\u0645\u0647 \u0628\u0639\u062f \u0627\u0644\u063a\u0633\u0644 \u0628\u0627\u0644\u0645\u0627\u0621.\u0645\u0646\u0627\u0633\u0628 \u0644\u0644\u062c\u0645\u064a\u0639 \u0648\u0641\u064a \u0643\u0644 \u0645\u0643\u0627\u0646 \ud83c\udfc3\u200d\u2642\ufe0f\u064a\u0648\u0632\u0639 \u0627\u0644\u0636\u063a\u0637 \u0639\u0644\u0649 \u0627\u0644\u0642\u062f\u0645 \u0648\u064a\u062e\u0641\u0641 \u0622\u0644\u0627\u0645 \u0627\u0644\u0643\u0639\u0628\u060c \u0627\u0644\u0623\u0635\u0627\u0628\u0639\u060c \u0627\u0644\u0631\u0643\u0628\u0629 \u0648\u0627\u0644\u0638\u0647\u0631.\u064a\u0633\u0627\u0639\u062f \u0639\u0644\u0649 \u062a\u0635\u062d\u064a\u062d \u0627\u0644\u0642\u062f\u0645 \u0627\u0644\u0645\u0633\u0637\u062d\u0629.\u0645\u062b\u0627\u0644\u064a \u0644\u0644\u0639\u0627\u0645\u0644\u064a\u0646 \u0644\u0633\u0627\u0639\u0627\u062a \u0637\u0648\u064a\u0644\u0629\u060c \u0627\u0644\u0631\u064a\u0627\u0636\u064a\u064a\u0646\u060c \u0627\u0644\u0631\u0627\u0642\u0635\u064a\u0646\u060c \u0639\u0645\u0627\u0644 \u0627\u0644\u0628\u0646\u0627\u0621 \u0648\u0643\u0628\u0627\u0631 \u0627\u0644\u0633\u0646Sp\u00e9cification :\u00c9tat : 100 % neufType d&#8217;article : Semelle int\u00e9rieure en siliconeCouleur : bleu et blancMat\u00e9riau : SiliconeTaille Longueur Largeur \u00c9paisseur de la demi-semelle \u00c9paisseur du renflement \u00c9paisseur du talon S (40-42) 26,2 cm M(43-44) 27,2 cm L(45-46\uff09 28,2 cm.<\/p>","protected":false},"featured_media":59512,"comment_status":"open","ping_status":"closed","template":"","meta":[],"product_brand":[],"product_cat":[2457],"product_tag":[],"class_list":{"0":"post-59513","1":"product","2":"type-product","3":"status-publish","4":"has-post-thumbnail","6":"product_cat-soins-et-beaute","8":"first","9":"instock","10":"taxable","11":"shipping-taxable","12":"purchasable","13":"product-type-simple"},"jetpack_sharing_enabled":true,"_links":{"self":[{"href":"https:\/\/shoponlinedz.com\/en\/wp-json\/wp\/v2\/product\/59513","targetHints":{"allow":["GET"]}}],"collection":[{"href":"https:\/\/shoponlinedz.com\/en\/wp-json\/wp\/v2\/product"}],"about":[{"href":"https:\/\/shoponlinedz.com\/en\/wp-json\/wp\/v2\/types\/product"}],"replies":[{"embeddable":true,"href":"https:\/\/shoponlinedz.com\/en\/wp-json\/wp\/v2\/comments?post=59513"}],"version-history":[{"count":0,"href":"https:\/\/shoponlinedz.com\/en\/wp-json\/wp\/v2\/product\/59513\/revisions"}],"wp:featuredmedia":[{"embeddable":true,"href":"https:\/\/shoponlinedz.com\/en\/wp-json\/wp\/v2\/media\/59512"}],"wp:attachment":[{"href":"https:\/\/shoponlinedz.com\/en\/wp-json\/wp\/v2\/media?parent=59513"}],"wp:term":[{"taxonomy":"product_brand","embeddable":true,"href":"https:\/\/shoponlinedz.com\/en\/wp-json\/wp\/v2\/product_brand?post=59513"},{"taxonomy":"product_cat","embeddable":true,"href":"https:\/\/shoponlinedz.com\/en\/wp-json\/wp\/v2\/product_cat?post=59513"},{"taxonomy":"product_tag","embeddable":true,"href":"https:\/\/shoponlinedz.com\/en\/wp-json\/wp\/v2\/product_tag?post=59513"}],"curies":[{"name":"wp","href":"https:\/\/api.w.org\/{rel}","templated":true}]}}