{"id":59495,"date":"2026-01-06T16:55:37","date_gmt":"2026-01-06T16:55:37","guid":{"rendered":"https:\/\/shoponlinedz.com\/product\/panier-a-linge-sale-pliable-avec-3-grilles-pour-separer-les-vetements-v3\/"},"modified":"2026-02-16T16:52:02","modified_gmt":"2026-02-16T15:52:02","slug":"panier-a-linge-sale-pliable-avec-3-grilles-pour-separer-les-vetements-v3","status":"publish","type":"product","link":"https:\/\/shoponlinedz.com\/en\/product\/panier-a-linge-sale-pliable-avec-3-grilles-pour-separer-les-vetements-v3\/","title":{"rendered":"Panier \u00e0 linge sale pliable avec 3 grilles pour s\u00e9parer les v\u00eatements V3"},"content":{"rendered":"<figure class=\"attachment attachment--preview\" data-trix-attachment=\"{&quot;contentType&quot;:&quot;image&quot;,&quot;height&quot;:1024,&quot;url&quot;:&quot;https:\/\/sawaqli.fra1.cdn.digitaloceanspaces.com\/19942\/71NAEv4mYWL._AC_SL1500_.jpg&quot;,&quot;width&quot;:1024}\" data-trix-content-type=\"image\"><img decoding=\"async\" class=\"aligncenter\" src=\"https:\/\/sawaqli.fra1.cdn.digitaloceanspaces.com\/19942\/71NAEv4mYWL._AC_SL1500_.jpg\" width=\"1024\" height=\"1024\" \/><figcaption class=\"attachment__caption\"><\/figcaption><\/figure>\n<figure class=\"attachment attachment--preview\" data-trix-attachment=\"{&quot;contentType&quot;:&quot;image&quot;,&quot;height&quot;:1024,&quot;url&quot;:&quot;https:\/\/sawaqli.fra1.cdn.digitaloceanspaces.com\/19943\/O1CN01IPn3F420tuxlbNFjn_2215421026908-0-cib.jpg&quot;,&quot;width&quot;:1024}\" data-trix-content-type=\"image\"><img decoding=\"async\" class=\"aligncenter\" src=\"https:\/\/sawaqli.fra1.cdn.digitaloceanspaces.com\/19943\/O1CN01IPn3F420tuxlbNFjn_2215421026908-0-cib.jpg\" width=\"1024\" height=\"1024\" \/><figcaption class=\"attachment__caption\"><\/figcaption><\/figure>\n<figure class=\"attachment attachment--preview\" data-trix-attachment=\"{&quot;contentType&quot;:&quot;image&quot;,&quot;height&quot;:1024,&quot;url&quot;:&quot;https:\/\/sawaqli.fra1.cdn.digitaloceanspaces.com\/19944\/O1CN01Ezn6l01g76Qy1rsVv_2208103254094-0-cib.jpg&quot;,&quot;width&quot;:1024}\" data-trix-content-type=\"image\"><img decoding=\"async\" class=\"aligncenter\" src=\"https:\/\/sawaqli.fra1.cdn.digitaloceanspaces.com\/19944\/O1CN01Ezn6l01g76Qy1rsVv_2208103254094-0-cib.jpg\" width=\"1024\" height=\"1024\" \/><figcaption class=\"attachment__caption\"><\/figcaption><\/figure>\n<p style=\"text-align: center;\">","protected":false},"excerpt":{"rendered":"<p>\u0633\u0644\u0629 \u063a\u0633\u064a\u0644 \u0639\u0645\u0644\u064a\u0629 \u0642\u0627\u0628\u0644\u0629 \u0644\u0644\u0637\u064a \u0645\u062a\u064a\u0646\u0629 \u0648\u062a\u062a\u062d\u0645\u0644 \u0627\u0644\u0627\u0633\u062a\u062e\u062f\u0627\u0645 \u0627\u0644\u0645\u062a\u0643\u0631\u0631 \u0641\u064a \u063a\u0631\u0641 \u0627\u0644\u0646\u0648\u0645 \u0623\u0648 \u0627\u0644\u062d\u0645\u0627\u0645\u0627\u062a \u0623\u0648 \u0627\u0644\u0634\u0642\u0642. \u0627\u0644\u0645\u0645\u064a\u0632\u0627\u062a:\u0647\u062f\u064a\u0629 \u0639\u0645\u0644\u064a\u0629 \u0648\u0645\u0628\u062a\u0643\u0631\u0629 \u0644\u0644\u0639\u0627\u0626\u0644\u0629 \u0648\u0627\u0644\u0623\u0635\u062f\u0642\u0627\u0621\u062a\u0633\u0627\u0639\u062f \u0641\u064a \u0641\u0631\u0632 \u0627\u0644\u0645\u0644\u0627\u0628\u0633 \u0628\u0633\u0631\u0639\u0629 \u0644\u062a\u0648\u0641\u064a\u0631 \u0627\u0644\u0648\u0642\u062a \u0648\u0627\u0644\u062c\u0647\u062f\u0645\u0635\u0646\u0648\u0639\u0629 \u0645\u0646 \u0642\u0645\u0627\u0634 \u0623\u0648\u0643\u0633\u0641\u0648\u0631\u062f \u0648\u0625\u0637\u0627\u0631 \u0645\u0646 \u0627\u0644\u0623\u0644\u0648\u0645\u0646\u064a\u0648\u0645 \u0644\u0645\u062a\u0627\u0646\u0629 \u0648\u062b\u0628\u0627\u062a \u0648\u0645\u0642\u0627\u0648\u0645\u0629 \u0644\u0644\u0645\u0627\u0621\u0642\u0627\u0628\u0644\u0629 \u0644\u0644\u0637\u064a \u0644\u062a\u0648\u0641\u064a\u0631 \u0627\u0644\u0645\u0633\u0627\u062d\u0629\u0645\u0646\u0627\u0633\u0628\u0629 \u0644\u0644\u0623\u0637\u0641\u0627\u0644 \u0627\u0644\u0635\u063a\u0627\u0631 \u0648\u0643\u0628\u0627\u0631 \u0627\u0644\u0633\u0646<\/p>","protected":false},"featured_media":59494,"comment_status":"open","ping_status":"closed","template":"","meta":[],"product_brand":[],"product_cat":[2455],"product_tag":[],"class_list":{"0":"post-59495","1":"product","2":"type-product","3":"status-publish","4":"has-post-thumbnail","6":"product_cat-maison","8":"first","9":"instock","10":"taxable","11":"shipping-taxable","12":"purchasable","13":"product-type-simple"},"jetpack_sharing_enabled":true,"_links":{"self":[{"href":"https:\/\/shoponlinedz.com\/en\/wp-json\/wp\/v2\/product\/59495","targetHints":{"allow":["GET"]}}],"collection":[{"href":"https:\/\/shoponlinedz.com\/en\/wp-json\/wp\/v2\/product"}],"about":[{"href":"https:\/\/shoponlinedz.com\/en\/wp-json\/wp\/v2\/types\/product"}],"replies":[{"embeddable":true,"href":"https:\/\/shoponlinedz.com\/en\/wp-json\/wp\/v2\/comments?post=59495"}],"version-history":[{"count":0,"href":"https:\/\/shoponlinedz.com\/en\/wp-json\/wp\/v2\/product\/59495\/revisions"}],"wp:featuredmedia":[{"embeddable":true,"href":"https:\/\/shoponlinedz.com\/en\/wp-json\/wp\/v2\/media\/59494"}],"wp:attachment":[{"href":"https:\/\/shoponlinedz.com\/en\/wp-json\/wp\/v2\/media?parent=59495"}],"wp:term":[{"taxonomy":"product_brand","embeddable":true,"href":"https:\/\/shoponlinedz.com\/en\/wp-json\/wp\/v2\/product_brand?post=59495"},{"taxonomy":"product_cat","embeddable":true,"href":"https:\/\/shoponlinedz.com\/en\/wp-json\/wp\/v2\/product_cat?post=59495"},{"taxonomy":"product_tag","embeddable":true,"href":"https:\/\/shoponlinedz.com\/en\/wp-json\/wp\/v2\/product_tag?post=59495"}],"curies":[{"name":"wp","href":"https:\/\/api.w.org\/{rel}","templated":true}]}}