{"id":59408,"date":"2026-01-06T16:51:57","date_gmt":"2026-01-06T16:51:57","guid":{"rendered":"https:\/\/shoponlinedz.com\/product\/lampe-de-tete-a-mouvement-rechargeable-sh-s21\/"},"modified":"2026-02-16T16:52:11","modified_gmt":"2026-02-16T15:52:11","slug":"lampe-de-tete-a-mouvement-rechargeable-sh-s21","status":"publish","type":"product","link":"https:\/\/shoponlinedz.com\/en\/product\/lampe-de-tete-a-mouvement-rechargeable-sh-s21\/","title":{"rendered":"Lampe de T\u00eate \u00e0 Mouvement Rechargeable SH-S21"},"content":{"rendered":"<figure class=\"attachment attachment--preview\" data-trix-attachment=\"{&quot;contentType&quot;:&quot;image&quot;,&quot;height&quot;:1024,&quot;url&quot;:&quot;https:\/\/sawaqli.fra1.cdn.digitaloceanspaces.com\/20252\/SH-S31-CNC.jpg&quot;,&quot;width&quot;:1024}\" data-trix-content-type=\"image\"><img decoding=\"async\" class=\"aligncenter\" src=\"https:\/\/sawaqli.fra1.cdn.digitaloceanspaces.com\/20252\/SH-S31-CNC.jpg\" width=\"1024\" height=\"1024\" \/><figcaption class=\"attachment__caption\"><\/figcaption><\/figure>\n<figure class=\"attachment attachment--preview\" data-trix-attachment=\"{&quot;contentType&quot;:&quot;image&quot;,&quot;height&quot;:1024,&quot;url&quot;:&quot;https:\/\/sawaqli.fra1.cdn.digitaloceanspaces.com\/20253\/SH-S31-5.jpg&quot;,&quot;width&quot;:1024}\" data-trix-content-type=\"image\"><img decoding=\"async\" class=\"aligncenter\" src=\"https:\/\/sawaqli.fra1.cdn.digitaloceanspaces.com\/20253\/SH-S31-5.jpg\" width=\"1024\" height=\"1024\" \/><figcaption class=\"attachment__caption\"><\/figcaption><\/figure>\n<figure class=\"attachment attachment--preview\" data-trix-attachment=\"{&quot;contentType&quot;:&quot;image&quot;,&quot;height&quot;:1024,&quot;url&quot;:&quot;https:\/\/sawaqli.fra1.cdn.digitaloceanspaces.com\/20254\/SH-S31-3.jpg&quot;,&quot;width&quot;:1024}\" data-trix-content-type=\"image\"><img decoding=\"async\" class=\"aligncenter\" src=\"https:\/\/sawaqli.fra1.cdn.digitaloceanspaces.com\/20254\/SH-S31-3.jpg\" width=\"1024\" height=\"1024\" \/><figcaption class=\"attachment__caption\"><\/figcaption><\/figure>\n<figure class=\"attachment attachment--preview\" data-trix-attachment=\"{&quot;contentType&quot;:&quot;image&quot;,&quot;height&quot;:1024,&quot;url&quot;:&quot;https:\/\/sawaqli.fra1.cdn.digitaloceanspaces.com\/20255\/SH-S31-4.jpg&quot;,&quot;width&quot;:1024}\" data-trix-content-type=\"image\"><img decoding=\"async\" class=\"aligncenter\" src=\"https:\/\/sawaqli.fra1.cdn.digitaloceanspaces.com\/20255\/SH-S31-4.jpg\" width=\"1024\" height=\"1024\" \/><figcaption class=\"attachment__caption\"><\/figcaption><\/figure>\n<figure class=\"attachment attachment--preview\" data-trix-attachment=\"{&quot;contentType&quot;:&quot;image&quot;,&quot;height&quot;:1024,&quot;url&quot;:&quot;https:\/\/sawaqli.fra1.cdn.digitaloceanspaces.com\/20256\/SH-S31-6.jpg&quot;,&quot;width&quot;:1024}\" data-trix-content-type=\"image\"><img decoding=\"async\" class=\"aligncenter\" src=\"https:\/\/sawaqli.fra1.cdn.digitaloceanspaces.com\/20256\/SH-S31-6.jpg\" width=\"1024\" height=\"1024\" \/><figcaption class=\"attachment__caption\"><\/figcaption><\/figure>\n<p style=\"text-align: center;\">","protected":false},"excerpt":{"rendered":"<p>Interrupteur multifonction : appuyez sur l\u2019interrupteur \u00e0 induction pour activer le mode induction. Appuyez sur l\u2019interrupteur d\u2019alimentation pour passer en mode manuel. D\u00e9tection sensible, d\u00e9tection d\u2019onde, utilisant un dispositif de d\u00e9tection infrarouge de haute qualit\u00e9, onde pour contr\u00f4ler l\u2019interrupteur des phares.Fonction puissante : conception \u00e0 double source de lumi\u00e8re, r\u00e9glage de l\u2019angle \u00e0 90 \u00b0, batterie \u00e9tanche de grande capacit\u00e9, chargement intelligent USB, pour r\u00e9pondre aux besoins de diff\u00e9rentes sc\u00e8nes de lumi\u00e8re.Angle r\u00e9glable : les angles sup\u00e9rieur et inf\u00e9rieur de la t\u00eate de lampe peuvent \u00eatre ajust\u00e9s, et il n\u2019y a pas d\u2019angle mort pour un \u00e9clairage \u00e0 90 degr\u00e9s, afin de r\u00e9pondre \u00e0 vos besoins en mati\u00e8re de diff\u00e9rents angles d\u2019\u00e9clairage.Portable et petit : mini et portable, facile \u00e0 utiliser, sans crainte du vent et de la pluie, adapt\u00e9 pour l\u2019exploration, la course de nuit, le camping, l\u2019entretien, la randonn\u00e9e, etc. Les phares intelligents l\u00e9gers lib\u00e8rent vos mains.<\/p>","protected":false},"featured_media":59407,"comment_status":"open","ping_status":"closed","template":"","meta":[],"product_brand":[],"product_cat":[2464],"product_tag":[],"class_list":{"0":"post-59408","1":"product","2":"type-product","3":"status-publish","4":"has-post-thumbnail","6":"product_cat-camping-et-randonnee","8":"first","9":"instock","10":"taxable","11":"shipping-taxable","12":"purchasable","13":"product-type-simple"},"jetpack_sharing_enabled":true,"_links":{"self":[{"href":"https:\/\/shoponlinedz.com\/en\/wp-json\/wp\/v2\/product\/59408","targetHints":{"allow":["GET"]}}],"collection":[{"href":"https:\/\/shoponlinedz.com\/en\/wp-json\/wp\/v2\/product"}],"about":[{"href":"https:\/\/shoponlinedz.com\/en\/wp-json\/wp\/v2\/types\/product"}],"replies":[{"embeddable":true,"href":"https:\/\/shoponlinedz.com\/en\/wp-json\/wp\/v2\/comments?post=59408"}],"version-history":[{"count":0,"href":"https:\/\/shoponlinedz.com\/en\/wp-json\/wp\/v2\/product\/59408\/revisions"}],"wp:featuredmedia":[{"embeddable":true,"href":"https:\/\/shoponlinedz.com\/en\/wp-json\/wp\/v2\/media\/59407"}],"wp:attachment":[{"href":"https:\/\/shoponlinedz.com\/en\/wp-json\/wp\/v2\/media?parent=59408"}],"wp:term":[{"taxonomy":"product_brand","embeddable":true,"href":"https:\/\/shoponlinedz.com\/en\/wp-json\/wp\/v2\/product_brand?post=59408"},{"taxonomy":"product_cat","embeddable":true,"href":"https:\/\/shoponlinedz.com\/en\/wp-json\/wp\/v2\/product_cat?post=59408"},{"taxonomy":"product_tag","embeddable":true,"href":"https:\/\/shoponlinedz.com\/en\/wp-json\/wp\/v2\/product_tag?post=59408"}],"curies":[{"name":"wp","href":"https:\/\/api.w.org\/{rel}","templated":true}]}}