{"id":59341,"date":"2026-01-06T16:49:28","date_gmt":"2026-01-06T16:49:28","guid":{"rendered":"https:\/\/shoponlinedz.com\/product\/cadenas-a-empreintes-digitales-etanche-serrure-biometrique-en-metal-sans-cle\/"},"modified":"2026-02-16T16:52:13","modified_gmt":"2026-02-16T15:52:13","slug":"cadenas-a-empreintes-digitales-etanche-serrure-biometrique-en-metal-sans-cle","status":"publish","type":"product","link":"https:\/\/shoponlinedz.com\/en\/product\/cadenas-a-empreintes-digitales-etanche-serrure-biometrique-en-metal-sans-cle\/","title":{"rendered":"Cadenas \u00e0 Empreintes Digitales \u00e9tanche, Serrure Biom\u00e9trique En M\u00e9tal Sans Cl\u00e9"},"content":{"rendered":"<figure class=\"attachment attachment--preview\" data-trix-attachment=\"{&quot;contentType&quot;:&quot;image&quot;,&quot;height&quot;:1024,&quot;url&quot;:&quot;https:\/\/sawaqli.fra1.cdn.digitaloceanspaces.com\/21148\/Cadenas-Degital-cnc.jpg&quot;,&quot;width&quot;:1024}\" data-trix-content-type=\"image\"><img decoding=\"async\" class=\"aligncenter\" src=\"https:\/\/sawaqli.fra1.cdn.digitaloceanspaces.com\/21148\/Cadenas-Degital-cnc.jpg\" width=\"1024\" height=\"1024\" \/><figcaption class=\"attachment__caption\"><\/figcaption><\/figure>\n<figure class=\"attachment attachment--preview\" data-trix-attachment=\"{&quot;contentType&quot;:&quot;image&quot;,&quot;height&quot;:1024,&quot;url&quot;:&quot;https:\/\/sawaqli.fra1.cdn.digitaloceanspaces.com\/21149\/Cadenas-Degital-16.jpg&quot;,&quot;width&quot;:1024}\" data-trix-content-type=\"image\"><img decoding=\"async\" class=\"aligncenter\" src=\"https:\/\/sawaqli.fra1.cdn.digitaloceanspaces.com\/21149\/Cadenas-Degital-16.jpg\" width=\"1024\" height=\"1024\" \/><figcaption class=\"attachment__caption\"><\/figcaption><\/figure>\n<figure class=\"attachment attachment--preview\" data-trix-attachment=\"{&quot;contentType&quot;:&quot;image&quot;,&quot;height&quot;:1024,&quot;url&quot;:&quot;https:\/\/sawaqli.fra1.cdn.digitaloceanspaces.com\/21150\/Cadenas-Degital-1.jpg&quot;,&quot;width&quot;:1024}\" data-trix-content-type=\"image\"><img decoding=\"async\" class=\"aligncenter\" src=\"https:\/\/sawaqli.fra1.cdn.digitaloceanspaces.com\/21150\/Cadenas-Degital-1.jpg\" width=\"1024\" height=\"1024\" \/><figcaption class=\"attachment__caption\"><\/figcaption><\/figure>\n<figure class=\"attachment attachment--preview\" data-trix-attachment=\"{&quot;contentType&quot;:&quot;image&quot;,&quot;height&quot;:1024,&quot;url&quot;:&quot;https:\/\/sawaqli.fra1.cdn.digitaloceanspaces.com\/21151\/Cadenas-Degital-4.jpg&quot;,&quot;width&quot;:1024}\" data-trix-content-type=\"image\"><img decoding=\"async\" class=\"aligncenter\" src=\"https:\/\/sawaqli.fra1.cdn.digitaloceanspaces.com\/21151\/Cadenas-Degital-4.jpg\" width=\"1024\" height=\"1024\" \/><figcaption class=\"attachment__caption\"><\/figcaption><\/figure>\n<figure class=\"attachment attachment--preview\" data-trix-attachment=\"{&quot;contentType&quot;:&quot;image&quot;,&quot;height&quot;:1024,&quot;url&quot;:&quot;https:\/\/sawaqli.fra1.cdn.digitaloceanspaces.com\/21152\/Cadenas-Degital-9.jpg&quot;,&quot;width&quot;:1024}\" data-trix-content-type=\"image\"><img decoding=\"async\" class=\"aligncenter\" src=\"https:\/\/sawaqli.fra1.cdn.digitaloceanspaces.com\/21152\/Cadenas-Degital-9.jpg\" width=\"1024\" height=\"1024\" \/><figcaption class=\"attachment__caption\"><\/figcaption><\/figure>\n<p style=\"text-align: center;\">","protected":false},"excerpt":{"rendered":"<p>\u062a\u0642\u0646\u064a\u0629 \u0645\u062a\u0637\u0648\u0631\u0629 \u0644\u0628\u0635\u0645\u0629 \u0627\u0644\u0625\u0635\u0628\u0639 \u0627\u0641\u062a\u062d \u0628\u0627\u0628 \u062e\u0632\u0627\u0646\u0629 \u0645\u0644\u0627\u0628\u0633\u0643 \u0641\u064a \u0644\u062d\u0638\u0629 \u0628\u0641\u0636\u0644 \u062a\u0642\u0646\u064a\u0629 \u0628\u0635\u0645\u0629 \u0627\u0644\u0625\u0635\u0628\u0639 \u0627\u0644\u0645\u062a\u0642\u062f\u0645\u0629. \u0644\u0627 \u062d\u0627\u062c\u0629 \u0625\u0644\u0649 \u0628\u0637\u0627\u0642\u0627\u062a \u0623\u0648 \u0645\u0641\u0627\u062a\u064a\u062d \u0623\u0648 \u0623\u064a \u0627\u062a\u0635\u0627\u0644 \u0625\u0636\u0627\u0641\u064a\u060c \u0641\u0628\u0635\u0645\u062a\u0643 \u0647\u064a \u0627\u0644\u0645\u0641\u062a\u0627\u062d \u0627\u0644\u0648\u062d\u064a\u062f! \u0645\u062a\u064a\u0646\u0629 \u0648\u0642\u0648\u064a\u0629: \u0645\u0635\u0646\u0648\u0639\u0629 \u0645\u0646 \u0633\u0628\u0627\u0626\u0643 \u0627\u0644\u0632\u0646\u0643 \u0639\u0627\u0644\u064a\u0629 \u0627\u0644\u062c\u0648\u062f\u0629 \u0648\u0644\u0648\u062d\u0629 ABS \u0645\u062a\u064a\u0646\u0629\u060c \u0645\u0639 \u0642\u0641\u0644 \u0645\u0646 \u0627\u0644\u0641\u0648\u0644\u0627\u0630 \u0627\u0644\u0645\u0642\u0627\u0648\u0645 \u0644\u0644\u0635\u062f\u0623 304 \u0644\u0645\u0642\u0627\u0648\u0645\u0629 \u062c\u0645\u064a\u0639 \u0627\u0644\u0638\u0631\u0648\u0641 \u0627\u0644\u062c\u0648\u064a\u0629. \u0633\u0647\u0644\u0629 \u0627\u0644\u062a\u0631\u0643\u064a\u0628: \u064a\u0645\u0643\u0646 \u062a\u0631\u0643\u064a\u0628 \u0627\u0644\u0642\u0641\u0644 \u0628\u0633\u0647\u0648\u0644\u0629 \u0639\u0644\u0649 \u0623\u064a \u0642\u0637\u0639\u0629 \u0623\u062b\u0627\u062b \u0645\u0646\u0627\u0633\u0628\u0629 \u0627\u0644\u0633\u0645\u0643\u060c \u0644\u062a\u0633\u062a\u0645\u062a\u0639 \u0628\u062a\u0631\u0643\u064a\u0628\u0647\u0627 \u0628\u0646\u0641\u0633\u0643. \u0627\u0633\u062a\u062e\u062f\u0627\u0645\u0627\u062a \u0648\u0627\u0633\u0639\u0629: \u0645\u062b\u0627\u0644\u064a\u0629 \u0644\u0644\u0623\u062b\u0627\u062b \u0627\u0644\u062e\u0634\u0628\u064a \u0645\u062b\u0644 \u0627\u0644\u062e\u0632\u0627\u0626\u0646 \u0648\u0627\u0644\u0623\u062f\u0631\u0627\u062c \u0648\u0635\u0646\u0627\u062f\u064a\u0642 \u0627\u0644\u062a\u062e\u0632\u064a\u0646 \u0648\u063a\u064a\u0631\u0647\u0627. \u062d\u0645\u0627\u064a\u0629 \u0627\u0644\u062e\u0635\u0648\u0635\u064a\u0629: \u0627\u0644\u062e\u064a\u0627\u0631 \u0627\u0644\u0623\u0645\u062b\u0644 \u0644\u062d\u0645\u0627\u064a\u0629 \u0645\u0642\u062a\u0646\u064a\u0627\u062a\u0643 \u0648\u0648\u062b\u0627\u0626\u0642\u0643 \u0627\u0644\u062e\u0627\u0635\u0629 \u0648\u0645\u0646\u0639 \u0627\u0644\u0639\u0628\u062b \u0628\u0647\u0627 \u0623\u0648 \u062a\u0644\u0641\u0647\u0627.<\/p>","protected":false},"featured_media":59340,"comment_status":"open","ping_status":"closed","template":"","meta":[],"product_brand":[],"product_cat":[2466],"product_tag":[],"class_list":{"0":"post-59341","1":"product","2":"type-product","3":"status-publish","4":"has-post-thumbnail","6":"product_cat-outillage-et-bricolage","8":"first","9":"instock","10":"taxable","11":"shipping-taxable","12":"purchasable","13":"product-type-simple"},"jetpack_sharing_enabled":true,"_links":{"self":[{"href":"https:\/\/shoponlinedz.com\/en\/wp-json\/wp\/v2\/product\/59341","targetHints":{"allow":["GET"]}}],"collection":[{"href":"https:\/\/shoponlinedz.com\/en\/wp-json\/wp\/v2\/product"}],"about":[{"href":"https:\/\/shoponlinedz.com\/en\/wp-json\/wp\/v2\/types\/product"}],"replies":[{"embeddable":true,"href":"https:\/\/shoponlinedz.com\/en\/wp-json\/wp\/v2\/comments?post=59341"}],"version-history":[{"count":0,"href":"https:\/\/shoponlinedz.com\/en\/wp-json\/wp\/v2\/product\/59341\/revisions"}],"wp:featuredmedia":[{"embeddable":true,"href":"https:\/\/shoponlinedz.com\/en\/wp-json\/wp\/v2\/media\/59340"}],"wp:attachment":[{"href":"https:\/\/shoponlinedz.com\/en\/wp-json\/wp\/v2\/media?parent=59341"}],"wp:term":[{"taxonomy":"product_brand","embeddable":true,"href":"https:\/\/shoponlinedz.com\/en\/wp-json\/wp\/v2\/product_brand?post=59341"},{"taxonomy":"product_cat","embeddable":true,"href":"https:\/\/shoponlinedz.com\/en\/wp-json\/wp\/v2\/product_cat?post=59341"},{"taxonomy":"product_tag","embeddable":true,"href":"https:\/\/shoponlinedz.com\/en\/wp-json\/wp\/v2\/product_tag?post=59341"}],"curies":[{"name":"wp","href":"https:\/\/api.w.org\/{rel}","templated":true}]}}