{"id":59226,"date":"2026-01-06T16:45:07","date_gmt":"2026-01-06T16:45:07","guid":{"rendered":"https:\/\/shoponlinedz.com\/product\/al-07-ventilateur-de-refroidissement-clip-arriere-pour-telephone-portable\/"},"modified":"2026-02-16T16:52:17","modified_gmt":"2026-02-16T15:52:17","slug":"al-07-ventilateur-de-refroidissement-clip-arriere-pour-telephone-portable","status":"publish","type":"product","link":"https:\/\/shoponlinedz.com\/en\/product\/al-07-ventilateur-de-refroidissement-clip-arriere-pour-telephone-portable\/","title":{"rendered":"AL-07 Ventilateur de refroidissement CLIP Arri\u00e8re pour t\u00e9l\u00e9phone portable"},"content":{"rendered":"<figure class=\"attachment attachment--preview\" data-trix-attachment=\"{&quot;contentType&quot;:&quot;image&quot;,&quot;height&quot;:1024,&quot;url&quot;:&quot;https:\/\/sawaqli.fra1.cdn.digitaloceanspaces.com\/21643\/cooler-AL07-cnc.jpg&quot;,&quot;width&quot;:1024}\" data-trix-content-type=\"image\"><img decoding=\"async\" class=\"aligncenter\" src=\"https:\/\/sawaqli.fra1.cdn.digitaloceanspaces.com\/21643\/cooler-AL07-cnc.jpg\" width=\"1024\" height=\"1024\" \/><figcaption class=\"attachment__caption\"><\/figcaption><\/figure>\n<figure class=\"attachment attachment--preview\" data-trix-attachment=\"{&quot;contentType&quot;:&quot;image&quot;,&quot;height&quot;:1024,&quot;url&quot;:&quot;https:\/\/sawaqli.fra1.cdn.digitaloceanspaces.com\/21644\/cooler-AL07-1.jpg&quot;,&quot;width&quot;:1024}\" data-trix-content-type=\"image\"><img decoding=\"async\" class=\"aligncenter\" src=\"https:\/\/sawaqli.fra1.cdn.digitaloceanspaces.com\/21644\/cooler-AL07-1.jpg\" width=\"1024\" height=\"1024\" \/><figcaption class=\"attachment__caption\"><\/figcaption><\/figure>\n<figure class=\"attachment attachment--preview\" data-trix-attachment=\"{&quot;contentType&quot;:&quot;image&quot;,&quot;height&quot;:1024,&quot;url&quot;:&quot;https:\/\/sawaqli.fra1.cdn.digitaloceanspaces.com\/21645\/cooler-AL07-2.jpg&quot;,&quot;width&quot;:1024}\" data-trix-content-type=\"image\"><img decoding=\"async\" class=\"aligncenter\" src=\"https:\/\/sawaqli.fra1.cdn.digitaloceanspaces.com\/21645\/cooler-AL07-2.jpg\" width=\"1024\" height=\"1024\" \/><figcaption class=\"attachment__caption\"><\/figcaption><\/figure>\n<figure class=\"attachment attachment--preview\" data-trix-attachment=\"{&quot;contentType&quot;:&quot;image&quot;,&quot;height&quot;:1024,&quot;url&quot;:&quot;https:\/\/sawaqli.fra1.cdn.digitaloceanspaces.com\/21646\/cooler-AL07-3.jpg&quot;,&quot;width&quot;:1024}\" data-trix-content-type=\"image\"><img decoding=\"async\" class=\"aligncenter\" src=\"https:\/\/sawaqli.fra1.cdn.digitaloceanspaces.com\/21646\/cooler-AL07-3.jpg\" width=\"1024\" height=\"1024\" \/><figcaption class=\"attachment__caption\"><\/figcaption><\/figure>\n<figure class=\"attachment attachment--preview\" data-trix-attachment=\"{&quot;contentType&quot;:&quot;image&quot;,&quot;height&quot;:1024,&quot;url&quot;:&quot;https:\/\/sawaqli.fra1.cdn.digitaloceanspaces.com\/21647\/cooler-AL07-6.jpg&quot;,&quot;width&quot;:1024}\" data-trix-content-type=\"image\"><img decoding=\"async\" class=\"aligncenter\" src=\"https:\/\/sawaqli.fra1.cdn.digitaloceanspaces.com\/21647\/cooler-AL07-6.jpg\" width=\"1024\" height=\"1024\" \/><figcaption class=\"attachment__caption\"><\/figcaption><\/figure>\n<p style=\"text-align: center;\">","protected":false},"excerpt":{"rendered":"<p>\u0645\u0631\u0648\u062d\u0629 \u062a\u0628\u0631\u064a\u062f \u0644\u0644\u0647\u0627\u062a\u0641 \u0627\u0644\u0645\u062d\u0645\u0648\u0644\u0636\u0628\u0637 \u0627\u0644\u062a\u0628\u0631\u064a\u062f \u0628\u0633\u0631\u0639\u0627\u062a \u0645\u062e\u062a\u0644\u0641\u0629 \u0644\u0644\u062a\u062d\u0643\u0645 \u0628\u062d\u0631\u064a\u0629 \u0641\u064a \u0627\u0644\u062a\u0623\u062b\u064a\u0631 \u062f\u0648\u0646 \u0627\u0644\u0625\u0636\u0631\u0627\u0631 \u0628\u0634\u0631\u064a\u062d\u0629 \u0627\u0644\u0647\u0627\u062a\u0641.\u0634\u0641\u0631\u0627\u062a \u062a\u0648\u0631\u0628\u064a\u0646\u064a\u0629 \u0645\u062f\u0645\u062c\u0629 \u0648\u062a\u0642\u0646\u064a\u0629 \u062a\u062f\u0641\u0642 \u0647\u0648\u0627\u0621 \u062a\u0648\u0631\u0628\u064a\u0646\u064a \u0645\u0639 \u062c\u0647\u062f \u062a\u0634\u063a\u064a\u0644 \u0648\u0627\u0633\u0639 \u0644\u062a\u0628\u0631\u064a\u062f \u0641\u0648\u0631\u064a.\u062d\u0644\u0642\u0629 \u0633\u064a\u0644\u064a\u0643\u0648\u0646 \u063a\u064a\u0631 \u0636\u0627\u0631\u0629 \u0628\u0627\u0644\u0647\u0627\u062a\u0641\u060c \u062a\u062a\u0648\u0627\u0641\u0642 \u0628\u0625\u062d\u0643\u0627\u0645 \u0648\u062a\u0648\u0632\u0639 \u0627\u0644\u062d\u0631\u0627\u0631\u0629 \u0628\u0634\u0643\u0644 \u0645\u062a\u0633\u0627\u0648\u064d.\u0634\u0628\u0647 \u0645\u0648\u0635\u0644 \u0645\u0637\u0648\u0651\u0631 \u062d\u062f\u064a\u062b\u0627\u064b \u064a\u0628\u0631\u062f \u0644\u0641\u062a\u0631\u0627\u062a \u0637\u0648\u064a\u0644\u0629 \u0648\u064a\u062d\u0627\u0641\u0638 \u0639\u0644\u0649 \u062f\u0631\u062c\u0629 \u062d\u0631\u0627\u0631\u0629 \u0645\u0646\u062e\u0641\u0636\u0629 \u0644\u0644\u0647\u0627\u062a\u0641 \u062f\u0627\u0626\u0645\u0627\u064b.\u062a\u0648\u0627\u0641\u0642 \u0648\u0627\u0633\u0639: \u064a\u062f\u0639\u0645 99\u066a \u0645\u0646 \u0627\u0644\u0647\u0648\u0627\u062a\u0641 \u0627\u0644\u0645\u062d\u0645\u0648\u0644\u0629\u060c \u0645\u062c\u0647\u0632 \u0628\u062d\u0644\u0642\u0627\u062a \u0642\u0627\u0628\u0644\u0629 \u0644\u0644\u0633\u062d\u0628 \u0644\u062a\u0646\u0627\u0633\u0628 \u0647\u0648\u0627\u062a\u0641 \u0628\u0639\u0631\u0636 68-89 \u0645\u0645.<\/p>","protected":false},"featured_media":59225,"comment_status":"open","ping_status":"closed","template":"","meta":[],"product_brand":[],"product_cat":[2459],"product_tag":[],"class_list":{"0":"post-59226","1":"product","2":"type-product","3":"status-publish","4":"has-post-thumbnail","6":"product_cat-jouet-gaming","8":"first","9":"instock","10":"taxable","11":"shipping-taxable","12":"purchasable","13":"product-type-simple"},"jetpack_sharing_enabled":true,"_links":{"self":[{"href":"https:\/\/shoponlinedz.com\/en\/wp-json\/wp\/v2\/product\/59226","targetHints":{"allow":["GET"]}}],"collection":[{"href":"https:\/\/shoponlinedz.com\/en\/wp-json\/wp\/v2\/product"}],"about":[{"href":"https:\/\/shoponlinedz.com\/en\/wp-json\/wp\/v2\/types\/product"}],"replies":[{"embeddable":true,"href":"https:\/\/shoponlinedz.com\/en\/wp-json\/wp\/v2\/comments?post=59226"}],"version-history":[{"count":0,"href":"https:\/\/shoponlinedz.com\/en\/wp-json\/wp\/v2\/product\/59226\/revisions"}],"wp:featuredmedia":[{"embeddable":true,"href":"https:\/\/shoponlinedz.com\/en\/wp-json\/wp\/v2\/media\/59225"}],"wp:attachment":[{"href":"https:\/\/shoponlinedz.com\/en\/wp-json\/wp\/v2\/media?parent=59226"}],"wp:term":[{"taxonomy":"product_brand","embeddable":true,"href":"https:\/\/shoponlinedz.com\/en\/wp-json\/wp\/v2\/product_brand?post=59226"},{"taxonomy":"product_cat","embeddable":true,"href":"https:\/\/shoponlinedz.com\/en\/wp-json\/wp\/v2\/product_cat?post=59226"},{"taxonomy":"product_tag","embeddable":true,"href":"https:\/\/shoponlinedz.com\/en\/wp-json\/wp\/v2\/product_tag?post=59226"}],"curies":[{"name":"wp","href":"https:\/\/api.w.org\/{rel}","templated":true}]}}