{"id":58778,"date":"2026-01-06T16:26:00","date_gmt":"2026-01-06T16:26:00","guid":{"rendered":"https:\/\/shoponlinedz.com\/product\/bracelet-damitie-diy-kit-de-bricolage-pour-filles-v6\/"},"modified":"2026-02-16T16:52:29","modified_gmt":"2026-02-16T15:52:29","slug":"bracelet-damitie-diy-kit-de-bricolage-pour-filles-v6","status":"publish","type":"product","link":"https:\/\/shoponlinedz.com\/en\/product\/bracelet-damitie-diy-kit-de-bricolage-pour-filles-v6\/","title":{"rendered":"Bracelet D\u2019amiti\u00e9 DIY Kit de Bricolage Pour Filles V6"},"content":{"rendered":"<figure class=\"attachment attachment--preview\" data-trix-attachment=\"{&quot;contentType&quot;:&quot;image&quot;,&quot;height&quot;:1024,&quot;url&quot;:&quot;https:\/\/sawaqli.fra1.cdn.digitaloceanspaces.com\/23339\/PENDENTIF-V6-cnc.webp&quot;,&quot;width&quot;:1024}\" data-trix-content-type=\"image\"><img decoding=\"async\" class=\"aligncenter\" src=\"https:\/\/sawaqli.fra1.cdn.digitaloceanspaces.com\/23339\/PENDENTIF-V6-cnc.webp\" width=\"1024\" height=\"1024\" \/><figcaption class=\"attachment__caption\"><\/figcaption><\/figure>\n<figure class=\"attachment attachment--preview\" data-trix-attachment=\"{&quot;contentType&quot;:&quot;image&quot;,&quot;height&quot;:1024,&quot;url&quot;:&quot;https:\/\/sawaqli.fra1.cdn.digitaloceanspaces.com\/23337\/PENDENTIF-V6-2.webp&quot;,&quot;width&quot;:1024}\" data-trix-content-type=\"image\"><img decoding=\"async\" class=\"aligncenter\" src=\"https:\/\/sawaqli.fra1.cdn.digitaloceanspaces.com\/23337\/PENDENTIF-V6-2.webp\" width=\"1024\" height=\"1024\" \/><figcaption class=\"attachment__caption\"><\/figcaption><\/figure>\n<figure class=\"attachment attachment--preview\" data-trix-attachment=\"{&quot;contentType&quot;:&quot;image&quot;,&quot;height&quot;:1024,&quot;url&quot;:&quot;https:\/\/sawaqli.fra1.cdn.digitaloceanspaces.com\/23338\/PENDENTIF-V6-1.webp&quot;,&quot;width&quot;:1024}\" data-trix-content-type=\"image\"><img decoding=\"async\" class=\"aligncenter\" src=\"https:\/\/sawaqli.fra1.cdn.digitaloceanspaces.com\/23338\/PENDENTIF-V6-1.webp\" width=\"1024\" height=\"1024\" \/><figcaption class=\"attachment__caption\"><\/figcaption><\/figure>\n<p style=\"text-align: center;\">","protected":false},"excerpt":{"rendered":"<p>\u0645\u062c\u0645\u0648\u0639\u0629 \u0635\u0646\u0627\u0639\u0629 \u0623\u0633\u0627\u0648\u0631 \u0627\u0644\u0635\u062f\u0627\u0642\u0629\u0623\u0644\u0648\u0627\u0646 \u0632\u0627\u0647\u064a\u0629 \u0648\u0645\u0628\u0647\u062c\u0629: \u0635\u0645\u0651\u0645 \u0648\u0635\u0646\u0639 \u0623\u0633\u0627\u0648\u0631 \u0639\u0635\u0631\u064a\u0629 \u0645\u0644\u0648\u0646\u0629 \u0644\u062a\u0634\u0627\u0631\u0643\u0647\u0627 \u0645\u0639 \u0623\u0635\u062f\u0642\u0627\u0626\u0643.\u0625\u0636\u0641 \u0644\u0645\u0633\u062a\u0643 \u0627\u0644\u062e\u0627\u0635\u0629: \u062e\u0635\u0635 \u0623\u0633\u0627\u0648\u0631\u0643 \u0628\u0643\u062a\u0627\u0628\u0629 \u0627\u0644\u0639\u0628\u0627\u0631\u0627\u062a \u0628\u0627\u0633\u062a\u062e\u062f\u0627\u0645 \u062d\u0628\u0627\u062a \u0627\u0644\u0623\u0628\u062c\u062f\u064a\u0629.\u0645\u0644\u0627\u062d\u0638\u0629: \u0643\u0644 \u0639\u0644\u0628\u0629 \u062a\u062e\u062a\u0644\u0641 \u0639\u0646 \u0627\u0644\u0623\u062e\u0631\u0649 \u0645\u0646 \u062d\u064a\u062b \u0627\u0644\u0644\u0648\u0646 \u0648\u0627\u0644\u0634\u0643\u0644. Ce Kit de perles est merveilleux pour toutes sortes de fabrication de bijoux, artisanat de bricolage, porte-cl\u00e9s de bracelet nom, peut \u00eatre utilis\u00e9 comme cadeau pour la famille et les amis. Les perles rondes peuvent \u00eatre utilis\u00e9es comme perles d\u2019espacement, pour faire diff\u00e9rents bracelets de perles de lettres, ou vous pouvez utiliser le cordon \u00e9lastique pour tisser un bracelet de perles de lettres personnalis\u00e9.<\/p>","protected":false},"featured_media":58777,"comment_status":"open","ping_status":"closed","template":"","meta":[],"product_brand":[],"product_cat":[2459],"product_tag":[],"class_list":{"0":"post-58778","1":"product","2":"type-product","3":"status-publish","4":"has-post-thumbnail","6":"product_cat-jouet-gaming","8":"first","9":"instock","10":"taxable","11":"shipping-taxable","12":"purchasable","13":"product-type-simple"},"jetpack_sharing_enabled":true,"_links":{"self":[{"href":"https:\/\/shoponlinedz.com\/en\/wp-json\/wp\/v2\/product\/58778","targetHints":{"allow":["GET"]}}],"collection":[{"href":"https:\/\/shoponlinedz.com\/en\/wp-json\/wp\/v2\/product"}],"about":[{"href":"https:\/\/shoponlinedz.com\/en\/wp-json\/wp\/v2\/types\/product"}],"replies":[{"embeddable":true,"href":"https:\/\/shoponlinedz.com\/en\/wp-json\/wp\/v2\/comments?post=58778"}],"version-history":[{"count":0,"href":"https:\/\/shoponlinedz.com\/en\/wp-json\/wp\/v2\/product\/58778\/revisions"}],"wp:featuredmedia":[{"embeddable":true,"href":"https:\/\/shoponlinedz.com\/en\/wp-json\/wp\/v2\/media\/58777"}],"wp:attachment":[{"href":"https:\/\/shoponlinedz.com\/en\/wp-json\/wp\/v2\/media?parent=58778"}],"wp:term":[{"taxonomy":"product_brand","embeddable":true,"href":"https:\/\/shoponlinedz.com\/en\/wp-json\/wp\/v2\/product_brand?post=58778"},{"taxonomy":"product_cat","embeddable":true,"href":"https:\/\/shoponlinedz.com\/en\/wp-json\/wp\/v2\/product_cat?post=58778"},{"taxonomy":"product_tag","embeddable":true,"href":"https:\/\/shoponlinedz.com\/en\/wp-json\/wp\/v2\/product_tag?post=58778"}],"curies":[{"name":"wp","href":"https:\/\/api.w.org\/{rel}","templated":true}]}}